{"id":10317,"date":"2021-07-29T10:05:02","date_gmt":"2021-07-29T08:05:02","guid":{"rendered":"https:\/\/micrometal.wickeder.wickeder.de\/?page_id=10317"},"modified":"2022-02-25T15:40:39","modified_gmt":"2022-02-25T14:40:39","slug":"microchannel-heat-exchanger","status":"publish","type":"page","link":"https:\/\/www.micrometal.de\/en\/products\/microchannel-heat-exchanger\/","title":{"rendered":"Micro-channels for heat exchanger"},"content":{"rendered":"\t\t<div data-elementor-type=\"wp-page\" data-elementor-id=\"10317\" class=\"elementor elementor-10317 elementor-10316\" data-elementor-post-type=\"page\">\n\t\t\t\t\t\t<section class=\"elementor-section elementor-top-section elementor-element elementor-element-35d183c elementor-section-full_width elementor-section-height-default elementor-section-height-default\" data-id=\"35d183c\" data-element_type=\"section\" data-e-type=\"section\">\n\t\t\t\t\t\t<div class=\"elementor-container elementor-column-gap-no\">\n\t\t\t\t\t<div class=\"elementor-column elementor-col-100 elementor-top-column elementor-element elementor-element-443fc057\" data-id=\"443fc057\" data-element_type=\"column\" data-e-type=\"column\">\n\t\t\t<div class=\"elementor-widget-wrap elementor-element-populated\">\n\t\t\t\t\t\t<div class=\"elementor-element elementor-element-5604a197 elementor-widget elementor-widget-standort_gross\" data-id=\"5604a197\" data-element_type=\"widget\" data-e-type=\"widget\" data-widget_type=\"standort_gross.default\">\n\t\t\t\t<div class=\"elementor-widget-container\">\n\t\t\t\t\t    \n      <div class=\"standort_gross img_rechts\">\n\n        \n        <div class=\"standort_gross-content\">\n          <div class=\"standort_gross-content-inner\">\n            <div class=\"standort_gross-content-padding\">\n\t            \n\t            \n                                <div class=\"elementor-element elementor-widget elementor-widget-heading\" data-element_type=\"widget\" data-widget_type=\"heading.default\">\n                  <div class=\"elementor-widget-container\">\n                    <h2 class=\"elementor-heading-title elementor-size-default\">Etched micro-channels for heat exchanger<\/h2>\n                  <\/div>\n                <\/div>\n                \n                                <div class=\"elementor-element elementor-widget elementor-widget-text-editor\"><p>Today's requirements for efficient and space-saving heat dissipation pose great challenges for many development engineers. The miniaturization of many components in electrical and micro-system technology creates so-called heat hotspots, which require optimal heat dissipation in order to ensure a long service life.<br \/>\nWith our high precision 2D and 3D photo-chemical etching technology, we are able to support your requirements due to our expertise and many years of experience. This means that we can create micro-channels with a defined width and depth in the heat exchanger for the heat-dissipating media of your choice in the smallest of areas. There are almost no limits to the design of your channels. Our competitively priced photo-optical tools produce high-quality workpieces with highly repeatable accuracy.<br \/>\nThe individual microchannel plates can be connected \u2014 for example by diffusion welding \u2014 to a variety of 3D geometries. For this we have an experienced network of partners, which gives you the choice of purchasing individual micro-channel plates or monolithic micro-channel heat exchanger blocks.<br \/>\nBecause our expert team have more than 30 years of experience in photo-chemical etching, your individual micro-channel heat exchanger will be created in line with all future heat management challenges.<\/p>\n<\/div>\n                \n                            <\/div>\n          <\/div>\n        <\/div>\n\n        \n            <div class=\"standort_gross-image mobile_hide\" style=\"background: url(https:\/\/www.micrometal.de\/wp-content\/uploads\/sites\/5\/2021\/07\/Kanaele.jpg);\">\n            \t              \t\t<img decoding=\"async\" alt=\"\" src=\"https:\/\/www.micrometal.de\/wp-content\/uploads\/sites\/5\/2021\/07\/Kanaele.jpg\">\n              \t            <\/div>\n\n        \n      <\/div>\n    \n    \t\t\t\t<\/div>\n\t\t\t\t<\/div>\n\t\t\t\t\t<\/div>\n\t\t<\/div>\n\t\t\t\t\t<\/div>\n\t\t<\/section>\n\t\t\t\t<section class=\"elementor-section elementor-top-section elementor-element elementor-element-4bc92c7d elementor-section-full_width elementor-section-height-min-height elementor-section-height-default elementor-section-items-middle\" data-id=\"4bc92c7d\" data-element_type=\"section\" data-e-type=\"section\">\n\t\t\t\t\t\t<div class=\"elementor-container elementor-column-gap-no\">\n\t\t\t\t\t<div class=\"elementor-column elementor-col-100 elementor-top-column elementor-element elementor-element-5b777ae7\" data-id=\"5b777ae7\" data-element_type=\"column\" data-e-type=\"column\">\n\t\t\t<div class=\"elementor-widget-wrap elementor-element-populated\">\n\t\t\t\t\t\t<div class=\"elementor-element elementor-element-5bfec332 elementor-widget elementor-widget-standort_gross\" data-id=\"5bfec332\" data-element_type=\"widget\" data-e-type=\"widget\" data-widget_type=\"standort_gross.default\">\n\t\t\t\t<div class=\"elementor-widget-container\">\n\t\t\t\t\t    \n      <div class=\"standort_gross \">\n\n        \n            <div class=\"standort_gross-image mobile_hide\" style=\"background: url(https:\/\/www.micrometal.de\/wp-content\/uploads\/sites\/5\/2021\/07\/Bipolar-plate-chanels.jpg);\">\n            \t              \t\t<img decoding=\"async\" alt=\"\" src=\"https:\/\/www.micrometal.de\/wp-content\/uploads\/sites\/5\/2021\/07\/Bipolar-plate-chanels.jpg\">\n              \t            <\/div>\n\n        \n        <div class=\"standort_gross-content\">\n          <div class=\"standort_gross-content-inner\">\n            <div class=\"standort_gross-content-padding\">\n\t            \n\t            \n                                <div class=\"elementor-element elementor-widget elementor-widget-heading\" data-element_type=\"widget\" data-widget_type=\"heading.default\">\n                  <div class=\"elementor-widget-container\">\n                    <h2 class=\"elementor-heading-title elementor-size-default\">Advantages at a glance<\/h2>\n                  <\/div>\n                <\/div>\n                \n                                <div class=\"elementor-element elementor-widget elementor-widget-text-editor\"><ul>\n<li>Highest repeatable accuracy from the first to the last part<\/li>\n<li>Complex and precise structures can be realized<\/li>\n<li>Very low tool costs - iteration loops through design changes made easy<\/li>\n<li>Delivery of parts on the roll or as individual parts<\/li>\n<\/div>\n                \n                            <\/div>\n          <\/div>\n        <\/div>\n\n        \n      <\/div>\n    \n    \t\t\t\t<\/div>\n\t\t\t\t<\/div>\n\t\t\t\t\t<\/div>\n\t\t<\/div>\n\t\t\t\t\t<\/div>\n\t\t<\/section>\n\t\t\t\t<section class=\"elementor-section elementor-top-section elementor-element elementor-element-9b26d70 elementor-section-full_width elementor-section-height-default elementor-section-height-default\" data-id=\"9b26d70\" data-element_type=\"section\" data-e-type=\"section\">\n\t\t\t\t\t\t<div class=\"elementor-container elementor-column-gap-no\">\n\t\t\t\t\t<div class=\"elementor-column elementor-col-100 elementor-top-column elementor-element elementor-element-25e2ba4\" data-id=\"25e2ba4\" data-element_type=\"column\" data-e-type=\"column\">\n\t\t\t<div class=\"elementor-widget-wrap elementor-element-populated\">\n\t\t\t\t\t\t<div class=\"elementor-element elementor-element-0d3c102 elementor-widget elementor-widget-standort_gross\" data-id=\"0d3c102\" data-element_type=\"widget\" data-e-type=\"widget\" data-widget_type=\"standort_gross.default\">\n\t\t\t\t<div class=\"elementor-widget-container\">\n\t\t\t\t\t    \n      <div class=\"standort_gross img_rechts\">\n\n        \n        <div class=\"standort_gross-content\">\n          <div class=\"standort_gross-content-inner\">\n            <div class=\"standort_gross-content-padding\">\n\t            \n\t            \n                                <div class=\"elementor-element elementor-widget elementor-widget-heading\" data-element_type=\"widget\" data-widget_type=\"heading.default\">\n                  <div class=\"elementor-widget-container\">\n                    <h2 class=\"elementor-heading-title elementor-size-default\">Our standards are industry leading<\/h2>\n                  <\/div>\n                <\/div>\n                \n                                <div class=\"elementor-element elementor-widget elementor-widget-text-editor\"><p>We operate in a world characterized by the tightest tolerances (hundredths of a millimeter), the finest structures, the thinnest metals, and the most complex geometries. We etch customized metal components to the tightest tolerances in large-scale industrial production volumes.<\/p>\n<p>Our mission is to reach the highest customer satisfaction through excellent quality. In order to guarantee this to our customers, our processes are constantly monitored and further developed through strict quality controls. We are certified according to ISO 9001, IATF 16949, and ISO 14001.<\/p>\n<\/div>\n                \n                            <\/div>\n          <\/div>\n        <\/div>\n\n        \n            <div class=\"standort_gross-image mobile_hide\" style=\"background: url(https:\/\/www.micrometal.de\/wp-content\/uploads\/sites\/5\/2021\/07\/quality-control.jpg);\">\n            \t              \t\t<img decoding=\"async\" alt=\"\" src=\"https:\/\/www.micrometal.de\/wp-content\/uploads\/sites\/5\/2021\/07\/quality-control.jpg\">\n              \t            <\/div>\n\n        \n      <\/div>\n    \n    \t\t\t\t<\/div>\n\t\t\t\t<\/div>\n\t\t\t\t\t<\/div>\n\t\t<\/div>\n\t\t\t\t\t<\/div>\n\t\t<\/section>\n\t\t\t\t<\/div>\n\t\t","protected":false},"excerpt":{"rendered":"<p>Etched micro-channels for heat exchanger Today&#8217;s requirements for efficient and space-saving heat dissipation pose great challenges for many development engineers. The miniaturization of many components in electrical and micro-system technology creates so-called heat hotspots, which require optimal heat dissipation in order to ensure a long service life. With our high precision 2D and 3D photo-chemical [&hellip;]<\/p>\n","protected":false},"author":4,"featured_media":0,"parent":7111,"menu_order":0,"comment_status":"closed","ping_status":"closed","template":"","meta":{"footnotes":""},"class_list":["post-10317","page","type-page","status-publish","hentry"],"yoast_head":"<!-- This site is optimized with the Yoast SEO plugin v27.1.1 - https:\/\/yoast.com\/product\/yoast-seo-wordpress\/ -->\n<title>Chemically etched micro-channels for heat exchanger - micrometal<\/title>\n<meta name=\"robots\" content=\"index, follow, max-snippet:-1, max-image-preview:large, max-video-preview:-1\" \/>\n<link rel=\"canonical\" href=\"https:\/\/www.micrometal.de\/en\/products\/microchannel-heat-exchanger\/\" \/>\n<meta property=\"og:locale\" content=\"en_US\" \/>\n<meta property=\"og:type\" content=\"article\" \/>\n<meta property=\"og:title\" content=\"Chemically etched micro-channels for heat exchanger - micrometal\" \/>\n<meta property=\"og:description\" content=\"Etched micro-channels for heat exchanger Today&#8217;s requirements for efficient and space-saving heat dissipation pose great challenges for many development engineers. The miniaturization of many components in electrical and micro-system technology creates so-called heat hotspots, which require optimal heat dissipation in order to ensure a long service life. With our high precision 2D and 3D photo-chemical [&hellip;]\" \/>\n<meta property=\"og:url\" content=\"https:\/\/www.micrometal.de\/en\/products\/microchannel-heat-exchanger\/\" \/>\n<meta property=\"og:site_name\" content=\"micrometal\" \/>\n<meta property=\"article:modified_time\" content=\"2022-02-25T14:40:39+00:00\" \/>\n<meta property=\"og:image\" content=\"https:\/\/www.micrometal.de\/wp-content\/uploads\/sites\/5\/2021\/07\/Kanaele.jpg\" \/>\n<meta name=\"twitter:card\" content=\"summary_large_image\" \/>\n<meta name=\"twitter:label1\" content=\"Est. reading time\" \/>\n\t<meta name=\"twitter:data1\" content=\"3 minutes\" \/>\n<script type=\"application\/ld+json\" class=\"yoast-schema-graph\">{\"@context\":\"https:\/\/schema.org\",\"@graph\":[{\"@type\":\"WebPage\",\"@id\":\"https:\/\/www.micrometal.de\/en\/products\/microchannel-heat-exchanger\/\",\"url\":\"https:\/\/www.micrometal.de\/en\/products\/microchannel-heat-exchanger\/\",\"name\":\"Chemically etched micro-channels for heat exchanger - micrometal\",\"isPartOf\":{\"@id\":\"https:\/\/www.micrometal.de\/en\/#website\"},\"primaryImageOfPage\":{\"@id\":\"https:\/\/www.micrometal.de\/en\/products\/microchannel-heat-exchanger\/#primaryimage\"},\"image\":{\"@id\":\"https:\/\/www.micrometal.de\/en\/products\/microchannel-heat-exchanger\/#primaryimage\"},\"thumbnailUrl\":\"https:\/\/www.micrometal.de\/wp-content\/uploads\/sites\/5\/2021\/07\/Kanaele.jpg\",\"datePublished\":\"2021-07-29T08:05:02+00:00\",\"dateModified\":\"2022-02-25T14:40:39+00:00\",\"breadcrumb\":{\"@id\":\"https:\/\/www.micrometal.de\/en\/products\/microchannel-heat-exchanger\/#breadcrumb\"},\"inLanguage\":\"en-US\",\"potentialAction\":[{\"@type\":\"ReadAction\",\"target\":[\"https:\/\/www.micrometal.de\/en\/products\/microchannel-heat-exchanger\/\"]}]},{\"@type\":\"ImageObject\",\"inLanguage\":\"en-US\",\"@id\":\"https:\/\/www.micrometal.de\/en\/products\/microchannel-heat-exchanger\/#primaryimage\",\"url\":\"https:\/\/www.micrometal.de\/wp-content\/uploads\/sites\/5\/2021\/07\/Kanaele.jpg\",\"contentUrl\":\"https:\/\/www.micrometal.de\/wp-content\/uploads\/sites\/5\/2021\/07\/Kanaele.jpg\"},{\"@type\":\"BreadcrumbList\",\"@id\":\"https:\/\/www.micrometal.de\/en\/products\/microchannel-heat-exchanger\/#breadcrumb\",\"itemListElement\":[{\"@type\":\"ListItem\",\"position\":1,\"name\":\"Home\",\"item\":\"https:\/\/www.micrometal.de\/en\/\"},{\"@type\":\"ListItem\",\"position\":2,\"name\":\"Products\",\"item\":\"https:\/\/www.micrometal.de\/en\/products\/\"},{\"@type\":\"ListItem\",\"position\":3,\"name\":\"Micro-channels for heat exchanger\"}]},{\"@type\":\"WebSite\",\"@id\":\"https:\/\/www.micrometal.de\/en\/#website\",\"url\":\"https:\/\/www.micrometal.de\/en\/\",\"name\":\"micrometal\",\"description\":\"Metall \u00e4tzen in h\u00f6chster Pr\u00e4zision\",\"potentialAction\":[{\"@type\":\"SearchAction\",\"target\":{\"@type\":\"EntryPoint\",\"urlTemplate\":\"https:\/\/www.micrometal.de\/en\/?s={search_term_string}\"},\"query-input\":{\"@type\":\"PropertyValueSpecification\",\"valueRequired\":true,\"valueName\":\"search_term_string\"}}],\"inLanguage\":\"en-US\"}]}<\/script>\n<!-- \/ Yoast SEO plugin. -->","yoast_head_json":{"title":"Chemically etched micro-channels for heat exchanger - micrometal","robots":{"index":"index","follow":"follow","max-snippet":"max-snippet:-1","max-image-preview":"max-image-preview:large","max-video-preview":"max-video-preview:-1"},"canonical":"https:\/\/www.micrometal.de\/en\/products\/microchannel-heat-exchanger\/","og_locale":"en_US","og_type":"article","og_title":"Chemically etched micro-channels for heat exchanger - micrometal","og_description":"Etched micro-channels for heat exchanger Today&#8217;s requirements for efficient and space-saving heat dissipation pose great challenges for many development engineers. The miniaturization of many components in electrical and micro-system technology creates so-called heat hotspots, which require optimal heat dissipation in order to ensure a long service life. With our high precision 2D and 3D photo-chemical [&hellip;]","og_url":"https:\/\/www.micrometal.de\/en\/products\/microchannel-heat-exchanger\/","og_site_name":"micrometal","article_modified_time":"2022-02-25T14:40:39+00:00","og_image":[{"url":"https:\/\/www.micrometal.de\/wp-content\/uploads\/sites\/5\/2021\/07\/Kanaele.jpg","type":"","width":"","height":""}],"twitter_card":"summary_large_image","twitter_misc":{"Est. reading time":"3 minutes"},"schema":{"@context":"https:\/\/schema.org","@graph":[{"@type":"WebPage","@id":"https:\/\/www.micrometal.de\/en\/products\/microchannel-heat-exchanger\/","url":"https:\/\/www.micrometal.de\/en\/products\/microchannel-heat-exchanger\/","name":"Chemically etched micro-channels for heat exchanger - micrometal","isPartOf":{"@id":"https:\/\/www.micrometal.de\/en\/#website"},"primaryImageOfPage":{"@id":"https:\/\/www.micrometal.de\/en\/products\/microchannel-heat-exchanger\/#primaryimage"},"image":{"@id":"https:\/\/www.micrometal.de\/en\/products\/microchannel-heat-exchanger\/#primaryimage"},"thumbnailUrl":"https:\/\/www.micrometal.de\/wp-content\/uploads\/sites\/5\/2021\/07\/Kanaele.jpg","datePublished":"2021-07-29T08:05:02+00:00","dateModified":"2022-02-25T14:40:39+00:00","breadcrumb":{"@id":"https:\/\/www.micrometal.de\/en\/products\/microchannel-heat-exchanger\/#breadcrumb"},"inLanguage":"en-US","potentialAction":[{"@type":"ReadAction","target":["https:\/\/www.micrometal.de\/en\/products\/microchannel-heat-exchanger\/"]}]},{"@type":"ImageObject","inLanguage":"en-US","@id":"https:\/\/www.micrometal.de\/en\/products\/microchannel-heat-exchanger\/#primaryimage","url":"https:\/\/www.micrometal.de\/wp-content\/uploads\/sites\/5\/2021\/07\/Kanaele.jpg","contentUrl":"https:\/\/www.micrometal.de\/wp-content\/uploads\/sites\/5\/2021\/07\/Kanaele.jpg"},{"@type":"BreadcrumbList","@id":"https:\/\/www.micrometal.de\/en\/products\/microchannel-heat-exchanger\/#breadcrumb","itemListElement":[{"@type":"ListItem","position":1,"name":"Home","item":"https:\/\/www.micrometal.de\/en\/"},{"@type":"ListItem","position":2,"name":"Products","item":"https:\/\/www.micrometal.de\/en\/products\/"},{"@type":"ListItem","position":3,"name":"Micro-channels for heat exchanger"}]},{"@type":"WebSite","@id":"https:\/\/www.micrometal.de\/en\/#website","url":"https:\/\/www.micrometal.de\/en\/","name":"micrometal","description":"Metall \u00e4tzen in h\u00f6chster Pr\u00e4zision","potentialAction":[{"@type":"SearchAction","target":{"@type":"EntryPoint","urlTemplate":"https:\/\/www.micrometal.de\/en\/?s={search_term_string}"},"query-input":{"@type":"PropertyValueSpecification","valueRequired":true,"valueName":"search_term_string"}}],"inLanguage":"en-US"}]}},"_links":{"self":[{"href":"https:\/\/www.micrometal.de\/en\/wp-json\/wp\/v2\/pages\/10317","targetHints":{"allow":["GET"]}}],"collection":[{"href":"https:\/\/www.micrometal.de\/en\/wp-json\/wp\/v2\/pages"}],"about":[{"href":"https:\/\/www.micrometal.de\/en\/wp-json\/wp\/v2\/types\/page"}],"author":[{"embeddable":true,"href":"https:\/\/www.micrometal.de\/en\/wp-json\/wp\/v2\/users\/4"}],"replies":[{"embeddable":true,"href":"https:\/\/www.micrometal.de\/en\/wp-json\/wp\/v2\/comments?post=10317"}],"version-history":[{"count":14,"href":"https:\/\/www.micrometal.de\/en\/wp-json\/wp\/v2\/pages\/10317\/revisions"}],"predecessor-version":[{"id":14177,"href":"https:\/\/www.micrometal.de\/en\/wp-json\/wp\/v2\/pages\/10317\/revisions\/14177"}],"up":[{"embeddable":true,"href":"https:\/\/www.micrometal.de\/en\/wp-json\/wp\/v2\/pages\/7111"}],"wp:attachment":[{"href":"https:\/\/www.micrometal.de\/en\/wp-json\/wp\/v2\/media?parent=10317"}],"curies":[{"name":"wp","href":"https:\/\/api.w.org\/{rel}","templated":true}]}}