{"id":10744,"date":"2021-08-31T10:16:05","date_gmt":"2021-08-31T08:16:05","guid":{"rendered":"https:\/\/micrometal.wickeder.wickeder.de\/contact\/sample-delivery\/"},"modified":"2024-03-05T09:45:11","modified_gmt":"2024-03-05T08:45:11","slug":"sample-delivery","status":"publish","type":"page","link":"https:\/\/www.micrometal.de\/en\/contact\/sample-delivery\/","title":{"rendered":"Sample delivery"},"content":{"rendered":"\t\t<div data-elementor-type=\"wp-page\" data-elementor-id=\"10744\" class=\"elementor elementor-10744 elementor-8347\" data-elementor-post-type=\"page\">\n\t\t\t\t\t\t<section class=\"elementor-section elementor-top-section elementor-element elementor-element-30eeb4c4 elementor-section-full_width elementor-section-height-default elementor-section-height-default\" data-id=\"30eeb4c4\" data-element_type=\"section\" data-e-type=\"section\">\n\t\t\t\t\t\t<div class=\"elementor-container elementor-column-gap-no\">\n\t\t\t\t\t<div class=\"elementor-column elementor-col-100 elementor-top-column elementor-element elementor-element-43103857\" data-id=\"43103857\" data-element_type=\"column\" data-e-type=\"column\">\n\t\t\t<div class=\"elementor-widget-wrap elementor-element-populated\">\n\t\t\t\t\t\t<div class=\"elementor-element elementor-element-1ddfc668 elementor-widget elementor-widget-standort_gross\" data-id=\"1ddfc668\" data-element_type=\"widget\" data-e-type=\"widget\" data-widget_type=\"standort_gross.default\">\n\t\t\t\t<div class=\"elementor-widget-container\">\n\t\t\t\t\t    \n      <div class=\"standort_gross img_rechts\">\n\n        \n        <div class=\"standort_gross-content\">\n          <div class=\"standort_gross-content-inner\">\n            <div class=\"standort_gross-content-padding\">\n\t            \n\t            \n                                <div class=\"elementor-element elementor-widget elementor-widget-heading\" data-element_type=\"widget\" data-widget_type=\"heading.default\">\n                  <div class=\"elementor-widget-container\">\n                    <h2 class=\"elementor-heading-title elementor-size-default\">Samples<\/h2>\n                  <\/div>\n                <\/div>\n                \n                                <div class=\"elementor-element elementor-widget elementor-widget-text-editor\"><p>Do you want to know how a photo-chemically etched component looks and feels?\u00a0 Please briefly inform us at <a href=\"mailto:info@micrometal.de\">info@micrometal.de<\/a> what kind of chemically etched samples you are interested in.<\/p>\n<p>We will be happy to send you selected samples to assess free of charge.<\/p>\n<p>&nbsp;<\/p>\n<\/div>\n                \n                            <\/div>\n          <\/div>\n        <\/div>\n\n        \n            <div class=\"standort_gross-image mobile_hide\" style=\"background: url(https:\/\/www.micrometal.de\/wp-content\/uploads\/sites\/5\/2020\/05\/Micrometal-scaled.jpg);\">\n            \t              \t\t<img decoding=\"async\" alt=\"Photo-chemische \u00c4tztechnik\" src=\"https:\/\/www.micrometal.de\/wp-content\/uploads\/sites\/5\/2020\/05\/Micrometal-scaled.jpg\">\n              \t            <\/div>\n\n        \n      <\/div>\n    \n    \t\t\t\t<\/div>\n\t\t\t\t<\/div>\n\t\t\t\t\t<\/div>\n\t\t<\/div>\n\t\t\t\t\t<\/div>\n\t\t<\/section>\n\t\t\t\t<\/div>\n\t\t","protected":false},"excerpt":{"rendered":"<p>Samples Do you want to know how a photo-chemically etched component looks and feels?\u00a0 Please briefly inform us at info@micrometal.de what kind of chemically etched samples you are interested in. We will be happy to send you selected samples to assess free of charge. &nbsp;<\/p>\n","protected":false},"author":4,"featured_media":0,"parent":8000,"menu_order":0,"comment_status":"closed","ping_status":"closed","template":"","meta":{"footnotes":""},"class_list":["post-10744","page","type-page","status-publish","hentry"],"yoast_head":"<!-- This site is optimized with the Yoast SEO plugin v27.3 - https:\/\/yoast.com\/product\/yoast-seo-wordpress\/ -->\n<title>Sample delivery - micrometal<\/title>\n<meta name=\"robots\" content=\"noindex, follow\" \/>\n<meta property=\"og:locale\" content=\"en_US\" \/>\n<meta property=\"og:type\" content=\"article\" \/>\n<meta property=\"og:title\" content=\"Sample delivery - micrometal\" \/>\n<meta property=\"og:description\" content=\"Samples Do you want to know how a photo-chemically etched component looks and feels?\u00a0 Please briefly inform us at info@micrometal.de what kind of chemically etched samples you are interested in. We will be happy to send you selected samples to assess free of charge. &nbsp;\" \/>\n<meta property=\"og:url\" content=\"https:\/\/www.micrometal.de\/en\/contact\/sample-delivery\/\" \/>\n<meta property=\"og:site_name\" content=\"micrometal\" \/>\n<meta property=\"article:modified_time\" content=\"2024-03-05T08:45:11+00:00\" \/>\n<meta property=\"og:image\" content=\"https:\/\/www.micrometal.de\/wp-content\/uploads\/sites\/5\/2020\/05\/Micrometal-scaled.jpg\" \/>\n<meta name=\"twitter:card\" content=\"summary_large_image\" \/>\n<script type=\"application\/ld+json\" class=\"yoast-schema-graph\">{\"@context\":\"https:\\\/\\\/schema.org\",\"@graph\":[{\"@type\":\"WebPage\",\"@id\":\"https:\\\/\\\/www.micrometal.de\\\/en\\\/contact\\\/sample-delivery\\\/\",\"url\":\"https:\\\/\\\/www.micrometal.de\\\/en\\\/contact\\\/sample-delivery\\\/\",\"name\":\"Sample delivery - micrometal\",\"isPartOf\":{\"@id\":\"https:\\\/\\\/www.micrometal.de\\\/en\\\/#website\"},\"primaryImageOfPage\":{\"@id\":\"https:\\\/\\\/www.micrometal.de\\\/en\\\/contact\\\/sample-delivery\\\/#primaryimage\"},\"image\":{\"@id\":\"https:\\\/\\\/www.micrometal.de\\\/en\\\/contact\\\/sample-delivery\\\/#primaryimage\"},\"thumbnailUrl\":\"https:\\\/\\\/www.micrometal.de\\\/wp-content\\\/uploads\\\/sites\\\/5\\\/2020\\\/05\\\/Micrometal-scaled.jpg\",\"datePublished\":\"2021-08-31T08:16:05+00:00\",\"dateModified\":\"2024-03-05T08:45:11+00:00\",\"breadcrumb\":{\"@id\":\"https:\\\/\\\/www.micrometal.de\\\/en\\\/contact\\\/sample-delivery\\\/#breadcrumb\"},\"inLanguage\":\"en-US\",\"potentialAction\":[{\"@type\":\"ReadAction\",\"target\":[\"https:\\\/\\\/www.micrometal.de\\\/en\\\/contact\\\/sample-delivery\\\/\"]}]},{\"@type\":\"ImageObject\",\"inLanguage\":\"en-US\",\"@id\":\"https:\\\/\\\/www.micrometal.de\\\/en\\\/contact\\\/sample-delivery\\\/#primaryimage\",\"url\":\"https:\\\/\\\/www.micrometal.de\\\/wp-content\\\/uploads\\\/sites\\\/5\\\/2020\\\/05\\\/Micrometal-scaled.jpg\",\"contentUrl\":\"https:\\\/\\\/www.micrometal.de\\\/wp-content\\\/uploads\\\/sites\\\/5\\\/2020\\\/05\\\/Micrometal-scaled.jpg\"},{\"@type\":\"BreadcrumbList\",\"@id\":\"https:\\\/\\\/www.micrometal.de\\\/en\\\/contact\\\/sample-delivery\\\/#breadcrumb\",\"itemListElement\":[{\"@type\":\"ListItem\",\"position\":1,\"name\":\"Home\",\"item\":\"https:\\\/\\\/www.micrometal.de\\\/en\\\/\"},{\"@type\":\"ListItem\",\"position\":2,\"name\":\"Contact\",\"item\":\"https:\\\/\\\/www.micrometal.de\\\/en\\\/contact\\\/\"},{\"@type\":\"ListItem\",\"position\":3,\"name\":\"Sample delivery\"}]},{\"@type\":\"WebSite\",\"@id\":\"https:\\\/\\\/www.micrometal.de\\\/en\\\/#website\",\"url\":\"https:\\\/\\\/www.micrometal.de\\\/en\\\/\",\"name\":\"micrometal\",\"description\":\"Metall \u00e4tzen in h\u00f6chster Pr\u00e4zision\",\"potentialAction\":[{\"@type\":\"SearchAction\",\"target\":{\"@type\":\"EntryPoint\",\"urlTemplate\":\"https:\\\/\\\/www.micrometal.de\\\/en\\\/?s={search_term_string}\"},\"query-input\":{\"@type\":\"PropertyValueSpecification\",\"valueRequired\":true,\"valueName\":\"search_term_string\"}}],\"inLanguage\":\"en-US\"}]}<\/script>\n<!-- \/ Yoast SEO plugin. -->","yoast_head_json":{"title":"Sample delivery - micrometal","robots":{"index":"noindex","follow":"follow"},"og_locale":"en_US","og_type":"article","og_title":"Sample delivery - micrometal","og_description":"Samples Do you want to know how a photo-chemically etched component looks and feels?\u00a0 Please briefly inform us at info@micrometal.de what kind of chemically etched samples you are interested in. We will be happy to send you selected samples to assess free of charge. &nbsp;","og_url":"https:\/\/www.micrometal.de\/en\/contact\/sample-delivery\/","og_site_name":"micrometal","article_modified_time":"2024-03-05T08:45:11+00:00","og_image":[{"url":"https:\/\/www.micrometal.de\/wp-content\/uploads\/sites\/5\/2020\/05\/Micrometal-scaled.jpg","type":"","width":"","height":""}],"twitter_card":"summary_large_image","schema":{"@context":"https:\/\/schema.org","@graph":[{"@type":"WebPage","@id":"https:\/\/www.micrometal.de\/en\/contact\/sample-delivery\/","url":"https:\/\/www.micrometal.de\/en\/contact\/sample-delivery\/","name":"Sample delivery - micrometal","isPartOf":{"@id":"https:\/\/www.micrometal.de\/en\/#website"},"primaryImageOfPage":{"@id":"https:\/\/www.micrometal.de\/en\/contact\/sample-delivery\/#primaryimage"},"image":{"@id":"https:\/\/www.micrometal.de\/en\/contact\/sample-delivery\/#primaryimage"},"thumbnailUrl":"https:\/\/www.micrometal.de\/wp-content\/uploads\/sites\/5\/2020\/05\/Micrometal-scaled.jpg","datePublished":"2021-08-31T08:16:05+00:00","dateModified":"2024-03-05T08:45:11+00:00","breadcrumb":{"@id":"https:\/\/www.micrometal.de\/en\/contact\/sample-delivery\/#breadcrumb"},"inLanguage":"en-US","potentialAction":[{"@type":"ReadAction","target":["https:\/\/www.micrometal.de\/en\/contact\/sample-delivery\/"]}]},{"@type":"ImageObject","inLanguage":"en-US","@id":"https:\/\/www.micrometal.de\/en\/contact\/sample-delivery\/#primaryimage","url":"https:\/\/www.micrometal.de\/wp-content\/uploads\/sites\/5\/2020\/05\/Micrometal-scaled.jpg","contentUrl":"https:\/\/www.micrometal.de\/wp-content\/uploads\/sites\/5\/2020\/05\/Micrometal-scaled.jpg"},{"@type":"BreadcrumbList","@id":"https:\/\/www.micrometal.de\/en\/contact\/sample-delivery\/#breadcrumb","itemListElement":[{"@type":"ListItem","position":1,"name":"Home","item":"https:\/\/www.micrometal.de\/en\/"},{"@type":"ListItem","position":2,"name":"Contact","item":"https:\/\/www.micrometal.de\/en\/contact\/"},{"@type":"ListItem","position":3,"name":"Sample delivery"}]},{"@type":"WebSite","@id":"https:\/\/www.micrometal.de\/en\/#website","url":"https:\/\/www.micrometal.de\/en\/","name":"micrometal","description":"Metall \u00e4tzen in h\u00f6chster Pr\u00e4zision","potentialAction":[{"@type":"SearchAction","target":{"@type":"EntryPoint","urlTemplate":"https:\/\/www.micrometal.de\/en\/?s={search_term_string}"},"query-input":{"@type":"PropertyValueSpecification","valueRequired":true,"valueName":"search_term_string"}}],"inLanguage":"en-US"}]}},"_links":{"self":[{"href":"https:\/\/www.micrometal.de\/en\/wp-json\/wp\/v2\/pages\/10744","targetHints":{"allow":["GET"]}}],"collection":[{"href":"https:\/\/www.micrometal.de\/en\/wp-json\/wp\/v2\/pages"}],"about":[{"href":"https:\/\/www.micrometal.de\/en\/wp-json\/wp\/v2\/types\/page"}],"author":[{"embeddable":true,"href":"https:\/\/www.micrometal.de\/en\/wp-json\/wp\/v2\/users\/4"}],"replies":[{"embeddable":true,"href":"https:\/\/www.micrometal.de\/en\/wp-json\/wp\/v2\/comments?post=10744"}],"version-history":[{"count":6,"href":"https:\/\/www.micrometal.de\/en\/wp-json\/wp\/v2\/pages\/10744\/revisions"}],"predecessor-version":[{"id":23660,"href":"https:\/\/www.micrometal.de\/en\/wp-json\/wp\/v2\/pages\/10744\/revisions\/23660"}],"up":[{"embeddable":true,"href":"https:\/\/www.micrometal.de\/en\/wp-json\/wp\/v2\/pages\/8000"}],"wp:attachment":[{"href":"https:\/\/www.micrometal.de\/en\/wp-json\/wp\/v2\/media?parent=10744"}],"curies":[{"name":"wp","href":"https:\/\/api.w.org\/{rel}","templated":true}]}}