{"id":18192,"date":"2022-11-28T12:54:09","date_gmt":"2022-11-28T11:54:09","guid":{"rendered":"https:\/\/www.micrometal.de\/?page_id=18192"},"modified":"2024-08-21T09:49:27","modified_gmt":"2024-08-21T07:49:27","slug":"latest-news","status":"publish","type":"page","link":"https:\/\/www.micrometal.de\/en\/etching-group\/latest-news\/","title":{"rendered":"Latest news"},"content":{"rendered":"\t\t<div data-elementor-type=\"wp-page\" data-elementor-id=\"18192\" class=\"elementor elementor-18192 elementor-18191\" data-elementor-post-type=\"page\">\n\t\t\t\t\t\t<section class=\"elementor-section elementor-top-section elementor-element elementor-element-e601a28 elementor-section-boxed elementor-section-height-default elementor-section-height-default\" data-id=\"e601a28\" data-element_type=\"section\" data-e-type=\"section\">\n\t\t\t\t\t\t<div class=\"elementor-container elementor-column-gap-default\">\n\t\t\t\t\t<div class=\"elementor-column elementor-col-100 elementor-top-column elementor-element elementor-element-37b2e52\" data-id=\"37b2e52\" data-element_type=\"column\" data-e-type=\"column\">\n\t\t\t<div class=\"elementor-widget-wrap elementor-element-populated\">\n\t\t\t\t\t\t<div class=\"elementor-element elementor-element-a61218b elementor-widget elementor-widget-spacer\" data-id=\"a61218b\" data-element_type=\"widget\" data-e-type=\"widget\" data-widget_type=\"spacer.default\">\n\t\t\t\t<div class=\"elementor-widget-container\">\n\t\t\t\t\t\t\t<div class=\"elementor-spacer\">\n\t\t\t<div class=\"elementor-spacer-inner\"><\/div>\n\t\t<\/div>\n\t\t\t\t\t\t<\/div>\n\t\t\t\t<\/div>\n\t\t\t\t\t<\/div>\n\t\t<\/div>\n\t\t\t\t\t<\/div>\n\t\t<\/section>\n\t\t\t\t<section class=\"elementor-section elementor-top-section elementor-element elementor-element-81c81bd elementor-section-boxed elementor-section-height-default elementor-section-height-default\" data-id=\"81c81bd\" data-element_type=\"section\" data-e-type=\"section\">\n\t\t\t\t\t\t<div class=\"elementor-container elementor-column-gap-default\">\n\t\t\t\t\t<div class=\"elementor-column elementor-col-100 elementor-top-column elementor-element elementor-element-4842d7a\" data-id=\"4842d7a\" data-element_type=\"column\" data-e-type=\"column\">\n\t\t\t<div class=\"elementor-widget-wrap elementor-element-populated\">\n\t\t\t\t\t\t<div class=\"elementor-element elementor-element-cd9a54f elementor-widget elementor-widget-heading\" data-id=\"cd9a54f\" data-element_type=\"widget\" data-e-type=\"widget\" data-widget_type=\"heading.default\">\n\t\t\t\t<div class=\"elementor-widget-container\">\n\t\t\t\t\t<h2 class=\"elementor-heading-title elementor-size-default\">Latest news about micrometal, HP Etch and Etchform<\/h2>\t\t\t\t<\/div>\n\t\t\t\t<\/div>\n\t\t\t\t\t<\/div>\n\t\t<\/div>\n\t\t\t\t\t<\/div>\n\t\t<\/section>\n\t\t\t\t<section class=\"elementor-section elementor-top-section elementor-element elementor-element-4e72180 elementor-section-boxed elementor-section-height-default elementor-section-height-default\" data-id=\"4e72180\" data-element_type=\"section\" data-e-type=\"section\">\n\t\t\t\t\t\t<div class=\"elementor-container elementor-column-gap-default\">\n\t\t\t\t\t<div class=\"elementor-column elementor-col-100 elementor-top-column elementor-element elementor-element-a74e5fa\" data-id=\"a74e5fa\" data-element_type=\"column\" data-e-type=\"column\">\n\t\t\t<div class=\"elementor-widget-wrap elementor-element-populated\">\n\t\t\t\t\t\t<div class=\"elementor-element elementor-element-fdef602 elementor-widget elementor-widget-heading\" data-id=\"fdef602\" data-element_type=\"widget\" data-e-type=\"widget\" data-widget_type=\"heading.default\">\n\t\t\t\t<div class=\"elementor-widget-container\">\n\t\t\t\t\t<h3 class=\"elementor-heading-title elementor-size-default\">Webinar Registration:  Photo Chemical Etching - A Compelling Alternative<\/h3>\t\t\t\t<\/div>\n\t\t\t\t<\/div>\n\t\t\t\t<div class=\"elementor-element elementor-element-810bee3 elementor-widget elementor-widget-text-editor\" data-id=\"810bee3\" data-element_type=\"widget\" data-e-type=\"widget\" data-widget_type=\"text-editor.default\">\n\t\t\t\t<div class=\"elementor-widget-container\">\n\t\t\t\t\t\t\t\t\t<p>Discover the advantages that our metal etching technique offers in this webinar (approx. 20 min).<\/p>\n\t\t\t\t\t\t\t\t<\/div>\n\t\t\t\t<\/div>\n\t\t\t\t\t<\/div>\n\t\t<\/div>\n\t\t\t\t\t<\/div>\n\t\t<\/section>\n\t\t\t\t<section class=\"elementor-section elementor-top-section elementor-element elementor-element-cea25fa elementor-section-boxed elementor-section-height-default elementor-section-height-default\" data-id=\"cea25fa\" data-element_type=\"section\" data-e-type=\"section\">\n\t\t\t\t\t\t<div class=\"elementor-container elementor-column-gap-default\">\n\t\t\t\t\t<div class=\"elementor-column elementor-col-50 elementor-top-column elementor-element elementor-element-5baa29c\" data-id=\"5baa29c\" data-element_type=\"column\" data-e-type=\"column\">\n\t\t\t<div class=\"elementor-widget-wrap elementor-element-populated\">\n\t\t\t\t\t\t<div class=\"elementor-element elementor-element-6f52872 elementor-widget elementor-widget-button\" data-id=\"6f52872\" data-element_type=\"widget\" data-e-type=\"widget\" data-widget_type=\"button.default\">\n\t\t\t\t<div class=\"elementor-widget-container\">\n\t\t\t\t\t\t\t\t\t<div class=\"elementor-button-wrapper\">\n\t\t\t\t\t<a class=\"elementor-button elementor-button-link elementor-size-sm\" href=\"https:\/\/13580.webinaris.co\/25078\/photo_chemical_etching___a_compelling_alternative.html?mode=N\" target=\"_blank\">\n\t\t\t\t\t\t<span class=\"elementor-button-content-wrapper\">\n\t\t\t\t\t\t\t\t\t<span class=\"elementor-button-text\">Book your place now<\/span>\n\t\t\t\t\t<\/span>\n\t\t\t\t\t<\/a>\n\t\t\t\t<\/div>\n\t\t\t\t\t\t\t\t<\/div>\n\t\t\t\t<\/div>\n\t\t\t\t\t<\/div>\n\t\t<\/div>\n\t\t\t\t<div class=\"elementor-column elementor-col-50 elementor-top-column elementor-element elementor-element-5021a0f\" data-id=\"5021a0f\" data-element_type=\"column\" data-e-type=\"column\">\n\t\t\t<div class=\"elementor-widget-wrap\">\n\t\t\t\t\t\t\t<\/div>\n\t\t<\/div>\n\t\t\t\t\t<\/div>\n\t\t<\/section>\n\t\t\t\t<section class=\"elementor-section elementor-top-section elementor-element elementor-element-18c3ba5 elementor-section-boxed elementor-section-height-default elementor-section-height-default\" data-id=\"18c3ba5\" data-element_type=\"section\" data-e-type=\"section\">\n\t\t\t\t\t\t<div class=\"elementor-container elementor-column-gap-default\">\n\t\t\t\t\t<div class=\"elementor-column elementor-col-100 elementor-top-column elementor-element elementor-element-5d70934\" data-id=\"5d70934\" data-element_type=\"column\" data-e-type=\"column\">\n\t\t\t<div class=\"elementor-widget-wrap elementor-element-populated\">\n\t\t\t\t\t\t<div class=\"elementor-element elementor-element-62f3e74 elementor-widget elementor-widget-heading\" data-id=\"62f3e74\" data-element_type=\"widget\" data-e-type=\"widget\" data-widget_type=\"heading.default\">\n\t\t\t\t<div class=\"elementor-widget-container\">\n\t\t\t\t\t<h3 class=\"elementor-heading-title elementor-size-default\">Etching Group Blog: <\/h3>\t\t\t\t<\/div>\n\t\t\t\t<\/div>\n\t\t\t\t\t<\/div>\n\t\t<\/div>\n\t\t\t\t\t<\/div>\n\t\t<\/section>\n\t\t\t\t<section class=\"elementor-section elementor-top-section elementor-element elementor-element-7856a65 elementor-section-boxed elementor-section-height-default elementor-section-height-default\" data-id=\"7856a65\" data-element_type=\"section\" data-e-type=\"section\">\n\t\t\t\t\t\t<div class=\"elementor-container elementor-column-gap-default\">\n\t\t\t\t\t<div class=\"elementor-column elementor-col-100 elementor-top-column elementor-element elementor-element-4522e1f3\" data-id=\"4522e1f3\" data-element_type=\"column\" data-e-type=\"column\">\n\t\t\t<div class=\"elementor-widget-wrap elementor-element-populated\">\n\t\t\t\t\t\t<div class=\"elementor-element elementor-element-10dd173 elementor-widget elementor-widget-aktuelles_grid\" data-id=\"10dd173\" data-element_type=\"widget\" data-e-type=\"widget\" data-widget_type=\"aktuelles_grid.default\">\n\t\t\t\t<div class=\"elementor-widget-container\">\n\t\t\t\t\t\t\t\r\n\t\t\t<div class=\"jet-posts col-row jet-equal-cols\" data-lang=\"en-US\">\r\n\r\n\t\t\t\t\r\n\t\t\t\t\t<div class=\"jet-posts__item\">\r\n\t\t\t\t\t\t<div class=\"jet-posts__inner-box\">\r\n\t\t\t\t\t\t\t<div class=\"post-thumbnail\">\r\n\t\t\t\t\t\t\t\t<a href=\"https:\/\/www.micrometal.de\/en\/etching-group\/latest-news\/post-overview\/\">\r\n\t\t\t\t\t\t\t\t\t<img decoding=\"async\" src=\"https:\/\/www.micrometal.de\/wp-content\/uploads\/sites\/5\/2022\/05\/Beitrag-300-200-.jpg\">\r\n\t\t\t\t\t\t\t\t<\/a>\r\n\t\t\t\t\t\t\t<\/div>\r\n\t\t\t\t\t\t\t<div class=\"jet-posts__inner-content\">\r\n\t\t\t\t\t\t\t\t<h4 class=\"entry-title\">\r\n\t\t\t\t\t\t\t\t\t<a href=\"https:\/\/www.micrometal.de\/en\/etching-group\/latest-news\/post-overview\/\">\r\n\t\t\t\t\t\t\t\t\t\tBlog, News, Events\t\t\t\t\t\t\t\t\t<\/a>\r\n\t\t\t\t\t\t\t\t<\/h4>\r\n\t\t\t\t\t\t\t\t<div class=\"entry-excerpt\">\r\n\t\t\t\t\t\t\t\t\t<p>Current press releases, news, trade fair dates and much more about photochemical metalworking.<\/p>\n\t\t\t\t\t\t\t\t<\/div>\r\n\t\t\t\t\t\t\t\t<div class=\"jet-more-wrap\">\r\n\t\t\t\t\t\t\t\t\t<a href=\"https:\/\/www.micrometal.de\/en\/etching-group\/latest-news\/post-overview\/\" class=\"btn btn-primary elementor-button elementor-size-md jet-more\">\r\n\t\t\t\t\t\t\t\t\t\t<span class=\"btn__text\">read more<\/span>\r\n\t\t\t\t\t\t\t\t\t<\/a>\r\n\t\t\t\t\t\t\t\t<\/div>\r\n\t\t\t\t\t\t\t<\/div>\r\n\t\t\t\t\t\t<\/div>\r\n\t\t\t\t\t<\/div>\r\n\t\t\t\t\t\r\n\t\t\t\t\r\n\t\t\t\t\t<div class=\"jet-posts__item\">\r\n\t\t\t\t\t\t<div class=\"jet-posts__inner-box\">\r\n\t\t\t\t\t\t\t<div class=\"post-thumbnail\">\r\n\t\t\t\t\t\t\t\t<a href=\"https:\/\/www.micrometal.de\/en\/whitepaper-precision-metal-fabrication-10-minutes-to-unlock-the-truth\/\">\r\n\t\t\t\t\t\t\t\t\t<img decoding=\"async\" src=\"https:\/\/www.micrometal.de\/wp-content\/uploads\/sites\/5\/2022\/11\/Whitepaper3466-auf-2311.png\">\r\n\t\t\t\t\t\t\t\t<\/a>\r\n\t\t\t\t\t\t\t<\/div>\r\n\t\t\t\t\t\t\t<div class=\"jet-posts__inner-content\">\r\n\t\t\t\t\t\t\t\t<h4 class=\"entry-title\">\r\n\t\t\t\t\t\t\t\t\t<a href=\"https:\/\/www.micrometal.de\/en\/whitepaper-precision-metal-fabrication-10-minutes-to-unlock-the-truth\/\">\r\n\t\t\t\t\t\t\t\t\t\tWhite Papers\t\t\t\t\t\t\t\t\t<\/a>\r\n\t\t\t\t\t\t\t\t<\/h4>\r\n\t\t\t\t\t\t\t\t<div class=\"entry-excerpt\">\r\n\t\t\t\t\t\t\t\t\t<p>Discover the true potential of precision metal fabrication and learn how etching technology is already part of your everyday life.<\/p>\n\t\t\t\t\t\t\t\t<\/div>\r\n\t\t\t\t\t\t\t\t<div class=\"jet-more-wrap\">\r\n\t\t\t\t\t\t\t\t\t<a href=\"https:\/\/www.micrometal.de\/en\/whitepaper-precision-metal-fabrication-10-minutes-to-unlock-the-truth\/\" class=\"btn btn-primary elementor-button elementor-size-md jet-more\">\r\n\t\t\t\t\t\t\t\t\t\t<span class=\"btn__text\">read more<\/span>\r\n\t\t\t\t\t\t\t\t\t<\/a>\r\n\t\t\t\t\t\t\t\t<\/div>\r\n\t\t\t\t\t\t\t<\/div>\r\n\t\t\t\t\t\t<\/div>\r\n\t\t\t\t\t<\/div>\r\n\t\t\t\t\t\r\n\t\t\t\t\r\n\t\t\t\t\t<div class=\"jet-posts__item\">\r\n\t\t\t\t\t\t<div class=\"jet-posts__inner-box\">\r\n\t\t\t\t\t\t\t<div class=\"post-thumbnail\">\r\n\t\t\t\t\t\t\t\t<a href=\"https:\/\/www.micrometal.de\/en\/etching-group\/latest-news\/webinar\/\">\r\n\t\t\t\t\t\t\t\t\t<img decoding=\"async\" src=\"https:\/\/www.micrometal.de\/wp-content\/uploads\/sites\/5\/2022\/11\/Webinar_chemical-etching.jpg\">\r\n\t\t\t\t\t\t\t\t<\/a>\r\n\t\t\t\t\t\t\t<\/div>\r\n\t\t\t\t\t\t\t<div class=\"jet-posts__inner-content\">\r\n\t\t\t\t\t\t\t\t<h4 class=\"entry-title\">\r\n\t\t\t\t\t\t\t\t\t<a href=\"https:\/\/www.micrometal.de\/en\/etching-group\/latest-news\/webinar\/\">\r\n\t\t\t\t\t\t\t\t\t\tWebinar\t\t\t\t\t\t\t\t\t<\/a>\r\n\t\t\t\t\t\t\t\t<\/h4>\r\n\t\t\t\t\t\t\t\t<div class=\"entry-excerpt\">\r\n\t\t\t\t\t\t\t\t\t<p>You want to learn more about photochemical metalworking and discover for yourself which can be the solution for your solution.<\/p>\n\t\t\t\t\t\t\t\t<\/div>\r\n\t\t\t\t\t\t\t\t<div class=\"jet-more-wrap\">\r\n\t\t\t\t\t\t\t\t\t<a href=\"https:\/\/www.micrometal.de\/en\/etching-group\/latest-news\/webinar\/\" class=\"btn btn-primary elementor-button elementor-size-md jet-more\">\r\n\t\t\t\t\t\t\t\t\t\t<span class=\"btn__text\">read more<\/span>\r\n\t\t\t\t\t\t\t\t\t<\/a>\r\n\t\t\t\t\t\t\t\t<\/div>\r\n\t\t\t\t\t\t\t<\/div>\r\n\t\t\t\t\t\t<\/div>\r\n\t\t\t\t\t<\/div>\r\n\t\t\t\t\t\r\n\t\t\t\t\r\n\t\t\t<\/div>\r\n\t\t\t\r\n\t\t\t\t\t\t<\/div>\n\t\t\t\t<\/div>\n\t\t\t\t\t<\/div>\n\t\t<\/div>\n\t\t\t\t\t<\/div>\n\t\t<\/section>\n\t\t\t\t<section class=\"elementor-section elementor-top-section elementor-element elementor-element-62aca26 elementor-section-boxed elementor-section-height-default elementor-section-height-default\" data-id=\"62aca26\" data-element_type=\"section\" data-e-type=\"section\">\n\t\t\t\t\t\t<div class=\"elementor-container elementor-column-gap-default\">\n\t\t\t\t\t<div class=\"elementor-column elementor-col-100 elementor-top-column elementor-element elementor-element-247fd8e\" data-id=\"247fd8e\" data-element_type=\"column\" data-e-type=\"column\">\n\t\t\t<div class=\"elementor-widget-wrap elementor-element-populated\">\n\t\t\t\t\t\t<div class=\"elementor-element elementor-element-7a6a5d3 elementor-widget elementor-widget-button\" data-id=\"7a6a5d3\" data-element_type=\"widget\" data-e-type=\"widget\" data-widget_type=\"button.default\">\n\t\t\t\t<div class=\"elementor-widget-container\">\n\t\t\t\t\t\t\t\t\t<div class=\"elementor-button-wrapper\">\n\t\t\t\t\t<a class=\"elementor-button elementor-button-link elementor-size-sm\" href=\"https:\/\/www.micrometal.de\/en\/etching-group\/latest-news\/post-overview\/\">\n\t\t\t\t\t\t<span class=\"elementor-button-content-wrapper\">\n\t\t\t\t\t\t\t\t\t<span class=\"elementor-button-text\">All the news here <\/span>\n\t\t\t\t\t<\/span>\n\t\t\t\t\t<\/a>\n\t\t\t\t<\/div>\n\t\t\t\t\t\t\t\t<\/div>\n\t\t\t\t<\/div>\n\t\t\t\t\t<\/div>\n\t\t<\/div>\n\t\t\t\t\t<\/div>\n\t\t<\/section>\n\t\t\t\t<\/div>\n\t\t","protected":false},"excerpt":{"rendered":"<p>Latest news about micrometal, HP Etch and Etchform Webinar Registration: Photo Chemical Etching &#8211; A Compelling Alternative Discover the advantages that our metal etching technique offers in this webinar (approx. 20 min). Book your place now Etching Group Blog: Blog, News, Events Current press releases, news, trade fair dates and much more about photochemical metalworking. [&hellip;]<\/p>\n","protected":false},"author":1,"featured_media":0,"parent":6111,"menu_order":0,"comment_status":"closed","ping_status":"closed","template":"","meta":{"footnotes":""},"class_list":["post-18192","page","type-page","status-publish","hentry"],"yoast_head":"<!-- This site is optimized with the Yoast SEO plugin v27.3 - https:\/\/yoast.com\/product\/yoast-seo-wordpress\/ -->\n<title>Latest news - micrometal<\/title>\n<meta name=\"robots\" content=\"index, follow, max-snippet:-1, max-image-preview:large, max-video-preview:-1\" \/>\n<link rel=\"canonical\" href=\"https:\/\/www.micrometal.de\/en\/etching-group\/latest-news\/\" \/>\n<meta property=\"og:locale\" content=\"en_US\" \/>\n<meta property=\"og:type\" content=\"article\" \/>\n<meta property=\"og:title\" content=\"Latest news - micrometal\" \/>\n<meta property=\"og:description\" content=\"Latest news about micrometal, HP Etch and Etchform Webinar Registration: Photo Chemical Etching &#8211; A Compelling Alternative Discover the advantages that our metal etching technique offers in this webinar (approx. 20 min). Book your place now Etching Group Blog: Blog, News, Events Current press releases, news, trade fair dates and much more about photochemical metalworking. [&hellip;]\" \/>\n<meta property=\"og:url\" content=\"https:\/\/www.micrometal.de\/en\/etching-group\/latest-news\/\" \/>\n<meta property=\"og:site_name\" content=\"micrometal\" \/>\n<meta property=\"article:modified_time\" content=\"2024-08-21T07:49:27+00:00\" \/>\n<meta property=\"og:image\" content=\"https:\/\/www.micrometal.de\/wp-content\/uploads\/sites\/5\/2022\/05\/Beitrag-300-200-.jpg\" \/>\n<meta name=\"twitter:card\" content=\"summary_large_image\" \/>\n<meta name=\"twitter:label1\" content=\"Est. reading time\" \/>\n\t<meta name=\"twitter:data1\" content=\"2 minutes\" \/>\n<script type=\"application\/ld+json\" class=\"yoast-schema-graph\">{\"@context\":\"https:\\\/\\\/schema.org\",\"@graph\":[{\"@type\":\"WebPage\",\"@id\":\"https:\\\/\\\/www.micrometal.de\\\/en\\\/etching-group\\\/latest-news\\\/\",\"url\":\"https:\\\/\\\/www.micrometal.de\\\/en\\\/etching-group\\\/latest-news\\\/\",\"name\":\"Latest news - micrometal\",\"isPartOf\":{\"@id\":\"https:\\\/\\\/www.micrometal.de\\\/en\\\/#website\"},\"primaryImageOfPage\":{\"@id\":\"https:\\\/\\\/www.micrometal.de\\\/en\\\/etching-group\\\/latest-news\\\/#primaryimage\"},\"image\":{\"@id\":\"https:\\\/\\\/www.micrometal.de\\\/en\\\/etching-group\\\/latest-news\\\/#primaryimage\"},\"thumbnailUrl\":\"https:\\\/\\\/www.micrometal.de\\\/wp-content\\\/uploads\\\/sites\\\/5\\\/2022\\\/05\\\/Beitrag-300-200-.jpg\",\"datePublished\":\"2022-11-28T11:54:09+00:00\",\"dateModified\":\"2024-08-21T07:49:27+00:00\",\"breadcrumb\":{\"@id\":\"https:\\\/\\\/www.micrometal.de\\\/en\\\/etching-group\\\/latest-news\\\/#breadcrumb\"},\"inLanguage\":\"en-US\",\"potentialAction\":[{\"@type\":\"ReadAction\",\"target\":[\"https:\\\/\\\/www.micrometal.de\\\/en\\\/etching-group\\\/latest-news\\\/\"]}]},{\"@type\":\"ImageObject\",\"inLanguage\":\"en-US\",\"@id\":\"https:\\\/\\\/www.micrometal.de\\\/en\\\/etching-group\\\/latest-news\\\/#primaryimage\",\"url\":\"https:\\\/\\\/www.micrometal.de\\\/wp-content\\\/uploads\\\/sites\\\/5\\\/2022\\\/05\\\/Beitrag-300-200-.jpg\",\"contentUrl\":\"https:\\\/\\\/www.micrometal.de\\\/wp-content\\\/uploads\\\/sites\\\/5\\\/2022\\\/05\\\/Beitrag-300-200-.jpg\"},{\"@type\":\"BreadcrumbList\",\"@id\":\"https:\\\/\\\/www.micrometal.de\\\/en\\\/etching-group\\\/latest-news\\\/#breadcrumb\",\"itemListElement\":[{\"@type\":\"ListItem\",\"position\":1,\"name\":\"Home\",\"item\":\"https:\\\/\\\/www.micrometal.de\\\/en\\\/\"},{\"@type\":\"ListItem\",\"position\":2,\"name\":\"Etching Group\",\"item\":\"https:\\\/\\\/www.micrometal.de\\\/en\\\/etching-group\\\/\"},{\"@type\":\"ListItem\",\"position\":3,\"name\":\"Latest news\"}]},{\"@type\":\"WebSite\",\"@id\":\"https:\\\/\\\/www.micrometal.de\\\/en\\\/#website\",\"url\":\"https:\\\/\\\/www.micrometal.de\\\/en\\\/\",\"name\":\"micrometal\",\"description\":\"Metall \u00e4tzen in h\u00f6chster Pr\u00e4zision\",\"potentialAction\":[{\"@type\":\"SearchAction\",\"target\":{\"@type\":\"EntryPoint\",\"urlTemplate\":\"https:\\\/\\\/www.micrometal.de\\\/en\\\/?s={search_term_string}\"},\"query-input\":{\"@type\":\"PropertyValueSpecification\",\"valueRequired\":true,\"valueName\":\"search_term_string\"}}],\"inLanguage\":\"en-US\"}]}<\/script>\n<!-- \/ Yoast SEO plugin. -->","yoast_head_json":{"title":"Latest news - micrometal","robots":{"index":"index","follow":"follow","max-snippet":"max-snippet:-1","max-image-preview":"max-image-preview:large","max-video-preview":"max-video-preview:-1"},"canonical":"https:\/\/www.micrometal.de\/en\/etching-group\/latest-news\/","og_locale":"en_US","og_type":"article","og_title":"Latest news - micrometal","og_description":"Latest news about micrometal, HP Etch and Etchform Webinar Registration: Photo Chemical Etching &#8211; A Compelling Alternative Discover the advantages that our metal etching technique offers in this webinar (approx. 20 min). Book your place now Etching Group Blog: Blog, News, Events Current press releases, news, trade fair dates and much more about photochemical metalworking. [&hellip;]","og_url":"https:\/\/www.micrometal.de\/en\/etching-group\/latest-news\/","og_site_name":"micrometal","article_modified_time":"2024-08-21T07:49:27+00:00","og_image":[{"url":"https:\/\/www.micrometal.de\/wp-content\/uploads\/sites\/5\/2022\/05\/Beitrag-300-200-.jpg","type":"","width":"","height":""}],"twitter_card":"summary_large_image","twitter_misc":{"Est. reading time":"2 minutes"},"schema":{"@context":"https:\/\/schema.org","@graph":[{"@type":"WebPage","@id":"https:\/\/www.micrometal.de\/en\/etching-group\/latest-news\/","url":"https:\/\/www.micrometal.de\/en\/etching-group\/latest-news\/","name":"Latest news - micrometal","isPartOf":{"@id":"https:\/\/www.micrometal.de\/en\/#website"},"primaryImageOfPage":{"@id":"https:\/\/www.micrometal.de\/en\/etching-group\/latest-news\/#primaryimage"},"image":{"@id":"https:\/\/www.micrometal.de\/en\/etching-group\/latest-news\/#primaryimage"},"thumbnailUrl":"https:\/\/www.micrometal.de\/wp-content\/uploads\/sites\/5\/2022\/05\/Beitrag-300-200-.jpg","datePublished":"2022-11-28T11:54:09+00:00","dateModified":"2024-08-21T07:49:27+00:00","breadcrumb":{"@id":"https:\/\/www.micrometal.de\/en\/etching-group\/latest-news\/#breadcrumb"},"inLanguage":"en-US","potentialAction":[{"@type":"ReadAction","target":["https:\/\/www.micrometal.de\/en\/etching-group\/latest-news\/"]}]},{"@type":"ImageObject","inLanguage":"en-US","@id":"https:\/\/www.micrometal.de\/en\/etching-group\/latest-news\/#primaryimage","url":"https:\/\/www.micrometal.de\/wp-content\/uploads\/sites\/5\/2022\/05\/Beitrag-300-200-.jpg","contentUrl":"https:\/\/www.micrometal.de\/wp-content\/uploads\/sites\/5\/2022\/05\/Beitrag-300-200-.jpg"},{"@type":"BreadcrumbList","@id":"https:\/\/www.micrometal.de\/en\/etching-group\/latest-news\/#breadcrumb","itemListElement":[{"@type":"ListItem","position":1,"name":"Home","item":"https:\/\/www.micrometal.de\/en\/"},{"@type":"ListItem","position":2,"name":"Etching Group","item":"https:\/\/www.micrometal.de\/en\/etching-group\/"},{"@type":"ListItem","position":3,"name":"Latest news"}]},{"@type":"WebSite","@id":"https:\/\/www.micrometal.de\/en\/#website","url":"https:\/\/www.micrometal.de\/en\/","name":"micrometal","description":"Metall \u00e4tzen in h\u00f6chster Pr\u00e4zision","potentialAction":[{"@type":"SearchAction","target":{"@type":"EntryPoint","urlTemplate":"https:\/\/www.micrometal.de\/en\/?s={search_term_string}"},"query-input":{"@type":"PropertyValueSpecification","valueRequired":true,"valueName":"search_term_string"}}],"inLanguage":"en-US"}]}},"_links":{"self":[{"href":"https:\/\/www.micrometal.de\/en\/wp-json\/wp\/v2\/pages\/18192","targetHints":{"allow":["GET"]}}],"collection":[{"href":"https:\/\/www.micrometal.de\/en\/wp-json\/wp\/v2\/pages"}],"about":[{"href":"https:\/\/www.micrometal.de\/en\/wp-json\/wp\/v2\/types\/page"}],"author":[{"embeddable":true,"href":"https:\/\/www.micrometal.de\/en\/wp-json\/wp\/v2\/users\/1"}],"replies":[{"embeddable":true,"href":"https:\/\/www.micrometal.de\/en\/wp-json\/wp\/v2\/comments?post=18192"}],"version-history":[{"count":123,"href":"https:\/\/www.micrometal.de\/en\/wp-json\/wp\/v2\/pages\/18192\/revisions"}],"predecessor-version":[{"id":24250,"href":"https:\/\/www.micrometal.de\/en\/wp-json\/wp\/v2\/pages\/18192\/revisions\/24250"}],"up":[{"embeddable":true,"href":"https:\/\/www.micrometal.de\/en\/wp-json\/wp\/v2\/pages\/6111"}],"wp:attachment":[{"href":"https:\/\/www.micrometal.de\/en\/wp-json\/wp\/v2\/media?parent=18192"}],"curies":[{"name":"wp","href":"https:\/\/api.w.org\/{rel}","templated":true}]}}