{"id":23404,"date":"2024-02-15T13:58:07","date_gmt":"2024-02-15T12:58:07","guid":{"rendered":"https:\/\/www.micrometal.de\/?page_id=23404"},"modified":"2024-02-20T10:21:04","modified_gmt":"2024-02-20T09:21:04","slug":"micro-heating-management","status":"publish","type":"page","link":"https:\/\/www.micrometal.de\/en\/products\/micro-heating-management\/","title":{"rendered":"Micro Heating Management"},"content":{"rendered":"\t\t<div data-elementor-type=\"wp-page\" data-elementor-id=\"23404\" class=\"elementor elementor-23404 elementor-23403\" data-elementor-post-type=\"page\">\n\t\t\t\t\t\t<section class=\"elementor-section elementor-top-section elementor-element elementor-element-35d183c elementor-section-full_width elementor-section-height-default elementor-section-height-default\" data-id=\"35d183c\" data-element_type=\"section\" data-e-type=\"section\">\n\t\t\t\t\t\t<div class=\"elementor-container elementor-column-gap-no\">\n\t\t\t\t\t<div class=\"elementor-column elementor-col-100 elementor-top-column elementor-element elementor-element-443fc057\" data-id=\"443fc057\" data-element_type=\"column\" data-e-type=\"column\">\n\t\t\t<div class=\"elementor-widget-wrap elementor-element-populated\">\n\t\t\t\t\t\t<div class=\"elementor-element elementor-element-5604a197 elementor-widget elementor-widget-standort_gross\" data-id=\"5604a197\" data-element_type=\"widget\" data-e-type=\"widget\" data-widget_type=\"standort_gross.default\">\n\t\t\t\t<div class=\"elementor-widget-container\">\n\t\t\t\t\t    \n      <div class=\"standort_gross img_rechts\">\n\n        \n        <div class=\"standort_gross-content\">\n          <div class=\"standort_gross-content-inner\">\n            <div class=\"standort_gross-content-padding\">\n\t            \n\t            \n                                <div class=\"elementor-element elementor-widget elementor-widget-heading\" data-element_type=\"widget\" data-widget_type=\"heading.default\">\n                  <div class=\"elementor-widget-container\">\n                    <h2 class=\"elementor-heading-title elementor-size-default\">Micro Heating Management <\/h2>\n                  <\/div>\n                <\/div>\n                \n                                <div class=\"elementor-element elementor-widget elementor-widget-text-editor\"><p>Micro heating management requires the precise control and distribution of heat at a micro-scale level in numerous applications. Components like micro heating elements (providing localised heat), heat exchangers (facilitating efficient heat transfer), and cooling plates (dissipating heat to maintain optimal operating temperatures) are essential in applications requiring fine thermal control in electronic devices, medical equipment, and specialised industrial processes. <a href=\"https:\/\/www.micrometal.de\/en\/service-portfolio\/our-technologies\/\" target=\"_blank\" rel=\"noopener\">Photo chemical etching<\/a> is ideal for creating these components due to its ability to produce intricate, detailed designs with high precision. Essential for the effective management of heat at such small scales, our process allows for the creation of complex patterns and microstructures in metals, which is crucial for the effective performance of micro heating management systems.<\/p><\/div>\n                \n                            <\/div>\n          <\/div>\n        <\/div>\n\n        \n            <div class=\"standort_gross-image mobile_hide\" style=\"background: url(https:\/\/www.micrometal.de\/wp-content\/uploads\/sites\/5\/2024\/02\/Heating-management_klein.jpg);\">\n            \t              \t\t<img decoding=\"async\" alt=\"\" src=\"https:\/\/www.micrometal.de\/wp-content\/uploads\/sites\/5\/2024\/02\/Heating-management_klein.jpg\">\n              \t            <\/div>\n\n        \n      <\/div>\n    \n    \t\t\t\t<\/div>\n\t\t\t\t<\/div>\n\t\t\t\t\t<\/div>\n\t\t<\/div>\n\t\t\t\t\t<\/div>\n\t\t<\/section>\n\t\t\t\t<section class=\"elementor-section elementor-top-section elementor-element elementor-element-4bc92c7d elementor-section-full_width elementor-section-height-min-height elementor-section-height-default elementor-section-items-middle\" data-id=\"4bc92c7d\" data-element_type=\"section\" data-e-type=\"section\">\n\t\t\t\t\t\t<div class=\"elementor-container elementor-column-gap-no\">\n\t\t\t\t\t<div class=\"elementor-column elementor-col-100 elementor-top-column elementor-element elementor-element-5b777ae7\" data-id=\"5b777ae7\" data-element_type=\"column\" data-e-type=\"column\">\n\t\t\t<div class=\"elementor-widget-wrap elementor-element-populated\">\n\t\t\t\t\t\t<div class=\"elementor-element elementor-element-5bfec332 elementor-widget elementor-widget-standort_gross\" data-id=\"5bfec332\" data-element_type=\"widget\" data-e-type=\"widget\" data-widget_type=\"standort_gross.default\">\n\t\t\t\t<div class=\"elementor-widget-container\">\n\t\t\t\t\t    \n      <div class=\"standort_gross \">\n\n        \n            <div class=\"standort_gross-image mobile_hide\" style=\"background: url(https:\/\/www.micrometal.de\/wp-content\/uploads\/sites\/5\/2024\/02\/heating-management_-Etching-technology_micrometal.jpg);\">\n            \t              \t\t<img decoding=\"async\" alt=\"Micro Heating Management, micrometal, etching technology\" src=\"https:\/\/www.micrometal.de\/wp-content\/uploads\/sites\/5\/2024\/02\/heating-management_-Etching-technology_micrometal.jpg\">\n              \t            <\/div>\n\n        \n        <div class=\"standort_gross-content\">\n          <div class=\"standort_gross-content-inner\">\n            <div class=\"standort_gross-content-padding\">\n\t            \n\t            \n                                <div class=\"elementor-element elementor-widget elementor-widget-heading\" data-element_type=\"widget\" data-widget_type=\"heading.default\">\n                  <div class=\"elementor-widget-container\">\n                    <h2 class=\"elementor-heading-title elementor-size-default\">Etched Micro Heating Elements<\/h2>\n                  <\/div>\n                <\/div>\n                \n                                <div class=\"elementor-element elementor-widget elementor-widget-text-editor\"><p>Precision and uniformity in temperature distribution are critical in manufacturing micro heating elements as used in PCR equipment and e-cigarettes. Correct materials are required, and processing can be difficult. These materials need to be able to withstand high temperatures and thermal cycling without degrading. As devices become more compact, their internal components, including heating elements, need to be smaller and more complex. This miniaturisation adds another layer of complexity to the manufacturing process, which other manufacturing methods struggle to meet. Photo chemical etching offers significant advantages here as it allows for the creation of components with high precision and uniformity, which is essential for targeted heat generation in micro heating elements. It doesn\u2019t induce stress in materials, helping to maintain their integrity and properties \u2013 the component behaves as designed when exposed to high temperatures.<\/p>\n<p>Photo chemical etching is also ideal for producing intricate components, and is extremely cost-effective, especially for mass production. The process can be scaled easily, making it suitable for mass production with low tooling cost and without compromising on quality. The ability to rapidly prototype with photochemical etching allows for quicker design changes and innovation, a significant advantage in fast-paced industries.<\/p>\n<\/div>\n                \n                            <\/div>\n          <\/div>\n        <\/div>\n\n        \n      <\/div>\n    \n    \t\t\t\t<\/div>\n\t\t\t\t<\/div>\n\t\t\t\t\t<\/div>\n\t\t<\/div>\n\t\t\t\t\t<\/div>\n\t\t<\/section>\n\t\t\t\t<section class=\"elementor-section elementor-top-section elementor-element elementor-element-9b26d70 elementor-section-full_width elementor-section-height-default elementor-section-height-default\" data-id=\"9b26d70\" data-element_type=\"section\" data-e-type=\"section\">\n\t\t\t\t\t\t<div class=\"elementor-container elementor-column-gap-no\">\n\t\t\t\t\t<div class=\"elementor-column elementor-col-100 elementor-top-column elementor-element elementor-element-25e2ba4\" data-id=\"25e2ba4\" data-element_type=\"column\" data-e-type=\"column\">\n\t\t\t<div class=\"elementor-widget-wrap elementor-element-populated\">\n\t\t\t\t\t\t<div class=\"elementor-element elementor-element-0d3c102 elementor-widget elementor-widget-standort_gross\" data-id=\"0d3c102\" data-element_type=\"widget\" data-e-type=\"widget\" data-widget_type=\"standort_gross.default\">\n\t\t\t\t<div class=\"elementor-widget-container\">\n\t\t\t\t\t    \n      <div class=\"standort_gross img_rechts\">\n\n        \n        <div class=\"standort_gross-content\">\n          <div class=\"standort_gross-content-inner\">\n            <div class=\"standort_gross-content-padding\">\n\t            \n\t            \n                                <div class=\"elementor-element elementor-widget elementor-widget-heading\" data-element_type=\"widget\" data-widget_type=\"heading.default\">\n                  <div class=\"elementor-widget-container\">\n                    <h2 class=\"elementor-heading-title elementor-size-default\">Heat exchangers with Etched Microchannels<\/h2>\n                  <\/div>\n                <\/div>\n                \n                                <div class=\"elementor-element elementor-widget elementor-widget-text-editor\"><p>Heat exchangers require intricate and accurate channel geometries essential for efficient heat transfer. Conventional machining methods can introduce mechanical and thermal stresses that compromise performance. Photo chemical etching is exceptionally well-suited for manufacturing micro precision heat exchangers as it is capable of producing complex components with fluidic channels, such as plate heat exchangers, with high precision. One of the key advantages of the process is that it eliminates mechanical and thermal stresses typically associated with traditional methods. In traditional manufacturing processes, metal is often pressed to create the desired geometry and flow channels for heat exchangers, which can be time-consuming, expensive, and may cause material stress or burrs that require additional post-machining work. Photochemical etching allows for low-cost, quickly adaptable digital tooling, making it ideal for optimising designs at minimal cost.<\/p><p>Photochemical etching can achieve precision microchannels with consistent accuracy, enhancing the compactness and efficiency of heat transfer. It is also compatible with a range of materials, including <a href=\"https:\/\/www.micrometal.de\/en\/service-portfolio\/materials\/stainless-steel\/\" target=\"_blank\" rel=\"noopener\">stainless steel<\/a>, aluminum, titanium, and Inconel, which are often challenging to process using conventional methods. Photochemical etching is an ideal choice for both prototyping and high-volume production of heat exchangers.<\/p><\/div>\n                \n                            <\/div>\n          <\/div>\n        <\/div>\n\n        \n            <div class=\"standort_gross-image mobile_hide\" style=\"background: url(https:\/\/www.micrometal.de\/wp-content\/uploads\/sites\/5\/2024\/02\/heating-management_bis.jpg);\">\n            \t              \t\t<img decoding=\"async\" alt=\"\" src=\"https:\/\/www.micrometal.de\/wp-content\/uploads\/sites\/5\/2024\/02\/heating-management_bis.jpg\">\n              \t            <\/div>\n\n        \n      <\/div>\n    \n    \t\t\t\t<\/div>\n\t\t\t\t<\/div>\n\t\t\t\t\t<\/div>\n\t\t<\/div>\n\t\t\t\t\t<\/div>\n\t\t<\/section>\n\t\t\t\t<section class=\"elementor-section elementor-top-section elementor-element elementor-element-b778e06 elementor-section-full_width elementor-section-height-default elementor-section-height-default\" data-id=\"b778e06\" data-element_type=\"section\" data-e-type=\"section\">\n\t\t\t\t\t\t<div class=\"elementor-container elementor-column-gap-no\">\n\t\t\t\t\t<div class=\"elementor-column elementor-col-100 elementor-top-column elementor-element elementor-element-5ca2ee2\" data-id=\"5ca2ee2\" data-element_type=\"column\" data-e-type=\"column\">\n\t\t\t<div class=\"elementor-widget-wrap elementor-element-populated\">\n\t\t\t\t\t\t<div class=\"elementor-element elementor-element-8aeb8ec elementor-widget elementor-widget-standort_gross\" data-id=\"8aeb8ec\" data-element_type=\"widget\" data-e-type=\"widget\" data-widget_type=\"standort_gross.default\">\n\t\t\t\t<div class=\"elementor-widget-container\">\n\t\t\t\t\t    \n      <div class=\"standort_gross \">\n\n        \n            <div class=\"standort_gross-image mobile_hide\" style=\"background: url(https:\/\/www.micrometal.de\/wp-content\/uploads\/sites\/5\/2024\/02\/cooling_plate.jpg);\">\n            \t              \t\t<img decoding=\"async\" alt=\"\" src=\"https:\/\/www.micrometal.de\/wp-content\/uploads\/sites\/5\/2024\/02\/cooling_plate.jpg\">\n              \t            <\/div>\n\n        \n        <div class=\"standort_gross-content\">\n          <div class=\"standort_gross-content-inner\">\n            <div class=\"standort_gross-content-padding\">\n\t            \n\t            \n                                <div class=\"elementor-element elementor-widget elementor-widget-heading\" data-element_type=\"widget\" data-widget_type=\"heading.default\">\n                  <div class=\"elementor-widget-container\">\n                    <h2 class=\"elementor-heading-title elementor-size-default\">Etched Cooling Plates<\/h2>\n                  <\/div>\n                <\/div>\n                \n                                <div class=\"elementor-element elementor-widget elementor-widget-text-editor\"><p><\/p>\n<p>Manufacturing micro precision cooling plates requires intricacy and accuracy of the cooling channels and overall dimensional precision of the plates. A significant challenge is ensuring uniformity and precision in the micro-scale features that are critical for effective heat dissipation. Photo chemical etching (PCE) eliminates mechanical stresses or deformities that other machining methods may introduce which compromise the efficiency of the cooling plates. PCE achieves the high level of detail necessary for micro channels, which are essential for efficient heat transfer without the time and cost of traditional methods. The complexity of design and the need for high precision in such small scales is exactly what photochemical etching is well-suited for.<\/p>\n<p>Producing micro precision cooling plates with PCE creates intricate, detailed designs with high precision and consistency. This process allows for the fabrication of complex patterns and microstructures in metals, crucial for the effective performance of micro cooling systems. Uniformity in component thickness as well as avoiding stresses or deformities are vital for the functionality and longevity of cooling plates.<\/p>\n<p><\/p>\n<\/div>\n                \n                            <\/div>\n          <\/div>\n        <\/div>\n\n        \n      <\/div>\n    \n    \t\t\t\t<\/div>\n\t\t\t\t<\/div>\n\t\t\t\t\t<\/div>\n\t\t<\/div>\n\t\t\t\t\t<\/div>\n\t\t<\/section>\n\t\t\t\t<\/div>\n\t\t","protected":false},"excerpt":{"rendered":"<p>Micro Heating Management Micro heating management requires the precise control and distribution of heat at a micro-scale level in numerous applications. Components like micro heating elements (providing localised heat), heat exchangers (facilitating efficient heat transfer), and cooling plates (dissipating heat to maintain optimal operating temperatures) are essential in applications requiring fine thermal control in electronic [&hellip;]<\/p>\n","protected":false},"author":4,"featured_media":0,"parent":7111,"menu_order":0,"comment_status":"closed","ping_status":"closed","template":"","meta":{"footnotes":""},"class_list":["post-23404","page","type-page","status-publish","hentry"],"yoast_head":"<!-- This site is optimized with the Yoast SEO plugin v27.5 - https:\/\/yoast.com\/product\/yoast-seo-wordpress\/ -->\n<title>Precision etched micro heating elements, heat exchangers &amp; cooling plates- micrometal<\/title>\n<meta name=\"description\" content=\"Photo chemical etching is ideal for creating components for micro heating management. Our process allows for the creation of complex patterns and microstructures in metals.\" \/>\n<meta name=\"robots\" content=\"index, follow, max-snippet:-1, max-image-preview:large, max-video-preview:-1\" \/>\n<link rel=\"canonical\" href=\"https:\/\/www.micrometal.de\/en\/products\/micro-heating-management\/\" \/>\n<meta property=\"og:locale\" content=\"en_US\" \/>\n<meta property=\"og:type\" content=\"article\" \/>\n<meta property=\"og:title\" content=\"Precision etched micro heating elements, heat exchangers &amp; cooling plates- micrometal\" \/>\n<meta property=\"og:description\" content=\"Photo chemical etching is ideal for creating components for micro heating management. Our process allows for the creation of complex patterns and microstructures in metals.\" \/>\n<meta property=\"og:url\" content=\"https:\/\/www.micrometal.de\/en\/products\/micro-heating-management\/\" \/>\n<meta property=\"og:site_name\" content=\"micrometal\" \/>\n<meta property=\"article:modified_time\" content=\"2024-02-20T09:21:04+00:00\" \/>\n<meta property=\"og:image\" content=\"https:\/\/www.micrometal.de\/wp-content\/uploads\/sites\/5\/2024\/02\/Heating-management_klein.jpg\" \/>\n<meta name=\"twitter:card\" content=\"summary_large_image\" \/>\n<meta name=\"twitter:label1\" content=\"Est. reading time\" \/>\n\t<meta name=\"twitter:data1\" content=\"5 minutes\" \/>\n<script type=\"application\/ld+json\" class=\"yoast-schema-graph\">{\"@context\":\"https:\\\/\\\/schema.org\",\"@graph\":[{\"@type\":\"WebPage\",\"@id\":\"https:\\\/\\\/www.micrometal.de\\\/en\\\/products\\\/micro-heating-management\\\/\",\"url\":\"https:\\\/\\\/www.micrometal.de\\\/en\\\/products\\\/micro-heating-management\\\/\",\"name\":\"Precision etched micro heating elements, heat exchangers & cooling plates- micrometal\",\"isPartOf\":{\"@id\":\"https:\\\/\\\/www.micrometal.de\\\/en\\\/#website\"},\"primaryImageOfPage\":{\"@id\":\"https:\\\/\\\/www.micrometal.de\\\/en\\\/products\\\/micro-heating-management\\\/#primaryimage\"},\"image\":{\"@id\":\"https:\\\/\\\/www.micrometal.de\\\/en\\\/products\\\/micro-heating-management\\\/#primaryimage\"},\"thumbnailUrl\":\"https:\\\/\\\/www.micrometal.de\\\/wp-content\\\/uploads\\\/sites\\\/5\\\/2024\\\/02\\\/Heating-management_klein.jpg\",\"datePublished\":\"2024-02-15T12:58:07+00:00\",\"dateModified\":\"2024-02-20T09:21:04+00:00\",\"description\":\"Photo chemical etching is ideal for creating components for micro heating management. Our process allows for the creation of complex patterns and microstructures in metals.\",\"breadcrumb\":{\"@id\":\"https:\\\/\\\/www.micrometal.de\\\/en\\\/products\\\/micro-heating-management\\\/#breadcrumb\"},\"inLanguage\":\"en-US\",\"potentialAction\":[{\"@type\":\"ReadAction\",\"target\":[\"https:\\\/\\\/www.micrometal.de\\\/en\\\/products\\\/micro-heating-management\\\/\"]}]},{\"@type\":\"ImageObject\",\"inLanguage\":\"en-US\",\"@id\":\"https:\\\/\\\/www.micrometal.de\\\/en\\\/products\\\/micro-heating-management\\\/#primaryimage\",\"url\":\"https:\\\/\\\/www.micrometal.de\\\/wp-content\\\/uploads\\\/sites\\\/5\\\/2024\\\/02\\\/Heating-management_klein.jpg\",\"contentUrl\":\"https:\\\/\\\/www.micrometal.de\\\/wp-content\\\/uploads\\\/sites\\\/5\\\/2024\\\/02\\\/Heating-management_klein.jpg\"},{\"@type\":\"BreadcrumbList\",\"@id\":\"https:\\\/\\\/www.micrometal.de\\\/en\\\/products\\\/micro-heating-management\\\/#breadcrumb\",\"itemListElement\":[{\"@type\":\"ListItem\",\"position\":1,\"name\":\"Home\",\"item\":\"https:\\\/\\\/www.micrometal.de\\\/en\\\/\"},{\"@type\":\"ListItem\",\"position\":2,\"name\":\"Products\",\"item\":\"https:\\\/\\\/www.micrometal.de\\\/en\\\/products\\\/\"},{\"@type\":\"ListItem\",\"position\":3,\"name\":\"Micro Heating Management\"}]},{\"@type\":\"WebSite\",\"@id\":\"https:\\\/\\\/www.micrometal.de\\\/en\\\/#website\",\"url\":\"https:\\\/\\\/www.micrometal.de\\\/en\\\/\",\"name\":\"micrometal\",\"description\":\"Metall \u00e4tzen in h\u00f6chster Pr\u00e4zision\",\"potentialAction\":[{\"@type\":\"SearchAction\",\"target\":{\"@type\":\"EntryPoint\",\"urlTemplate\":\"https:\\\/\\\/www.micrometal.de\\\/en\\\/?s={search_term_string}\"},\"query-input\":{\"@type\":\"PropertyValueSpecification\",\"valueRequired\":true,\"valueName\":\"search_term_string\"}}],\"inLanguage\":\"en-US\"}]}<\/script>\n<!-- \/ Yoast SEO plugin. -->","yoast_head_json":{"title":"Precision etched micro heating elements, heat exchangers & cooling plates- micrometal","description":"Photo chemical etching is ideal for creating components for micro heating management. Our process allows for the creation of complex patterns and microstructures in metals.","robots":{"index":"index","follow":"follow","max-snippet":"max-snippet:-1","max-image-preview":"max-image-preview:large","max-video-preview":"max-video-preview:-1"},"canonical":"https:\/\/www.micrometal.de\/en\/products\/micro-heating-management\/","og_locale":"en_US","og_type":"article","og_title":"Precision etched micro heating elements, heat exchangers & cooling plates- micrometal","og_description":"Photo chemical etching is ideal for creating components for micro heating management. Our process allows for the creation of complex patterns and microstructures in metals.","og_url":"https:\/\/www.micrometal.de\/en\/products\/micro-heating-management\/","og_site_name":"micrometal","article_modified_time":"2024-02-20T09:21:04+00:00","og_image":[{"url":"https:\/\/www.micrometal.de\/wp-content\/uploads\/sites\/5\/2024\/02\/Heating-management_klein.jpg","type":"","width":"","height":""}],"twitter_card":"summary_large_image","twitter_misc":{"Est. reading time":"5 minutes"},"schema":{"@context":"https:\/\/schema.org","@graph":[{"@type":"WebPage","@id":"https:\/\/www.micrometal.de\/en\/products\/micro-heating-management\/","url":"https:\/\/www.micrometal.de\/en\/products\/micro-heating-management\/","name":"Precision etched micro heating elements, heat exchangers & cooling plates- micrometal","isPartOf":{"@id":"https:\/\/www.micrometal.de\/en\/#website"},"primaryImageOfPage":{"@id":"https:\/\/www.micrometal.de\/en\/products\/micro-heating-management\/#primaryimage"},"image":{"@id":"https:\/\/www.micrometal.de\/en\/products\/micro-heating-management\/#primaryimage"},"thumbnailUrl":"https:\/\/www.micrometal.de\/wp-content\/uploads\/sites\/5\/2024\/02\/Heating-management_klein.jpg","datePublished":"2024-02-15T12:58:07+00:00","dateModified":"2024-02-20T09:21:04+00:00","description":"Photo chemical etching is ideal for creating components for micro heating management. Our process allows for the creation of complex patterns and microstructures in metals.","breadcrumb":{"@id":"https:\/\/www.micrometal.de\/en\/products\/micro-heating-management\/#breadcrumb"},"inLanguage":"en-US","potentialAction":[{"@type":"ReadAction","target":["https:\/\/www.micrometal.de\/en\/products\/micro-heating-management\/"]}]},{"@type":"ImageObject","inLanguage":"en-US","@id":"https:\/\/www.micrometal.de\/en\/products\/micro-heating-management\/#primaryimage","url":"https:\/\/www.micrometal.de\/wp-content\/uploads\/sites\/5\/2024\/02\/Heating-management_klein.jpg","contentUrl":"https:\/\/www.micrometal.de\/wp-content\/uploads\/sites\/5\/2024\/02\/Heating-management_klein.jpg"},{"@type":"BreadcrumbList","@id":"https:\/\/www.micrometal.de\/en\/products\/micro-heating-management\/#breadcrumb","itemListElement":[{"@type":"ListItem","position":1,"name":"Home","item":"https:\/\/www.micrometal.de\/en\/"},{"@type":"ListItem","position":2,"name":"Products","item":"https:\/\/www.micrometal.de\/en\/products\/"},{"@type":"ListItem","position":3,"name":"Micro Heating Management"}]},{"@type":"WebSite","@id":"https:\/\/www.micrometal.de\/en\/#website","url":"https:\/\/www.micrometal.de\/en\/","name":"micrometal","description":"Metall \u00e4tzen in h\u00f6chster Pr\u00e4zision","potentialAction":[{"@type":"SearchAction","target":{"@type":"EntryPoint","urlTemplate":"https:\/\/www.micrometal.de\/en\/?s={search_term_string}"},"query-input":{"@type":"PropertyValueSpecification","valueRequired":true,"valueName":"search_term_string"}}],"inLanguage":"en-US"}]}},"_links":{"self":[{"href":"https:\/\/www.micrometal.de\/en\/wp-json\/wp\/v2\/pages\/23404","targetHints":{"allow":["GET"]}}],"collection":[{"href":"https:\/\/www.micrometal.de\/en\/wp-json\/wp\/v2\/pages"}],"about":[{"href":"https:\/\/www.micrometal.de\/en\/wp-json\/wp\/v2\/types\/page"}],"author":[{"embeddable":true,"href":"https:\/\/www.micrometal.de\/en\/wp-json\/wp\/v2\/users\/4"}],"replies":[{"embeddable":true,"href":"https:\/\/www.micrometal.de\/en\/wp-json\/wp\/v2\/comments?post=23404"}],"version-history":[{"count":10,"href":"https:\/\/www.micrometal.de\/en\/wp-json\/wp\/v2\/pages\/23404\/revisions"}],"predecessor-version":[{"id":23570,"href":"https:\/\/www.micrometal.de\/en\/wp-json\/wp\/v2\/pages\/23404\/revisions\/23570"}],"up":[{"embeddable":true,"href":"https:\/\/www.micrometal.de\/en\/wp-json\/wp\/v2\/pages\/7111"}],"wp:attachment":[{"href":"https:\/\/www.micrometal.de\/en\/wp-json\/wp\/v2\/media?parent=23404"}],"curies":[{"name":"wp","href":"https:\/\/api.w.org\/{rel}","templated":true}]}}