{"id":23414,"date":"2024-02-13T12:39:24","date_gmt":"2024-02-13T11:39:24","guid":{"rendered":"https:\/\/www.micrometal.de\/service-portfolio\/faq-metal-etching\/"},"modified":"2024-09-03T12:37:35","modified_gmt":"2024-09-03T10:37:35","slug":"faqs","status":"publish","type":"page","link":"https:\/\/www.micrometal.de\/en\/service-portfolio\/faqs\/","title":{"rendered":"FAQ Metal Etching"},"content":{"rendered":"\t\t<div data-elementor-type=\"wp-page\" data-elementor-id=\"23414\" class=\"elementor elementor-23414 elementor-2957\" data-elementor-post-type=\"page\">\n\t\t\t\t\t\t<section class=\"elementor-section elementor-top-section elementor-element elementor-element-92eeab8 elementor-section-boxed elementor-section-height-default elementor-section-height-default\" data-id=\"92eeab8\" data-element_type=\"section\" data-e-type=\"section\">\n\t\t\t\t\t\t<div class=\"elementor-container elementor-column-gap-default\">\n\t\t\t\t\t<div class=\"elementor-column elementor-col-100 elementor-top-column elementor-element elementor-element-fd2419a\" data-id=\"fd2419a\" data-element_type=\"column\" data-e-type=\"column\">\n\t\t\t<div class=\"elementor-widget-wrap elementor-element-populated\">\n\t\t\t\t\t\t<div class=\"elementor-element elementor-element-73a55d2 elementor-widget elementor-widget-spacer\" data-id=\"73a55d2\" data-element_type=\"widget\" data-e-type=\"widget\" data-widget_type=\"spacer.default\">\n\t\t\t\t<div class=\"elementor-widget-container\">\n\t\t\t\t\t\t\t<div class=\"elementor-spacer\">\n\t\t\t<div class=\"elementor-spacer-inner\"><\/div>\n\t\t<\/div>\n\t\t\t\t\t\t<\/div>\n\t\t\t\t<\/div>\n\t\t\t\t\t<\/div>\n\t\t<\/div>\n\t\t\t\t\t<\/div>\n\t\t<\/section>\n\t\t\t\t<section class=\"elementor-section elementor-top-section elementor-element elementor-element-ea615e0 elementor-section-boxed elementor-section-height-default elementor-section-height-default\" data-id=\"ea615e0\" data-element_type=\"section\" data-e-type=\"section\">\n\t\t\t\t\t\t<div class=\"elementor-container elementor-column-gap-default\">\n\t\t\t\t\t<div class=\"elementor-column elementor-col-100 elementor-top-column elementor-element elementor-element-d939a1a\" data-id=\"d939a1a\" data-element_type=\"column\" data-e-type=\"column\">\n\t\t\t<div class=\"elementor-widget-wrap elementor-element-populated\">\n\t\t\t\t\t\t<div class=\"elementor-element elementor-element-ea0597c elementor-widget elementor-widget-heading\" data-id=\"ea0597c\" data-element_type=\"widget\" data-e-type=\"widget\" data-widget_type=\"heading.default\">\n\t\t\t\t<div class=\"elementor-widget-container\">\n\t\t\t\t\t<h2 class=\"elementor-heading-title elementor-size-default\">FAQ - Frequently asked questions about metal etching<\/h2>\t\t\t\t<\/div>\n\t\t\t\t<\/div>\n\t\t\t\t\t<\/div>\n\t\t<\/div>\n\t\t\t\t\t<\/div>\n\t\t<\/section>\n\t\t\t\t<section class=\"elementor-section elementor-top-section elementor-element elementor-element-8980d97 elementor-section-boxed elementor-section-height-default elementor-section-height-default\" data-id=\"8980d97\" data-element_type=\"section\" data-e-type=\"section\">\n\t\t\t\t\t\t<div class=\"elementor-container elementor-column-gap-default\">\n\t\t\t\t\t<div class=\"elementor-column elementor-col-100 elementor-top-column elementor-element elementor-element-c192e45\" data-id=\"c192e45\" data-element_type=\"column\" data-e-type=\"column\">\n\t\t\t<div class=\"elementor-widget-wrap elementor-element-populated\">\n\t\t\t\t\t\t<div class=\"elementor-element elementor-element-3eab7a6 elementor-widget elementor-widget-text-editor\" data-id=\"3eab7a6\" data-element_type=\"widget\" data-e-type=\"widget\" data-widget_type=\"text-editor.default\">\n\t\t\t\t<div class=\"elementor-widget-container\">\n\t\t\t\t\t\t\t\t\t<p>Here you will find a compilation of frequently asked questions about etching, etching technology, chemical etching,\u00a0 etc.<\/p>\n\t\t\t\t\t\t\t\t<\/div>\n\t\t\t\t<\/div>\n\t\t\t\t\t<\/div>\n\t\t<\/div>\n\t\t\t\t\t<\/div>\n\t\t<\/section>\n\t\t\t\t<section class=\"elementor-section elementor-top-section elementor-element elementor-element-e6168d9 elementor-section-boxed elementor-section-height-default elementor-section-height-default\" data-id=\"e6168d9\" data-element_type=\"section\" data-e-type=\"section\">\n\t\t\t\t\t\t<div class=\"elementor-container elementor-column-gap-default\">\n\t\t\t\t\t<div class=\"elementor-column elementor-col-100 elementor-top-column elementor-element elementor-element-431e8dc\" data-id=\"431e8dc\" data-element_type=\"column\" data-e-type=\"column\">\n\t\t\t<div class=\"elementor-widget-wrap elementor-element-populated\">\n\t\t\t\t\t\t<div class=\"elementor-element elementor-element-43b2994 elementor-widget elementor-widget-accordion\" data-id=\"43b2994\" data-element_type=\"widget\" data-e-type=\"widget\" data-widget_type=\"accordion.default\">\n\t\t\t\t<div class=\"elementor-widget-container\">\n\t\t\t\t\t\t\t<div class=\"elementor-accordion\">\n\t\t\t\t\t\t\t<div class=\"elementor-accordion-item\">\n\t\t\t\t\t<div id=\"elementor-tab-title-7091\" class=\"elementor-tab-title\" data-tab=\"1\" role=\"button\" aria-controls=\"elementor-tab-content-7091\" aria-expanded=\"false\">\n\t\t\t\t\t\t\t\t\t\t\t\t\t<span class=\"elementor-accordion-icon elementor-accordion-icon-left\" aria-hidden=\"true\">\n\t\t\t\t\t\t\t\t\t\t\t\t\t\t\t<span class=\"elementor-accordion-icon-closed\"><i class=\"fas fa-plus\"><\/i><\/span>\n\t\t\t\t\t\t\t\t<span class=\"elementor-accordion-icon-opened\"><i class=\"fas fa-minus\"><\/i><\/span>\n\t\t\t\t\t\t\t\t\t\t\t\t\t\t<\/span>\n\t\t\t\t\t\t\t\t\t\t\t\t<a class=\"elementor-accordion-title\" tabindex=\"0\">Why is chemical etching important? <\/a>\n\t\t\t\t\t<\/div>\n\t\t\t\t\t<div id=\"elementor-tab-content-7091\" class=\"elementor-tab-content elementor-clearfix\" data-tab=\"1\" role=\"region\" aria-labelledby=\"elementor-tab-title-7091\"><p>Photo chemical etching is a subtractive metal fabrication process that provides designers with very high levels of design freedom. By using this method, designers can create thin metal parts with intricate and complex shapes with precision and accuracy that would otherwise be impossible to achieve. The process works by using a photoresist material to protect certain areas of the metal from being removed by an etchant, while leaving other areas exposed. This allows for complex shapes to be created without the need for expensive tooling or machining processes.<br \/>Photo chemical etching is also important as it offers additional benefits such as cost savings and shorter lead times compared to other fabrication methods. With its ability to provide greater design freedom, photo chemical etching is becoming an increasingly popular choice for designers who are looking for more creative options to realize innovative product features. This can also include so called half-etches, where the material is only partially etched away, allowing the creation of tiny channels for microfluids, or helping with subsequent process steps like forming. As all this is achieved without changing the material properties of the metal parts, chemical etching is playing a vital role in opening up new design options.<\/p><\/div>\n\t\t\t\t<\/div>\n\t\t\t\t\t\t\t<div class=\"elementor-accordion-item\">\n\t\t\t\t\t<div id=\"elementor-tab-title-7092\" class=\"elementor-tab-title\" data-tab=\"2\" role=\"button\" aria-controls=\"elementor-tab-content-7092\" aria-expanded=\"false\">\n\t\t\t\t\t\t\t\t\t\t\t\t\t<span class=\"elementor-accordion-icon elementor-accordion-icon-left\" aria-hidden=\"true\">\n\t\t\t\t\t\t\t\t\t\t\t\t\t\t\t<span class=\"elementor-accordion-icon-closed\"><i class=\"fas fa-plus\"><\/i><\/span>\n\t\t\t\t\t\t\t\t<span class=\"elementor-accordion-icon-opened\"><i class=\"fas fa-minus\"><\/i><\/span>\n\t\t\t\t\t\t\t\t\t\t\t\t\t\t<\/span>\n\t\t\t\t\t\t\t\t\t\t\t\t<a class=\"elementor-accordion-title\" tabindex=\"0\">Can you etch stainless steel? <\/a>\n\t\t\t\t\t<\/div>\n\t\t\t\t\t<div id=\"elementor-tab-content-7092\" class=\"elementor-tab-content elementor-clearfix\" data-tab=\"2\" role=\"region\" aria-labelledby=\"elementor-tab-title-7092\"><p>Chemical etching can be used on a <a href=\"https:\/\/www.micrometal.de\/en\/service-portfolio\/materials\/variety-of-etchable-metals\/\">variety of metals<\/a> achieving precision that is beyond the ability of other metal fabrication processes. Stainless steel, however, remains the number one choice for many customers due to its versatility, the numerous grades available, the large number of related alloys, its favourable material properties, and the vast array of finishes. It is the metal of choice for many applications in a wide range of industries.<\/p><p><a href=\"https:\/\/www.micrometal.de\/en\/service-portfolio\/materials\/stainless-steel\/#\">Stainless steels<\/a> contain chromium to give them high resistance to corrosion. Typical examples of etchable stainless steels are 1.4310 (AISI 301), 1.4404 (AISI 316L) or 1.4301 (AISI 304). In addition to austenitic steels, a variety of ferritic, martensitic or duplex steels can also be etched.<\/p><p>Photo-chemically etched stainless steel components are often used in safety-critical or extreme environment applications \u2014 such as ABS braking systems, and fuel injection systems \u2014 etched flexures have the ability to \u201cflex\u201d millions of times faultlessly as the process does not alter the fatigue strength of the steel. Alternative processing technologies such as machining and wiring often leave small burrs and recast layers which can compromise spring performance. Photo-chemical etching eliminates potential fracture sites in the material grain, producing flexures free from burrs and recast layers, ensuring a longer product life and higher reliability.<\/p><\/div>\n\t\t\t\t<\/div>\n\t\t\t\t\t\t\t<div class=\"elementor-accordion-item\">\n\t\t\t\t\t<div id=\"elementor-tab-title-7093\" class=\"elementor-tab-title\" data-tab=\"3\" role=\"button\" aria-controls=\"elementor-tab-content-7093\" aria-expanded=\"false\">\n\t\t\t\t\t\t\t\t\t\t\t\t\t<span class=\"elementor-accordion-icon elementor-accordion-icon-left\" aria-hidden=\"true\">\n\t\t\t\t\t\t\t\t\t\t\t\t\t\t\t<span class=\"elementor-accordion-icon-closed\"><i class=\"fas fa-plus\"><\/i><\/span>\n\t\t\t\t\t\t\t\t<span class=\"elementor-accordion-icon-opened\"><i class=\"fas fa-minus\"><\/i><\/span>\n\t\t\t\t\t\t\t\t\t\t\t\t\t\t<\/span>\n\t\t\t\t\t\t\t\t\t\t\t\t<a class=\"elementor-accordion-title\" tabindex=\"0\">Can you etch hardened steel?<\/a>\n\t\t\t\t\t<\/div>\n\t\t\t\t\t<div id=\"elementor-tab-content-7093\" class=\"elementor-tab-content elementor-clearfix\" data-tab=\"3\" role=\"region\" aria-labelledby=\"elementor-tab-title-7093\"><p>Steels can be hardened by thermal, mechanical and chemical methods, or combinations of these. Hardened steel is a challenging material to work with, as it is extremely strong and durable. It is possible though to photo chemical etch hardened steel. This process involves using light-sensitive chemicals that react to ultraviolet radiation and create an etching on the surface of the steel. The result is an intricate design that can be used for various applications such as decorative items or functional parts. Via chemical etching, hardened steel can be etched without damaging its strength or durability.<br \/>Etching is an efficient and cost-effective method for producing complex parts made of hardened steel with high precision and accuracy. It also offers the advantage of being able to produce parts that are not possible with traditional machining processes such as stamping and punching.<\/p><\/div>\n\t\t\t\t<\/div>\n\t\t\t\t\t\t\t<div class=\"elementor-accordion-item\">\n\t\t\t\t\t<div id=\"elementor-tab-title-7094\" class=\"elementor-tab-title\" data-tab=\"4\" role=\"button\" aria-controls=\"elementor-tab-content-7094\" aria-expanded=\"false\">\n\t\t\t\t\t\t\t\t\t\t\t\t\t<span class=\"elementor-accordion-icon elementor-accordion-icon-left\" aria-hidden=\"true\">\n\t\t\t\t\t\t\t\t\t\t\t\t\t\t\t<span class=\"elementor-accordion-icon-closed\"><i class=\"fas fa-plus\"><\/i><\/span>\n\t\t\t\t\t\t\t\t<span class=\"elementor-accordion-icon-opened\"><i class=\"fas fa-minus\"><\/i><\/span>\n\t\t\t\t\t\t\t\t\t\t\t\t\t\t<\/span>\n\t\t\t\t\t\t\t\t\t\t\t\t<a class=\"elementor-accordion-title\" tabindex=\"0\">What is the chemical machining process?<\/a>\n\t\t\t\t\t<\/div>\n\t\t\t\t\t<div id=\"elementor-tab-content-7094\" class=\"elementor-tab-content elementor-clearfix\" data-tab=\"4\" role=\"region\" aria-labelledby=\"elementor-tab-title-7094\"><p>Chemical machining is a process of removing material from a workpiece using chemical reactions instead of traditional power-driven machining tools. It is a precise and cost-effective way to produce components with complex shapes and intricate details. The process involves etching, or dissolving, the material from the surface of the workpiece using an acid or alkaline solution. This solution is applied to the surface in order to create patterns or features on the component. By controlling the concentration and duration of exposure, it is possible to achieve very high levels of accuracy and detail in the finished product. In contrast to other methods, the chemical machining process does not alter the material properties of parts.<\/p><\/div>\n\t\t\t\t<\/div>\n\t\t\t\t\t\t\t<div class=\"elementor-accordion-item\">\n\t\t\t\t\t<div id=\"elementor-tab-title-7095\" class=\"elementor-tab-title\" data-tab=\"5\" role=\"button\" aria-controls=\"elementor-tab-content-7095\" aria-expanded=\"false\">\n\t\t\t\t\t\t\t\t\t\t\t\t\t<span class=\"elementor-accordion-icon elementor-accordion-icon-left\" aria-hidden=\"true\">\n\t\t\t\t\t\t\t\t\t\t\t\t\t\t\t<span class=\"elementor-accordion-icon-closed\"><i class=\"fas fa-plus\"><\/i><\/span>\n\t\t\t\t\t\t\t\t<span class=\"elementor-accordion-icon-opened\"><i class=\"fas fa-minus\"><\/i><\/span>\n\t\t\t\t\t\t\t\t\t\t\t\t\t\t<\/span>\n\t\t\t\t\t\t\t\t\t\t\t\t<a class=\"elementor-accordion-title\" tabindex=\"0\">What are the advantages of photo-chemical machining (PCM)?<\/a>\n\t\t\t\t\t<\/div>\n\t\t\t\t\t<div id=\"elementor-tab-content-7095\" class=\"elementor-tab-content elementor-clearfix\" data-tab=\"5\" role=\"region\" aria-labelledby=\"elementor-tab-title-7095\"><p>Photo-chemical machining is a process used to remove material from a workpiece in order to create a desired shape or finish. It has become increasingly popular due to its ability to produce complex shapes and parts with high precision and accuracy. The advantages of chemical machining include<br>\u2022 low cost<br>\u2022 quick turnaround time<br>\u2022 clean metal parts with no burrs,<br>\u2022 a broad portfolio of machinable metals and alloys,<br>\u2022 minimal waste,<br>\u2022 and the ability to produce intricate shapes with high precision. <br>\u2022 cleanliness<br>\u2022 and oilfree components.<\/p><p>PCM can be used on a variety of materials such as steel, aluminum, and titanium. This makes it an ideal choice for many manufacturing applications.<br>Photo-chemical machining, also known as chemical etching, involves the use of a chemical solution to dissolve away unwanted material from the surface of the metal part. This results in an accurate, smooth finish with minimal burrs and stress. Chemical etching can be used to produce complex components that require high levels of accuracy and detail. It is not only ideal for producing very large numbers of small parts, but can also be used at low volumes due to its low setup costs and fast turnaround times.<\/p><\/div>\n\t\t\t\t<\/div>\n\t\t\t\t\t\t\t<div class=\"elementor-accordion-item\">\n\t\t\t\t\t<div id=\"elementor-tab-title-7096\" class=\"elementor-tab-title\" data-tab=\"6\" role=\"button\" aria-controls=\"elementor-tab-content-7096\" aria-expanded=\"false\">\n\t\t\t\t\t\t\t\t\t\t\t\t\t<span class=\"elementor-accordion-icon elementor-accordion-icon-left\" aria-hidden=\"true\">\n\t\t\t\t\t\t\t\t\t\t\t\t\t\t\t<span class=\"elementor-accordion-icon-closed\"><i class=\"fas fa-plus\"><\/i><\/span>\n\t\t\t\t\t\t\t\t<span class=\"elementor-accordion-icon-opened\"><i class=\"fas fa-minus\"><\/i><\/span>\n\t\t\t\t\t\t\t\t\t\t\t\t\t\t<\/span>\n\t\t\t\t\t\t\t\t\t\t\t\t<a class=\"elementor-accordion-title\" tabindex=\"0\">What are micrometal's 6 unique selling points (USPs)?<\/a>\n\t\t\t\t\t<\/div>\n\t\t\t\t\t<div id=\"elementor-tab-content-7096\" class=\"elementor-tab-content elementor-clearfix\" data-tab=\"6\" role=\"region\" aria-labelledby=\"elementor-tab-title-7096\"><p>Learn more about<a href=\"https:\/\/usp.micrometal.de\/\" target=\"_blank\" rel=\"noopener\"> micrometals 6 USPs<\/a>\u00a0 that make the difference: unique precision, unparalleled quality, complex geometry, most cost-effective, total reliability, perfect co-engineering <\/p><\/div>\n\t\t\t\t<\/div>\n\t\t\t\t\t\t\t\t<\/div>\n\t\t\t\t\t\t<\/div>\n\t\t\t\t<\/div>\n\t\t\t\t\t<\/div>\n\t\t<\/div>\n\t\t\t\t\t<\/div>\n\t\t<\/section>\n\t\t\t\t<\/div>\n\t\t","protected":false},"excerpt":{"rendered":"<p>FAQ &#8211; Frequently asked questions about metal etching Here you will find a compilation of frequently asked questions about etching, etching technology, chemical etching,\u00a0 etc. Why is chemical etching important? Photo chemical etching is a subtractive metal fabrication process that provides designers with very high levels of design freedom. By using this method, designers can [&hellip;]<\/p>\n","protected":false},"author":4,"featured_media":0,"parent":5698,"menu_order":0,"comment_status":"closed","ping_status":"closed","template":"","meta":{"footnotes":""},"class_list":["post-23414","page","type-page","status-publish","hentry"],"yoast_head":"<!-- This site is optimized with the Yoast SEO plugin v27.3 - https:\/\/yoast.com\/product\/yoast-seo-wordpress\/ -->\n<title>FAQ Metal Etching - micrometal<\/title>\n<meta name=\"description\" content=\"FAQ \u2013 Frequently asked questions about metal etching Here you will find a compilation of frequently asked questions about etching, etching technology, chemical etching, etc. Why is chemical etching important? Photo chemical etching is a subtractive metal fabrication process that provides designers with very high levels of design freedom.\" \/>\n<meta name=\"robots\" content=\"index, follow, max-snippet:-1, max-image-preview:large, max-video-preview:-1\" \/>\n<link rel=\"canonical\" href=\"https:\/\/www.micrometal.de\/en\/service-portfolio\/faqs\/\" \/>\n<meta property=\"og:locale\" content=\"en_US\" \/>\n<meta property=\"og:type\" content=\"article\" \/>\n<meta property=\"og:title\" content=\"FAQ Metal Etching - micrometal\" \/>\n<meta property=\"og:description\" content=\"FAQ \u2013 Frequently asked questions about metal etching Here you will find a compilation of frequently asked questions about etching, etching technology, chemical etching, etc. Why is chemical etching important? Photo chemical etching is a subtractive metal fabrication process that provides designers with very high levels of design freedom.\" \/>\n<meta property=\"og:url\" content=\"https:\/\/www.micrometal.de\/en\/service-portfolio\/faqs\/\" \/>\n<meta property=\"og:site_name\" content=\"micrometal\" \/>\n<meta property=\"article:modified_time\" content=\"2024-09-03T10:37:35+00:00\" \/>\n<meta name=\"twitter:card\" content=\"summary_large_image\" \/>\n<meta name=\"twitter:label1\" content=\"Est. reading time\" \/>\n\t<meta name=\"twitter:data1\" content=\"5 minutes\" \/>\n<script type=\"application\/ld+json\" class=\"yoast-schema-graph\">{\"@context\":\"https:\\\/\\\/schema.org\",\"@graph\":[{\"@type\":\"WebPage\",\"@id\":\"https:\\\/\\\/www.micrometal.de\\\/en\\\/service-portfolio\\\/faqs\\\/\",\"url\":\"https:\\\/\\\/www.micrometal.de\\\/en\\\/service-portfolio\\\/faqs\\\/\",\"name\":\"FAQ Metal Etching - micrometal\",\"isPartOf\":{\"@id\":\"https:\\\/\\\/www.micrometal.de\\\/en\\\/#website\"},\"datePublished\":\"2024-02-13T11:39:24+00:00\",\"dateModified\":\"2024-09-03T10:37:35+00:00\",\"description\":\"FAQ \u2013 Frequently asked questions about metal etching Here you will find a compilation of frequently asked questions about etching, etching technology, chemical etching, etc. Why is chemical etching important? Photo chemical etching is a subtractive metal fabrication process that provides designers with very high levels of design freedom.\",\"breadcrumb\":{\"@id\":\"https:\\\/\\\/www.micrometal.de\\\/en\\\/service-portfolio\\\/faqs\\\/#breadcrumb\"},\"inLanguage\":\"en-US\",\"potentialAction\":[{\"@type\":\"ReadAction\",\"target\":[\"https:\\\/\\\/www.micrometal.de\\\/en\\\/service-portfolio\\\/faqs\\\/\"]}]},{\"@type\":\"BreadcrumbList\",\"@id\":\"https:\\\/\\\/www.micrometal.de\\\/en\\\/service-portfolio\\\/faqs\\\/#breadcrumb\",\"itemListElement\":[{\"@type\":\"ListItem\",\"position\":1,\"name\":\"Home\",\"item\":\"https:\\\/\\\/www.micrometal.de\\\/en\\\/\"},{\"@type\":\"ListItem\",\"position\":2,\"name\":\"Service Portfolio\",\"item\":\"https:\\\/\\\/www.micrometal.de\\\/en\\\/service-portfolio\\\/\"},{\"@type\":\"ListItem\",\"position\":3,\"name\":\"FAQ Metal Etching\"}]},{\"@type\":\"WebSite\",\"@id\":\"https:\\\/\\\/www.micrometal.de\\\/en\\\/#website\",\"url\":\"https:\\\/\\\/www.micrometal.de\\\/en\\\/\",\"name\":\"micrometal\",\"description\":\"Metall \u00e4tzen in h\u00f6chster Pr\u00e4zision\",\"potentialAction\":[{\"@type\":\"SearchAction\",\"target\":{\"@type\":\"EntryPoint\",\"urlTemplate\":\"https:\\\/\\\/www.micrometal.de\\\/en\\\/?s={search_term_string}\"},\"query-input\":{\"@type\":\"PropertyValueSpecification\",\"valueRequired\":true,\"valueName\":\"search_term_string\"}}],\"inLanguage\":\"en-US\"}]}<\/script>\n<!-- \/ Yoast SEO plugin. -->","yoast_head_json":{"title":"FAQ Metal Etching - micrometal","description":"FAQ \u2013 Frequently asked questions about metal etching Here you will find a compilation of frequently asked questions about etching, etching technology, chemical etching, etc. Why is chemical etching important? Photo chemical etching is a subtractive metal fabrication process that provides designers with very high levels of design freedom.","robots":{"index":"index","follow":"follow","max-snippet":"max-snippet:-1","max-image-preview":"max-image-preview:large","max-video-preview":"max-video-preview:-1"},"canonical":"https:\/\/www.micrometal.de\/en\/service-portfolio\/faqs\/","og_locale":"en_US","og_type":"article","og_title":"FAQ Metal Etching - micrometal","og_description":"FAQ \u2013 Frequently asked questions about metal etching Here you will find a compilation of frequently asked questions about etching, etching technology, chemical etching, etc. Why is chemical etching important? Photo chemical etching is a subtractive metal fabrication process that provides designers with very high levels of design freedom.","og_url":"https:\/\/www.micrometal.de\/en\/service-portfolio\/faqs\/","og_site_name":"micrometal","article_modified_time":"2024-09-03T10:37:35+00:00","twitter_card":"summary_large_image","twitter_misc":{"Est. reading time":"5 minutes"},"schema":{"@context":"https:\/\/schema.org","@graph":[{"@type":"WebPage","@id":"https:\/\/www.micrometal.de\/en\/service-portfolio\/faqs\/","url":"https:\/\/www.micrometal.de\/en\/service-portfolio\/faqs\/","name":"FAQ Metal Etching - micrometal","isPartOf":{"@id":"https:\/\/www.micrometal.de\/en\/#website"},"datePublished":"2024-02-13T11:39:24+00:00","dateModified":"2024-09-03T10:37:35+00:00","description":"FAQ \u2013 Frequently asked questions about metal etching Here you will find a compilation of frequently asked questions about etching, etching technology, chemical etching, etc. Why is chemical etching important? Photo chemical etching is a subtractive metal fabrication process that provides designers with very high levels of design freedom.","breadcrumb":{"@id":"https:\/\/www.micrometal.de\/en\/service-portfolio\/faqs\/#breadcrumb"},"inLanguage":"en-US","potentialAction":[{"@type":"ReadAction","target":["https:\/\/www.micrometal.de\/en\/service-portfolio\/faqs\/"]}]},{"@type":"BreadcrumbList","@id":"https:\/\/www.micrometal.de\/en\/service-portfolio\/faqs\/#breadcrumb","itemListElement":[{"@type":"ListItem","position":1,"name":"Home","item":"https:\/\/www.micrometal.de\/en\/"},{"@type":"ListItem","position":2,"name":"Service Portfolio","item":"https:\/\/www.micrometal.de\/en\/service-portfolio\/"},{"@type":"ListItem","position":3,"name":"FAQ Metal Etching"}]},{"@type":"WebSite","@id":"https:\/\/www.micrometal.de\/en\/#website","url":"https:\/\/www.micrometal.de\/en\/","name":"micrometal","description":"Metall \u00e4tzen in h\u00f6chster Pr\u00e4zision","potentialAction":[{"@type":"SearchAction","target":{"@type":"EntryPoint","urlTemplate":"https:\/\/www.micrometal.de\/en\/?s={search_term_string}"},"query-input":{"@type":"PropertyValueSpecification","valueRequired":true,"valueName":"search_term_string"}}],"inLanguage":"en-US"}]}},"_links":{"self":[{"href":"https:\/\/www.micrometal.de\/en\/wp-json\/wp\/v2\/pages\/23414","targetHints":{"allow":["GET"]}}],"collection":[{"href":"https:\/\/www.micrometal.de\/en\/wp-json\/wp\/v2\/pages"}],"about":[{"href":"https:\/\/www.micrometal.de\/en\/wp-json\/wp\/v2\/types\/page"}],"author":[{"embeddable":true,"href":"https:\/\/www.micrometal.de\/en\/wp-json\/wp\/v2\/users\/4"}],"replies":[{"embeddable":true,"href":"https:\/\/www.micrometal.de\/en\/wp-json\/wp\/v2\/comments?post=23414"}],"version-history":[{"count":20,"href":"https:\/\/www.micrometal.de\/en\/wp-json\/wp\/v2\/pages\/23414\/revisions"}],"predecessor-version":[{"id":24299,"href":"https:\/\/www.micrometal.de\/en\/wp-json\/wp\/v2\/pages\/23414\/revisions\/24299"}],"up":[{"embeddable":true,"href":"https:\/\/www.micrometal.de\/en\/wp-json\/wp\/v2\/pages\/5698"}],"wp:attachment":[{"href":"https:\/\/www.micrometal.de\/en\/wp-json\/wp\/v2\/media?parent=23414"}],"curies":[{"name":"wp","href":"https:\/\/api.w.org\/{rel}","templated":true}]}}