{"id":5787,"date":"2021-04-20T13:21:56","date_gmt":"2021-04-20T11:21:56","guid":{"rendered":"https:\/\/micrometal.wickeder.wickeder.de\/medicine-medical-technology\/"},"modified":"2024-03-05T11:31:47","modified_gmt":"2024-03-05T10:31:47","slug":"medicine-medical-technology","status":"publish","type":"page","link":"https:\/\/www.micrometal.de\/en\/sectors\/medicine-medical-technology\/","title":{"rendered":"Medicine\/ Medical technology"},"content":{"rendered":"\t\t<div data-elementor-type=\"wp-page\" data-elementor-id=\"5787\" class=\"elementor elementor-5787 elementor-5303\" data-elementor-post-type=\"page\">\n\t\t\t\t\t\t<section class=\"elementor-section elementor-top-section elementor-element elementor-element-445a659f elementor-section-full_width elementor-section-height-default elementor-section-height-default\" data-id=\"445a659f\" data-element_type=\"section\" data-e-type=\"section\">\n\t\t\t\t\t\t<div class=\"elementor-container elementor-column-gap-no\">\n\t\t\t\t\t<div class=\"elementor-column elementor-col-100 elementor-top-column elementor-element elementor-element-5c889442\" data-id=\"5c889442\" data-element_type=\"column\" data-e-type=\"column\">\n\t\t\t<div class=\"elementor-widget-wrap elementor-element-populated\">\n\t\t\t\t\t\t<div class=\"elementor-element elementor-element-73518ae8 elementor-widget elementor-widget-standort_gross\" data-id=\"73518ae8\" data-element_type=\"widget\" data-e-type=\"widget\" data-widget_type=\"standort_gross.default\">\n\t\t\t\t<div class=\"elementor-widget-container\">\n\t\t\t\t\t    \n      <div class=\"standort_gross img_rechts\">\n\n        \n        <div class=\"standort_gross-content\">\n          <div class=\"standort_gross-content-inner\">\n            <div class=\"standort_gross-content-padding\">\n\t            \n\t            \n                                <div class=\"elementor-element elementor-widget elementor-widget-heading\" data-element_type=\"widget\" data-widget_type=\"heading.default\">\n                  <div class=\"elementor-widget-container\">\n                    <h2 class=\"elementor-heading-title elementor-size-default\">Miniaturization with geometric complexity<\/h2>\n                  <\/div>\n                <\/div>\n                \n                                <div class=\"elementor-element elementor-widget elementor-widget-text-editor\"><p>Nowhere is miniaturization more important than in the field of medical technology, where demand for minimally invasive treatment and ever smaller and more complex diagnostic devices is growing daily. Medical device OEMs also require increased functionality in smaller footprints.<\/p>\n<p>Therefore, high-precision manufacturing technology is required that can cost-effectively produce parts and components in large quantities, regardless of the complexity of the geometry and its features, and facilitate short lead times.<\/p>\n<\/div>\n                \n                            <\/div>\n          <\/div>\n        <\/div>\n\n        \n            <div class=\"standort_gross-image mobile_hide\" style=\"background: url(https:\/\/www.micrometal.de\/wp-content\/uploads\/sites\/5\/2021\/04\/medical-1.jpg);\">\n            \t              \t\t<img decoding=\"async\" alt=\"\" src=\"https:\/\/www.micrometal.de\/wp-content\/uploads\/sites\/5\/2021\/04\/medical-1.jpg\">\n              \t            <\/div>\n\n        \n      <\/div>\n    \n    \t\t\t\t<\/div>\n\t\t\t\t<\/div>\n\t\t\t\t\t<\/div>\n\t\t<\/div>\n\t\t\t\t\t<\/div>\n\t\t<\/section>\n\t\t\t\t<section class=\"elementor-section elementor-top-section elementor-element elementor-element-636e79f5 elementor-section-full_width elementor-section-height-min-height elementor-section-height-default elementor-section-items-middle\" data-id=\"636e79f5\" data-element_type=\"section\" data-e-type=\"section\">\n\t\t\t\t\t\t<div class=\"elementor-container elementor-column-gap-no\">\n\t\t\t\t\t<div class=\"elementor-column elementor-col-100 elementor-top-column elementor-element elementor-element-fffb472\" data-id=\"fffb472\" data-element_type=\"column\" data-e-type=\"column\">\n\t\t\t<div class=\"elementor-widget-wrap elementor-element-populated\">\n\t\t\t\t\t\t<div class=\"elementor-element elementor-element-60c29558 elementor-widget elementor-widget-standort_gross\" data-id=\"60c29558\" data-element_type=\"widget\" data-e-type=\"widget\" data-widget_type=\"standort_gross.default\">\n\t\t\t\t<div class=\"elementor-widget-container\">\n\t\t\t\t\t    \n      <div class=\"standort_gross \">\n\n        \n            <div class=\"standort_gross-image mobile_hide\" style=\"background: url(https:\/\/www.micrometal.de\/wp-content\/uploads\/sites\/5\/2021\/04\/etching_medical2-scaled.jpg);\">\n            \t              \t\t<img decoding=\"async\" alt=\"\" src=\"https:\/\/www.micrometal.de\/wp-content\/uploads\/sites\/5\/2021\/04\/etching_medical2-scaled.jpg\">\n              \t            <\/div>\n\n        \n        <div class=\"standort_gross-content\">\n          <div class=\"standort_gross-content-inner\">\n            <div class=\"standort_gross-content-padding\">\n\t            \n\t            \n                                <div class=\"elementor-element elementor-widget elementor-widget-heading\" data-element_type=\"widget\" data-widget_type=\"heading.default\">\n                  <div class=\"elementor-widget-container\">\n                    <h2 class=\"elementor-heading-title elementor-size-default\">PCE for breakthrough medical devices<\/h2>\n                  <\/div>\n                <\/div>\n                \n                                <div class=\"elementor-element elementor-widget elementor-widget-text-editor\"><p>The photo-chemical etching process is a technological innovation that enables the design and manufacture of novel medical devices. For many medical applications, PCE is the only technology that can cost-effectively and repeatably mass produce medical devices with the stringent accuracy requirements of the medical sector.<\/p><p>In addition, PCE can be applied to a range of medical alloys such as <a href=\"https:\/\/www.micrometal.de\/en\/service-portfolio\/materials\/titanium\/#\" target=\"_blank\" rel=\"noopener\">titanium<\/a> and nitinol. This is sometimes not possible with conventional metal processing technologies.<\/p><\/div>\n                \n                            <\/div>\n          <\/div>\n        <\/div>\n\n        \n      <\/div>\n    \n    \t\t\t\t<\/div>\n\t\t\t\t<\/div>\n\t\t\t\t\t<\/div>\n\t\t<\/div>\n\t\t\t\t\t<\/div>\n\t\t<\/section>\n\t\t\t\t<section class=\"elementor-section elementor-top-section elementor-element elementor-element-1a3a193f elementor-section-full_width elementor-section-height-default elementor-section-height-default\" data-id=\"1a3a193f\" data-element_type=\"section\" data-e-type=\"section\">\n\t\t\t\t\t\t<div class=\"elementor-container elementor-column-gap-no\">\n\t\t\t\t\t<div class=\"elementor-column elementor-col-100 elementor-top-column elementor-element elementor-element-4d526c77\" data-id=\"4d526c77\" data-element_type=\"column\" data-e-type=\"column\">\n\t\t\t<div class=\"elementor-widget-wrap elementor-element-populated\">\n\t\t\t\t\t\t<div class=\"elementor-element elementor-element-fe9238b elementor-widget elementor-widget-standort_gross\" data-id=\"fe9238b\" data-element_type=\"widget\" data-e-type=\"widget\" data-widget_type=\"standort_gross.default\">\n\t\t\t\t<div class=\"elementor-widget-container\">\n\t\t\t\t\t    \n      <div class=\"standort_gross img_rechts\">\n\n        \n        <div class=\"standort_gross-content\">\n          <div class=\"standort_gross-content-inner\">\n            <div class=\"standort_gross-content-padding\">\n\t            \n\t            \n                                <div class=\"elementor-element elementor-widget elementor-widget-heading\" data-element_type=\"widget\" data-widget_type=\"heading.default\">\n                  <div class=\"elementor-widget-container\">\n                    <h2 class=\"elementor-heading-title elementor-size-default\">Advantages for medical technology<\/h2>\n                  <\/div>\n                <\/div>\n                \n                                <div class=\"elementor-element elementor-widget elementor-widget-text-editor\"><p>The unique properties of the PCE process make it the perfect choice for mass production of complex and feature-rich metal parts and components required by medical device OEMs. The PCE process features retention of material properties, burr- and stress-free parts with clean profiles and no heat-affected zones. This is critical when medical devices are used in safety-critical applications. The PCE process requires only easy, timely to produce, and low-cost photo tools. This shortens product development lead times and enables fast and cost-effective design adjustments. For medical device OEMs, PCE is therefore a cost-effective, highly accurate, fast, and repeatable alternative to traditional metal fabrication technologies.<\/p><p>Innovation is possible thanks to <a href=\"https:\/\/www.micrometal.de\/en\/service-portfolio\/our-technologies\/\" target=\"_blank\" rel=\"noopener\">etching technology<\/a> in medical devices that is not feasible with conventional metal fabrication technologies. A wide range of metals, even thin metal foils with a few micrometers of material thickness, can be processed using etching technology.<\/p><\/div>\n                \n                            <\/div>\n          <\/div>\n        <\/div>\n\n        \n            <div class=\"standort_gross-image mobile_hide\" style=\"background: url(https:\/\/www.micrometal.de\/wp-content\/uploads\/sites\/5\/2021\/04\/etching_medical3-scaled.jpg);\">\n            \t              \t\t<img decoding=\"async\" alt=\"\" src=\"https:\/\/www.micrometal.de\/wp-content\/uploads\/sites\/5\/2021\/04\/etching_medical3-scaled.jpg\">\n              \t            <\/div>\n\n        \n      <\/div>\n    \n    \t\t\t\t<\/div>\n\t\t\t\t<\/div>\n\t\t\t\t<div class=\"elementor-element elementor-element-23480cb9 elementor-widget elementor-widget-standort_gross\" data-id=\"23480cb9\" data-element_type=\"widget\" data-e-type=\"widget\" data-widget_type=\"standort_gross.default\">\n\t\t\t\t<div class=\"elementor-widget-container\">\n\t\t\t\t\t    \n      <div class=\"standort_gross \">\n\n        \n            <div class=\"standort_gross-image mobile_hide\" style=\"background: url(https:\/\/www.micrometal.de\/wp-content\/uploads\/sites\/5\/2021\/04\/Etching_medical4-scaled.jpg);\">\n            \t              \t\t<img decoding=\"async\" alt=\"\" src=\"https:\/\/www.micrometal.de\/wp-content\/uploads\/sites\/5\/2021\/04\/Etching_medical4-scaled.jpg\">\n              \t            <\/div>\n\n        \n        <div class=\"standort_gross-content\">\n          <div class=\"standort_gross-content-inner\">\n            <div class=\"standort_gross-content-padding\">\n\t            \n\t            \n                                <div class=\"elementor-element elementor-widget elementor-widget-heading\" data-element_type=\"widget\" data-widget_type=\"heading.default\">\n                  <div class=\"elementor-widget-container\">\n                    <h2 class=\"elementor-heading-title elementor-size-default\">Applications<\/h2>\n                  <\/div>\n                <\/div>\n                \n                                <div class=\"elementor-element elementor-widget elementor-widget-text-editor\"><ul>\n<li>Micro-filters<\/li>\n<li>Micro-mesh<\/li>\n<li>Medical blades<\/li>\n<li>Micro-needles<\/li>\n<li>Surgical Instruments<\/li>\n<li>Lancets<\/li>\n<li>Scalpels<\/li>\n<li>Stents<\/li>\n<li>Functional surfaces<\/li>\n<\/ul>\n<\/div>\n                \n                            <\/div>\n          <\/div>\n        <\/div>\n\n        \n      <\/div>\n    \n    \t\t\t\t<\/div>\n\t\t\t\t<\/div>\n\t\t\t\t\t<\/div>\n\t\t<\/div>\n\t\t\t\t\t<\/div>\n\t\t<\/section>\n\t\t\t\t<section class=\"elementor-section elementor-top-section elementor-element elementor-element-ca8b32f elementor-section-full_width elementor-section-height-default elementor-section-height-default\" data-id=\"ca8b32f\" data-element_type=\"section\" data-e-type=\"section\">\n\t\t\t\t\t\t<div class=\"elementor-container elementor-column-gap-no\">\n\t\t\t\t\t<div class=\"elementor-column elementor-col-100 elementor-top-column elementor-element elementor-element-67ef722d\" data-id=\"67ef722d\" data-element_type=\"column\" data-e-type=\"column\">\n\t\t\t<div class=\"elementor-widget-wrap elementor-element-populated\">\n\t\t\t\t\t\t<div class=\"elementor-element elementor-element-cadab79 elementor-widget elementor-widget-standort_gross\" data-id=\"cadab79\" data-element_type=\"widget\" data-e-type=\"widget\" data-widget_type=\"standort_gross.default\">\n\t\t\t\t<div class=\"elementor-widget-container\">\n\t\t\t\t\t    \n      <div class=\"standort_gross img_rechts\">\n\n        \n        <div class=\"standort_gross-content\">\n          <div class=\"standort_gross-content-inner\">\n            <div class=\"standort_gross-content-padding\">\n\t            \n\t            \n                                <div class=\"elementor-element elementor-widget elementor-widget-heading\" data-element_type=\"widget\" data-widget_type=\"heading.default\">\n                  <div class=\"elementor-widget-container\">\n                    <h2 class=\"elementor-heading-title elementor-size-default\">Standards and competencies<\/h2>\n                  <\/div>\n                <\/div>\n                \n                                <div class=\"elementor-element elementor-widget elementor-widget-text-editor\"><p>We have a long and very successful history of working with the global medical device industry. Decades of experience with the highest standards required by medical device OEMs enables them to work with a qualified manufacturing service provider. micrometal has unparalleled knowledge in the field of PCE and the experience that comes from optimized Design for Photo Chemical Etching (DfPCE).<\/p><p>We are constantly adapting the proven etching process to a growing portfolio of medical metal alloys and have one of the largest etch production capacities in the world. In addition, the company offers global technical support and a range of complementary technologies to ensure that the high accuracy requirements of medical OEMs are always met.<\/p><p><strong>Medicine<br \/>We can proudly announce: micrometal has been ISO 13485 certified since October 27, 2023.<\/strong> The international standard EN ISO 13485 is the standard for quality management systems in the medical device sector By receiving <a href=\"https:\/\/www.micrometal.de\/en\/responsibility\/certificates\/\" target=\"_blank\" rel=\"noopener\">ISO 13485<\/a> certification for medical products, micrometal guarantees the highest quality and safety in the production of your etched components<\/p><p>micrometal's experience working with medical OEMs ensures a complete focus on the unique regulatory and standardization requirements of the medical industry, and the company is ISO 14001, ISO 9001, and IATF 16949 certified.<\/p><\/div>\n                \n                            <\/div>\n          <\/div>\n        <\/div>\n\n        \n            <div class=\"standort_gross-image mobile_hide\" style=\"background: url(https:\/\/www.micrometal.de\/wp-content\/uploads\/sites\/5\/2023\/11\/ISO-13485-1.jpg);\">\n            \t              \t\t<img decoding=\"async\" alt=\"\" src=\"https:\/\/www.micrometal.de\/wp-content\/uploads\/sites\/5\/2023\/11\/ISO-13485-1.jpg\">\n              \t            <\/div>\n\n        \n      <\/div>\n    \n    \t\t\t\t<\/div>\n\t\t\t\t<\/div>\n\t\t\t\t\t<\/div>\n\t\t<\/div>\n\t\t\t\t\t<\/div>\n\t\t<\/section>\n\t\t\t\t<\/div>\n\t\t","protected":false},"excerpt":{"rendered":"<p>Miniaturization with geometric complexity Nowhere is miniaturization more important than in the field of medical technology, where demand for minimally invasive treatment and ever smaller and more complex diagnostic devices is growing daily. Medical device OEMs also require increased functionality in smaller footprints. Therefore, high-precision manufacturing technology is required that can cost-effectively produce parts and [&hellip;]<\/p>\n","protected":false},"author":4,"featured_media":0,"parent":6838,"menu_order":1,"comment_status":"closed","ping_status":"closed","template":"","meta":{"footnotes":""},"class_list":["post-5787","page","type-page","status-publish","hentry"],"yoast_head":"<!-- This site is optimized with the Yoast SEO plugin v27.5 - https:\/\/yoast.com\/product\/yoast-seo-wordpress\/ -->\n<title>Etching precision parts for medical technology - micrometal<\/title>\n<meta name=\"robots\" content=\"index, follow, max-snippet:-1, max-image-preview:large, max-video-preview:-1\" \/>\n<link rel=\"canonical\" href=\"https:\/\/www.micrometal.de\/en\/sectors\/medicine-medical-technology\/\" \/>\n<meta property=\"og:locale\" content=\"en_US\" \/>\n<meta property=\"og:type\" content=\"article\" \/>\n<meta property=\"og:title\" content=\"Etching precision parts for medical technology - micrometal\" \/>\n<meta property=\"og:description\" content=\"Miniaturization with geometric complexity Nowhere is miniaturization more important than in the field of medical technology, where demand for minimally invasive treatment and ever smaller and more complex diagnostic devices is growing daily. Medical device OEMs also require increased functionality in smaller footprints. Therefore, high-precision manufacturing technology is required that can cost-effectively produce parts and [&hellip;]\" \/>\n<meta property=\"og:url\" content=\"https:\/\/www.micrometal.de\/en\/sectors\/medicine-medical-technology\/\" \/>\n<meta property=\"og:site_name\" content=\"micrometal\" \/>\n<meta property=\"article:modified_time\" content=\"2024-03-05T10:31:47+00:00\" \/>\n<meta property=\"og:image\" content=\"https:\/\/www.micrometal.de\/wp-content\/uploads\/sites\/5\/2021\/04\/medical-1.jpg\" \/>\n<meta name=\"twitter:card\" content=\"summary_large_image\" \/>\n<meta name=\"twitter:label1\" content=\"Est. reading time\" \/>\n\t<meta name=\"twitter:data1\" content=\"5 minutes\" \/>\n<script type=\"application\/ld+json\" class=\"yoast-schema-graph\">{\"@context\":\"https:\\\/\\\/schema.org\",\"@graph\":[{\"@type\":\"WebPage\",\"@id\":\"https:\\\/\\\/www.micrometal.de\\\/en\\\/sectors\\\/medicine-medical-technology\\\/\",\"url\":\"https:\\\/\\\/www.micrometal.de\\\/en\\\/sectors\\\/medicine-medical-technology\\\/\",\"name\":\"Etching precision parts for medical technology - micrometal\",\"isPartOf\":{\"@id\":\"https:\\\/\\\/www.micrometal.de\\\/en\\\/#website\"},\"primaryImageOfPage\":{\"@id\":\"https:\\\/\\\/www.micrometal.de\\\/en\\\/sectors\\\/medicine-medical-technology\\\/#primaryimage\"},\"image\":{\"@id\":\"https:\\\/\\\/www.micrometal.de\\\/en\\\/sectors\\\/medicine-medical-technology\\\/#primaryimage\"},\"thumbnailUrl\":\"https:\\\/\\\/www.micrometal.de\\\/wp-content\\\/uploads\\\/sites\\\/5\\\/2021\\\/04\\\/medical-1.jpg\",\"datePublished\":\"2021-04-20T11:21:56+00:00\",\"dateModified\":\"2024-03-05T10:31:47+00:00\",\"breadcrumb\":{\"@id\":\"https:\\\/\\\/www.micrometal.de\\\/en\\\/sectors\\\/medicine-medical-technology\\\/#breadcrumb\"},\"inLanguage\":\"en-US\",\"potentialAction\":[{\"@type\":\"ReadAction\",\"target\":[\"https:\\\/\\\/www.micrometal.de\\\/en\\\/sectors\\\/medicine-medical-technology\\\/\"]}]},{\"@type\":\"ImageObject\",\"inLanguage\":\"en-US\",\"@id\":\"https:\\\/\\\/www.micrometal.de\\\/en\\\/sectors\\\/medicine-medical-technology\\\/#primaryimage\",\"url\":\"https:\\\/\\\/www.micrometal.de\\\/wp-content\\\/uploads\\\/sites\\\/5\\\/2021\\\/04\\\/medical-1.jpg\",\"contentUrl\":\"https:\\\/\\\/www.micrometal.de\\\/wp-content\\\/uploads\\\/sites\\\/5\\\/2021\\\/04\\\/medical-1.jpg\"},{\"@type\":\"BreadcrumbList\",\"@id\":\"https:\\\/\\\/www.micrometal.de\\\/en\\\/sectors\\\/medicine-medical-technology\\\/#breadcrumb\",\"itemListElement\":[{\"@type\":\"ListItem\",\"position\":1,\"name\":\"Home\",\"item\":\"https:\\\/\\\/www.micrometal.de\\\/en\\\/\"},{\"@type\":\"ListItem\",\"position\":2,\"name\":\"Sectors\",\"item\":\"https:\\\/\\\/www.micrometal.de\\\/en\\\/sectors\\\/\"},{\"@type\":\"ListItem\",\"position\":3,\"name\":\"Medicine\\\/ Medical technology\"}]},{\"@type\":\"WebSite\",\"@id\":\"https:\\\/\\\/www.micrometal.de\\\/en\\\/#website\",\"url\":\"https:\\\/\\\/www.micrometal.de\\\/en\\\/\",\"name\":\"micrometal\",\"description\":\"Metall \u00e4tzen in h\u00f6chster Pr\u00e4zision\",\"potentialAction\":[{\"@type\":\"SearchAction\",\"target\":{\"@type\":\"EntryPoint\",\"urlTemplate\":\"https:\\\/\\\/www.micrometal.de\\\/en\\\/?s={search_term_string}\"},\"query-input\":{\"@type\":\"PropertyValueSpecification\",\"valueRequired\":true,\"valueName\":\"search_term_string\"}}],\"inLanguage\":\"en-US\"}]}<\/script>\n<!-- \/ Yoast SEO plugin. -->","yoast_head_json":{"title":"Etching precision parts for medical technology - micrometal","robots":{"index":"index","follow":"follow","max-snippet":"max-snippet:-1","max-image-preview":"max-image-preview:large","max-video-preview":"max-video-preview:-1"},"canonical":"https:\/\/www.micrometal.de\/en\/sectors\/medicine-medical-technology\/","og_locale":"en_US","og_type":"article","og_title":"Etching precision parts for medical technology - micrometal","og_description":"Miniaturization with geometric complexity Nowhere is miniaturization more important than in the field of medical technology, where demand for minimally invasive treatment and ever smaller and more complex diagnostic devices is growing daily. Medical device OEMs also require increased functionality in smaller footprints. Therefore, high-precision manufacturing technology is required that can cost-effectively produce parts and [&hellip;]","og_url":"https:\/\/www.micrometal.de\/en\/sectors\/medicine-medical-technology\/","og_site_name":"micrometal","article_modified_time":"2024-03-05T10:31:47+00:00","og_image":[{"url":"https:\/\/www.micrometal.de\/wp-content\/uploads\/sites\/5\/2021\/04\/medical-1.jpg","type":"","width":"","height":""}],"twitter_card":"summary_large_image","twitter_misc":{"Est. reading time":"5 minutes"},"schema":{"@context":"https:\/\/schema.org","@graph":[{"@type":"WebPage","@id":"https:\/\/www.micrometal.de\/en\/sectors\/medicine-medical-technology\/","url":"https:\/\/www.micrometal.de\/en\/sectors\/medicine-medical-technology\/","name":"Etching precision parts for medical technology - micrometal","isPartOf":{"@id":"https:\/\/www.micrometal.de\/en\/#website"},"primaryImageOfPage":{"@id":"https:\/\/www.micrometal.de\/en\/sectors\/medicine-medical-technology\/#primaryimage"},"image":{"@id":"https:\/\/www.micrometal.de\/en\/sectors\/medicine-medical-technology\/#primaryimage"},"thumbnailUrl":"https:\/\/www.micrometal.de\/wp-content\/uploads\/sites\/5\/2021\/04\/medical-1.jpg","datePublished":"2021-04-20T11:21:56+00:00","dateModified":"2024-03-05T10:31:47+00:00","breadcrumb":{"@id":"https:\/\/www.micrometal.de\/en\/sectors\/medicine-medical-technology\/#breadcrumb"},"inLanguage":"en-US","potentialAction":[{"@type":"ReadAction","target":["https:\/\/www.micrometal.de\/en\/sectors\/medicine-medical-technology\/"]}]},{"@type":"ImageObject","inLanguage":"en-US","@id":"https:\/\/www.micrometal.de\/en\/sectors\/medicine-medical-technology\/#primaryimage","url":"https:\/\/www.micrometal.de\/wp-content\/uploads\/sites\/5\/2021\/04\/medical-1.jpg","contentUrl":"https:\/\/www.micrometal.de\/wp-content\/uploads\/sites\/5\/2021\/04\/medical-1.jpg"},{"@type":"BreadcrumbList","@id":"https:\/\/www.micrometal.de\/en\/sectors\/medicine-medical-technology\/#breadcrumb","itemListElement":[{"@type":"ListItem","position":1,"name":"Home","item":"https:\/\/www.micrometal.de\/en\/"},{"@type":"ListItem","position":2,"name":"Sectors","item":"https:\/\/www.micrometal.de\/en\/sectors\/"},{"@type":"ListItem","position":3,"name":"Medicine\/ Medical technology"}]},{"@type":"WebSite","@id":"https:\/\/www.micrometal.de\/en\/#website","url":"https:\/\/www.micrometal.de\/en\/","name":"micrometal","description":"Metall \u00e4tzen in h\u00f6chster Pr\u00e4zision","potentialAction":[{"@type":"SearchAction","target":{"@type":"EntryPoint","urlTemplate":"https:\/\/www.micrometal.de\/en\/?s={search_term_string}"},"query-input":{"@type":"PropertyValueSpecification","valueRequired":true,"valueName":"search_term_string"}}],"inLanguage":"en-US"}]}},"_links":{"self":[{"href":"https:\/\/www.micrometal.de\/en\/wp-json\/wp\/v2\/pages\/5787","targetHints":{"allow":["GET"]}}],"collection":[{"href":"https:\/\/www.micrometal.de\/en\/wp-json\/wp\/v2\/pages"}],"about":[{"href":"https:\/\/www.micrometal.de\/en\/wp-json\/wp\/v2\/types\/page"}],"author":[{"embeddable":true,"href":"https:\/\/www.micrometal.de\/en\/wp-json\/wp\/v2\/users\/4"}],"replies":[{"embeddable":true,"href":"https:\/\/www.micrometal.de\/en\/wp-json\/wp\/v2\/comments?post=5787"}],"version-history":[{"count":27,"href":"https:\/\/www.micrometal.de\/en\/wp-json\/wp\/v2\/pages\/5787\/revisions"}],"predecessor-version":[{"id":23679,"href":"https:\/\/www.micrometal.de\/en\/wp-json\/wp\/v2\/pages\/5787\/revisions\/23679"}],"up":[{"embeddable":true,"href":"https:\/\/www.micrometal.de\/en\/wp-json\/wp\/v2\/pages\/6838"}],"wp:attachment":[{"href":"https:\/\/www.micrometal.de\/en\/wp-json\/wp\/v2\/media?parent=5787"}],"curies":[{"name":"wp","href":"https:\/\/api.w.org\/{rel}","templated":true}]}}