{"id":5817,"date":"2021-04-20T14:15:07","date_gmt":"2021-04-20T12:15:07","guid":{"rendered":"https:\/\/micrometal.wickeder.wickeder.de\/responsibility\/environmental-and-energy-management\/"},"modified":"2024-11-12T15:28:37","modified_gmt":"2024-11-12T14:28:37","slug":"environmental-and-energy-management","status":"publish","type":"page","link":"https:\/\/www.micrometal.de\/en\/responsibility\/environmental-and-energy-management\/","title":{"rendered":"Environmental and energy management"},"content":{"rendered":"\t\t<div data-elementor-type=\"wp-page\" data-elementor-id=\"5817\" class=\"elementor elementor-5817 elementor-4093\" data-elementor-post-type=\"page\">\n\t\t\t\t\t\t<section class=\"elementor-section elementor-top-section elementor-element elementor-element-41a54a5 elementor-section-boxed elementor-section-height-default elementor-section-height-default\" data-id=\"41a54a5\" data-element_type=\"section\" data-e-type=\"section\">\n\t\t\t\t\t\t<div class=\"elementor-container elementor-column-gap-default\">\n\t\t\t\t\t<div class=\"elementor-column elementor-col-100 elementor-top-column elementor-element elementor-element-4fe7fe8\" data-id=\"4fe7fe8\" data-element_type=\"column\" data-e-type=\"column\">\n\t\t\t<div class=\"elementor-widget-wrap elementor-element-populated\">\n\t\t\t\t\t\t<div class=\"elementor-element elementor-element-41383ee elementor-widget elementor-widget-spacer\" data-id=\"41383ee\" data-element_type=\"widget\" data-e-type=\"widget\" data-widget_type=\"spacer.default\">\n\t\t\t\t<div class=\"elementor-widget-container\">\n\t\t\t\t\t\t\t<div class=\"elementor-spacer\">\n\t\t\t<div class=\"elementor-spacer-inner\"><\/div>\n\t\t<\/div>\n\t\t\t\t\t\t<\/div>\n\t\t\t\t<\/div>\n\t\t\t\t\t<\/div>\n\t\t<\/div>\n\t\t\t\t\t<\/div>\n\t\t<\/section>\n\t\t\t\t<section class=\"elementor-section elementor-top-section elementor-element elementor-element-a0331fe elementor-section-boxed elementor-section-height-default elementor-section-height-default\" data-id=\"a0331fe\" data-element_type=\"section\" data-e-type=\"section\">\n\t\t\t\t\t\t<div class=\"elementor-container elementor-column-gap-default\">\n\t\t\t\t\t<div class=\"elementor-column elementor-col-100 elementor-top-column elementor-element elementor-element-e896eb1\" data-id=\"e896eb1\" data-element_type=\"column\" data-e-type=\"column\">\n\t\t\t<div class=\"elementor-widget-wrap elementor-element-populated\">\n\t\t\t\t\t\t<div class=\"elementor-element elementor-element-694a804 elementor-widget elementor-widget-heading\" data-id=\"694a804\" data-element_type=\"widget\" data-e-type=\"widget\" data-widget_type=\"heading.default\">\n\t\t\t\t<div class=\"elementor-widget-container\">\n\t\t\t\t\t<h2 class=\"elementor-heading-title elementor-size-default\">Responsibility for our environment<\/h2>\t\t\t\t<\/div>\n\t\t\t\t<\/div>\n\t\t\t\t\t<\/div>\n\t\t<\/div>\n\t\t\t\t\t<\/div>\n\t\t<\/section>\n\t\t\t\t<section class=\"elementor-section elementor-top-section elementor-element elementor-element-5e49ed7 elementor-section-boxed elementor-section-height-default elementor-section-height-default\" data-id=\"5e49ed7\" data-element_type=\"section\" data-e-type=\"section\">\n\t\t\t\t\t\t<div class=\"elementor-container elementor-column-gap-default\">\n\t\t\t\t\t<div class=\"elementor-column elementor-col-100 elementor-top-column elementor-element elementor-element-fb61eba\" data-id=\"fb61eba\" data-element_type=\"column\" data-e-type=\"column\">\n\t\t\t<div class=\"elementor-widget-wrap elementor-element-populated\">\n\t\t\t\t\t\t<div class=\"elementor-element elementor-element-17a4fc3 elementor-widget elementor-widget-text-editor\" data-id=\"17a4fc3\" data-element_type=\"widget\" data-e-type=\"widget\" data-widget_type=\"text-editor.default\">\n\t\t\t\t<div class=\"elementor-widget-container\">\n\t\t\t\t\t\t\t\t\t<p>Resource-saving action is based on holistic and sustainable thinking. Based on these convictions, we have established a comprehensive environmental management system in accordance with DIN EN ISO 14001, and have integrated it into our management system DIN EN ISO 9001 \/ IATF 16949. Our environmental management officer monitors the implementation of our environmental policy and compliance with applicable environmental law throughout the company. Our environmental management system is continuously developing.<\/p>\n<div><\/div>\n\t\t\t\t\t\t\t\t<\/div>\n\t\t\t\t<\/div>\n\t\t\t\t\t<\/div>\n\t\t<\/div>\n\t\t\t\t\t<\/div>\n\t\t<\/section>\n\t\t\t\t<section class=\"elementor-section elementor-top-section elementor-element elementor-element-8099bcd elementor-section-boxed elementor-section-height-default elementor-section-height-default\" data-id=\"8099bcd\" data-element_type=\"section\" data-e-type=\"section\">\n\t\t\t\t\t\t<div class=\"elementor-container elementor-column-gap-default\">\n\t\t\t\t\t<div class=\"elementor-column elementor-col-100 elementor-top-column elementor-element elementor-element-ad1478c\" data-id=\"ad1478c\" data-element_type=\"column\" data-e-type=\"column\">\n\t\t\t<div class=\"elementor-widget-wrap elementor-element-populated\">\n\t\t\t\t\t\t<div class=\"elementor-element elementor-element-1aba738 elementor-widget elementor-widget-text-editor\" data-id=\"1aba738\" data-element_type=\"widget\" data-e-type=\"widget\" data-widget_type=\"text-editor.default\">\n\t\t\t\t<div class=\"elementor-widget-container\">\n\t\t\t\t\t\t\t\t\t<p><strong>DIN EN ISO 14001<\/strong><\/p><p>The international environmental management standard ISO 14001 defines globally recognized requirements for an environmental management system, for example on environmental goals, life cycle assessments, environmental indicators, or environmental performance assessment. The standard places a focus on a continuous improvement process as a way of achieving defined goals with regard to the environmental performance of a company.<\/p><p>The application of this standard helps us as a company to take responsibility for the world of tomorrow \u2014 through sustainable management and a prudent use of resources. Our corporate environmental system strengthens values, improves employee motivation, and leads to a better brand image among customers and partners. In addition, the environmental management system helps us to save costs \u2014 for example lowering the consumption of resources.<\/p>\t\t\t\t\t\t\t\t<\/div>\n\t\t\t\t<\/div>\n\t\t\t\t\t<\/div>\n\t\t<\/div>\n\t\t\t\t\t<\/div>\n\t\t<\/section>\n\t\t\t\t<section class=\"elementor-section elementor-top-section elementor-element elementor-element-8d78333 elementor-section-boxed elementor-section-height-default elementor-section-height-default\" data-id=\"8d78333\" data-element_type=\"section\" data-e-type=\"section\">\n\t\t\t\t\t\t<div class=\"elementor-container elementor-column-gap-default\">\n\t\t\t\t\t<div class=\"elementor-column elementor-col-33 elementor-top-column elementor-element elementor-element-d9a99c7\" data-id=\"d9a99c7\" data-element_type=\"column\" data-e-type=\"column\">\n\t\t\t<div class=\"elementor-widget-wrap elementor-element-populated\">\n\t\t\t\t\t\t<div class=\"elementor-element elementor-element-943045f elementor-widget elementor-widget-jf_datei_multi\" data-id=\"943045f\" data-element_type=\"widget\" data-e-type=\"widget\" data-widget_type=\"jf_datei_multi.default\">\n\t\t\t\t<div class=\"elementor-widget-container\">\n\t\t\t\t\t    \n\t    \n\t\t<a class=\"jf_file jf_file_multi\" href=\"https:\/\/www.micrometal.de\/wp-content\/uploads\/sites\/5\/2024\/11\/micrometal_ISO_14001_certificate_EN.pdf\" role=\"button\" download>\n\t\t\t<i class=\"fa fa-download\"><\/i>\n\t\t\t\t\t\t\tISO 14001 micrometal\t\t\t\t\t<\/a>\n\n\t\t    \n    \t\t\t\t<\/div>\n\t\t\t\t<\/div>\n\t\t\t\t\t<\/div>\n\t\t<\/div>\n\t\t\t\t<div class=\"elementor-column elementor-col-33 elementor-top-column elementor-element elementor-element-45eb1a9\" data-id=\"45eb1a9\" data-element_type=\"column\" data-e-type=\"column\">\n\t\t\t<div class=\"elementor-widget-wrap elementor-element-populated\">\n\t\t\t\t\t\t<div class=\"elementor-element elementor-element-0bbae47 elementor-widget elementor-widget-jf_datei\" data-id=\"0bbae47\" data-element_type=\"widget\" data-e-type=\"widget\" data-widget_type=\"jf_datei.default\">\n\t\t\t\t<div class=\"elementor-widget-container\">\n\t\t\t\t\t    \n\t    \n\t\t<a class=\"jf_file\" href=\"https:\/\/www.micrometal.de\/wp-content\/uploads\/sites\/5\/2023\/12\/HP-Etch-AB-Certificate-ISO-14001-ENG-2023.pdf\" role=\"button\" download>\n\t\t\t<i class=\"fa fa-download\"><\/i>\n\t\t\t\t\t\t\t ISO 14001  HP ETCH \t\t\t\t\t<\/a>\n\n\t\t    \n    \t\t\t\t<\/div>\n\t\t\t\t<\/div>\n\t\t\t\t\t<\/div>\n\t\t<\/div>\n\t\t\t\t<div class=\"elementor-column elementor-col-33 elementor-top-column elementor-element elementor-element-abd4c2c\" data-id=\"abd4c2c\" data-element_type=\"column\" data-e-type=\"column\">\n\t\t\t<div class=\"elementor-widget-wrap elementor-element-populated\">\n\t\t\t\t\t\t<div class=\"elementor-element elementor-element-e239a18 elementor-widget elementor-widget-jf_datei\" data-id=\"e239a18\" data-element_type=\"widget\" data-e-type=\"widget\" data-widget_type=\"jf_datei.default\">\n\t\t\t\t<div class=\"elementor-widget-container\">\n\t\t\t\t\t    \n\t    \n\t\t<a class=\"jf_file\" href=\"https:\/\/www.micrometal.de\/wp-content\/uploads\/sites\/5\/2023\/04\/ISO_14001_Etchform_2015-25-11-30_2025.pdf\" role=\"button\" download>\n\t\t\t<i class=\"fa fa-download\"><\/i>\n\t\t\t\t\t\t\tISO 14001 Etchform\t\t\t\t\t<\/a>\n\n\t\t    \n    \t\t\t\t<\/div>\n\t\t\t\t<\/div>\n\t\t\t\t\t<\/div>\n\t\t<\/div>\n\t\t\t\t\t<\/div>\n\t\t<\/section>\n\t\t\t\t<section class=\"elementor-section elementor-top-section elementor-element elementor-element-1faf6c3 elementor-section-boxed elementor-section-height-default elementor-section-height-default\" data-id=\"1faf6c3\" data-element_type=\"section\" data-e-type=\"section\">\n\t\t\t\t\t\t<div class=\"elementor-container elementor-column-gap-default\">\n\t\t\t\t\t<div class=\"elementor-column elementor-col-100 elementor-top-column elementor-element elementor-element-e0e244b\" data-id=\"e0e244b\" data-element_type=\"column\" data-e-type=\"column\">\n\t\t\t<div class=\"elementor-widget-wrap elementor-element-populated\">\n\t\t\t\t\t\t<div class=\"elementor-element elementor-element-cc4f2a0 elementor-widget elementor-widget-spacer\" data-id=\"cc4f2a0\" data-element_type=\"widget\" data-e-type=\"widget\" data-widget_type=\"spacer.default\">\n\t\t\t\t<div class=\"elementor-widget-container\">\n\t\t\t\t\t\t\t<div class=\"elementor-spacer\">\n\t\t\t<div class=\"elementor-spacer-inner\"><\/div>\n\t\t<\/div>\n\t\t\t\t\t\t<\/div>\n\t\t\t\t<\/div>\n\t\t\t\t\t<\/div>\n\t\t<\/div>\n\t\t\t\t\t<\/div>\n\t\t<\/section>\n\t\t\t\t<section class=\"elementor-section elementor-top-section elementor-element elementor-element-225c1a9 elementor-section-boxed elementor-section-height-default elementor-section-height-default\" data-id=\"225c1a9\" data-element_type=\"section\" data-e-type=\"section\">\n\t\t\t\t\t\t<div class=\"elementor-container elementor-column-gap-default\">\n\t\t\t\t\t<div class=\"elementor-column elementor-col-100 elementor-top-column elementor-element elementor-element-1f00b1c\" data-id=\"1f00b1c\" data-element_type=\"column\" data-e-type=\"column\">\n\t\t\t<div class=\"elementor-widget-wrap elementor-element-populated\">\n\t\t\t\t\t\t<div class=\"elementor-element elementor-element-85a2bc9 elementor-widget elementor-widget-text-editor\" data-id=\"85a2bc9\" data-element_type=\"widget\" data-e-type=\"widget\" data-widget_type=\"text-editor.default\">\n\t\t\t\t<div class=\"elementor-widget-container\">\n\t\t\t\t\t\t\t\t\t<p><strong>Etching technology and environmental protection are not contradictory<\/strong><\/p>\n<p>It is particularly important to us to keep the impact of our actions on the environment as low as possible.<br \/>Concrete examples include:<\/p>\n<ul>\n<li>By using process water more than once, we can reduce our water consumption by 30%.<\/li>\n<li>We use chemical-saving processes:<br \/>we regenerate our etching liquid and thus multiply its service life; we use a biological process to treat our wastewater saving large amounts of acids and alkalis.<\/li>\n<li>We clean our wastewater with membrane filtration so that the heavy metal content is a fraction of the legal limit values.<\/li>\n<li>We are gradually replacing electrical drives and lighting with energy-saving designs.<\/li>\n<\/ul>\n\t\t\t\t\t\t\t\t<\/div>\n\t\t\t\t<\/div>\n\t\t\t\t\t<\/div>\n\t\t<\/div>\n\t\t\t\t\t<\/div>\n\t\t<\/section>\n\t\t\t\t<section class=\"elementor-section elementor-top-section elementor-element elementor-element-163c941 elementor-section-boxed elementor-section-height-default elementor-section-height-default\" data-id=\"163c941\" data-element_type=\"section\" data-e-type=\"section\">\n\t\t\t\t\t\t<div class=\"elementor-container elementor-column-gap-default\">\n\t\t\t\t\t<div class=\"elementor-column elementor-col-100 elementor-top-column elementor-element elementor-element-7761c72\" data-id=\"7761c72\" data-element_type=\"column\" data-e-type=\"column\">\n\t\t\t<div class=\"elementor-widget-wrap elementor-element-populated\">\n\t\t\t\t\t\t<div class=\"elementor-element elementor-element-cc18f56 elementor-widget elementor-widget-spacer\" data-id=\"cc18f56\" data-element_type=\"widget\" data-e-type=\"widget\" data-widget_type=\"spacer.default\">\n\t\t\t\t<div class=\"elementor-widget-container\">\n\t\t\t\t\t\t\t<div class=\"elementor-spacer\">\n\t\t\t<div class=\"elementor-spacer-inner\"><\/div>\n\t\t<\/div>\n\t\t\t\t\t\t<\/div>\n\t\t\t\t<\/div>\n\t\t\t\t\t<\/div>\n\t\t<\/div>\n\t\t\t\t\t<\/div>\n\t\t<\/section>\n\t\t\t\t<section class=\"elementor-section elementor-top-section elementor-element elementor-element-0fc523a elementor-section-boxed elementor-section-height-default elementor-section-height-default\" data-id=\"0fc523a\" data-element_type=\"section\" data-e-type=\"section\">\n\t\t\t\t\t\t<div class=\"elementor-container elementor-column-gap-default\">\n\t\t\t\t\t<div class=\"elementor-column elementor-col-100 elementor-top-column elementor-element elementor-element-0d12401\" data-id=\"0d12401\" data-element_type=\"column\" data-e-type=\"column\">\n\t\t\t<div class=\"elementor-widget-wrap elementor-element-populated\">\n\t\t\t\t\t\t<div class=\"elementor-element elementor-element-caea7ef elementor-widget elementor-widget-text-editor\" data-id=\"caea7ef\" data-element_type=\"widget\" data-e-type=\"widget\" data-widget_type=\"text-editor.default\">\n\t\t\t\t<div class=\"elementor-widget-container\">\n\t\t\t\t\t\t\t\t\t<p><strong>REACH \/ RoHS \/ Conflict Minerals:<\/strong><\/p>\n<p><strong> REACH:<\/strong> Our products do not contain any substances that require authorization under REACH, and they are not subject to SCIP reporting, as they do not contain any so-called SVHC substances with a content of more than 0.1%.<\/p>\n<p><strong>RoHS: <\/strong>Our products meet the requirements of this EU directive without exception.<\/p>\n<p><strong>Conflict raw materials:<\/strong> With relevant suppliers, we ensure that raw materials supplied to us comply with the requirements of the Dodd-Frank Act Section 1502. The materials we use are \u201cDRC Conflict free\u201d<\/p>\n\t\t\t\t\t\t\t\t<\/div>\n\t\t\t\t<\/div>\n\t\t\t\t\t<\/div>\n\t\t<\/div>\n\t\t\t\t\t<\/div>\n\t\t<\/section>\n\t\t\t\t<\/div>\n\t\t","protected":false},"excerpt":{"rendered":"<p>Responsibility for our environment Resource-saving action is based on holistic and sustainable thinking. Based on these convictions, we have established a comprehensive environmental management system in accordance with DIN EN ISO 14001, and have integrated it into our management system DIN EN ISO 9001 \/ IATF 16949. Our environmental management officer monitors the implementation of [&hellip;]<\/p>\n","protected":false},"author":4,"featured_media":0,"parent":5684,"menu_order":0,"comment_status":"closed","ping_status":"closed","template":"","meta":{"footnotes":""},"class_list":["post-5817","page","type-page","status-publish","hentry"],"yoast_head":"<!-- This site is optimized with the Yoast SEO plugin v27.3 - https:\/\/yoast.com\/product\/yoast-seo-wordpress\/ -->\n<title>Environmental and energy management - micrometal<\/title>\n<meta name=\"robots\" content=\"index, follow, max-snippet:-1, max-image-preview:large, max-video-preview:-1\" \/>\n<link rel=\"canonical\" href=\"https:\/\/www.micrometal.de\/en\/responsibility\/environmental-and-energy-management\/\" \/>\n<meta property=\"og:locale\" content=\"en_US\" \/>\n<meta property=\"og:type\" content=\"article\" \/>\n<meta property=\"og:title\" content=\"Environmental and energy management - micrometal\" \/>\n<meta property=\"og:description\" content=\"Responsibility for our environment Resource-saving action is based on holistic and sustainable thinking. Based on these convictions, we have established a comprehensive environmental management system in accordance with DIN EN ISO 14001, and have integrated it into our management system DIN EN ISO 9001 \/ IATF 16949. Our environmental management officer monitors the implementation of [&hellip;]\" \/>\n<meta property=\"og:url\" content=\"https:\/\/www.micrometal.de\/en\/responsibility\/environmental-and-energy-management\/\" \/>\n<meta property=\"og:site_name\" content=\"micrometal\" \/>\n<meta property=\"article:modified_time\" content=\"2024-11-12T14:28:37+00:00\" \/>\n<meta name=\"twitter:card\" content=\"summary_large_image\" \/>\n<meta name=\"twitter:label1\" content=\"Est. reading time\" \/>\n\t<meta name=\"twitter:data1\" content=\"2 minutes\" \/>\n<script type=\"application\/ld+json\" class=\"yoast-schema-graph\">{\"@context\":\"https:\\\/\\\/schema.org\",\"@graph\":[{\"@type\":\"WebPage\",\"@id\":\"https:\\\/\\\/www.micrometal.de\\\/en\\\/responsibility\\\/environmental-and-energy-management\\\/\",\"url\":\"https:\\\/\\\/www.micrometal.de\\\/en\\\/responsibility\\\/environmental-and-energy-management\\\/\",\"name\":\"Environmental and energy management - micrometal\",\"isPartOf\":{\"@id\":\"https:\\\/\\\/www.micrometal.de\\\/en\\\/#website\"},\"datePublished\":\"2021-04-20T12:15:07+00:00\",\"dateModified\":\"2024-11-12T14:28:37+00:00\",\"breadcrumb\":{\"@id\":\"https:\\\/\\\/www.micrometal.de\\\/en\\\/responsibility\\\/environmental-and-energy-management\\\/#breadcrumb\"},\"inLanguage\":\"en-US\",\"potentialAction\":[{\"@type\":\"ReadAction\",\"target\":[\"https:\\\/\\\/www.micrometal.de\\\/en\\\/responsibility\\\/environmental-and-energy-management\\\/\"]}]},{\"@type\":\"BreadcrumbList\",\"@id\":\"https:\\\/\\\/www.micrometal.de\\\/en\\\/responsibility\\\/environmental-and-energy-management\\\/#breadcrumb\",\"itemListElement\":[{\"@type\":\"ListItem\",\"position\":1,\"name\":\"Home\",\"item\":\"https:\\\/\\\/www.micrometal.de\\\/en\\\/\"},{\"@type\":\"ListItem\",\"position\":2,\"name\":\"Responsibility\",\"item\":\"https:\\\/\\\/www.micrometal.de\\\/en\\\/responsibility\\\/\"},{\"@type\":\"ListItem\",\"position\":3,\"name\":\"Environmental and energy management\"}]},{\"@type\":\"WebSite\",\"@id\":\"https:\\\/\\\/www.micrometal.de\\\/en\\\/#website\",\"url\":\"https:\\\/\\\/www.micrometal.de\\\/en\\\/\",\"name\":\"micrometal\",\"description\":\"Metall \u00e4tzen in h\u00f6chster Pr\u00e4zision\",\"potentialAction\":[{\"@type\":\"SearchAction\",\"target\":{\"@type\":\"EntryPoint\",\"urlTemplate\":\"https:\\\/\\\/www.micrometal.de\\\/en\\\/?s={search_term_string}\"},\"query-input\":{\"@type\":\"PropertyValueSpecification\",\"valueRequired\":true,\"valueName\":\"search_term_string\"}}],\"inLanguage\":\"en-US\"}]}<\/script>\n<!-- \/ Yoast SEO plugin. -->","yoast_head_json":{"title":"Environmental and energy management - micrometal","robots":{"index":"index","follow":"follow","max-snippet":"max-snippet:-1","max-image-preview":"max-image-preview:large","max-video-preview":"max-video-preview:-1"},"canonical":"https:\/\/www.micrometal.de\/en\/responsibility\/environmental-and-energy-management\/","og_locale":"en_US","og_type":"article","og_title":"Environmental and energy management - micrometal","og_description":"Responsibility for our environment Resource-saving action is based on holistic and sustainable thinking. Based on these convictions, we have established a comprehensive environmental management system in accordance with DIN EN ISO 14001, and have integrated it into our management system DIN EN ISO 9001 \/ IATF 16949. Our environmental management officer monitors the implementation of [&hellip;]","og_url":"https:\/\/www.micrometal.de\/en\/responsibility\/environmental-and-energy-management\/","og_site_name":"micrometal","article_modified_time":"2024-11-12T14:28:37+00:00","twitter_card":"summary_large_image","twitter_misc":{"Est. reading time":"2 minutes"},"schema":{"@context":"https:\/\/schema.org","@graph":[{"@type":"WebPage","@id":"https:\/\/www.micrometal.de\/en\/responsibility\/environmental-and-energy-management\/","url":"https:\/\/www.micrometal.de\/en\/responsibility\/environmental-and-energy-management\/","name":"Environmental and energy management - micrometal","isPartOf":{"@id":"https:\/\/www.micrometal.de\/en\/#website"},"datePublished":"2021-04-20T12:15:07+00:00","dateModified":"2024-11-12T14:28:37+00:00","breadcrumb":{"@id":"https:\/\/www.micrometal.de\/en\/responsibility\/environmental-and-energy-management\/#breadcrumb"},"inLanguage":"en-US","potentialAction":[{"@type":"ReadAction","target":["https:\/\/www.micrometal.de\/en\/responsibility\/environmental-and-energy-management\/"]}]},{"@type":"BreadcrumbList","@id":"https:\/\/www.micrometal.de\/en\/responsibility\/environmental-and-energy-management\/#breadcrumb","itemListElement":[{"@type":"ListItem","position":1,"name":"Home","item":"https:\/\/www.micrometal.de\/en\/"},{"@type":"ListItem","position":2,"name":"Responsibility","item":"https:\/\/www.micrometal.de\/en\/responsibility\/"},{"@type":"ListItem","position":3,"name":"Environmental and energy management"}]},{"@type":"WebSite","@id":"https:\/\/www.micrometal.de\/en\/#website","url":"https:\/\/www.micrometal.de\/en\/","name":"micrometal","description":"Metall \u00e4tzen in h\u00f6chster Pr\u00e4zision","potentialAction":[{"@type":"SearchAction","target":{"@type":"EntryPoint","urlTemplate":"https:\/\/www.micrometal.de\/en\/?s={search_term_string}"},"query-input":{"@type":"PropertyValueSpecification","valueRequired":true,"valueName":"search_term_string"}}],"inLanguage":"en-US"}]}},"_links":{"self":[{"href":"https:\/\/www.micrometal.de\/en\/wp-json\/wp\/v2\/pages\/5817","targetHints":{"allow":["GET"]}}],"collection":[{"href":"https:\/\/www.micrometal.de\/en\/wp-json\/wp\/v2\/pages"}],"about":[{"href":"https:\/\/www.micrometal.de\/en\/wp-json\/wp\/v2\/types\/page"}],"author":[{"embeddable":true,"href":"https:\/\/www.micrometal.de\/en\/wp-json\/wp\/v2\/users\/4"}],"replies":[{"embeddable":true,"href":"https:\/\/www.micrometal.de\/en\/wp-json\/wp\/v2\/comments?post=5817"}],"version-history":[{"count":46,"href":"https:\/\/www.micrometal.de\/en\/wp-json\/wp\/v2\/pages\/5817\/revisions"}],"predecessor-version":[{"id":24482,"href":"https:\/\/www.micrometal.de\/en\/wp-json\/wp\/v2\/pages\/5817\/revisions\/24482"}],"up":[{"embeddable":true,"href":"https:\/\/www.micrometal.de\/en\/wp-json\/wp\/v2\/pages\/5684"}],"wp:attachment":[{"href":"https:\/\/www.micrometal.de\/en\/wp-json\/wp\/v2\/media?parent=5817"}],"curies":[{"name":"wp","href":"https:\/\/api.w.org\/{rel}","templated":true}]}}