{"id":6114,"date":"2021-04-27T09:47:22","date_gmt":"2021-04-27T07:47:22","guid":{"rendered":"https:\/\/micrometal.wickeder.wickeder.de\/3-companies\/who-are-we\/"},"modified":"2026-03-25T12:47:42","modified_gmt":"2026-03-25T11:47:42","slug":"who-we-are","status":"publish","type":"page","link":"https:\/\/www.micrometal.de\/en\/etching-group\/who-we-are\/","title":{"rendered":"Who we are"},"content":{"rendered":"\t\t<div data-elementor-type=\"wp-page\" data-elementor-id=\"6114\" class=\"elementor elementor-6114 elementor-3182\" data-elementor-post-type=\"page\">\n\t\t\t\t\t\t<section class=\"elementor-section elementor-top-section elementor-element elementor-element-3978482e elementor-section-full_width elementor-section-height-default elementor-section-height-default\" data-id=\"3978482e\" data-element_type=\"section\" data-e-type=\"section\">\n\t\t\t\t\t\t<div class=\"elementor-container elementor-column-gap-no\">\n\t\t\t\t\t<div class=\"elementor-column elementor-col-100 elementor-top-column elementor-element elementor-element-fd6135c\" data-id=\"fd6135c\" data-element_type=\"column\" data-e-type=\"column\">\n\t\t\t<div class=\"elementor-widget-wrap elementor-element-populated\">\n\t\t\t\t\t\t<div class=\"elementor-element elementor-element-44f8d083 elementor-widget elementor-widget-standort_gross\" data-id=\"44f8d083\" data-element_type=\"widget\" data-e-type=\"widget\" data-widget_type=\"standort_gross.default\">\n\t\t\t\t<div class=\"elementor-widget-container\">\n\t\t\t\t\t    \n      <div class=\"standort_gross \">\n\n        \n            <div class=\"standort_gross-image mobile_hide\" style=\"background: url(https:\/\/www.micrometal.de\/wp-content\/uploads\/sites\/5\/2021\/07\/ETCHING-GROUP-MICROMETAL.jpg);\">\n            \t              \t\t<img decoding=\"async\" alt=\"\" src=\"https:\/\/www.micrometal.de\/wp-content\/uploads\/sites\/5\/2021\/07\/ETCHING-GROUP-MICROMETAL.jpg\">\n              \t            <\/div>\n\n        \n        <div class=\"standort_gross-content\">\n          <div class=\"standort_gross-content-inner\">\n            <div class=\"standort_gross-content-padding\">\n\t            \n\t            \n                                <div class=\"elementor-element elementor-widget elementor-widget-heading\" data-element_type=\"widget\" data-widget_type=\"heading.default\">\n                  <div class=\"elementor-widget-container\">\n                    <h2 class=\"elementor-heading-title elementor-size-default\">The Micro Component Group: micrometal, HP Etch, Etchform &  Thin Metal Parts<\/h2>\n                  <\/div>\n                <\/div>\n                \n                                <div class=\"elementor-element elementor-widget elementor-widget-text-editor\"><p>The Micro Component Group brings together four industry leaders in precision photo-chemical etching: micrometal GmbH, HP Etch AB, Etchform BV, and Thin Metal Parts Inc..<\/p>\n<p>As a collective, we offer one of the world\u2019s most comprehensive and agile platforms for manufacturing ultra-precise metal components. Covering everything from reel-to-reel high-volume etching to batch-based prototyping and specialty applications.<\/p>\n<p>Each company within the Micro Component Group contributes distinct technical capabilities, regional proximity, and decades of experience in serving demanding industries such as medical, aerospace, semiconductor, and automotive.<\/p>\n<p>Our operations span locations in Muellheim (Germany), Jaerfalla (Sweden), Hilversum (The Netherlands), and Colorado Springs (USA), and are backed by our parent company Wickeder Group, providing both financial stability and long-term strategic support.<\/p>\n<p>With more than 180 specialists across Europe and North America, we combine global reach with local presence \u2014 ensuring you always have expert support within easy reach.<\/p>\n<p>The Micro Component Group: delivering innovation, scale, and precision without compromise.<\/p>\n<\/div>\n                \n                            <\/div>\n          <\/div>\n        <\/div>\n\n        \n      <\/div>\n    \n    \t\t\t\t<\/div>\n\t\t\t\t<\/div>\n\t\t\t\t<div class=\"elementor-element elementor-element-b2f9e03 elementor-widget elementor-widget-standort_gross\" data-id=\"b2f9e03\" data-element_type=\"widget\" data-e-type=\"widget\" data-widget_type=\"standort_gross.default\">\n\t\t\t\t<div class=\"elementor-widget-container\">\n\t\t\t\t\t    \n      <div class=\"standort_gross img_rechts\">\n\n        \n        <div class=\"standort_gross-content\">\n          <div class=\"standort_gross-content-inner\">\n            <div class=\"standort_gross-content-padding\">\n\t            \n\t            \n                                <div class=\"elementor-element elementor-widget elementor-widget-heading\" data-element_type=\"widget\" data-widget_type=\"heading.default\">\n                  <div class=\"elementor-widget-container\">\n                    <h2 class=\"elementor-heading-title elementor-size-default\">Micrometal<\/h2>\n                  <\/div>\n                <\/div>\n                \n                                <div class=\"elementor-element elementor-widget elementor-widget-text-editor\"><p>micrometal was founded in 2006 in M\u00fcllheim, Baden, Germany, and is considered the inventor of the fully cross-linked INLINE etching technology. This is a highly automated and continuous manufacturing process that guarantees the highest degree of repeatability, process stability, and economic efficiency.<\/p>\n<p>By means of <a href=\"https:\/\/www.micrometal.de\/en\/service-portfolio\/reel-to-reel\/#\">Reel-to-Reel Inline<\/a> lithography, a wide variety of geometrically demanding structures can be created. Our in-house developed mask technology also enables the control of the etching process in the 3rd dimension. This means that specific breakthrough geometries can also be produced, with a symmetrical or asymmetrical cross-sectional area depending on the exposure and etching parameters. This enables micrometal to produce complex geometries for medical products such as lancets, scalpels, and blades on a large scale.<\/p>\n<\/div>\n                \n                            <\/div>\n          <\/div>\n        <\/div>\n\n        \n            <div class=\"standort_gross-image mobile_hide\" style=\"background: url(https:\/\/www.micrometal.de\/wp-content\/uploads\/sites\/5\/2021\/07\/Micrometal.jpg);\">\n            \t              \t\t<img decoding=\"async\" alt=\"\" src=\"https:\/\/www.micrometal.de\/wp-content\/uploads\/sites\/5\/2021\/07\/Micrometal.jpg\">\n              \t            <\/div>\n\n        \n      <\/div>\n    \n    \t\t\t\t<\/div>\n\t\t\t\t<\/div>\n\t\t\t\t\t<\/div>\n\t\t<\/div>\n\t\t\t\t\t<\/div>\n\t\t<\/section>\n\t\t\t\t<section class=\"elementor-section elementor-top-section elementor-element elementor-element-810bfd4 elementor-section-full_width elementor-section-height-default elementor-section-height-default\" data-id=\"810bfd4\" data-element_type=\"section\" data-e-type=\"section\">\n\t\t\t\t\t\t<div class=\"elementor-container elementor-column-gap-no\">\n\t\t\t\t\t<div class=\"elementor-column elementor-col-100 elementor-top-column elementor-element elementor-element-578d7c6\" data-id=\"578d7c6\" data-element_type=\"column\" data-e-type=\"column\">\n\t\t\t<div class=\"elementor-widget-wrap elementor-element-populated\">\n\t\t\t\t\t\t<div class=\"elementor-element elementor-element-70ad94f elementor-widget elementor-widget-standort_gross\" data-id=\"70ad94f\" data-element_type=\"widget\" data-e-type=\"widget\" data-widget_type=\"standort_gross.default\">\n\t\t\t\t<div class=\"elementor-widget-container\">\n\t\t\t\t\t    \n      <div class=\"standort_gross \">\n\n        \n            <div class=\"standort_gross-image mobile_hide\" style=\"background: url(https:\/\/www.micrometal.de\/wp-content\/uploads\/sites\/5\/2021\/12\/etchform_spring-1024-413.jpg);\">\n            \t              \t\t<img decoding=\"async\" alt=\"\" src=\"https:\/\/www.micrometal.de\/wp-content\/uploads\/sites\/5\/2021\/12\/etchform_spring-1024-413.jpg\">\n              \t            <\/div>\n\n        \n        <div class=\"standort_gross-content\">\n          <div class=\"standort_gross-content-inner\">\n            <div class=\"standort_gross-content-padding\">\n\t            \n\t            \n                                <div class=\"elementor-element elementor-widget elementor-widget-heading\" data-element_type=\"widget\" data-widget_type=\"heading.default\">\n                  <div class=\"elementor-widget-container\">\n                    <h2 class=\"elementor-heading-title elementor-size-default\">Etchform<\/h2>\n                  <\/div>\n                <\/div>\n                \n                                <div class=\"elementor-element elementor-widget elementor-widget-text-editor\"><p>Etchform was founded in 1980 in Hilversum, the Netherlands, and supplies complete and customised solutions for thin precision parts in almost all metals, based on <a href=\"https:\/\/www.micrometal.de\/en\/service-portfolio\/batch-etching-sheet-etching\/#\">etching technology<\/a> and electroforming.<\/p>\n<p>In addition, Etchform's offerings also include forming, precision mechanical\/surface\/heat treatments, laser operations, assembly, and clean room packaging. This allows our customers to focus on their core competencies.<\/p>\n<\/div>\n                \n                            <\/div>\n          <\/div>\n        <\/div>\n\n        \n      <\/div>\n    \n    \t\t\t\t<\/div>\n\t\t\t\t<\/div>\n\t\t\t\t\t<\/div>\n\t\t<\/div>\n\t\t\t\t\t<\/div>\n\t\t<\/section>\n\t\t\t\t<section class=\"elementor-section elementor-top-section elementor-element elementor-element-c752970 elementor-section-full_width elementor-section-height-default elementor-section-height-default\" data-id=\"c752970\" data-element_type=\"section\" data-e-type=\"section\">\n\t\t\t\t\t\t<div class=\"elementor-container elementor-column-gap-no\">\n\t\t\t\t\t<div class=\"elementor-column elementor-col-100 elementor-top-column elementor-element elementor-element-53eae0ea\" data-id=\"53eae0ea\" data-element_type=\"column\" data-e-type=\"column\">\n\t\t\t<div class=\"elementor-widget-wrap elementor-element-populated\">\n\t\t\t\t\t\t<div class=\"elementor-element elementor-element-32e60710 elementor-widget elementor-widget-standort_gross\" data-id=\"32e60710\" data-element_type=\"widget\" data-e-type=\"widget\" id=\"#Etchform\" data-widget_type=\"standort_gross.default\">\n\t\t\t\t<div class=\"elementor-widget-container\">\n\t\t\t\t\t    \n      <div class=\"standort_gross img_rechts\">\n\n        \n        <div class=\"standort_gross-content\">\n          <div class=\"standort_gross-content-inner\">\n            <div class=\"standort_gross-content-padding\">\n\t            \n\t            \n                                <div class=\"elementor-element elementor-widget elementor-widget-heading\" data-element_type=\"widget\" data-widget_type=\"heading.default\">\n                  <div class=\"elementor-widget-container\">\n                    <h2 class=\"elementor-heading-title elementor-size-default\">HP Etch <\/h2>\n                  <\/div>\n                <\/div>\n                \n                                <div class=\"elementor-element elementor-widget elementor-widget-text-editor\"><p>HP Etch from Stockholm, Sweden has specialised in high-precision etching of thin metals since 1982. Vertical integration and the large selection of materials in stock enables rapid delivery from prototypes to large series.<\/p>\n<p>Bending and forming technology \u2014 based on CNC-controlled machines \u2014 are part of the extensive range of solutions, as are special coating technologies.<\/p>\n<p>Parylene coating technology (polymer coating) in particular is used for products that are exposed to extreme conditions and environmental influences, for example in the electronics, aerospace, medical, and mechanical engineering industries.<\/p>\n<\/div>\n                \n                            <\/div>\n          <\/div>\n        <\/div>\n\n        \n            <div class=\"standort_gross-image mobile_hide\" style=\"background: url(https:\/\/www.micrometal.de\/wp-content\/uploads\/sites\/5\/2021\/07\/HP-Etch-who-are-we.jpg);\">\n            \t              \t\t<img decoding=\"async\" alt=\"\" src=\"https:\/\/www.micrometal.de\/wp-content\/uploads\/sites\/5\/2021\/07\/HP-Etch-who-are-we.jpg\">\n              \t            <\/div>\n\n        \n      <\/div>\n    \n    \t\t\t\t<\/div>\n\t\t\t\t<\/div>\n\t\t\t\t<div class=\"elementor-element elementor-element-9cf5c73 elementor-widget elementor-widget-standort_gross\" data-id=\"9cf5c73\" data-element_type=\"widget\" data-e-type=\"widget\" data-widget_type=\"standort_gross.default\">\n\t\t\t\t<div class=\"elementor-widget-container\">\n\t\t\t\t\t    \n      <div class=\"standort_gross \">\n\n        \n            <div class=\"standort_gross-image mobile_hide\" style=\"background: url(https:\/\/www.micrometal.de\/wp-content\/uploads\/sites\/5\/2026\/01\/TMP-_encoder-1.png);\">\n            \t              \t\t<img decoding=\"async\" alt=\"\" src=\"https:\/\/www.micrometal.de\/wp-content\/uploads\/sites\/5\/2026\/01\/TMP-_encoder-1.png\">\n              \t            <\/div>\n\n        \n        <div class=\"standort_gross-content\">\n          <div class=\"standort_gross-content-inner\">\n            <div class=\"standort_gross-content-padding\">\n\t            \n\t            \n                                <div class=\"elementor-element elementor-widget elementor-widget-heading\" data-element_type=\"widget\" data-widget_type=\"heading.default\">\n                  <div class=\"elementor-widget-container\">\n                    <h2 class=\"elementor-heading-title elementor-size-default\">EMS Thin Metal Parts <\/h2>\n                  <\/div>\n                <\/div>\n                \n                                <div class=\"elementor-element elementor-widget elementor-widget-text-editor\"><p><span data-olk-copy-source=\"MessageBody\">Headquartered in Colorado Springs, USA, EMS&nbsp; Thin Metal Parts (TMP) adds further capability and geographic reach to the Micro Component Group. With over 20 years of experience, TMP brings together photo-chemical etching, electroforming, and laser cutting under one roof \u2014 enabling ultra-thin precision part production down to thicknesses of just a few microns.<\/span><\/p>\n<p><span data-olk-copy-source=\"MessageBody\">TMP is known for its agility in producing complex components such as encoder discs, precision apertures, and specialty filters for high-tech industries including space, defense, optics, and semiconductors. Its hybrid capabilities ensure unmatched flexibility in material selection, tolerancing, and part geometry<\/span><\/p>\n<\/div>\n                \n                            <\/div>\n          <\/div>\n        <\/div>\n\n        \n      <\/div>\n    \n    \t\t\t\t<\/div>\n\t\t\t\t<\/div>\n\t\t\t\t\t<\/div>\n\t\t<\/div>\n\t\t\t\t\t<\/div>\n\t\t<\/section>\n\t\t\t\t<\/div>\n\t\t","protected":false},"excerpt":{"rendered":"<p>The Micro Component Group: micrometal, HP Etch, Etchform &amp; Thin Metal Parts The Micro Component Group brings together four industry leaders in precision photo-chemical etching: micrometal GmbH, HP Etch AB, Etchform BV, and Thin Metal Parts Inc.. As a collective, we offer one of the world\u2019s most comprehensive and agile platforms for manufacturing ultra-precise metal [&hellip;]<\/p>\n","protected":false},"author":4,"featured_media":0,"parent":6111,"menu_order":3,"comment_status":"closed","ping_status":"closed","template":"","meta":{"footnotes":""},"class_list":["post-6114","page","type-page","status-publish","hentry"],"yoast_head":"<!-- This site is optimized with the Yoast SEO plugin v27.3 - https:\/\/yoast.com\/product\/yoast-seo-wordpress\/ -->\n<title>Etching Group = Micro Component Group<\/title>\n<meta name=\"description\" content=\"We draw on several decades of know-how in microsystems technology - the basis for the worldwide success. Manufacuring locations in Germany, Sweden &amp; The Netherlands.\" \/>\n<meta name=\"robots\" content=\"index, follow, max-snippet:-1, max-image-preview:large, max-video-preview:-1\" \/>\n<link rel=\"canonical\" href=\"https:\/\/www.micrometal.de\/en\/etching-group\/who-we-are\/\" \/>\n<meta property=\"og:locale\" content=\"en_US\" \/>\n<meta property=\"og:type\" content=\"article\" \/>\n<meta property=\"og:title\" content=\"Etching Group = Micro Component Group\" \/>\n<meta property=\"og:description\" content=\"We draw on several decades of know-how in microsystems technology - the basis for the worldwide success. Manufacuring locations in Germany, Sweden &amp; The Netherlands.\" \/>\n<meta property=\"og:url\" content=\"https:\/\/www.micrometal.de\/en\/etching-group\/who-we-are\/\" \/>\n<meta property=\"og:site_name\" content=\"micrometal\" \/>\n<meta property=\"article:modified_time\" content=\"2026-03-25T11:47:42+00:00\" \/>\n<meta property=\"og:image\" content=\"https:\/\/www.micrometal.de\/wp-content\/uploads\/sites\/5\/2021\/07\/ETCHING-GROUP-MICROMETAL.jpg\" \/>\n<meta name=\"twitter:card\" content=\"summary_large_image\" \/>\n<meta name=\"twitter:label1\" content=\"Est. reading time\" \/>\n\t<meta name=\"twitter:data1\" content=\"4 minutes\" \/>\n<script type=\"application\/ld+json\" class=\"yoast-schema-graph\">{\"@context\":\"https:\\\/\\\/schema.org\",\"@graph\":[{\"@type\":\"WebPage\",\"@id\":\"https:\\\/\\\/www.micrometal.de\\\/en\\\/etching-group\\\/who-we-are\\\/\",\"url\":\"https:\\\/\\\/www.micrometal.de\\\/en\\\/etching-group\\\/who-we-are\\\/\",\"name\":\"Etching Group = Micro Component Group\",\"isPartOf\":{\"@id\":\"https:\\\/\\\/www.micrometal.de\\\/en\\\/#website\"},\"primaryImageOfPage\":{\"@id\":\"https:\\\/\\\/www.micrometal.de\\\/en\\\/etching-group\\\/who-we-are\\\/#primaryimage\"},\"image\":{\"@id\":\"https:\\\/\\\/www.micrometal.de\\\/en\\\/etching-group\\\/who-we-are\\\/#primaryimage\"},\"thumbnailUrl\":\"https:\\\/\\\/www.micrometal.de\\\/wp-content\\\/uploads\\\/sites\\\/5\\\/2021\\\/07\\\/ETCHING-GROUP-MICROMETAL.jpg\",\"datePublished\":\"2021-04-27T07:47:22+00:00\",\"dateModified\":\"2026-03-25T11:47:42+00:00\",\"description\":\"We draw on several decades of know-how in microsystems technology - the basis for the worldwide success. Manufacuring locations in Germany, Sweden & The Netherlands.\",\"breadcrumb\":{\"@id\":\"https:\\\/\\\/www.micrometal.de\\\/en\\\/etching-group\\\/who-we-are\\\/#breadcrumb\"},\"inLanguage\":\"en-US\",\"potentialAction\":[{\"@type\":\"ReadAction\",\"target\":[\"https:\\\/\\\/www.micrometal.de\\\/en\\\/etching-group\\\/who-we-are\\\/\"]}]},{\"@type\":\"ImageObject\",\"inLanguage\":\"en-US\",\"@id\":\"https:\\\/\\\/www.micrometal.de\\\/en\\\/etching-group\\\/who-we-are\\\/#primaryimage\",\"url\":\"https:\\\/\\\/www.micrometal.de\\\/wp-content\\\/uploads\\\/sites\\\/5\\\/2021\\\/07\\\/ETCHING-GROUP-MICROMETAL.jpg\",\"contentUrl\":\"https:\\\/\\\/www.micrometal.de\\\/wp-content\\\/uploads\\\/sites\\\/5\\\/2021\\\/07\\\/ETCHING-GROUP-MICROMETAL.jpg\"},{\"@type\":\"BreadcrumbList\",\"@id\":\"https:\\\/\\\/www.micrometal.de\\\/en\\\/etching-group\\\/who-we-are\\\/#breadcrumb\",\"itemListElement\":[{\"@type\":\"ListItem\",\"position\":1,\"name\":\"Home\",\"item\":\"https:\\\/\\\/www.micrometal.de\\\/en\\\/\"},{\"@type\":\"ListItem\",\"position\":2,\"name\":\"Etching Group\",\"item\":\"https:\\\/\\\/www.micrometal.de\\\/en\\\/etching-group\\\/\"},{\"@type\":\"ListItem\",\"position\":3,\"name\":\"Who we are\"}]},{\"@type\":\"WebSite\",\"@id\":\"https:\\\/\\\/www.micrometal.de\\\/en\\\/#website\",\"url\":\"https:\\\/\\\/www.micrometal.de\\\/en\\\/\",\"name\":\"micrometal\",\"description\":\"Metall \u00e4tzen in h\u00f6chster Pr\u00e4zision\",\"potentialAction\":[{\"@type\":\"SearchAction\",\"target\":{\"@type\":\"EntryPoint\",\"urlTemplate\":\"https:\\\/\\\/www.micrometal.de\\\/en\\\/?s={search_term_string}\"},\"query-input\":{\"@type\":\"PropertyValueSpecification\",\"valueRequired\":true,\"valueName\":\"search_term_string\"}}],\"inLanguage\":\"en-US\"}]}<\/script>\n<!-- \/ Yoast SEO plugin. -->","yoast_head_json":{"title":"Etching Group = Micro Component Group","description":"We draw on several decades of know-how in microsystems technology - the basis for the worldwide success. Manufacuring locations in Germany, Sweden & The Netherlands.","robots":{"index":"index","follow":"follow","max-snippet":"max-snippet:-1","max-image-preview":"max-image-preview:large","max-video-preview":"max-video-preview:-1"},"canonical":"https:\/\/www.micrometal.de\/en\/etching-group\/who-we-are\/","og_locale":"en_US","og_type":"article","og_title":"Etching Group = Micro Component Group","og_description":"We draw on several decades of know-how in microsystems technology - the basis for the worldwide success. Manufacuring locations in Germany, Sweden & The Netherlands.","og_url":"https:\/\/www.micrometal.de\/en\/etching-group\/who-we-are\/","og_site_name":"micrometal","article_modified_time":"2026-03-25T11:47:42+00:00","og_image":[{"url":"https:\/\/www.micrometal.de\/wp-content\/uploads\/sites\/5\/2021\/07\/ETCHING-GROUP-MICROMETAL.jpg","type":"","width":"","height":""}],"twitter_card":"summary_large_image","twitter_misc":{"Est. reading time":"4 minutes"},"schema":{"@context":"https:\/\/schema.org","@graph":[{"@type":"WebPage","@id":"https:\/\/www.micrometal.de\/en\/etching-group\/who-we-are\/","url":"https:\/\/www.micrometal.de\/en\/etching-group\/who-we-are\/","name":"Etching Group = Micro Component Group","isPartOf":{"@id":"https:\/\/www.micrometal.de\/en\/#website"},"primaryImageOfPage":{"@id":"https:\/\/www.micrometal.de\/en\/etching-group\/who-we-are\/#primaryimage"},"image":{"@id":"https:\/\/www.micrometal.de\/en\/etching-group\/who-we-are\/#primaryimage"},"thumbnailUrl":"https:\/\/www.micrometal.de\/wp-content\/uploads\/sites\/5\/2021\/07\/ETCHING-GROUP-MICROMETAL.jpg","datePublished":"2021-04-27T07:47:22+00:00","dateModified":"2026-03-25T11:47:42+00:00","description":"We draw on several decades of know-how in microsystems technology - the basis for the worldwide success. Manufacuring locations in Germany, Sweden & The Netherlands.","breadcrumb":{"@id":"https:\/\/www.micrometal.de\/en\/etching-group\/who-we-are\/#breadcrumb"},"inLanguage":"en-US","potentialAction":[{"@type":"ReadAction","target":["https:\/\/www.micrometal.de\/en\/etching-group\/who-we-are\/"]}]},{"@type":"ImageObject","inLanguage":"en-US","@id":"https:\/\/www.micrometal.de\/en\/etching-group\/who-we-are\/#primaryimage","url":"https:\/\/www.micrometal.de\/wp-content\/uploads\/sites\/5\/2021\/07\/ETCHING-GROUP-MICROMETAL.jpg","contentUrl":"https:\/\/www.micrometal.de\/wp-content\/uploads\/sites\/5\/2021\/07\/ETCHING-GROUP-MICROMETAL.jpg"},{"@type":"BreadcrumbList","@id":"https:\/\/www.micrometal.de\/en\/etching-group\/who-we-are\/#breadcrumb","itemListElement":[{"@type":"ListItem","position":1,"name":"Home","item":"https:\/\/www.micrometal.de\/en\/"},{"@type":"ListItem","position":2,"name":"Etching Group","item":"https:\/\/www.micrometal.de\/en\/etching-group\/"},{"@type":"ListItem","position":3,"name":"Who we are"}]},{"@type":"WebSite","@id":"https:\/\/www.micrometal.de\/en\/#website","url":"https:\/\/www.micrometal.de\/en\/","name":"micrometal","description":"Metall \u00e4tzen in h\u00f6chster Pr\u00e4zision","potentialAction":[{"@type":"SearchAction","target":{"@type":"EntryPoint","urlTemplate":"https:\/\/www.micrometal.de\/en\/?s={search_term_string}"},"query-input":{"@type":"PropertyValueSpecification","valueRequired":true,"valueName":"search_term_string"}}],"inLanguage":"en-US"}]}},"_links":{"self":[{"href":"https:\/\/www.micrometal.de\/en\/wp-json\/wp\/v2\/pages\/6114","targetHints":{"allow":["GET"]}}],"collection":[{"href":"https:\/\/www.micrometal.de\/en\/wp-json\/wp\/v2\/pages"}],"about":[{"href":"https:\/\/www.micrometal.de\/en\/wp-json\/wp\/v2\/types\/page"}],"author":[{"embeddable":true,"href":"https:\/\/www.micrometal.de\/en\/wp-json\/wp\/v2\/users\/4"}],"replies":[{"embeddable":true,"href":"https:\/\/www.micrometal.de\/en\/wp-json\/wp\/v2\/comments?post=6114"}],"version-history":[{"count":112,"href":"https:\/\/www.micrometal.de\/en\/wp-json\/wp\/v2\/pages\/6114\/revisions"}],"predecessor-version":[{"id":25127,"href":"https:\/\/www.micrometal.de\/en\/wp-json\/wp\/v2\/pages\/6114\/revisions\/25127"}],"up":[{"embeddable":true,"href":"https:\/\/www.micrometal.de\/en\/wp-json\/wp\/v2\/pages\/6111"}],"wp:attachment":[{"href":"https:\/\/www.micrometal.de\/en\/wp-json\/wp\/v2\/media?parent=6114"}],"curies":[{"name":"wp","href":"https:\/\/api.w.org\/{rel}","templated":true}]}}