{"id":6136,"date":"2021-04-27T12:51:40","date_gmt":"2021-04-27T10:51:40","guid":{"rendered":"https:\/\/micrometal.wickeder.wickeder.de\/3-companies\/partnership\/"},"modified":"2022-06-09T12:18:14","modified_gmt":"2022-06-09T10:18:14","slug":"partnership","status":"publish","type":"page","link":"https:\/\/www.micrometal.de\/en\/etching-group\/partnership\/","title":{"rendered":"Partnership"},"content":{"rendered":"\t\t<div data-elementor-type=\"wp-page\" data-elementor-id=\"6136\" class=\"elementor elementor-6136\" data-elementor-post-type=\"page\">\n\t\t\t\t\t\t<section class=\"elementor-section elementor-top-section elementor-element elementor-element-e194fc9 elementor-section-boxed elementor-section-height-default elementor-section-height-default\" data-id=\"e194fc9\" data-element_type=\"section\" data-e-type=\"section\">\n\t\t\t\t\t\t<div class=\"elementor-container elementor-column-gap-default\">\n\t\t\t\t\t<div class=\"elementor-column elementor-col-100 elementor-top-column elementor-element elementor-element-490993e\" data-id=\"490993e\" data-element_type=\"column\" data-e-type=\"column\">\n\t\t\t<div class=\"elementor-widget-wrap elementor-element-populated\">\n\t\t\t\t\t\t<div class=\"elementor-element elementor-element-1970937 elementor-widget elementor-widget-spacer\" data-id=\"1970937\" data-element_type=\"widget\" data-e-type=\"widget\" data-widget_type=\"spacer.default\">\n\t\t\t\t<div class=\"elementor-widget-container\">\n\t\t\t\t\t\t\t<div class=\"elementor-spacer\">\n\t\t\t<div class=\"elementor-spacer-inner\"><\/div>\n\t\t<\/div>\n\t\t\t\t\t\t<\/div>\n\t\t\t\t<\/div>\n\t\t\t\t\t<\/div>\n\t\t<\/div>\n\t\t\t\t\t<\/div>\n\t\t<\/section>\n\t\t\t\t<section class=\"elementor-section elementor-top-section elementor-element elementor-element-06bc9f9 elementor-section-boxed elementor-section-height-default elementor-section-height-default\" data-id=\"06bc9f9\" data-element_type=\"section\" data-e-type=\"section\">\n\t\t\t\t\t\t<div class=\"elementor-container elementor-column-gap-default\">\n\t\t\t\t\t<div class=\"elementor-column elementor-col-100 elementor-top-column elementor-element elementor-element-5e3c3f5\" data-id=\"5e3c3f5\" data-element_type=\"column\" data-e-type=\"column\">\n\t\t\t<div class=\"elementor-widget-wrap elementor-element-populated\">\n\t\t\t\t\t\t<div class=\"elementor-element elementor-element-870feca elementor-widget elementor-widget-heading\" data-id=\"870feca\" data-element_type=\"widget\" data-e-type=\"widget\" data-widget_type=\"heading.default\">\n\t\t\t\t<div class=\"elementor-widget-container\">\n\t\t\t\t\t<h2 class=\"elementor-heading-title elementor-size-default\">We live partnership and collaboration<\/h2>\t\t\t\t<\/div>\n\t\t\t\t<\/div>\n\t\t\t\t\t<\/div>\n\t\t<\/div>\n\t\t\t\t\t<\/div>\n\t\t<\/section>\n\t\t\t\t<section class=\"elementor-section elementor-top-section elementor-element elementor-element-d6ca206 elementor-section-boxed elementor-section-height-default elementor-section-height-default\" data-id=\"d6ca206\" data-element_type=\"section\" data-e-type=\"section\">\n\t\t\t\t\t\t<div class=\"elementor-container elementor-column-gap-default\">\n\t\t\t\t\t<div class=\"elementor-column elementor-col-100 elementor-top-column elementor-element elementor-element-6856219\" data-id=\"6856219\" data-element_type=\"column\" data-e-type=\"column\">\n\t\t\t<div class=\"elementor-widget-wrap elementor-element-populated\">\n\t\t\t\t\t\t<div class=\"elementor-element elementor-element-89307c1 elementor-widget elementor-widget-text-editor\" data-id=\"89307c1\" data-element_type=\"widget\" data-e-type=\"widget\" data-widget_type=\"text-editor.default\">\n\t\t\t\t<div class=\"elementor-widget-container\">\n\t\t\t\t\t\t\t\t\t<p>This requires trust. It all starts at a fairly early stage of your project in the pre-development or innovation phase. Already at this point we want to be your trusted partner, offering you necessary support in product development. Our processes are lean and unbureaucratic \u2014from material expertise, drawing creation and adaptation, to fast and cost-effective sampling, to the establishment of series production, we work with you. Even after that, the cooperation continues. If you want support in the operation of your business day-to-day, you can count on us.<\/p>\n<p>By building a true partnership relationship in our customers\u2019 product development programs, we achieve a perfect result time and time again.<\/p>\n\t\t\t\t\t\t\t\t<\/div>\n\t\t\t\t<\/div>\n\t\t\t\t\t<\/div>\n\t\t<\/div>\n\t\t\t\t\t<\/div>\n\t\t<\/section>\n\t\t\t\t<section class=\"elementor-section elementor-top-section elementor-element elementor-element-655eb99 elementor-section-boxed elementor-section-height-default elementor-section-height-default\" data-id=\"655eb99\" data-element_type=\"section\" data-e-type=\"section\">\n\t\t\t\t\t\t<div class=\"elementor-container elementor-column-gap-default\">\n\t\t\t\t\t<div class=\"elementor-column elementor-col-100 elementor-top-column elementor-element elementor-element-70cfd04\" data-id=\"70cfd04\" data-element_type=\"column\" data-e-type=\"column\">\n\t\t\t<div class=\"elementor-widget-wrap elementor-element-populated\">\n\t\t\t\t\t\t<div class=\"elementor-element elementor-element-bc1c840 elementor-widget elementor-widget-spacer\" data-id=\"bc1c840\" data-element_type=\"widget\" data-e-type=\"widget\" data-widget_type=\"spacer.default\">\n\t\t\t\t<div class=\"elementor-widget-container\">\n\t\t\t\t\t\t\t<div class=\"elementor-spacer\">\n\t\t\t<div class=\"elementor-spacer-inner\"><\/div>\n\t\t<\/div>\n\t\t\t\t\t\t<\/div>\n\t\t\t\t<\/div>\n\t\t\t\t\t<\/div>\n\t\t<\/div>\n\t\t\t\t\t<\/div>\n\t\t<\/section>\n\t\t\t\t<\/div>\n\t\t","protected":false},"excerpt":{"rendered":"<p>We live partnership and collaboration This requires trust. It all starts at a fairly early stage of your project in the pre-development or innovation phase. Already at this point we want to be your trusted partner, offering you necessary support in product development. Our processes are lean and unbureaucratic \u2014from material expertise, drawing creation and [&hellip;]<\/p>\n","protected":false},"author":4,"featured_media":0,"parent":6111,"menu_order":0,"comment_status":"closed","ping_status":"closed","template":"","meta":{"footnotes":""},"class_list":["post-6136","page","type-page","status-publish","hentry"],"yoast_head":"<!-- This site is optimized with the Yoast SEO plugin v27.3 - https:\/\/yoast.com\/product\/yoast-seo-wordpress\/ -->\n<title>Partnership - micrometal<\/title>\n<meta name=\"robots\" content=\"noindex, nofollow\" \/>\n<meta property=\"og:locale\" content=\"en_US\" \/>\n<meta property=\"og:type\" content=\"article\" \/>\n<meta property=\"og:title\" content=\"Partnership - micrometal\" \/>\n<meta property=\"og:description\" content=\"We live partnership and collaboration This requires trust. It all starts at a fairly early stage of your project in the pre-development or innovation phase. Already at this point we want to be your trusted partner, offering you necessary support in product development. Our processes are lean and unbureaucratic \u2014from material expertise, drawing creation and [&hellip;]\" \/>\n<meta property=\"og:url\" content=\"https:\/\/www.micrometal.de\/en\/etching-group\/partnership\/\" \/>\n<meta property=\"og:site_name\" content=\"micrometal\" \/>\n<meta property=\"article:modified_time\" content=\"2022-06-09T10:18:14+00:00\" \/>\n<meta name=\"twitter:card\" content=\"summary_large_image\" \/>\n<meta name=\"twitter:label1\" content=\"Est. reading time\" \/>\n\t<meta name=\"twitter:data1\" content=\"1 minute\" \/>\n<script type=\"application\/ld+json\" class=\"yoast-schema-graph\">{\"@context\":\"https:\\\/\\\/schema.org\",\"@graph\":[{\"@type\":\"WebPage\",\"@id\":\"https:\\\/\\\/www.micrometal.de\\\/en\\\/etching-group\\\/partnership\\\/\",\"url\":\"https:\\\/\\\/www.micrometal.de\\\/en\\\/etching-group\\\/partnership\\\/\",\"name\":\"Partnership - micrometal\",\"isPartOf\":{\"@id\":\"https:\\\/\\\/www.micrometal.de\\\/en\\\/#website\"},\"datePublished\":\"2021-04-27T10:51:40+00:00\",\"dateModified\":\"2022-06-09T10:18:14+00:00\",\"breadcrumb\":{\"@id\":\"https:\\\/\\\/www.micrometal.de\\\/en\\\/etching-group\\\/partnership\\\/#breadcrumb\"},\"inLanguage\":\"en-US\",\"potentialAction\":[{\"@type\":\"ReadAction\",\"target\":[\"https:\\\/\\\/www.micrometal.de\\\/en\\\/etching-group\\\/partnership\\\/\"]}]},{\"@type\":\"BreadcrumbList\",\"@id\":\"https:\\\/\\\/www.micrometal.de\\\/en\\\/etching-group\\\/partnership\\\/#breadcrumb\",\"itemListElement\":[{\"@type\":\"ListItem\",\"position\":1,\"name\":\"Home\",\"item\":\"https:\\\/\\\/www.micrometal.de\\\/en\\\/\"},{\"@type\":\"ListItem\",\"position\":2,\"name\":\"Etching Group\",\"item\":\"https:\\\/\\\/www.micrometal.de\\\/en\\\/etching-group\\\/\"},{\"@type\":\"ListItem\",\"position\":3,\"name\":\"Partnership\"}]},{\"@type\":\"WebSite\",\"@id\":\"https:\\\/\\\/www.micrometal.de\\\/en\\\/#website\",\"url\":\"https:\\\/\\\/www.micrometal.de\\\/en\\\/\",\"name\":\"micrometal\",\"description\":\"Metall \u00e4tzen in h\u00f6chster Pr\u00e4zision\",\"potentialAction\":[{\"@type\":\"SearchAction\",\"target\":{\"@type\":\"EntryPoint\",\"urlTemplate\":\"https:\\\/\\\/www.micrometal.de\\\/en\\\/?s={search_term_string}\"},\"query-input\":{\"@type\":\"PropertyValueSpecification\",\"valueRequired\":true,\"valueName\":\"search_term_string\"}}],\"inLanguage\":\"en-US\"}]}<\/script>\n<!-- \/ Yoast SEO plugin. -->","yoast_head_json":{"title":"Partnership - micrometal","robots":{"index":"noindex","follow":"nofollow"},"og_locale":"en_US","og_type":"article","og_title":"Partnership - micrometal","og_description":"We live partnership and collaboration This requires trust. It all starts at a fairly early stage of your project in the pre-development or innovation phase. Already at this point we want to be your trusted partner, offering you necessary support in product development. Our processes are lean and unbureaucratic \u2014from material expertise, drawing creation and [&hellip;]","og_url":"https:\/\/www.micrometal.de\/en\/etching-group\/partnership\/","og_site_name":"micrometal","article_modified_time":"2022-06-09T10:18:14+00:00","twitter_card":"summary_large_image","twitter_misc":{"Est. reading time":"1 minute"},"schema":{"@context":"https:\/\/schema.org","@graph":[{"@type":"WebPage","@id":"https:\/\/www.micrometal.de\/en\/etching-group\/partnership\/","url":"https:\/\/www.micrometal.de\/en\/etching-group\/partnership\/","name":"Partnership - micrometal","isPartOf":{"@id":"https:\/\/www.micrometal.de\/en\/#website"},"datePublished":"2021-04-27T10:51:40+00:00","dateModified":"2022-06-09T10:18:14+00:00","breadcrumb":{"@id":"https:\/\/www.micrometal.de\/en\/etching-group\/partnership\/#breadcrumb"},"inLanguage":"en-US","potentialAction":[{"@type":"ReadAction","target":["https:\/\/www.micrometal.de\/en\/etching-group\/partnership\/"]}]},{"@type":"BreadcrumbList","@id":"https:\/\/www.micrometal.de\/en\/etching-group\/partnership\/#breadcrumb","itemListElement":[{"@type":"ListItem","position":1,"name":"Home","item":"https:\/\/www.micrometal.de\/en\/"},{"@type":"ListItem","position":2,"name":"Etching Group","item":"https:\/\/www.micrometal.de\/en\/etching-group\/"},{"@type":"ListItem","position":3,"name":"Partnership"}]},{"@type":"WebSite","@id":"https:\/\/www.micrometal.de\/en\/#website","url":"https:\/\/www.micrometal.de\/en\/","name":"micrometal","description":"Metall \u00e4tzen in h\u00f6chster Pr\u00e4zision","potentialAction":[{"@type":"SearchAction","target":{"@type":"EntryPoint","urlTemplate":"https:\/\/www.micrometal.de\/en\/?s={search_term_string}"},"query-input":{"@type":"PropertyValueSpecification","valueRequired":true,"valueName":"search_term_string"}}],"inLanguage":"en-US"}]}},"_links":{"self":[{"href":"https:\/\/www.micrometal.de\/en\/wp-json\/wp\/v2\/pages\/6136","targetHints":{"allow":["GET"]}}],"collection":[{"href":"https:\/\/www.micrometal.de\/en\/wp-json\/wp\/v2\/pages"}],"about":[{"href":"https:\/\/www.micrometal.de\/en\/wp-json\/wp\/v2\/types\/page"}],"author":[{"embeddable":true,"href":"https:\/\/www.micrometal.de\/en\/wp-json\/wp\/v2\/users\/4"}],"replies":[{"embeddable":true,"href":"https:\/\/www.micrometal.de\/en\/wp-json\/wp\/v2\/comments?post=6136"}],"version-history":[{"count":6,"href":"https:\/\/www.micrometal.de\/en\/wp-json\/wp\/v2\/pages\/6136\/revisions"}],"predecessor-version":[{"id":17477,"href":"https:\/\/www.micrometal.de\/en\/wp-json\/wp\/v2\/pages\/6136\/revisions\/17477"}],"up":[{"embeddable":true,"href":"https:\/\/www.micrometal.de\/en\/wp-json\/wp\/v2\/pages\/6111"}],"wp:attachment":[{"href":"https:\/\/www.micrometal.de\/en\/wp-json\/wp\/v2\/media?parent=6136"}],"curies":[{"name":"wp","href":"https:\/\/api.w.org\/{rel}","templated":true}]}}