{"id":6149,"date":"2021-04-27T13:37:27","date_gmt":"2021-04-27T11:37:27","guid":{"rendered":"https:\/\/micrometal.wickeder.wickeder.de\/3-companies\/the-team\/"},"modified":"2022-06-09T12:18:56","modified_gmt":"2022-06-09T10:18:56","slug":"the-team","status":"publish","type":"page","link":"https:\/\/www.micrometal.de\/en\/etching-group\/the-team\/","title":{"rendered":"The team"},"content":{"rendered":"\t\t<div data-elementor-type=\"wp-page\" data-elementor-id=\"6149\" class=\"elementor elementor-6149\" data-elementor-post-type=\"page\">\n\t\t\t\t\t\t<section class=\"elementor-section elementor-top-section elementor-element elementor-element-7fb67cf3 elementor-section-full_width elementor-section-height-default elementor-section-height-default\" data-id=\"7fb67cf3\" data-element_type=\"section\" data-e-type=\"section\">\n\t\t\t\t\t\t<div class=\"elementor-container elementor-column-gap-no\">\n\t\t\t\t\t<div class=\"elementor-column elementor-col-100 elementor-top-column elementor-element elementor-element-8eff1f5\" data-id=\"8eff1f5\" data-element_type=\"column\" data-e-type=\"column\">\n\t\t\t<div class=\"elementor-widget-wrap elementor-element-populated\">\n\t\t\t\t\t\t<div class=\"elementor-element elementor-element-5cac1c95 elementor-widget elementor-widget-standort_gross\" data-id=\"5cac1c95\" data-element_type=\"widget\" data-e-type=\"widget\" data-widget_type=\"standort_gross.default\">\n\t\t\t\t<div class=\"elementor-widget-container\">\n\t\t\t\t\t    \n      <div class=\"standort_gross img_rechts\">\n\n        \n        <div class=\"standort_gross-content\">\n          <div class=\"standort_gross-content-inner\">\n            <div class=\"standort_gross-content-padding\">\n\t            \n\t            \n                                <div class=\"elementor-element elementor-widget elementor-widget-heading\" data-element_type=\"widget\" data-widget_type=\"heading.default\">\n                  <div class=\"elementor-widget-container\">\n                    <h2 class=\"elementor-heading-title elementor-size-default\">People make the difference<\/h2>\n                  <\/div>\n                <\/div>\n                \n                                <div class=\"elementor-element elementor-widget elementor-widget-text-editor\"><p>At several locations throughout Europe, the \"Etching Group\" has a large and experienced team in the field of precision metal part manufacturing. This team has unparalleled expertise in design, materials, photochemistry, digital tooling creation, metrology and validation, mass production of metal parts and quality control.<\/p>\n<\/div>\n                \n                            <\/div>\n          <\/div>\n        <\/div>\n\n        \n            <div class=\"standort_gross-image mobile_hide\" style=\"background: url(https:\/\/www.micrometal.de\/wp-content\/uploads\/sites\/5\/2021\/03\/KARRIERE-2560-2252.jpg);\">\n            \t              \t\t<img decoding=\"async\" alt=\"\" src=\"https:\/\/www.micrometal.de\/wp-content\/uploads\/sites\/5\/2021\/03\/KARRIERE-2560-2252.jpg\">\n              \t            <\/div>\n\n        \n      <\/div>\n    \n    \t\t\t\t<\/div>\n\t\t\t\t<\/div>\n\t\t\t\t\t<\/div>\n\t\t<\/div>\n\t\t\t\t\t<\/div>\n\t\t<\/section>\n\t\t\t\t<section class=\"elementor-section elementor-top-section elementor-element elementor-element-c2104 elementor-section-full_width elementor-section-height-min-height elementor-section-height-default elementor-section-items-middle\" data-id=\"c2104\" data-element_type=\"section\" data-e-type=\"section\">\n\t\t\t\t\t\t<div class=\"elementor-container elementor-column-gap-no\">\n\t\t\t\t\t<div class=\"elementor-column elementor-col-100 elementor-top-column elementor-element elementor-element-1f1031ff\" data-id=\"1f1031ff\" data-element_type=\"column\" data-e-type=\"column\">\n\t\t\t<div class=\"elementor-widget-wrap elementor-element-populated\">\n\t\t\t\t\t\t<div class=\"elementor-element elementor-element-4f5aa206 elementor-widget elementor-widget-standort_gross\" data-id=\"4f5aa206\" data-element_type=\"widget\" data-e-type=\"widget\" data-widget_type=\"standort_gross.default\">\n\t\t\t\t<div class=\"elementor-widget-container\">\n\t\t\t\t\t    \n      <div class=\"standort_gross \">\n\n        \n            <div class=\"standort_gross-image mobile_hide\" style=\"background: url(https:\/\/www.micrometal.de\/wp-content\/uploads\/sites\/5\/2021\/04\/team.jpg);\">\n            \t              \t\t<img decoding=\"async\" alt=\"\" src=\"https:\/\/www.micrometal.de\/wp-content\/uploads\/sites\/5\/2021\/04\/team.jpg\">\n              \t            <\/div>\n\n        \n        <div class=\"standort_gross-content\">\n          <div class=\"standort_gross-content-inner\">\n            <div class=\"standort_gross-content-padding\">\n\t            \n\t            \n                                <div class=\"elementor-element elementor-widget elementor-widget-heading\" data-element_type=\"widget\" data-widget_type=\"heading.default\">\n                  <div class=\"elementor-widget-container\">\n                    <h2 class=\"elementor-heading-title elementor-size-default\">Trust and tenacity<\/h2>\n                  <\/div>\n                <\/div>\n                \n                                <div class=\"elementor-element elementor-widget elementor-widget-text-editor\"><p>Trust and tenacity are the buzzwords that describe each member of the team, both important qualities when we work as your strategic partner in product development. Combined with our experience and extensive knowledge, it is no surprise that micrometal, HP Etch and Etchform are synonymous with achieving the impossible and producing cutting-edge innovative products.<\/p>\n<\/div>\n                \n                            <\/div>\n          <\/div>\n        <\/div>\n\n        \n      <\/div>\n    \n    \t\t\t\t<\/div>\n\t\t\t\t<\/div>\n\t\t\t\t\t<\/div>\n\t\t<\/div>\n\t\t\t\t\t<\/div>\n\t\t<\/section>\n\t\t\t\t<section class=\"elementor-section elementor-top-section elementor-element elementor-element-f473d9f elementor-section-boxed elementor-section-height-default elementor-section-height-default\" data-id=\"f473d9f\" data-element_type=\"section\" data-e-type=\"section\">\n\t\t\t\t\t\t<div class=\"elementor-container elementor-column-gap-default\">\n\t\t\t\t\t<div class=\"elementor-column elementor-col-100 elementor-top-column elementor-element elementor-element-33ffe8a1\" data-id=\"33ffe8a1\" data-element_type=\"column\" data-e-type=\"column\">\n\t\t\t<div class=\"elementor-widget-wrap elementor-element-populated\">\n\t\t\t\t\t\t<div class=\"elementor-element elementor-element-37638058 elementor-widget elementor-widget-spacer\" data-id=\"37638058\" data-element_type=\"widget\" data-e-type=\"widget\" data-widget_type=\"spacer.default\">\n\t\t\t\t<div class=\"elementor-widget-container\">\n\t\t\t\t\t\t\t<div class=\"elementor-spacer\">\n\t\t\t<div class=\"elementor-spacer-inner\"><\/div>\n\t\t<\/div>\n\t\t\t\t\t\t<\/div>\n\t\t\t\t<\/div>\n\t\t\t\t\t<\/div>\n\t\t<\/div>\n\t\t\t\t\t<\/div>\n\t\t<\/section>\n\t\t\t\t<\/div>\n\t\t","protected":false},"excerpt":{"rendered":"<p>People make the difference At several locations throughout Europe, the &#8220;Etching Group&#8221; has a large and experienced team in the field of precision metal part manufacturing. This team has unparalleled expertise in design, materials, photochemistry, digital tooling creation, metrology and validation, mass production of metal parts and quality control. Trust and tenacity Trust and tenacity [&hellip;]<\/p>\n","protected":false},"author":4,"featured_media":0,"parent":6111,"menu_order":0,"comment_status":"closed","ping_status":"closed","template":"","meta":{"footnotes":""},"class_list":["post-6149","page","type-page","status-publish","hentry"],"yoast_head":"<!-- This site is optimized with the Yoast SEO plugin v27.3 - https:\/\/yoast.com\/product\/yoast-seo-wordpress\/ -->\n<title>The team - micrometal<\/title>\n<meta name=\"robots\" content=\"noindex, nofollow\" \/>\n<meta property=\"og:locale\" content=\"en_US\" \/>\n<meta property=\"og:type\" content=\"article\" \/>\n<meta property=\"og:title\" content=\"The team - micrometal\" \/>\n<meta property=\"og:description\" content=\"People make the difference At several locations throughout Europe, the &#8220;Etching Group&#8221; has a large and experienced team in the field of precision metal part manufacturing. This team has unparalleled expertise in design, materials, photochemistry, digital tooling creation, metrology and validation, mass production of metal parts and quality control. Trust and tenacity Trust and tenacity [&hellip;]\" \/>\n<meta property=\"og:url\" content=\"https:\/\/www.micrometal.de\/en\/etching-group\/the-team\/\" \/>\n<meta property=\"og:site_name\" content=\"micrometal\" \/>\n<meta property=\"article:modified_time\" content=\"2022-06-09T10:18:56+00:00\" \/>\n<meta property=\"og:image\" content=\"https:\/\/micrometal.wickeder.wickeder.de\/wp-content\/uploads\/sites\/5\/2021\/03\/KARRIERE-2560-2252.jpg\" \/>\n<meta name=\"twitter:card\" content=\"summary_large_image\" \/>\n<meta name=\"twitter:label1\" content=\"Est. reading time\" \/>\n\t<meta name=\"twitter:data1\" content=\"1 minute\" \/>\n<script type=\"application\/ld+json\" class=\"yoast-schema-graph\">{\"@context\":\"https:\\\/\\\/schema.org\",\"@graph\":[{\"@type\":\"WebPage\",\"@id\":\"https:\\\/\\\/www.micrometal.de\\\/en\\\/etching-group\\\/the-team\\\/\",\"url\":\"https:\\\/\\\/www.micrometal.de\\\/en\\\/etching-group\\\/the-team\\\/\",\"name\":\"The team - micrometal\",\"isPartOf\":{\"@id\":\"https:\\\/\\\/www.micrometal.de\\\/en\\\/#website\"},\"primaryImageOfPage\":{\"@id\":\"https:\\\/\\\/www.micrometal.de\\\/en\\\/etching-group\\\/the-team\\\/#primaryimage\"},\"image\":{\"@id\":\"https:\\\/\\\/www.micrometal.de\\\/en\\\/etching-group\\\/the-team\\\/#primaryimage\"},\"thumbnailUrl\":\"https:\\\/\\\/micrometal.wickeder.wickeder.de\\\/wp-content\\\/uploads\\\/sites\\\/5\\\/2021\\\/03\\\/KARRIERE-2560-2252.jpg\",\"datePublished\":\"2021-04-27T11:37:27+00:00\",\"dateModified\":\"2022-06-09T10:18:56+00:00\",\"breadcrumb\":{\"@id\":\"https:\\\/\\\/www.micrometal.de\\\/en\\\/etching-group\\\/the-team\\\/#breadcrumb\"},\"inLanguage\":\"en-US\",\"potentialAction\":[{\"@type\":\"ReadAction\",\"target\":[\"https:\\\/\\\/www.micrometal.de\\\/en\\\/etching-group\\\/the-team\\\/\"]}]},{\"@type\":\"ImageObject\",\"inLanguage\":\"en-US\",\"@id\":\"https:\\\/\\\/www.micrometal.de\\\/en\\\/etching-group\\\/the-team\\\/#primaryimage\",\"url\":\"https:\\\/\\\/micrometal.wickeder.wickeder.de\\\/wp-content\\\/uploads\\\/sites\\\/5\\\/2021\\\/03\\\/KARRIERE-2560-2252.jpg\",\"contentUrl\":\"https:\\\/\\\/micrometal.wickeder.wickeder.de\\\/wp-content\\\/uploads\\\/sites\\\/5\\\/2021\\\/03\\\/KARRIERE-2560-2252.jpg\"},{\"@type\":\"BreadcrumbList\",\"@id\":\"https:\\\/\\\/www.micrometal.de\\\/en\\\/etching-group\\\/the-team\\\/#breadcrumb\",\"itemListElement\":[{\"@type\":\"ListItem\",\"position\":1,\"name\":\"Home\",\"item\":\"https:\\\/\\\/www.micrometal.de\\\/en\\\/\"},{\"@type\":\"ListItem\",\"position\":2,\"name\":\"Etching Group\",\"item\":\"https:\\\/\\\/www.micrometal.de\\\/en\\\/etching-group\\\/\"},{\"@type\":\"ListItem\",\"position\":3,\"name\":\"The team\"}]},{\"@type\":\"WebSite\",\"@id\":\"https:\\\/\\\/www.micrometal.de\\\/en\\\/#website\",\"url\":\"https:\\\/\\\/www.micrometal.de\\\/en\\\/\",\"name\":\"micrometal\",\"description\":\"Metall \u00e4tzen in h\u00f6chster Pr\u00e4zision\",\"potentialAction\":[{\"@type\":\"SearchAction\",\"target\":{\"@type\":\"EntryPoint\",\"urlTemplate\":\"https:\\\/\\\/www.micrometal.de\\\/en\\\/?s={search_term_string}\"},\"query-input\":{\"@type\":\"PropertyValueSpecification\",\"valueRequired\":true,\"valueName\":\"search_term_string\"}}],\"inLanguage\":\"en-US\"}]}<\/script>\n<!-- \/ Yoast SEO plugin. -->","yoast_head_json":{"title":"The team - micrometal","robots":{"index":"noindex","follow":"nofollow"},"og_locale":"en_US","og_type":"article","og_title":"The team - micrometal","og_description":"People make the difference At several locations throughout Europe, the &#8220;Etching Group&#8221; has a large and experienced team in the field of precision metal part manufacturing. This team has unparalleled expertise in design, materials, photochemistry, digital tooling creation, metrology and validation, mass production of metal parts and quality control. Trust and tenacity Trust and tenacity [&hellip;]","og_url":"https:\/\/www.micrometal.de\/en\/etching-group\/the-team\/","og_site_name":"micrometal","article_modified_time":"2022-06-09T10:18:56+00:00","og_image":[{"url":"https:\/\/micrometal.wickeder.wickeder.de\/wp-content\/uploads\/sites\/5\/2021\/03\/KARRIERE-2560-2252.jpg","type":"","width":"","height":""}],"twitter_card":"summary_large_image","twitter_misc":{"Est. reading time":"1 minute"},"schema":{"@context":"https:\/\/schema.org","@graph":[{"@type":"WebPage","@id":"https:\/\/www.micrometal.de\/en\/etching-group\/the-team\/","url":"https:\/\/www.micrometal.de\/en\/etching-group\/the-team\/","name":"The team - micrometal","isPartOf":{"@id":"https:\/\/www.micrometal.de\/en\/#website"},"primaryImageOfPage":{"@id":"https:\/\/www.micrometal.de\/en\/etching-group\/the-team\/#primaryimage"},"image":{"@id":"https:\/\/www.micrometal.de\/en\/etching-group\/the-team\/#primaryimage"},"thumbnailUrl":"https:\/\/micrometal.wickeder.wickeder.de\/wp-content\/uploads\/sites\/5\/2021\/03\/KARRIERE-2560-2252.jpg","datePublished":"2021-04-27T11:37:27+00:00","dateModified":"2022-06-09T10:18:56+00:00","breadcrumb":{"@id":"https:\/\/www.micrometal.de\/en\/etching-group\/the-team\/#breadcrumb"},"inLanguage":"en-US","potentialAction":[{"@type":"ReadAction","target":["https:\/\/www.micrometal.de\/en\/etching-group\/the-team\/"]}]},{"@type":"ImageObject","inLanguage":"en-US","@id":"https:\/\/www.micrometal.de\/en\/etching-group\/the-team\/#primaryimage","url":"https:\/\/micrometal.wickeder.wickeder.de\/wp-content\/uploads\/sites\/5\/2021\/03\/KARRIERE-2560-2252.jpg","contentUrl":"https:\/\/micrometal.wickeder.wickeder.de\/wp-content\/uploads\/sites\/5\/2021\/03\/KARRIERE-2560-2252.jpg"},{"@type":"BreadcrumbList","@id":"https:\/\/www.micrometal.de\/en\/etching-group\/the-team\/#breadcrumb","itemListElement":[{"@type":"ListItem","position":1,"name":"Home","item":"https:\/\/www.micrometal.de\/en\/"},{"@type":"ListItem","position":2,"name":"Etching Group","item":"https:\/\/www.micrometal.de\/en\/etching-group\/"},{"@type":"ListItem","position":3,"name":"The team"}]},{"@type":"WebSite","@id":"https:\/\/www.micrometal.de\/en\/#website","url":"https:\/\/www.micrometal.de\/en\/","name":"micrometal","description":"Metall \u00e4tzen in h\u00f6chster Pr\u00e4zision","potentialAction":[{"@type":"SearchAction","target":{"@type":"EntryPoint","urlTemplate":"https:\/\/www.micrometal.de\/en\/?s={search_term_string}"},"query-input":{"@type":"PropertyValueSpecification","valueRequired":true,"valueName":"search_term_string"}}],"inLanguage":"en-US"}]}},"_links":{"self":[{"href":"https:\/\/www.micrometal.de\/en\/wp-json\/wp\/v2\/pages\/6149","targetHints":{"allow":["GET"]}}],"collection":[{"href":"https:\/\/www.micrometal.de\/en\/wp-json\/wp\/v2\/pages"}],"about":[{"href":"https:\/\/www.micrometal.de\/en\/wp-json\/wp\/v2\/types\/page"}],"author":[{"embeddable":true,"href":"https:\/\/www.micrometal.de\/en\/wp-json\/wp\/v2\/users\/4"}],"replies":[{"embeddable":true,"href":"https:\/\/www.micrometal.de\/en\/wp-json\/wp\/v2\/comments?post=6149"}],"version-history":[{"count":2,"href":"https:\/\/www.micrometal.de\/en\/wp-json\/wp\/v2\/pages\/6149\/revisions"}],"predecessor-version":[{"id":17478,"href":"https:\/\/www.micrometal.de\/en\/wp-json\/wp\/v2\/pages\/6149\/revisions\/17478"}],"up":[{"embeddable":true,"href":"https:\/\/www.micrometal.de\/en\/wp-json\/wp\/v2\/pages\/6111"}],"wp:attachment":[{"href":"https:\/\/www.micrometal.de\/en\/wp-json\/wp\/v2\/media?parent=6149"}],"curies":[{"name":"wp","href":"https:\/\/api.w.org\/{rel}","templated":true}]}}