{"id":6272,"date":"2021-05-03T09:52:23","date_gmt":"2021-05-03T07:52:23","guid":{"rendered":"https:\/\/micrometal.wickeder.wickeder.de\/copper-copper-alloys-and-claddings\/"},"modified":"2024-03-20T10:53:22","modified_gmt":"2024-03-20T09:53:22","slug":"copper-copper-alloys-and-claddings","status":"publish","type":"page","link":"https:\/\/www.micrometal.de\/en\/service-portfolio\/materials\/copper-copper-alloys-and-claddings\/","title":{"rendered":"Copper, copper alloys and claddings"},"content":{"rendered":"\t\t<div data-elementor-type=\"wp-page\" data-elementor-id=\"6272\" class=\"elementor elementor-6272 elementor-1518\" data-elementor-post-type=\"page\">\n\t\t\t\t\t\t<section class=\"elementor-section elementor-top-section elementor-element elementor-element-7786433b elementor-section-full_width elementor-section-height-default elementor-section-height-default\" data-id=\"7786433b\" data-element_type=\"section\" data-e-type=\"section\">\n\t\t\t\t\t\t<div class=\"elementor-container elementor-column-gap-no\">\n\t\t\t\t\t<div class=\"elementor-column elementor-col-100 elementor-top-column elementor-element elementor-element-6baf55bd\" data-id=\"6baf55bd\" data-element_type=\"column\" data-e-type=\"column\">\n\t\t\t<div class=\"elementor-widget-wrap elementor-element-populated\">\n\t\t\t\t\t\t<div class=\"elementor-element elementor-element-3492a190 elementor-widget elementor-widget-standort_gross\" data-id=\"3492a190\" data-element_type=\"widget\" data-e-type=\"widget\" data-widget_type=\"standort_gross.default\">\n\t\t\t\t<div class=\"elementor-widget-container\">\n\t\t\t\t\t    \n      <div class=\"standort_gross \">\n\n        \n            <div class=\"standort_gross-image mobile_hide\" style=\"background: url(https:\/\/www.micrometal.de\/wp-content\/uploads\/sites\/5\/2020\/09\/copper_etching.jpg);\">\n            \t              \t\t<img decoding=\"async\" alt=\"\" src=\"https:\/\/www.micrometal.de\/wp-content\/uploads\/sites\/5\/2020\/09\/copper_etching.jpg\">\n              \t            <\/div>\n\n        \n        <div class=\"standort_gross-content\">\n          <div class=\"standort_gross-content-inner\">\n            <div class=\"standort_gross-content-padding\">\n\t            \n\t            \n                                <div class=\"elementor-element elementor-widget elementor-widget-heading\" data-element_type=\"widget\" data-widget_type=\"heading.default\">\n                  <div class=\"elementor-widget-container\">\n                    <h2 class=\"elementor-heading-title elementor-size-default\">Copper and copper alloy etching<\/h2>\n                  <\/div>\n                <\/div>\n                \n                                <div class=\"elementor-element elementor-widget elementor-widget-text-editor\"><p>Superior conductivity of electric current and heat combined with the low cost (compared to e.g. silver) makes copper the metal of choice for many applications in micro-electronics as well as in the printed circuit board sector.<\/p>\n<p>Typical examples of Cu alloys etched by us:<\/p>\n<ul>\n<li>CuSn6 (C51900)<\/li>\n<li>Cu-PHC (K14, C10300)<\/li>\n<li>CuFe2P (K65, C19400)<\/li>\n<\/ul>\n<p><\/p>\n<p>Other copper alloys such as copper beryllium, brass, bronze and nickel silver can also be etched and are used mainly for their mechanical and electrical properties.<\/p>\n<\/div>\n                \n                            <\/div>\n          <\/div>\n        <\/div>\n\n        \n      <\/div>\n    \n    \t\t\t\t<\/div>\n\t\t\t\t<\/div>\n\t\t\t\t\t<\/div>\n\t\t<\/div>\n\t\t\t\t\t<\/div>\n\t\t<\/section>\n\t\t\t\t<section class=\"elementor-section elementor-top-section elementor-element elementor-element-e904bb0 elementor-section-full_width elementor-section-height-default elementor-section-height-default\" data-id=\"e904bb0\" data-element_type=\"section\" data-e-type=\"section\">\n\t\t\t\t\t\t<div class=\"elementor-container elementor-column-gap-no\">\n\t\t\t\t\t<div class=\"elementor-column elementor-col-100 elementor-top-column elementor-element elementor-element-3c2c396d\" data-id=\"3c2c396d\" data-element_type=\"column\" data-e-type=\"column\">\n\t\t\t<div class=\"elementor-widget-wrap elementor-element-populated\">\n\t\t\t\t\t\t<div class=\"elementor-element elementor-element-157294bf elementor-widget elementor-widget-standort_gross\" data-id=\"157294bf\" data-element_type=\"widget\" data-e-type=\"widget\" data-widget_type=\"standort_gross.default\">\n\t\t\t\t<div class=\"elementor-widget-container\">\n\t\t\t\t\t    \n      <div class=\"standort_gross img_rechts\">\n\n        \n        <div class=\"standort_gross-content\">\n          <div class=\"standort_gross-content-inner\">\n            <div class=\"standort_gross-content-padding\">\n\t            \n\t            \n                                <div class=\"elementor-element elementor-widget elementor-widget-heading\" data-element_type=\"widget\" data-widget_type=\"heading.default\">\n                  <div class=\"elementor-widget-container\">\n                    <h2 class=\"elementor-heading-title elementor-size-default\">Composite \/ Clad Material<\/h2>\n                  <\/div>\n                <\/div>\n                \n                                <div class=\"elementor-element elementor-widget elementor-widget-text-editor\"><p>Composite materials have the advantage of combining the advantages of a wide variety of materials in a tailor-made way. A multitude of combinations, also in several layers and several materials, e.g. <a href=\"https:\/\/www.wickeder-group.de\/branchenloesungen\/batteriemanagement\/#\" target=\"_blank\" rel=\"noopener\">SigmaClad<\/a> ((Ni\/stainless steel\/Cu\/stainless steel\/Ni) in different thicknesses and layer thicknesses are possible.<\/p><p>A composite of stainless steel and copper combines the conductivity of copper with the strength of steel.<\/p><p><strong>Advantages of etchable clad material (stainless steel - copper)<\/strong>:<\/p><ul class=\"csc-bulletlist csc-bulletlist-0\"><li class=\"odd\">Strength increase compared to copper<\/li><li class=\"even\">Lower specific weight than copper<\/li><li class=\"odd\">Ferromagnetic properties<\/li><li class=\"even\">Improved electrical conductivity<\/li><li class=\"odd\">Improved thermal conductivity<\/li><li class=\"even\">Improved solderability<\/li><li class=\"odd\">Improved corrosion protection<\/li><li class=\"even\">Decorative appearance<\/li><\/ul><\/div>\n                \n                            <\/div>\n          <\/div>\n        <\/div>\n\n        \n            <div class=\"standort_gross-image mobile_hide\" style=\"background: url(https:\/\/www.micrometal.de\/wp-content\/uploads\/sites\/5\/2020\/09\/copper_stainlesssteel_cladmaterial_etching.jpg);\">\n            \t              \t\t<img decoding=\"async\" alt=\"\" src=\"https:\/\/www.micrometal.de\/wp-content\/uploads\/sites\/5\/2020\/09\/copper_stainlesssteel_cladmaterial_etching.jpg\">\n              \t            <\/div>\n\n        \n      <\/div>\n    \n    \t\t\t\t<\/div>\n\t\t\t\t<\/div>\n\t\t\t\t\t<\/div>\n\t\t<\/div>\n\t\t\t\t\t<\/div>\n\t\t<\/section>\n\t\t\t\t<section class=\"elementor-section elementor-top-section elementor-element elementor-element-5bd10ffd elementor-section-full_width elementor-section-height-min-height elementor-section-height-default elementor-section-items-middle\" data-id=\"5bd10ffd\" data-element_type=\"section\" data-e-type=\"section\">\n\t\t\t\t\t\t<div class=\"elementor-container elementor-column-gap-no\">\n\t\t\t\t\t<div class=\"elementor-column elementor-col-100 elementor-top-column elementor-element elementor-element-523919ef\" data-id=\"523919ef\" data-element_type=\"column\" data-e-type=\"column\">\n\t\t\t<div class=\"elementor-widget-wrap elementor-element-populated\">\n\t\t\t\t\t\t<div class=\"elementor-element elementor-element-25818984 elementor-widget elementor-widget-standort_gross\" data-id=\"25818984\" data-element_type=\"widget\" data-e-type=\"widget\" data-widget_type=\"standort_gross.default\">\n\t\t\t\t<div class=\"elementor-widget-container\">\n\t\t\t\t\t    \n      <div class=\"standort_gross \">\n\n        \n            <div class=\"standort_gross-image mobile_hide\" style=\"background: url(https:\/\/www.micrometal.de\/wp-content\/uploads\/sites\/5\/2020\/09\/Automobile-Einstiegleiste-384-190.jpg);\">\n            \t              \t\t<img decoding=\"async\" alt=\"\" src=\"https:\/\/www.micrometal.de\/wp-content\/uploads\/sites\/5\/2020\/09\/Automobile-Einstiegleiste-384-190.jpg\">\n              \t            <\/div>\n\n        \n        <div class=\"standort_gross-content\">\n          <div class=\"standort_gross-content-inner\">\n            <div class=\"standort_gross-content-padding\">\n\t            \n\t            \n                                <div class=\"elementor-element elementor-widget elementor-widget-heading\" data-element_type=\"widget\" data-widget_type=\"heading.default\">\n                  <div class=\"elementor-widget-container\">\n                    <h2 class=\"elementor-heading-title elementor-size-default\">Typical applications for copper and copper claddings:<\/h2>\n                  <\/div>\n                <\/div>\n                \n                                <div class=\"elementor-element elementor-widget elementor-widget-text-editor\"><ul>\n<li>Filters, screens, grids, springs, joints and membranes<\/li>\n<li>Interior trim for automobiles<\/li>\n<li>EMI\/RFI shielding<\/li>\n<li>Microneedles, blades, lancets, surgical instruments<\/li>\n<li>Interior equipment for cars<\/li>\n<li>Fuel cell plates, bipolar plates,...<\/li>\n<\/ul>\n<\/div>\n                \n                            <\/div>\n          <\/div>\n        <\/div>\n\n        \n      <\/div>\n    \n    \t\t\t\t<\/div>\n\t\t\t\t<\/div>\n\t\t\t\t\t<\/div>\n\t\t<\/div>\n\t\t\t\t\t<\/div>\n\t\t<\/section>\n\t\t\t\t<\/div>\n\t\t","protected":false},"excerpt":{"rendered":"<p>Copper and copper alloy etching Superior conductivity of electric current and heat combined with the low cost (compared to e.g. silver) makes copper the metal of choice for many applications in micro-electronics as well as in the printed circuit board sector. Typical examples of Cu alloys etched by us: CuSn6 (C51900) Cu-PHC (K14, C10300) CuFe2P [&hellip;]<\/p>\n","protected":false},"author":5,"featured_media":0,"parent":7411,"menu_order":0,"comment_status":"closed","ping_status":"closed","template":"","meta":{"footnotes":""},"class_list":["post-6272","page","type-page","status-publish","hentry"],"yoast_head":"<!-- This site is optimized with the Yoast SEO plugin v27.5 - https:\/\/yoast.com\/product\/yoast-seo-wordpress\/ -->\n<title>Etching of Copper, Copper Alloys &amp; Cladding Material - micrometal<\/title>\n<meta name=\"robots\" content=\"index, follow, max-snippet:-1, max-image-preview:large, max-video-preview:-1\" \/>\n<link rel=\"canonical\" href=\"https:\/\/www.micrometal.de\/en\/service-portfolio\/materials\/copper-copper-alloys-and-claddings\/\" \/>\n<meta property=\"og:locale\" content=\"en_US\" \/>\n<meta property=\"og:type\" content=\"article\" \/>\n<meta property=\"og:title\" content=\"Etching of Copper, Copper Alloys &amp; Cladding Material - micrometal\" \/>\n<meta property=\"og:description\" content=\"Copper and copper alloy etching Superior conductivity of electric current and heat combined with the low cost (compared to e.g. silver) makes copper the metal of choice for many applications in micro-electronics as well as in the printed circuit board sector. Typical examples of Cu alloys etched by us: CuSn6 (C51900) Cu-PHC (K14, C10300) CuFe2P [&hellip;]\" \/>\n<meta property=\"og:url\" content=\"https:\/\/www.micrometal.de\/en\/service-portfolio\/materials\/copper-copper-alloys-and-claddings\/\" \/>\n<meta property=\"og:site_name\" content=\"micrometal\" \/>\n<meta property=\"article:modified_time\" content=\"2024-03-20T09:53:22+00:00\" \/>\n<meta property=\"og:image\" content=\"https:\/\/www.micrometal.de\/wp-content\/uploads\/sites\/5\/2020\/09\/copper_etching.jpg\" \/>\n<meta name=\"twitter:card\" content=\"summary_large_image\" \/>\n<meta name=\"twitter:label1\" content=\"Est. reading time\" \/>\n\t<meta name=\"twitter:data1\" content=\"3 minutes\" \/>\n<script type=\"application\/ld+json\" class=\"yoast-schema-graph\">{\"@context\":\"https:\\\/\\\/schema.org\",\"@graph\":[{\"@type\":\"WebPage\",\"@id\":\"https:\\\/\\\/www.micrometal.de\\\/en\\\/service-portfolio\\\/materials\\\/copper-copper-alloys-and-claddings\\\/\",\"url\":\"https:\\\/\\\/www.micrometal.de\\\/en\\\/service-portfolio\\\/materials\\\/copper-copper-alloys-and-claddings\\\/\",\"name\":\"Etching of Copper, Copper Alloys & Cladding Material - micrometal\",\"isPartOf\":{\"@id\":\"https:\\\/\\\/www.micrometal.de\\\/en\\\/#website\"},\"primaryImageOfPage\":{\"@id\":\"https:\\\/\\\/www.micrometal.de\\\/en\\\/service-portfolio\\\/materials\\\/copper-copper-alloys-and-claddings\\\/#primaryimage\"},\"image\":{\"@id\":\"https:\\\/\\\/www.micrometal.de\\\/en\\\/service-portfolio\\\/materials\\\/copper-copper-alloys-and-claddings\\\/#primaryimage\"},\"thumbnailUrl\":\"https:\\\/\\\/www.micrometal.de\\\/wp-content\\\/uploads\\\/sites\\\/5\\\/2020\\\/09\\\/copper_etching.jpg\",\"datePublished\":\"2021-05-03T07:52:23+00:00\",\"dateModified\":\"2024-03-20T09:53:22+00:00\",\"breadcrumb\":{\"@id\":\"https:\\\/\\\/www.micrometal.de\\\/en\\\/service-portfolio\\\/materials\\\/copper-copper-alloys-and-claddings\\\/#breadcrumb\"},\"inLanguage\":\"en-US\",\"potentialAction\":[{\"@type\":\"ReadAction\",\"target\":[\"https:\\\/\\\/www.micrometal.de\\\/en\\\/service-portfolio\\\/materials\\\/copper-copper-alloys-and-claddings\\\/\"]}]},{\"@type\":\"ImageObject\",\"inLanguage\":\"en-US\",\"@id\":\"https:\\\/\\\/www.micrometal.de\\\/en\\\/service-portfolio\\\/materials\\\/copper-copper-alloys-and-claddings\\\/#primaryimage\",\"url\":\"https:\\\/\\\/www.micrometal.de\\\/wp-content\\\/uploads\\\/sites\\\/5\\\/2020\\\/09\\\/copper_etching.jpg\",\"contentUrl\":\"https:\\\/\\\/www.micrometal.de\\\/wp-content\\\/uploads\\\/sites\\\/5\\\/2020\\\/09\\\/copper_etching.jpg\"},{\"@type\":\"BreadcrumbList\",\"@id\":\"https:\\\/\\\/www.micrometal.de\\\/en\\\/service-portfolio\\\/materials\\\/copper-copper-alloys-and-claddings\\\/#breadcrumb\",\"itemListElement\":[{\"@type\":\"ListItem\",\"position\":1,\"name\":\"Home\",\"item\":\"https:\\\/\\\/www.micrometal.de\\\/en\\\/\"},{\"@type\":\"ListItem\",\"position\":2,\"name\":\"Service Portfolio\",\"item\":\"https:\\\/\\\/www.micrometal.de\\\/en\\\/service-portfolio\\\/\"},{\"@type\":\"ListItem\",\"position\":3,\"name\":\"Etching of various materials\",\"item\":\"https:\\\/\\\/www.micrometal.de\\\/en\\\/service-portfolio\\\/materials\\\/\"},{\"@type\":\"ListItem\",\"position\":4,\"name\":\"Copper, copper alloys and claddings\"}]},{\"@type\":\"WebSite\",\"@id\":\"https:\\\/\\\/www.micrometal.de\\\/en\\\/#website\",\"url\":\"https:\\\/\\\/www.micrometal.de\\\/en\\\/\",\"name\":\"micrometal\",\"description\":\"Metall \u00e4tzen in h\u00f6chster Pr\u00e4zision\",\"potentialAction\":[{\"@type\":\"SearchAction\",\"target\":{\"@type\":\"EntryPoint\",\"urlTemplate\":\"https:\\\/\\\/www.micrometal.de\\\/en\\\/?s={search_term_string}\"},\"query-input\":{\"@type\":\"PropertyValueSpecification\",\"valueRequired\":true,\"valueName\":\"search_term_string\"}}],\"inLanguage\":\"en-US\"}]}<\/script>\n<!-- \/ Yoast SEO plugin. -->","yoast_head_json":{"title":"Etching of Copper, Copper Alloys & Cladding Material - micrometal","robots":{"index":"index","follow":"follow","max-snippet":"max-snippet:-1","max-image-preview":"max-image-preview:large","max-video-preview":"max-video-preview:-1"},"canonical":"https:\/\/www.micrometal.de\/en\/service-portfolio\/materials\/copper-copper-alloys-and-claddings\/","og_locale":"en_US","og_type":"article","og_title":"Etching of Copper, Copper Alloys & Cladding Material - micrometal","og_description":"Copper and copper alloy etching Superior conductivity of electric current and heat combined with the low cost (compared to e.g. silver) makes copper the metal of choice for many applications in micro-electronics as well as in the printed circuit board sector. Typical examples of Cu alloys etched by us: CuSn6 (C51900) Cu-PHC (K14, C10300) CuFe2P [&hellip;]","og_url":"https:\/\/www.micrometal.de\/en\/service-portfolio\/materials\/copper-copper-alloys-and-claddings\/","og_site_name":"micrometal","article_modified_time":"2024-03-20T09:53:22+00:00","og_image":[{"url":"https:\/\/www.micrometal.de\/wp-content\/uploads\/sites\/5\/2020\/09\/copper_etching.jpg","type":"","width":"","height":""}],"twitter_card":"summary_large_image","twitter_misc":{"Est. reading time":"3 minutes"},"schema":{"@context":"https:\/\/schema.org","@graph":[{"@type":"WebPage","@id":"https:\/\/www.micrometal.de\/en\/service-portfolio\/materials\/copper-copper-alloys-and-claddings\/","url":"https:\/\/www.micrometal.de\/en\/service-portfolio\/materials\/copper-copper-alloys-and-claddings\/","name":"Etching of Copper, Copper Alloys & Cladding Material - micrometal","isPartOf":{"@id":"https:\/\/www.micrometal.de\/en\/#website"},"primaryImageOfPage":{"@id":"https:\/\/www.micrometal.de\/en\/service-portfolio\/materials\/copper-copper-alloys-and-claddings\/#primaryimage"},"image":{"@id":"https:\/\/www.micrometal.de\/en\/service-portfolio\/materials\/copper-copper-alloys-and-claddings\/#primaryimage"},"thumbnailUrl":"https:\/\/www.micrometal.de\/wp-content\/uploads\/sites\/5\/2020\/09\/copper_etching.jpg","datePublished":"2021-05-03T07:52:23+00:00","dateModified":"2024-03-20T09:53:22+00:00","breadcrumb":{"@id":"https:\/\/www.micrometal.de\/en\/service-portfolio\/materials\/copper-copper-alloys-and-claddings\/#breadcrumb"},"inLanguage":"en-US","potentialAction":[{"@type":"ReadAction","target":["https:\/\/www.micrometal.de\/en\/service-portfolio\/materials\/copper-copper-alloys-and-claddings\/"]}]},{"@type":"ImageObject","inLanguage":"en-US","@id":"https:\/\/www.micrometal.de\/en\/service-portfolio\/materials\/copper-copper-alloys-and-claddings\/#primaryimage","url":"https:\/\/www.micrometal.de\/wp-content\/uploads\/sites\/5\/2020\/09\/copper_etching.jpg","contentUrl":"https:\/\/www.micrometal.de\/wp-content\/uploads\/sites\/5\/2020\/09\/copper_etching.jpg"},{"@type":"BreadcrumbList","@id":"https:\/\/www.micrometal.de\/en\/service-portfolio\/materials\/copper-copper-alloys-and-claddings\/#breadcrumb","itemListElement":[{"@type":"ListItem","position":1,"name":"Home","item":"https:\/\/www.micrometal.de\/en\/"},{"@type":"ListItem","position":2,"name":"Service Portfolio","item":"https:\/\/www.micrometal.de\/en\/service-portfolio\/"},{"@type":"ListItem","position":3,"name":"Etching of various materials","item":"https:\/\/www.micrometal.de\/en\/service-portfolio\/materials\/"},{"@type":"ListItem","position":4,"name":"Copper, copper alloys and claddings"}]},{"@type":"WebSite","@id":"https:\/\/www.micrometal.de\/en\/#website","url":"https:\/\/www.micrometal.de\/en\/","name":"micrometal","description":"Metall \u00e4tzen in h\u00f6chster Pr\u00e4zision","potentialAction":[{"@type":"SearchAction","target":{"@type":"EntryPoint","urlTemplate":"https:\/\/www.micrometal.de\/en\/?s={search_term_string}"},"query-input":{"@type":"PropertyValueSpecification","valueRequired":true,"valueName":"search_term_string"}}],"inLanguage":"en-US"}]}},"_links":{"self":[{"href":"https:\/\/www.micrometal.de\/en\/wp-json\/wp\/v2\/pages\/6272","targetHints":{"allow":["GET"]}}],"collection":[{"href":"https:\/\/www.micrometal.de\/en\/wp-json\/wp\/v2\/pages"}],"about":[{"href":"https:\/\/www.micrometal.de\/en\/wp-json\/wp\/v2\/types\/page"}],"author":[{"embeddable":true,"href":"https:\/\/www.micrometal.de\/en\/wp-json\/wp\/v2\/users\/5"}],"replies":[{"embeddable":true,"href":"https:\/\/www.micrometal.de\/en\/wp-json\/wp\/v2\/comments?post=6272"}],"version-history":[{"count":27,"href":"https:\/\/www.micrometal.de\/en\/wp-json\/wp\/v2\/pages\/6272\/revisions"}],"predecessor-version":[{"id":23765,"href":"https:\/\/www.micrometal.de\/en\/wp-json\/wp\/v2\/pages\/6272\/revisions\/23765"}],"up":[{"embeddable":true,"href":"https:\/\/www.micrometal.de\/en\/wp-json\/wp\/v2\/pages\/7411"}],"wp:attachment":[{"href":"https:\/\/www.micrometal.de\/en\/wp-json\/wp\/v2\/media?parent=6272"}],"curies":[{"name":"wp","href":"https:\/\/api.w.org\/{rel}","templated":true}]}}