{"id":6288,"date":"2021-05-03T10:46:08","date_gmt":"2021-05-03T08:46:08","guid":{"rendered":"https:\/\/micrometal.wickeder.wickeder.de\/titanium\/"},"modified":"2024-02-07T09:57:59","modified_gmt":"2024-02-07T08:57:59","slug":"titanium","status":"publish","type":"page","link":"https:\/\/www.micrometal.de\/en\/service-portfolio\/materials\/titanium\/","title":{"rendered":"Etching of Titanium"},"content":{"rendered":"\t\t<div data-elementor-type=\"wp-page\" data-elementor-id=\"6288\" class=\"elementor elementor-6288 elementor-1528\" data-elementor-post-type=\"page\">\n\t\t\t\t\t\t<section class=\"elementor-section elementor-top-section elementor-element elementor-element-4fc461c6 elementor-section-full_width elementor-section-height-min-height elementor-section-height-default elementor-section-items-middle\" data-id=\"4fc461c6\" data-element_type=\"section\" data-e-type=\"section\">\n\t\t\t\t\t\t<div class=\"elementor-container elementor-column-gap-no\">\n\t\t\t\t\t<div class=\"elementor-column elementor-col-100 elementor-top-column elementor-element elementor-element-3073b765\" data-id=\"3073b765\" data-element_type=\"column\" data-e-type=\"column\">\n\t\t\t<div class=\"elementor-widget-wrap elementor-element-populated\">\n\t\t\t\t\t\t<div class=\"elementor-element elementor-element-5e5aca63 elementor-widget elementor-widget-standort_gross\" data-id=\"5e5aca63\" data-element_type=\"widget\" data-e-type=\"widget\" data-widget_type=\"standort_gross.default\">\n\t\t\t\t<div class=\"elementor-widget-container\">\n\t\t\t\t\t    \n      <div class=\"standort_gross \">\n\n        \n            <div class=\"standort_gross-image mobile_hide\" style=\"background: url(https:\/\/www.micrometal.de\/wp-content\/uploads\/sites\/5\/2020\/05\/micrometal_reeltoteelaetzen.jpg);\">\n            \t              \t\t<img decoding=\"async\" alt=\"\" src=\"https:\/\/www.micrometal.de\/wp-content\/uploads\/sites\/5\/2020\/05\/micrometal_reeltoteelaetzen.jpg\">\n              \t            <\/div>\n\n        \n        <div class=\"standort_gross-content\">\n          <div class=\"standort_gross-content-inner\">\n            <div class=\"standort_gross-content-padding\">\n\t            \n\t            \n                                <div class=\"elementor-element elementor-widget elementor-widget-heading\" data-element_type=\"widget\" data-widget_type=\"heading.default\">\n                  <div class=\"elementor-widget-container\">\n                    <h2 class=\"elementor-heading-title elementor-size-default\">Titanium, the shiny material<\/h2>\n                  <\/div>\n                <\/div>\n                \n                                <div class=\"elementor-element elementor-widget elementor-widget-text-editor\"><p>Etchform is one of the few suppliers able to etch titanium without using environmentally harmful and toxic hydrofluoric acid.<\/p>\n<p>Its high strength, corrosion resistance and low density make titanium a sought-after light metal. Typical applications are medicine and dentistry, aerospace, power generation using fuel cell technology, electrolysis (power to gas).<\/p>\n<p>Typical examples of etched Ti alloys:<br \/>\n\u2022 Ti Grade 1<br \/>\n\u2022 Ti Grade 2<\/p>\n<\/div>\n                \n                            <\/div>\n          <\/div>\n        <\/div>\n\n        \n      <\/div>\n    \n    \t\t\t\t<\/div>\n\t\t\t\t<\/div>\n\t\t\t\t\t<\/div>\n\t\t<\/div>\n\t\t\t\t\t<\/div>\n\t\t<\/section>\n\t\t\t\t<section class=\"elementor-section elementor-top-section elementor-element elementor-element-6ae2300c elementor-section-full_width elementor-section-height-default elementor-section-height-default\" data-id=\"6ae2300c\" data-element_type=\"section\" data-e-type=\"section\">\n\t\t\t\t\t\t<div class=\"elementor-container elementor-column-gap-no\">\n\t\t\t\t\t<div class=\"elementor-column elementor-col-100 elementor-top-column elementor-element elementor-element-50f385ec\" data-id=\"50f385ec\" data-element_type=\"column\" data-e-type=\"column\">\n\t\t\t<div class=\"elementor-widget-wrap elementor-element-populated\">\n\t\t\t\t\t\t<div class=\"elementor-element elementor-element-13f40eab elementor-widget elementor-widget-standort_gross\" data-id=\"13f40eab\" data-element_type=\"widget\" data-e-type=\"widget\" data-widget_type=\"standort_gross.default\">\n\t\t\t\t<div class=\"elementor-widget-container\">\n\t\t\t\t\t    \n      <div class=\"standort_gross img_rechts\">\n\n        \n        <div class=\"standort_gross-content\">\n          <div class=\"standort_gross-content-inner\">\n            <div class=\"standort_gross-content-padding\">\n\t            \n\t            \n                                <div class=\"elementor-element elementor-widget elementor-widget-heading\" data-element_type=\"widget\" data-widget_type=\"heading.default\">\n                  <div class=\"elementor-widget-container\">\n                    <h2 class=\"elementor-heading-title elementor-size-default\">Advantages of etched titanium parts:<\/h2>\n                  <\/div>\n                <\/div>\n                \n                                <div class=\"elementor-element elementor-widget elementor-widget-text-editor\"><p>- very high strength values<br \/>\n- low weight ( light metal)<br \/>\n- biocompatible (no immunological rejection reaction)<\/p>\n<\/div>\n                \n                            <\/div>\n          <\/div>\n        <\/div>\n\n        \n            <div class=\"standort_gross-image mobile_hide\" style=\"background: url(https:\/\/www.micrometal.de\/wp-content\/uploads\/sites\/5\/2020\/05\/aetzen-qualitaet-scaled.jpg);\">\n            \t              \t\t<img decoding=\"async\" alt=\"\" src=\"https:\/\/www.micrometal.de\/wp-content\/uploads\/sites\/5\/2020\/05\/aetzen-qualitaet-scaled.jpg\">\n              \t            <\/div>\n\n        \n      <\/div>\n    \n    \t\t\t\t<\/div>\n\t\t\t\t<\/div>\n\t\t\t\t\t<\/div>\n\t\t<\/div>\n\t\t\t\t\t<\/div>\n\t\t<\/section>\n\t\t\t\t<\/div>\n\t\t","protected":false},"excerpt":{"rendered":"<p>Titanium, the shiny material Etchform is one of the few suppliers able to etch titanium without using environmentally harmful and toxic hydrofluoric acid. Its high strength, corrosion resistance and low density make titanium a sought-after light metal. Typical applications are medicine and dentistry, aerospace, power generation using fuel cell technology, electrolysis (power to gas). Typical [&hellip;]<\/p>\n","protected":false},"author":5,"featured_media":0,"parent":7411,"menu_order":4,"comment_status":"closed","ping_status":"closed","template":"","meta":{"footnotes":""},"class_list":["post-6288","page","type-page","status-publish","hentry"],"yoast_head":"<!-- This site is optimized with the Yoast SEO plugin v27.5 - https:\/\/yoast.com\/product\/yoast-seo-wordpress\/ -->\n<title>Etching of Titanium &amp; Titanium Alloys - micrometal<\/title>\n<meta name=\"robots\" content=\"index, follow, max-snippet:-1, max-image-preview:large, max-video-preview:-1\" \/>\n<link rel=\"canonical\" href=\"https:\/\/www.micrometal.de\/en\/service-portfolio\/materials\/titanium\/\" \/>\n<meta property=\"og:locale\" content=\"en_US\" \/>\n<meta property=\"og:type\" content=\"article\" \/>\n<meta property=\"og:title\" content=\"Etching of Titanium &amp; Titanium Alloys - micrometal\" \/>\n<meta property=\"og:description\" content=\"Titanium, the shiny material Etchform is one of the few suppliers able to etch titanium without using environmentally harmful and toxic hydrofluoric acid. Its high strength, corrosion resistance and low density make titanium a sought-after light metal. Typical applications are medicine and dentistry, aerospace, power generation using fuel cell technology, electrolysis (power to gas). Typical [&hellip;]\" \/>\n<meta property=\"og:url\" content=\"https:\/\/www.micrometal.de\/en\/service-portfolio\/materials\/titanium\/\" \/>\n<meta property=\"og:site_name\" content=\"micrometal\" \/>\n<meta property=\"article:modified_time\" content=\"2024-02-07T08:57:59+00:00\" \/>\n<meta property=\"og:image\" content=\"https:\/\/www.micrometal.de\/wp-content\/uploads\/sites\/5\/2020\/05\/micrometal_reeltoteelaetzen.jpg\" \/>\n<meta name=\"twitter:card\" content=\"summary_large_image\" \/>\n<meta name=\"twitter:label1\" content=\"Est. reading time\" \/>\n\t<meta name=\"twitter:data1\" content=\"2 minutes\" \/>\n<script type=\"application\/ld+json\" class=\"yoast-schema-graph\">{\"@context\":\"https:\\\/\\\/schema.org\",\"@graph\":[{\"@type\":\"WebPage\",\"@id\":\"https:\\\/\\\/www.micrometal.de\\\/en\\\/service-portfolio\\\/materials\\\/titanium\\\/\",\"url\":\"https:\\\/\\\/www.micrometal.de\\\/en\\\/service-portfolio\\\/materials\\\/titanium\\\/\",\"name\":\"Etching of Titanium & Titanium Alloys - micrometal\",\"isPartOf\":{\"@id\":\"https:\\\/\\\/www.micrometal.de\\\/en\\\/#website\"},\"primaryImageOfPage\":{\"@id\":\"https:\\\/\\\/www.micrometal.de\\\/en\\\/service-portfolio\\\/materials\\\/titanium\\\/#primaryimage\"},\"image\":{\"@id\":\"https:\\\/\\\/www.micrometal.de\\\/en\\\/service-portfolio\\\/materials\\\/titanium\\\/#primaryimage\"},\"thumbnailUrl\":\"https:\\\/\\\/www.micrometal.de\\\/wp-content\\\/uploads\\\/sites\\\/5\\\/2020\\\/05\\\/micrometal_reeltoteelaetzen.jpg\",\"datePublished\":\"2021-05-03T08:46:08+00:00\",\"dateModified\":\"2024-02-07T08:57:59+00:00\",\"breadcrumb\":{\"@id\":\"https:\\\/\\\/www.micrometal.de\\\/en\\\/service-portfolio\\\/materials\\\/titanium\\\/#breadcrumb\"},\"inLanguage\":\"en-US\",\"potentialAction\":[{\"@type\":\"ReadAction\",\"target\":[\"https:\\\/\\\/www.micrometal.de\\\/en\\\/service-portfolio\\\/materials\\\/titanium\\\/\"]}]},{\"@type\":\"ImageObject\",\"inLanguage\":\"en-US\",\"@id\":\"https:\\\/\\\/www.micrometal.de\\\/en\\\/service-portfolio\\\/materials\\\/titanium\\\/#primaryimage\",\"url\":\"https:\\\/\\\/www.micrometal.de\\\/wp-content\\\/uploads\\\/sites\\\/5\\\/2020\\\/05\\\/micrometal_reeltoteelaetzen.jpg\",\"contentUrl\":\"https:\\\/\\\/www.micrometal.de\\\/wp-content\\\/uploads\\\/sites\\\/5\\\/2020\\\/05\\\/micrometal_reeltoteelaetzen.jpg\"},{\"@type\":\"BreadcrumbList\",\"@id\":\"https:\\\/\\\/www.micrometal.de\\\/en\\\/service-portfolio\\\/materials\\\/titanium\\\/#breadcrumb\",\"itemListElement\":[{\"@type\":\"ListItem\",\"position\":1,\"name\":\"Home\",\"item\":\"https:\\\/\\\/www.micrometal.de\\\/en\\\/\"},{\"@type\":\"ListItem\",\"position\":2,\"name\":\"Service Portfolio\",\"item\":\"https:\\\/\\\/www.micrometal.de\\\/en\\\/service-portfolio\\\/\"},{\"@type\":\"ListItem\",\"position\":3,\"name\":\"Etching of various materials\",\"item\":\"https:\\\/\\\/www.micrometal.de\\\/en\\\/service-portfolio\\\/materials\\\/\"},{\"@type\":\"ListItem\",\"position\":4,\"name\":\"Etching of Titanium\"}]},{\"@type\":\"WebSite\",\"@id\":\"https:\\\/\\\/www.micrometal.de\\\/en\\\/#website\",\"url\":\"https:\\\/\\\/www.micrometal.de\\\/en\\\/\",\"name\":\"micrometal\",\"description\":\"Metall \u00e4tzen in h\u00f6chster Pr\u00e4zision\",\"potentialAction\":[{\"@type\":\"SearchAction\",\"target\":{\"@type\":\"EntryPoint\",\"urlTemplate\":\"https:\\\/\\\/www.micrometal.de\\\/en\\\/?s={search_term_string}\"},\"query-input\":{\"@type\":\"PropertyValueSpecification\",\"valueRequired\":true,\"valueName\":\"search_term_string\"}}],\"inLanguage\":\"en-US\"}]}<\/script>\n<!-- \/ Yoast SEO plugin. -->","yoast_head_json":{"title":"Etching of Titanium & Titanium Alloys - micrometal","robots":{"index":"index","follow":"follow","max-snippet":"max-snippet:-1","max-image-preview":"max-image-preview:large","max-video-preview":"max-video-preview:-1"},"canonical":"https:\/\/www.micrometal.de\/en\/service-portfolio\/materials\/titanium\/","og_locale":"en_US","og_type":"article","og_title":"Etching of Titanium & Titanium Alloys - micrometal","og_description":"Titanium, the shiny material Etchform is one of the few suppliers able to etch titanium without using environmentally harmful and toxic hydrofluoric acid. Its high strength, corrosion resistance and low density make titanium a sought-after light metal. Typical applications are medicine and dentistry, aerospace, power generation using fuel cell technology, electrolysis (power to gas). Typical [&hellip;]","og_url":"https:\/\/www.micrometal.de\/en\/service-portfolio\/materials\/titanium\/","og_site_name":"micrometal","article_modified_time":"2024-02-07T08:57:59+00:00","og_image":[{"url":"https:\/\/www.micrometal.de\/wp-content\/uploads\/sites\/5\/2020\/05\/micrometal_reeltoteelaetzen.jpg","type":"","width":"","height":""}],"twitter_card":"summary_large_image","twitter_misc":{"Est. reading time":"2 minutes"},"schema":{"@context":"https:\/\/schema.org","@graph":[{"@type":"WebPage","@id":"https:\/\/www.micrometal.de\/en\/service-portfolio\/materials\/titanium\/","url":"https:\/\/www.micrometal.de\/en\/service-portfolio\/materials\/titanium\/","name":"Etching of Titanium & Titanium Alloys - micrometal","isPartOf":{"@id":"https:\/\/www.micrometal.de\/en\/#website"},"primaryImageOfPage":{"@id":"https:\/\/www.micrometal.de\/en\/service-portfolio\/materials\/titanium\/#primaryimage"},"image":{"@id":"https:\/\/www.micrometal.de\/en\/service-portfolio\/materials\/titanium\/#primaryimage"},"thumbnailUrl":"https:\/\/www.micrometal.de\/wp-content\/uploads\/sites\/5\/2020\/05\/micrometal_reeltoteelaetzen.jpg","datePublished":"2021-05-03T08:46:08+00:00","dateModified":"2024-02-07T08:57:59+00:00","breadcrumb":{"@id":"https:\/\/www.micrometal.de\/en\/service-portfolio\/materials\/titanium\/#breadcrumb"},"inLanguage":"en-US","potentialAction":[{"@type":"ReadAction","target":["https:\/\/www.micrometal.de\/en\/service-portfolio\/materials\/titanium\/"]}]},{"@type":"ImageObject","inLanguage":"en-US","@id":"https:\/\/www.micrometal.de\/en\/service-portfolio\/materials\/titanium\/#primaryimage","url":"https:\/\/www.micrometal.de\/wp-content\/uploads\/sites\/5\/2020\/05\/micrometal_reeltoteelaetzen.jpg","contentUrl":"https:\/\/www.micrometal.de\/wp-content\/uploads\/sites\/5\/2020\/05\/micrometal_reeltoteelaetzen.jpg"},{"@type":"BreadcrumbList","@id":"https:\/\/www.micrometal.de\/en\/service-portfolio\/materials\/titanium\/#breadcrumb","itemListElement":[{"@type":"ListItem","position":1,"name":"Home","item":"https:\/\/www.micrometal.de\/en\/"},{"@type":"ListItem","position":2,"name":"Service Portfolio","item":"https:\/\/www.micrometal.de\/en\/service-portfolio\/"},{"@type":"ListItem","position":3,"name":"Etching of various materials","item":"https:\/\/www.micrometal.de\/en\/service-portfolio\/materials\/"},{"@type":"ListItem","position":4,"name":"Etching of Titanium"}]},{"@type":"WebSite","@id":"https:\/\/www.micrometal.de\/en\/#website","url":"https:\/\/www.micrometal.de\/en\/","name":"micrometal","description":"Metall \u00e4tzen in h\u00f6chster Pr\u00e4zision","potentialAction":[{"@type":"SearchAction","target":{"@type":"EntryPoint","urlTemplate":"https:\/\/www.micrometal.de\/en\/?s={search_term_string}"},"query-input":{"@type":"PropertyValueSpecification","valueRequired":true,"valueName":"search_term_string"}}],"inLanguage":"en-US"}]}},"_links":{"self":[{"href":"https:\/\/www.micrometal.de\/en\/wp-json\/wp\/v2\/pages\/6288","targetHints":{"allow":["GET"]}}],"collection":[{"href":"https:\/\/www.micrometal.de\/en\/wp-json\/wp\/v2\/pages"}],"about":[{"href":"https:\/\/www.micrometal.de\/en\/wp-json\/wp\/v2\/types\/page"}],"author":[{"embeddable":true,"href":"https:\/\/www.micrometal.de\/en\/wp-json\/wp\/v2\/users\/5"}],"replies":[{"embeddable":true,"href":"https:\/\/www.micrometal.de\/en\/wp-json\/wp\/v2\/comments?post=6288"}],"version-history":[{"count":10,"href":"https:\/\/www.micrometal.de\/en\/wp-json\/wp\/v2\/pages\/6288\/revisions"}],"predecessor-version":[{"id":23271,"href":"https:\/\/www.micrometal.de\/en\/wp-json\/wp\/v2\/pages\/6288\/revisions\/23271"}],"up":[{"embeddable":true,"href":"https:\/\/www.micrometal.de\/en\/wp-json\/wp\/v2\/pages\/7411"}],"wp:attachment":[{"href":"https:\/\/www.micrometal.de\/en\/wp-json\/wp\/v2\/media?parent=6288"}],"curies":[{"name":"wp","href":"https:\/\/api.w.org\/{rel}","templated":true}]}}