{"id":6302,"date":"2021-05-03T12:29:26","date_gmt":"2021-05-03T10:29:26","guid":{"rendered":"https:\/\/micrometal.wickeder.wickeder.de\/clad-materials\/"},"modified":"2025-12-09T10:37:28","modified_gmt":"2025-12-09T09:37:28","slug":"clad-materials","status":"publish","type":"page","link":"https:\/\/www.micrometal.de\/en\/service-portfolio\/materials\/clad-materials\/","title":{"rendered":"Precision etched clad materials"},"content":{"rendered":"\t\t<div data-elementor-type=\"wp-page\" data-elementor-id=\"6302\" class=\"elementor elementor-6302 elementor-4608\" data-elementor-post-type=\"page\">\n\t\t\t\t\t\t<section class=\"elementor-section elementor-top-section elementor-element elementor-element-7786433b elementor-section-full_width elementor-section-height-default elementor-section-height-default\" data-id=\"7786433b\" data-element_type=\"section\" data-e-type=\"section\">\n\t\t\t\t\t\t<div class=\"elementor-container elementor-column-gap-no\">\n\t\t\t\t\t<div class=\"elementor-column elementor-col-100 elementor-top-column elementor-element elementor-element-6baf55bd\" data-id=\"6baf55bd\" data-element_type=\"column\" data-e-type=\"column\">\n\t\t\t<div class=\"elementor-widget-wrap elementor-element-populated\">\n\t\t\t\t\t\t<div class=\"elementor-element elementor-element-3492a190 elementor-widget elementor-widget-standort_gross\" data-id=\"3492a190\" data-element_type=\"widget\" data-e-type=\"widget\" data-widget_type=\"standort_gross.default\">\n\t\t\t\t<div class=\"elementor-widget-container\">\n\t\t\t\t\t    \n      <div class=\"standort_gross \">\n\n        \n            <div class=\"standort_gross-image mobile_hide\" style=\"background: url(https:\/\/www.micrometal.de\/wp-content\/uploads\/sites\/5\/2020\/02\/aetzbare-sondermaterialien1218-auf-400-.jpg);\">\n            \t              \t\t<img decoding=\"async\" alt=\"\" src=\"https:\/\/www.micrometal.de\/wp-content\/uploads\/sites\/5\/2020\/02\/aetzbare-sondermaterialien1218-auf-400-.jpg\">\n              \t            <\/div>\n\n        \n        <div class=\"standort_gross-content\">\n          <div class=\"standort_gross-content-inner\">\n            <div class=\"standort_gross-content-padding\">\n\t            \n\t            \n                                <div class=\"elementor-element elementor-widget elementor-widget-heading\" data-element_type=\"widget\" data-widget_type=\"heading.default\">\n                  <div class=\"elementor-widget-container\">\n                    <h2 class=\"elementor-heading-title elementor-size-default\"> Composite material<\/h2>\n                  <\/div>\n                <\/div>\n                \n                                <div class=\"elementor-element elementor-widget elementor-widget-text-editor\"><p>Whenever a single material cannot fulfill the required properties, clad materials are used. In this way, the positive functions of the respective metal can be combined. In cladding, at least two different metallic strips are combined to form a composite material. The materials run in parallel from the respective coil into the rolling mill, where they are joined together by high rolling pressure, depending on the metal and material properties.<br \/><b><br \/>The result is a metal composite with completely new, unique properties.<\/b>.<br \/><a href=\"https:\/\/www.wickeder-group.de\/produkte\/smart-materials\/#\" data-mce-href=\"https:\/\/www.wickeder-group.de\/produkte\/smart-materials\/#\" target=\"_blank\"><br \/>clad materials\/aluminum cladding<\/a><br \/><a href=\"https:\/\/www.wickeder-group.de\/produkte\/smart-materials\/#\" data-mce-href=\"https:\/\/www.wickeder-group.de\/produkte\/smart-materials\/#\" target=\"_blank\">clad materials\/copper cladding<\/a><br data-mce-bogus=\"1\"><\/p>\n<p><\/p>\n<\/div>\n                \n                            <\/div>\n          <\/div>\n        <\/div>\n\n        \n      <\/div>\n    \n    \t\t\t\t<\/div>\n\t\t\t\t<\/div>\n\t\t\t\t\t<\/div>\n\t\t<\/div>\n\t\t\t\t\t<\/div>\n\t\t<\/section>\n\t\t\t\t<section class=\"elementor-section elementor-top-section elementor-element elementor-element-e904bb0 elementor-section-full_width elementor-section-height-default elementor-section-height-default\" data-id=\"e904bb0\" data-element_type=\"section\" data-e-type=\"section\">\n\t\t\t\t\t\t<div class=\"elementor-container elementor-column-gap-no\">\n\t\t\t\t\t<div class=\"elementor-column elementor-col-100 elementor-top-column elementor-element elementor-element-3c2c396d\" data-id=\"3c2c396d\" data-element_type=\"column\" data-e-type=\"column\">\n\t\t\t<div class=\"elementor-widget-wrap elementor-element-populated\">\n\t\t\t\t\t\t<div class=\"elementor-element elementor-element-157294bf elementor-widget elementor-widget-standort_gross\" data-id=\"157294bf\" data-element_type=\"widget\" data-e-type=\"widget\" data-widget_type=\"standort_gross.default\">\n\t\t\t\t<div class=\"elementor-widget-container\">\n\t\t\t\t\t    \n      <div class=\"standort_gross img_rechts\">\n\n        \n        <div class=\"standort_gross-content\">\n          <div class=\"standort_gross-content-inner\">\n            <div class=\"standort_gross-content-padding\">\n\t            \n\t            \n                                <div class=\"elementor-element elementor-widget elementor-widget-heading\" data-element_type=\"widget\" data-widget_type=\"heading.default\">\n                  <div class=\"elementor-widget-container\">\n                    <h2 class=\"elementor-heading-title elementor-size-default\">Clad materials\/copper cladding<\/h2>\n                  <\/div>\n                <\/div>\n                \n                                <div class=\"elementor-element elementor-widget elementor-widget-text-editor\"><p>Composite materials have the advantage of combining the advantages of a wide variety of materials in a tailor-made way. A variety of combinations, also in several layers and several materials, e.g. <a href=\"https:\/\/www.wickeder-group.de\/produkte\/smart-materials\/#\" target=\"_blank\" rel=\"noopener\">SigmaClad<\/a> (Ni\/stainless steel\/Cu\/stainless steel\/Ni) are possible:<br \/><a href=\"https:\/\/www.wickeder-group.de\/produkte\/smart-materials\/#\" target=\"_blank\" rel=\"noopener\">Sigmaclad60_Wickeder Westfalenstahl.<\/a><\/p>\n<p>Composite material of stainless steel and copper combines the conductivity of copper with the strength of steel.<\/p>\n<p>Advantages of the etchable clad material (stainless steel - copper)<\/p>\n<ul class=\"csc-bulletlist csc-bulletlist-0\">\n<li class=\"odd\">Strength increase compared to copper<\/li>\n<li class=\"even\">Lower specific weight than copper<\/li>\n<li class=\"odd\">Ferromagnetic properties<\/li>\n<li class=\"even\">Improved electrical conductivity<\/li>\n<li class=\"odd\">Improved thermal conductivity<\/li>\n<li class=\"even\">Improved solderability<\/li>\n<li class=\"odd\">Improved corrosion protection<\/li>\n<li class=\"even\">Decorative appearance<\/li>\n<\/ul>\n<\/div>\n                \n                            <\/div>\n          <\/div>\n        <\/div>\n\n        \n            <div class=\"standort_gross-image mobile_hide\" style=\"background: url(https:\/\/www.micrometal.de\/wp-content\/uploads\/sites\/5\/2020\/09\/copper_stainlesssteel_cladmaterial_etching.jpg);\">\n            \t              \t\t<img decoding=\"async\" alt=\"\" src=\"https:\/\/www.micrometal.de\/wp-content\/uploads\/sites\/5\/2020\/09\/copper_stainlesssteel_cladmaterial_etching.jpg\">\n              \t            <\/div>\n\n        \n      <\/div>\n    \n    \t\t\t\t<\/div>\n\t\t\t\t<\/div>\n\t\t\t\t\t<\/div>\n\t\t<\/div>\n\t\t\t\t\t<\/div>\n\t\t<\/section>\n\t\t\t\t<section class=\"elementor-section elementor-top-section elementor-element elementor-element-5bd10ffd elementor-section-full_width elementor-section-height-min-height elementor-section-height-default elementor-section-items-middle\" data-id=\"5bd10ffd\" data-element_type=\"section\" data-e-type=\"section\">\n\t\t\t\t\t\t<div class=\"elementor-container elementor-column-gap-no\">\n\t\t\t\t\t<div class=\"elementor-column elementor-col-100 elementor-top-column elementor-element elementor-element-523919ef\" data-id=\"523919ef\" data-element_type=\"column\" data-e-type=\"column\">\n\t\t\t<div class=\"elementor-widget-wrap elementor-element-populated\">\n\t\t\t\t\t\t<div class=\"elementor-element elementor-element-25818984 elementor-widget elementor-widget-standort_gross\" data-id=\"25818984\" data-element_type=\"widget\" data-e-type=\"widget\" data-widget_type=\"standort_gross.default\">\n\t\t\t\t<div class=\"elementor-widget-container\">\n\t\t\t\t\t    \n      <div class=\"standort_gross \">\n\n        \n            <div class=\"standort_gross-image mobile_hide\" style=\"background: url(https:\/\/www.micrometal.de\/wp-content\/uploads\/sites\/5\/2020\/09\/Automobile-Einstiegleiste-384-190.jpg);\">\n            \t              \t\t<img decoding=\"async\" alt=\"\" src=\"https:\/\/www.micrometal.de\/wp-content\/uploads\/sites\/5\/2020\/09\/Automobile-Einstiegleiste-384-190.jpg\">\n              \t            <\/div>\n\n        \n        <div class=\"standort_gross-content\">\n          <div class=\"standort_gross-content-inner\">\n            <div class=\"standort_gross-content-padding\">\n\t            \n\t            \n                                <div class=\"elementor-element elementor-widget elementor-widget-heading\" data-element_type=\"widget\" data-widget_type=\"heading.default\">\n                  <div class=\"elementor-widget-container\">\n                    <h2 class=\"elementor-heading-title elementor-size-default\">Typical applications for Clad materials<\/h2>\n                  <\/div>\n                <\/div>\n                \n                                <div class=\"elementor-element elementor-widget elementor-widget-text-editor\"><ul>\n<li>Filters, screens, grids, springs, joints and membranes<\/li>\n<li>Interior trim for cars<\/li>\n<li>EMI\/RFI shielding<\/li>\n<li>Microneedles, blades, lancets, surgical instruments<\/li>\n<li>Fuel cell plates, bipolar plates,...<\/li>\n<\/ul>\n<\/div>\n                \n                            <\/div>\n          <\/div>\n        <\/div>\n\n        \n      <\/div>\n    \n    \t\t\t\t<\/div>\n\t\t\t\t<\/div>\n\t\t\t\t\t<\/div>\n\t\t<\/div>\n\t\t\t\t\t<\/div>\n\t\t<\/section>\n\t\t\t\t<\/div>\n\t\t","protected":false},"excerpt":{"rendered":"<p>Composite material Whenever a single material cannot fulfill the required properties, clad materials are used. In this way, the positive functions of the respective metal can be combined. In cladding, at least two different metallic strips are combined to form a composite material. The materials run in parallel from the respective coil into the rolling [&hellip;]<\/p>\n","protected":false},"author":4,"featured_media":0,"parent":7411,"menu_order":0,"comment_status":"closed","ping_status":"closed","template":"","meta":{"footnotes":""},"class_list":["post-6302","page","type-page","status-publish","hentry"],"yoast_head":"<!-- This site is optimized with the Yoast SEO plugin v27.5 - https:\/\/yoast.com\/product\/yoast-seo-wordpress\/ -->\n<title>Precision etched clad materials - micrometal<\/title>\n<meta name=\"robots\" content=\"index, follow, max-snippet:-1, max-image-preview:large, max-video-preview:-1\" \/>\n<link rel=\"canonical\" href=\"https:\/\/www.micrometal.de\/en\/service-portfolio\/materials\/clad-materials\/\" \/>\n<meta property=\"og:locale\" content=\"en_US\" \/>\n<meta property=\"og:type\" content=\"article\" \/>\n<meta property=\"og:title\" content=\"Precision etched clad materials - micrometal\" \/>\n<meta property=\"og:description\" content=\"Composite material Whenever a single material cannot fulfill the required properties, clad materials are used. In this way, the positive functions of the respective metal can be combined. In cladding, at least two different metallic strips are combined to form a composite material. The materials run in parallel from the respective coil into the rolling [&hellip;]\" \/>\n<meta property=\"og:url\" content=\"https:\/\/www.micrometal.de\/en\/service-portfolio\/materials\/clad-materials\/\" \/>\n<meta property=\"og:site_name\" content=\"micrometal\" \/>\n<meta property=\"article:modified_time\" content=\"2025-12-09T09:37:28+00:00\" \/>\n<meta property=\"og:image\" content=\"https:\/\/www.micrometal.de\/wp-content\/uploads\/sites\/5\/2020\/02\/aetzbare-sondermaterialien1218-auf-400-.jpg\" \/>\n<meta name=\"twitter:card\" content=\"summary_large_image\" \/>\n<meta name=\"twitter:label1\" content=\"Est. reading time\" \/>\n\t<meta name=\"twitter:data1\" content=\"2 minutes\" \/>\n<script type=\"application\/ld+json\" class=\"yoast-schema-graph\">{\"@context\":\"https:\\\/\\\/schema.org\",\"@graph\":[{\"@type\":\"WebPage\",\"@id\":\"https:\\\/\\\/www.micrometal.de\\\/en\\\/service-portfolio\\\/materials\\\/clad-materials\\\/\",\"url\":\"https:\\\/\\\/www.micrometal.de\\\/en\\\/service-portfolio\\\/materials\\\/clad-materials\\\/\",\"name\":\"Precision etched clad materials - micrometal\",\"isPartOf\":{\"@id\":\"https:\\\/\\\/www.micrometal.de\\\/en\\\/#website\"},\"primaryImageOfPage\":{\"@id\":\"https:\\\/\\\/www.micrometal.de\\\/en\\\/service-portfolio\\\/materials\\\/clad-materials\\\/#primaryimage\"},\"image\":{\"@id\":\"https:\\\/\\\/www.micrometal.de\\\/en\\\/service-portfolio\\\/materials\\\/clad-materials\\\/#primaryimage\"},\"thumbnailUrl\":\"https:\\\/\\\/www.micrometal.de\\\/wp-content\\\/uploads\\\/sites\\\/5\\\/2020\\\/02\\\/aetzbare-sondermaterialien1218-auf-400-.jpg\",\"datePublished\":\"2021-05-03T10:29:26+00:00\",\"dateModified\":\"2025-12-09T09:37:28+00:00\",\"breadcrumb\":{\"@id\":\"https:\\\/\\\/www.micrometal.de\\\/en\\\/service-portfolio\\\/materials\\\/clad-materials\\\/#breadcrumb\"},\"inLanguage\":\"en-US\",\"potentialAction\":[{\"@type\":\"ReadAction\",\"target\":[\"https:\\\/\\\/www.micrometal.de\\\/en\\\/service-portfolio\\\/materials\\\/clad-materials\\\/\"]}]},{\"@type\":\"ImageObject\",\"inLanguage\":\"en-US\",\"@id\":\"https:\\\/\\\/www.micrometal.de\\\/en\\\/service-portfolio\\\/materials\\\/clad-materials\\\/#primaryimage\",\"url\":\"https:\\\/\\\/www.micrometal.de\\\/wp-content\\\/uploads\\\/sites\\\/5\\\/2020\\\/02\\\/aetzbare-sondermaterialien1218-auf-400-.jpg\",\"contentUrl\":\"https:\\\/\\\/www.micrometal.de\\\/wp-content\\\/uploads\\\/sites\\\/5\\\/2020\\\/02\\\/aetzbare-sondermaterialien1218-auf-400-.jpg\"},{\"@type\":\"BreadcrumbList\",\"@id\":\"https:\\\/\\\/www.micrometal.de\\\/en\\\/service-portfolio\\\/materials\\\/clad-materials\\\/#breadcrumb\",\"itemListElement\":[{\"@type\":\"ListItem\",\"position\":1,\"name\":\"Home\",\"item\":\"https:\\\/\\\/www.micrometal.de\\\/en\\\/\"},{\"@type\":\"ListItem\",\"position\":2,\"name\":\"Service Portfolio\",\"item\":\"https:\\\/\\\/www.micrometal.de\\\/en\\\/service-portfolio\\\/\"},{\"@type\":\"ListItem\",\"position\":3,\"name\":\"Etching of various materials\",\"item\":\"https:\\\/\\\/www.micrometal.de\\\/en\\\/service-portfolio\\\/materials\\\/\"},{\"@type\":\"ListItem\",\"position\":4,\"name\":\"Precision etched clad materials\"}]},{\"@type\":\"WebSite\",\"@id\":\"https:\\\/\\\/www.micrometal.de\\\/en\\\/#website\",\"url\":\"https:\\\/\\\/www.micrometal.de\\\/en\\\/\",\"name\":\"micrometal\",\"description\":\"Metall \u00e4tzen in h\u00f6chster Pr\u00e4zision\",\"potentialAction\":[{\"@type\":\"SearchAction\",\"target\":{\"@type\":\"EntryPoint\",\"urlTemplate\":\"https:\\\/\\\/www.micrometal.de\\\/en\\\/?s={search_term_string}\"},\"query-input\":{\"@type\":\"PropertyValueSpecification\",\"valueRequired\":true,\"valueName\":\"search_term_string\"}}],\"inLanguage\":\"en-US\"}]}<\/script>\n<!-- \/ Yoast SEO plugin. -->","yoast_head_json":{"title":"Precision etched clad materials - micrometal","robots":{"index":"index","follow":"follow","max-snippet":"max-snippet:-1","max-image-preview":"max-image-preview:large","max-video-preview":"max-video-preview:-1"},"canonical":"https:\/\/www.micrometal.de\/en\/service-portfolio\/materials\/clad-materials\/","og_locale":"en_US","og_type":"article","og_title":"Precision etched clad materials - micrometal","og_description":"Composite material Whenever a single material cannot fulfill the required properties, clad materials are used. In this way, the positive functions of the respective metal can be combined. In cladding, at least two different metallic strips are combined to form a composite material. The materials run in parallel from the respective coil into the rolling [&hellip;]","og_url":"https:\/\/www.micrometal.de\/en\/service-portfolio\/materials\/clad-materials\/","og_site_name":"micrometal","article_modified_time":"2025-12-09T09:37:28+00:00","og_image":[{"url":"https:\/\/www.micrometal.de\/wp-content\/uploads\/sites\/5\/2020\/02\/aetzbare-sondermaterialien1218-auf-400-.jpg","type":"","width":"","height":""}],"twitter_card":"summary_large_image","twitter_misc":{"Est. reading time":"2 minutes"},"schema":{"@context":"https:\/\/schema.org","@graph":[{"@type":"WebPage","@id":"https:\/\/www.micrometal.de\/en\/service-portfolio\/materials\/clad-materials\/","url":"https:\/\/www.micrometal.de\/en\/service-portfolio\/materials\/clad-materials\/","name":"Precision etched clad materials - micrometal","isPartOf":{"@id":"https:\/\/www.micrometal.de\/en\/#website"},"primaryImageOfPage":{"@id":"https:\/\/www.micrometal.de\/en\/service-portfolio\/materials\/clad-materials\/#primaryimage"},"image":{"@id":"https:\/\/www.micrometal.de\/en\/service-portfolio\/materials\/clad-materials\/#primaryimage"},"thumbnailUrl":"https:\/\/www.micrometal.de\/wp-content\/uploads\/sites\/5\/2020\/02\/aetzbare-sondermaterialien1218-auf-400-.jpg","datePublished":"2021-05-03T10:29:26+00:00","dateModified":"2025-12-09T09:37:28+00:00","breadcrumb":{"@id":"https:\/\/www.micrometal.de\/en\/service-portfolio\/materials\/clad-materials\/#breadcrumb"},"inLanguage":"en-US","potentialAction":[{"@type":"ReadAction","target":["https:\/\/www.micrometal.de\/en\/service-portfolio\/materials\/clad-materials\/"]}]},{"@type":"ImageObject","inLanguage":"en-US","@id":"https:\/\/www.micrometal.de\/en\/service-portfolio\/materials\/clad-materials\/#primaryimage","url":"https:\/\/www.micrometal.de\/wp-content\/uploads\/sites\/5\/2020\/02\/aetzbare-sondermaterialien1218-auf-400-.jpg","contentUrl":"https:\/\/www.micrometal.de\/wp-content\/uploads\/sites\/5\/2020\/02\/aetzbare-sondermaterialien1218-auf-400-.jpg"},{"@type":"BreadcrumbList","@id":"https:\/\/www.micrometal.de\/en\/service-portfolio\/materials\/clad-materials\/#breadcrumb","itemListElement":[{"@type":"ListItem","position":1,"name":"Home","item":"https:\/\/www.micrometal.de\/en\/"},{"@type":"ListItem","position":2,"name":"Service Portfolio","item":"https:\/\/www.micrometal.de\/en\/service-portfolio\/"},{"@type":"ListItem","position":3,"name":"Etching of various materials","item":"https:\/\/www.micrometal.de\/en\/service-portfolio\/materials\/"},{"@type":"ListItem","position":4,"name":"Precision etched clad materials"}]},{"@type":"WebSite","@id":"https:\/\/www.micrometal.de\/en\/#website","url":"https:\/\/www.micrometal.de\/en\/","name":"micrometal","description":"Metall \u00e4tzen in h\u00f6chster Pr\u00e4zision","potentialAction":[{"@type":"SearchAction","target":{"@type":"EntryPoint","urlTemplate":"https:\/\/www.micrometal.de\/en\/?s={search_term_string}"},"query-input":{"@type":"PropertyValueSpecification","valueRequired":true,"valueName":"search_term_string"}}],"inLanguage":"en-US"}]}},"_links":{"self":[{"href":"https:\/\/www.micrometal.de\/en\/wp-json\/wp\/v2\/pages\/6302","targetHints":{"allow":["GET"]}}],"collection":[{"href":"https:\/\/www.micrometal.de\/en\/wp-json\/wp\/v2\/pages"}],"about":[{"href":"https:\/\/www.micrometal.de\/en\/wp-json\/wp\/v2\/types\/page"}],"author":[{"embeddable":true,"href":"https:\/\/www.micrometal.de\/en\/wp-json\/wp\/v2\/users\/4"}],"replies":[{"embeddable":true,"href":"https:\/\/www.micrometal.de\/en\/wp-json\/wp\/v2\/comments?post=6302"}],"version-history":[{"count":25,"href":"https:\/\/www.micrometal.de\/en\/wp-json\/wp\/v2\/pages\/6302\/revisions"}],"predecessor-version":[{"id":24888,"href":"https:\/\/www.micrometal.de\/en\/wp-json\/wp\/v2\/pages\/6302\/revisions\/24888"}],"up":[{"embeddable":true,"href":"https:\/\/www.micrometal.de\/en\/wp-json\/wp\/v2\/pages\/7411"}],"wp:attachment":[{"href":"https:\/\/www.micrometal.de\/en\/wp-json\/wp\/v2\/media?parent=6302"}],"curies":[{"name":"wp","href":"https:\/\/api.w.org\/{rel}","templated":true}]}}