{"id":6308,"date":"2021-05-03T12:48:37","date_gmt":"2021-05-03T10:48:37","guid":{"rendered":"https:\/\/micrometal.wickeder.wickeder.de\/variety-of-etchable-metals\/"},"modified":"2021-12-15T15:27:08","modified_gmt":"2021-12-15T14:27:08","slug":"variety-of-etchable-metals","status":"publish","type":"page","link":"https:\/\/www.micrometal.de\/en\/service-portfolio\/materials\/variety-of-etchable-metals\/","title":{"rendered":"Variety of etchable metals"},"content":{"rendered":"\t\t<div data-elementor-type=\"wp-page\" data-elementor-id=\"6308\" class=\"elementor elementor-6308 elementor-3328\" data-elementor-post-type=\"page\">\n\t\t\t\t\t\t<section class=\"elementor-section elementor-top-section elementor-element elementor-element-7f55c8c6 elementor-section-full_width elementor-section-height-default elementor-section-height-default\" data-id=\"7f55c8c6\" data-element_type=\"section\" data-e-type=\"section\">\n\t\t\t\t\t\t<div class=\"elementor-container elementor-column-gap-no\">\n\t\t\t\t\t<div class=\"elementor-column elementor-col-100 elementor-top-column elementor-element elementor-element-6b4c8e51\" data-id=\"6b4c8e51\" data-element_type=\"column\" data-e-type=\"column\">\n\t\t\t<div class=\"elementor-widget-wrap elementor-element-populated\">\n\t\t\t\t\t\t<div class=\"elementor-element elementor-element-1762187a elementor-widget elementor-widget-standort_gross\" data-id=\"1762187a\" data-element_type=\"widget\" data-e-type=\"widget\" data-widget_type=\"standort_gross.default\">\n\t\t\t\t<div class=\"elementor-widget-container\">\n\t\t\t\t\t    \n      <div class=\"standort_gross img_rechts\">\n\n        \n        <div class=\"standort_gross-content\">\n          <div class=\"standort_gross-content-inner\">\n            <div class=\"standort_gross-content-padding\">\n\t            \n\t            \n                                <div class=\"elementor-element elementor-widget elementor-widget-heading\" data-element_type=\"widget\" data-widget_type=\"heading.default\">\n                  <div class=\"elementor-widget-container\">\n                    <h2 class=\"elementor-heading-title elementor-size-default\"> Variety of etchable metals<\/h2>\n                  <\/div>\n                <\/div>\n                \n                                <div class=\"elementor-element elementor-widget elementor-widget-text-editor\"><div class=\"press-description\"><div class=\"press-text\"><ul><li><a href=\"https:\/\/www.micrometal.de\/en\/service-portfolio\/materials\/stainless-steel\/#\">Stainless steels<\/a> and other alloys (e.g. 7C27Mo2, 1.4028 Mo, Invar, Alloy 42)<\/li><li>Nickel and cobalt materials (e.g. Mu-metal, HyMu 80, Alloy 52, Elgiloy (Phynox), Kovar, Hastelloys, Inconels, Haynes alloys, Nicrofer)<\/li><li><a href=\"https:\/\/www.micrometal.de\/en\/service-portfolio\/materials\/copper-copper-alloys-and-claddings\/#\">Copper and copper alloys <\/a>(e.g. copper beryllium, bronzes, brass, nickel silver)<\/li><li>Amorphous or nanocrystalline materials (e.g. Vitrovac 6025, Vitroperm 500)<\/li><li><a href=\"https:\/\/www.micrometal.de\/en\/service-portfolio\/materials\/aluminum\/\">Aluminum<\/a><\/li><li><a href=\"https:\/\/www.micrometal.de\/en\/service-portfolio\/materials\/titanium\/\">Titanium and titanium alloys<\/a><\/li><\/ul><\/div><\/div><\/div>\n                \n                            <\/div>\n          <\/div>\n        <\/div>\n\n        \n            <div class=\"standort_gross-image mobile_hide\" style=\"background: url(https:\/\/www.micrometal.de\/wp-content\/uploads\/sites\/5\/2020\/09\/Edlestahl-lager-micrometal.jpg);\">\n            \t              \t\t<img decoding=\"async\" alt=\"\" src=\"https:\/\/www.micrometal.de\/wp-content\/uploads\/sites\/5\/2020\/09\/Edlestahl-lager-micrometal.jpg\">\n              \t            <\/div>\n\n        \n      <\/div>\n    \n    \t\t\t\t<\/div>\n\t\t\t\t<\/div>\n\t\t\t\t\t<\/div>\n\t\t<\/div>\n\t\t\t\t\t<\/div>\n\t\t<\/section>\n\t\t\t\t<section class=\"elementor-section elementor-top-section elementor-element elementor-element-4307da81 elementor-section-full_width elementor-section-height-min-height elementor-section-height-default elementor-section-items-middle\" data-id=\"4307da81\" data-element_type=\"section\" data-e-type=\"section\">\n\t\t\t\t\t\t<div class=\"elementor-container elementor-column-gap-no\">\n\t\t\t\t\t<div class=\"elementor-column elementor-col-100 elementor-top-column elementor-element elementor-element-3e5afc49\" data-id=\"3e5afc49\" data-element_type=\"column\" data-e-type=\"column\">\n\t\t\t<div class=\"elementor-widget-wrap elementor-element-populated\">\n\t\t\t\t\t\t<div class=\"elementor-element elementor-element-69b2dab2 elementor-widget elementor-widget-standort_gross\" data-id=\"69b2dab2\" data-element_type=\"widget\" data-e-type=\"widget\" data-widget_type=\"standort_gross.default\">\n\t\t\t\t<div class=\"elementor-widget-container\">\n\t\t\t\t\t    \n      <div class=\"standort_gross \">\n\n        \n            <div class=\"standort_gross-image mobile_hide\" style=\"background: url(https:\/\/www.micrometal.de\/wp-content\/uploads\/sites\/5\/2020\/05\/micrometal_reeltoteelaetzen.jpg);\">\n            \t              \t\t<img decoding=\"async\" alt=\"\" src=\"https:\/\/www.micrometal.de\/wp-content\/uploads\/sites\/5\/2020\/05\/micrometal_reeltoteelaetzen.jpg\">\n              \t            <\/div>\n\n        \n        <div class=\"standort_gross-content\">\n          <div class=\"standort_gross-content-inner\">\n            <div class=\"standort_gross-content-padding\">\n\t            \n\t            \n                                <div class=\"elementor-element elementor-widget elementor-widget-heading\" data-element_type=\"widget\" data-widget_type=\"heading.default\">\n                  <div class=\"elementor-widget-container\">\n                    <h2 class=\"elementor-heading-title elementor-size-default\">Can your desired material also be etched?<\/h2>\n                  <\/div>\n                <\/div>\n                \n                                <div class=\"elementor-element elementor-widget elementor-widget-text-editor\"><div class=\"press-description\">\n<div class=\"press-text\">\n<p>If you are interested in etching another (composite) metal or metal-plastic laminate, please let us know. We will be happy to check the relevant etching properties and processability for you using our continuous etching technology.<\/p>\n<p>We look forward to your enquiry at <a href=\"mailto:info@micrometal.de\" target=\"_blank\" rel=\"noopener\">sales@micrometal.de<\/a>.<\/p>\n<\/div>\n<\/div>\n<\/div>\n                \n                            <\/div>\n          <\/div>\n        <\/div>\n\n        \n      <\/div>\n    \n    \t\t\t\t<\/div>\n\t\t\t\t<\/div>\n\t\t\t\t\t<\/div>\n\t\t<\/div>\n\t\t\t\t\t<\/div>\n\t\t<\/section>\n\t\t\t\t<section class=\"elementor-section elementor-top-section elementor-element elementor-element-7ebbb144 elementor-section-full_width elementor-section-height-default elementor-section-height-default\" data-id=\"7ebbb144\" data-element_type=\"section\" data-e-type=\"section\">\n\t\t\t\t\t\t<div class=\"elementor-container elementor-column-gap-no\">\n\t\t\t\t\t<div class=\"elementor-column elementor-col-100 elementor-top-column elementor-element elementor-element-1c3476a4\" data-id=\"1c3476a4\" data-element_type=\"column\" data-e-type=\"column\">\n\t\t\t<div class=\"elementor-widget-wrap elementor-element-populated\">\n\t\t\t\t\t\t<div class=\"elementor-element elementor-element-4a1cd55 elementor-widget elementor-widget-standort_gross\" data-id=\"4a1cd55\" data-element_type=\"widget\" data-e-type=\"widget\" data-widget_type=\"standort_gross.default\">\n\t\t\t\t<div class=\"elementor-widget-container\">\n\t\t\t\t\t    \n      <div class=\"standort_gross img_rechts\">\n\n        \n        <div class=\"standort_gross-content\">\n          <div class=\"standort_gross-content-inner\">\n            <div class=\"standort_gross-content-padding\">\n\t            \n\t            \n                                <div class=\"elementor-element elementor-widget elementor-widget-heading\" data-element_type=\"widget\" data-widget_type=\"heading.default\">\n                  <div class=\"elementor-widget-container\">\n                    <h2 class=\"elementor-heading-title elementor-size-default\">Our standards are industry leading<\/h2>\n                  <\/div>\n                <\/div>\n                \n                                <div class=\"elementor-element elementor-widget elementor-widget-text-editor\"><p>We operate in the world of the tightest tolerances (hundredths of a millimeter), finest structures, thinnest metals, and most complex geometries. We etch customer-specific metal components to the tightest tolerances in large-scale industrial production. <\/p>\n<p>We strive for and achieve the highest customer satisfaction through excellent quality. In order to guarantee this to our customers, our processes are constantly monitored and further developed through strict quality controls. We are certified according to ISO 9001, IATF 16949 and ISO 14001.<\/p>\n<p>\u00a0<\/p>\n<p>\u00a0<\/p>\n<\/div>\n                \n                            <\/div>\n          <\/div>\n        <\/div>\n\n        \n            <div class=\"standort_gross-image mobile_hide\" style=\"background: url(https:\/\/www.micrometal.de\/wp-content\/uploads\/sites\/5\/2020\/05\/aetzen-qualitaet-scaled.jpg);\">\n            \t              \t\t<img decoding=\"async\" alt=\"\" src=\"https:\/\/www.micrometal.de\/wp-content\/uploads\/sites\/5\/2020\/05\/aetzen-qualitaet-scaled.jpg\">\n              \t            <\/div>\n\n        \n      <\/div>\n    \n    \t\t\t\t<\/div>\n\t\t\t\t<\/div>\n\t\t\t\t\t<\/div>\n\t\t<\/div>\n\t\t\t\t\t<\/div>\n\t\t<\/section>\n\t\t\t\t<section class=\"elementor-section elementor-top-section elementor-element elementor-element-3398bd7e elementor-section-boxed elementor-section-height-default elementor-section-height-default\" data-id=\"3398bd7e\" data-element_type=\"section\" data-e-type=\"section\">\n\t\t\t\t\t\t<div class=\"elementor-container elementor-column-gap-default\">\n\t\t\t\t\t<div class=\"elementor-column elementor-col-100 elementor-top-column elementor-element elementor-element-52f2a061\" data-id=\"52f2a061\" data-element_type=\"column\" data-e-type=\"column\">\n\t\t\t<div class=\"elementor-widget-wrap elementor-element-populated\">\n\t\t\t\t\t\t<div class=\"elementor-element elementor-element-6506cdb7 elementor-widget elementor-widget-spacer\" data-id=\"6506cdb7\" data-element_type=\"widget\" data-e-type=\"widget\" data-widget_type=\"spacer.default\">\n\t\t\t\t<div class=\"elementor-widget-container\">\n\t\t\t\t\t\t\t<div class=\"elementor-spacer\">\n\t\t\t<div class=\"elementor-spacer-inner\"><\/div>\n\t\t<\/div>\n\t\t\t\t\t\t<\/div>\n\t\t\t\t<\/div>\n\t\t\t\t\t<\/div>\n\t\t<\/div>\n\t\t\t\t\t<\/div>\n\t\t<\/section>\n\t\t\t\t<\/div>\n\t\t","protected":false},"excerpt":{"rendered":"<p>Variety of etchable metals Stainless steels and other alloys (e.g. 7C27Mo2, 1.4028 Mo, Invar, Alloy 42) Nickel and cobalt materials (e.g. Mu-metal, HyMu 80, Alloy 52, Elgiloy (Phynox), Kovar, Hastelloys, Inconels, Haynes alloys, Nicrofer) Copper and copper alloys (e.g. copper beryllium, bronzes, brass, nickel silver) Amorphous or nanocrystalline materials (e.g. Vitrovac 6025, Vitroperm 500) Aluminum [&hellip;]<\/p>\n","protected":false},"author":4,"featured_media":0,"parent":7411,"menu_order":0,"comment_status":"closed","ping_status":"closed","template":"","meta":{"footnotes":""},"class_list":["post-6308","page","type-page","status-publish","hentry"],"yoast_head":"<!-- This site is optimized with the Yoast SEO plugin v27.5 - https:\/\/yoast.com\/product\/yoast-seo-wordpress\/ -->\n<title>Variety of etchable metals - micrometal<\/title>\n<meta name=\"robots\" content=\"index, follow, max-snippet:-1, max-image-preview:large, max-video-preview:-1\" \/>\n<link rel=\"canonical\" href=\"https:\/\/www.micrometal.de\/en\/service-portfolio\/materials\/variety-of-etchable-metals\/\" \/>\n<meta property=\"og:locale\" content=\"en_US\" \/>\n<meta property=\"og:type\" content=\"article\" \/>\n<meta property=\"og:title\" content=\"Variety of etchable metals - micrometal\" \/>\n<meta property=\"og:description\" content=\"Variety of etchable metals Stainless steels and other alloys (e.g. 7C27Mo2, 1.4028 Mo, Invar, Alloy 42) Nickel and cobalt materials (e.g. Mu-metal, HyMu 80, Alloy 52, Elgiloy (Phynox), Kovar, Hastelloys, Inconels, Haynes alloys, Nicrofer) Copper and copper alloys (e.g. copper beryllium, bronzes, brass, nickel silver) Amorphous or nanocrystalline materials (e.g. Vitrovac 6025, Vitroperm 500) Aluminum [&hellip;]\" \/>\n<meta property=\"og:url\" content=\"https:\/\/www.micrometal.de\/en\/service-portfolio\/materials\/variety-of-etchable-metals\/\" \/>\n<meta property=\"og:site_name\" content=\"micrometal\" \/>\n<meta property=\"article:modified_time\" content=\"2021-12-15T14:27:08+00:00\" \/>\n<meta property=\"og:image\" content=\"https:\/\/www.micrometal.de\/wp-content\/uploads\/sites\/5\/2020\/09\/Edlestahl-lager-micrometal.jpg\" \/>\n<meta name=\"twitter:card\" content=\"summary_large_image\" \/>\n<meta name=\"twitter:label1\" content=\"Est. reading time\" \/>\n\t<meta name=\"twitter:data1\" content=\"2 minutes\" \/>\n<script type=\"application\/ld+json\" class=\"yoast-schema-graph\">{\"@context\":\"https:\\\/\\\/schema.org\",\"@graph\":[{\"@type\":\"WebPage\",\"@id\":\"https:\\\/\\\/www.micrometal.de\\\/en\\\/service-portfolio\\\/materials\\\/variety-of-etchable-metals\\\/\",\"url\":\"https:\\\/\\\/www.micrometal.de\\\/en\\\/service-portfolio\\\/materials\\\/variety-of-etchable-metals\\\/\",\"name\":\"Variety of etchable metals - micrometal\",\"isPartOf\":{\"@id\":\"https:\\\/\\\/www.micrometal.de\\\/en\\\/#website\"},\"primaryImageOfPage\":{\"@id\":\"https:\\\/\\\/www.micrometal.de\\\/en\\\/service-portfolio\\\/materials\\\/variety-of-etchable-metals\\\/#primaryimage\"},\"image\":{\"@id\":\"https:\\\/\\\/www.micrometal.de\\\/en\\\/service-portfolio\\\/materials\\\/variety-of-etchable-metals\\\/#primaryimage\"},\"thumbnailUrl\":\"https:\\\/\\\/www.micrometal.de\\\/wp-content\\\/uploads\\\/sites\\\/5\\\/2020\\\/09\\\/Edlestahl-lager-micrometal.jpg\",\"datePublished\":\"2021-05-03T10:48:37+00:00\",\"dateModified\":\"2021-12-15T14:27:08+00:00\",\"breadcrumb\":{\"@id\":\"https:\\\/\\\/www.micrometal.de\\\/en\\\/service-portfolio\\\/materials\\\/variety-of-etchable-metals\\\/#breadcrumb\"},\"inLanguage\":\"en-US\",\"potentialAction\":[{\"@type\":\"ReadAction\",\"target\":[\"https:\\\/\\\/www.micrometal.de\\\/en\\\/service-portfolio\\\/materials\\\/variety-of-etchable-metals\\\/\"]}]},{\"@type\":\"ImageObject\",\"inLanguage\":\"en-US\",\"@id\":\"https:\\\/\\\/www.micrometal.de\\\/en\\\/service-portfolio\\\/materials\\\/variety-of-etchable-metals\\\/#primaryimage\",\"url\":\"https:\\\/\\\/www.micrometal.de\\\/wp-content\\\/uploads\\\/sites\\\/5\\\/2020\\\/09\\\/Edlestahl-lager-micrometal.jpg\",\"contentUrl\":\"https:\\\/\\\/www.micrometal.de\\\/wp-content\\\/uploads\\\/sites\\\/5\\\/2020\\\/09\\\/Edlestahl-lager-micrometal.jpg\"},{\"@type\":\"BreadcrumbList\",\"@id\":\"https:\\\/\\\/www.micrometal.de\\\/en\\\/service-portfolio\\\/materials\\\/variety-of-etchable-metals\\\/#breadcrumb\",\"itemListElement\":[{\"@type\":\"ListItem\",\"position\":1,\"name\":\"Home\",\"item\":\"https:\\\/\\\/www.micrometal.de\\\/en\\\/\"},{\"@type\":\"ListItem\",\"position\":2,\"name\":\"Service Portfolio\",\"item\":\"https:\\\/\\\/www.micrometal.de\\\/en\\\/service-portfolio\\\/\"},{\"@type\":\"ListItem\",\"position\":3,\"name\":\"Etching of various materials\",\"item\":\"https:\\\/\\\/www.micrometal.de\\\/en\\\/service-portfolio\\\/materials\\\/\"},{\"@type\":\"ListItem\",\"position\":4,\"name\":\"Variety of etchable metals\"}]},{\"@type\":\"WebSite\",\"@id\":\"https:\\\/\\\/www.micrometal.de\\\/en\\\/#website\",\"url\":\"https:\\\/\\\/www.micrometal.de\\\/en\\\/\",\"name\":\"micrometal\",\"description\":\"Metall \u00e4tzen in h\u00f6chster Pr\u00e4zision\",\"potentialAction\":[{\"@type\":\"SearchAction\",\"target\":{\"@type\":\"EntryPoint\",\"urlTemplate\":\"https:\\\/\\\/www.micrometal.de\\\/en\\\/?s={search_term_string}\"},\"query-input\":{\"@type\":\"PropertyValueSpecification\",\"valueRequired\":true,\"valueName\":\"search_term_string\"}}],\"inLanguage\":\"en-US\"}]}<\/script>\n<!-- \/ Yoast SEO plugin. -->","yoast_head_json":{"title":"Variety of etchable metals - micrometal","robots":{"index":"index","follow":"follow","max-snippet":"max-snippet:-1","max-image-preview":"max-image-preview:large","max-video-preview":"max-video-preview:-1"},"canonical":"https:\/\/www.micrometal.de\/en\/service-portfolio\/materials\/variety-of-etchable-metals\/","og_locale":"en_US","og_type":"article","og_title":"Variety of etchable metals - micrometal","og_description":"Variety of etchable metals Stainless steels and other alloys (e.g. 7C27Mo2, 1.4028 Mo, Invar, Alloy 42) Nickel and cobalt materials (e.g. Mu-metal, HyMu 80, Alloy 52, Elgiloy (Phynox), Kovar, Hastelloys, Inconels, Haynes alloys, Nicrofer) Copper and copper alloys (e.g. copper beryllium, bronzes, brass, nickel silver) Amorphous or nanocrystalline materials (e.g. Vitrovac 6025, Vitroperm 500) Aluminum [&hellip;]","og_url":"https:\/\/www.micrometal.de\/en\/service-portfolio\/materials\/variety-of-etchable-metals\/","og_site_name":"micrometal","article_modified_time":"2021-12-15T14:27:08+00:00","og_image":[{"url":"https:\/\/www.micrometal.de\/wp-content\/uploads\/sites\/5\/2020\/09\/Edlestahl-lager-micrometal.jpg","type":"","width":"","height":""}],"twitter_card":"summary_large_image","twitter_misc":{"Est. reading time":"2 minutes"},"schema":{"@context":"https:\/\/schema.org","@graph":[{"@type":"WebPage","@id":"https:\/\/www.micrometal.de\/en\/service-portfolio\/materials\/variety-of-etchable-metals\/","url":"https:\/\/www.micrometal.de\/en\/service-portfolio\/materials\/variety-of-etchable-metals\/","name":"Variety of etchable metals - micrometal","isPartOf":{"@id":"https:\/\/www.micrometal.de\/en\/#website"},"primaryImageOfPage":{"@id":"https:\/\/www.micrometal.de\/en\/service-portfolio\/materials\/variety-of-etchable-metals\/#primaryimage"},"image":{"@id":"https:\/\/www.micrometal.de\/en\/service-portfolio\/materials\/variety-of-etchable-metals\/#primaryimage"},"thumbnailUrl":"https:\/\/www.micrometal.de\/wp-content\/uploads\/sites\/5\/2020\/09\/Edlestahl-lager-micrometal.jpg","datePublished":"2021-05-03T10:48:37+00:00","dateModified":"2021-12-15T14:27:08+00:00","breadcrumb":{"@id":"https:\/\/www.micrometal.de\/en\/service-portfolio\/materials\/variety-of-etchable-metals\/#breadcrumb"},"inLanguage":"en-US","potentialAction":[{"@type":"ReadAction","target":["https:\/\/www.micrometal.de\/en\/service-portfolio\/materials\/variety-of-etchable-metals\/"]}]},{"@type":"ImageObject","inLanguage":"en-US","@id":"https:\/\/www.micrometal.de\/en\/service-portfolio\/materials\/variety-of-etchable-metals\/#primaryimage","url":"https:\/\/www.micrometal.de\/wp-content\/uploads\/sites\/5\/2020\/09\/Edlestahl-lager-micrometal.jpg","contentUrl":"https:\/\/www.micrometal.de\/wp-content\/uploads\/sites\/5\/2020\/09\/Edlestahl-lager-micrometal.jpg"},{"@type":"BreadcrumbList","@id":"https:\/\/www.micrometal.de\/en\/service-portfolio\/materials\/variety-of-etchable-metals\/#breadcrumb","itemListElement":[{"@type":"ListItem","position":1,"name":"Home","item":"https:\/\/www.micrometal.de\/en\/"},{"@type":"ListItem","position":2,"name":"Service Portfolio","item":"https:\/\/www.micrometal.de\/en\/service-portfolio\/"},{"@type":"ListItem","position":3,"name":"Etching of various materials","item":"https:\/\/www.micrometal.de\/en\/service-portfolio\/materials\/"},{"@type":"ListItem","position":4,"name":"Variety of etchable metals"}]},{"@type":"WebSite","@id":"https:\/\/www.micrometal.de\/en\/#website","url":"https:\/\/www.micrometal.de\/en\/","name":"micrometal","description":"Metall \u00e4tzen in h\u00f6chster Pr\u00e4zision","potentialAction":[{"@type":"SearchAction","target":{"@type":"EntryPoint","urlTemplate":"https:\/\/www.micrometal.de\/en\/?s={search_term_string}"},"query-input":{"@type":"PropertyValueSpecification","valueRequired":true,"valueName":"search_term_string"}}],"inLanguage":"en-US"}]}},"_links":{"self":[{"href":"https:\/\/www.micrometal.de\/en\/wp-json\/wp\/v2\/pages\/6308","targetHints":{"allow":["GET"]}}],"collection":[{"href":"https:\/\/www.micrometal.de\/en\/wp-json\/wp\/v2\/pages"}],"about":[{"href":"https:\/\/www.micrometal.de\/en\/wp-json\/wp\/v2\/types\/page"}],"author":[{"embeddable":true,"href":"https:\/\/www.micrometal.de\/en\/wp-json\/wp\/v2\/users\/4"}],"replies":[{"embeddable":true,"href":"https:\/\/www.micrometal.de\/en\/wp-json\/wp\/v2\/comments?post=6308"}],"version-history":[{"count":29,"href":"https:\/\/www.micrometal.de\/en\/wp-json\/wp\/v2\/pages\/6308\/revisions"}],"predecessor-version":[{"id":15189,"href":"https:\/\/www.micrometal.de\/en\/wp-json\/wp\/v2\/pages\/6308\/revisions\/15189"}],"up":[{"embeddable":true,"href":"https:\/\/www.micrometal.de\/en\/wp-json\/wp\/v2\/pages\/7411"}],"wp:attachment":[{"href":"https:\/\/www.micrometal.de\/en\/wp-json\/wp\/v2\/media?parent=6308"}],"curies":[{"name":"wp","href":"https:\/\/api.w.org\/{rel}","templated":true}]}}