{"id":6382,"date":"2021-05-04T08:59:59","date_gmt":"2021-05-04T06:59:59","guid":{"rendered":"https:\/\/micrometal.wickeder.wickeder.de\/automotive\/"},"modified":"2024-03-05T11:16:35","modified_gmt":"2024-03-05T10:16:35","slug":"automotive","status":"publish","type":"page","link":"https:\/\/www.micrometal.de\/en\/sectors\/automotive\/","title":{"rendered":"Automotive"},"content":{"rendered":"\t\t<div data-elementor-type=\"wp-page\" data-elementor-id=\"6382\" class=\"elementor elementor-6382 elementor-1073\" data-elementor-post-type=\"page\">\n\t\t\t\t\t\t<section class=\"elementor-section elementor-top-section elementor-element elementor-element-445a659f elementor-section-full_width elementor-section-height-default elementor-section-height-default\" data-id=\"445a659f\" data-element_type=\"section\" data-e-type=\"section\">\n\t\t\t\t\t\t<div class=\"elementor-container elementor-column-gap-no\">\n\t\t\t\t\t<div class=\"elementor-column elementor-col-100 elementor-top-column elementor-element elementor-element-5c889442\" data-id=\"5c889442\" data-element_type=\"column\" data-e-type=\"column\">\n\t\t\t<div class=\"elementor-widget-wrap elementor-element-populated\">\n\t\t\t\t\t\t<div class=\"elementor-element elementor-element-73518ae8 elementor-widget elementor-widget-standort_gross\" data-id=\"73518ae8\" data-element_type=\"widget\" data-e-type=\"widget\" data-widget_type=\"standort_gross.default\">\n\t\t\t\t<div class=\"elementor-widget-container\">\n\t\t\t\t\t    \n      <div class=\"standort_gross img_rechts\">\n\n        \n        <div class=\"standort_gross-content\">\n          <div class=\"standort_gross-content-inner\">\n            <div class=\"standort_gross-content-padding\">\n\t            \n\t            \n                                <div class=\"elementor-element elementor-widget elementor-widget-heading\" data-element_type=\"widget\" data-widget_type=\"heading.default\">\n                  <div class=\"elementor-widget-container\">\n                    <h2 class=\"elementor-heading-title elementor-size-default\">Custom solutions<\/h2>\n                  <\/div>\n                <\/div>\n                \n                                <div class=\"elementor-element elementor-widget elementor-widget-text-editor\"><p>The key drivers for automotive OEMs across the globe are to make cleaner and cleaner, and more and more fuel-efficient vehicles. Within this context, the automotive industry faces enormous challenges \u2014 including among other things \u2014 the use of innovative drive concepts; lightweight construction; cost efficiency; and increased functionality. As such, automotive OEMs need to work with adaptable service suppliers that can provide customised solutions for specific applications.<\/p><p>The highest precision metal components are required while attaining increasingly tight tolerances and greater complexity. These consistent requirements play to the strengths of micrometal\u2019s inline <a href=\"https:\/\/www.micrometal.de\/en\/service-portfolio\/reel-to-reel\/\">reel-to-reel photochemical etching technology<\/a>, a continuous industrial etching process which economically produces extremely high quantities of thin metal parts.<\/p><\/div>\n                \n                            <\/div>\n          <\/div>\n        <\/div>\n\n        \n            <div class=\"standort_gross-image mobile_hide\" style=\"background: url(https:\/\/www.micrometal.de\/wp-content\/uploads\/sites\/5\/2019\/12\/Automotive.jpg);\">\n            \t              \t\t<img decoding=\"async\" alt=\"\" src=\"https:\/\/www.micrometal.de\/wp-content\/uploads\/sites\/5\/2019\/12\/Automotive.jpg\">\n              \t            <\/div>\n\n        \n      <\/div>\n    \n    \t\t\t\t<\/div>\n\t\t\t\t<\/div>\n\t\t\t\t\t<\/div>\n\t\t<\/div>\n\t\t\t\t\t<\/div>\n\t\t<\/section>\n\t\t\t\t<section class=\"elementor-section elementor-top-section elementor-element elementor-element-636e79f5 elementor-section-full_width elementor-section-height-min-height elementor-section-height-default elementor-section-items-middle\" data-id=\"636e79f5\" data-element_type=\"section\" data-e-type=\"section\">\n\t\t\t\t\t\t<div class=\"elementor-container elementor-column-gap-no\">\n\t\t\t\t\t<div class=\"elementor-column elementor-col-100 elementor-top-column elementor-element elementor-element-fffb472\" data-id=\"fffb472\" data-element_type=\"column\" data-e-type=\"column\">\n\t\t\t<div class=\"elementor-widget-wrap elementor-element-populated\">\n\t\t\t\t\t\t<div class=\"elementor-element elementor-element-60c29558 elementor-widget elementor-widget-standort_gross\" data-id=\"60c29558\" data-element_type=\"widget\" data-e-type=\"widget\" data-widget_type=\"standort_gross.default\">\n\t\t\t\t<div class=\"elementor-widget-container\">\n\t\t\t\t\t    \n      <div class=\"standort_gross \">\n\n        \n            <div class=\"standort_gross-image mobile_hide\" style=\"background: url(https:\/\/www.micrometal.de\/wp-content\/uploads\/sites\/5\/2021\/04\/Bipolarplate-2560-2252.jpg);\">\n            \t              \t\t<img decoding=\"async\" alt=\"\" src=\"https:\/\/www.micrometal.de\/wp-content\/uploads\/sites\/5\/2021\/04\/Bipolarplate-2560-2252.jpg\">\n              \t            <\/div>\n\n        \n        <div class=\"standort_gross-content\">\n          <div class=\"standort_gross-content-inner\">\n            <div class=\"standort_gross-content-padding\">\n\t            \n\t            \n                                <div class=\"elementor-element elementor-widget elementor-widget-heading\" data-element_type=\"widget\" data-widget_type=\"heading.default\">\n                  <div class=\"elementor-widget-container\">\n                    <h2 class=\"elementor-heading-title elementor-size-default\">Advantages and benefits for the automotive industry<\/h2>\n                  <\/div>\n                <\/div>\n                \n                                <div class=\"elementor-element elementor-widget elementor-widget-text-editor\"><div class=\"press-description\">\n<div class=\"press-text\">\n<ul>\n<li><strong>Highly automated manufacturing process <\/strong> \u2013 you benefit from high quality products at an economical price<\/li>\n<li><strong>High degree of freedom in product design <\/strong> \u2013 you benefit from a huge range of part design options - you are one step closer to your desired solution<\/li>\n<li><strong>Stress- and burr-free products <\/strong>\u2013 you benefit from fewer post-processing disturbances, which contributes to end-use product integrity and safety<\/li>\n<li><strong>High reproducibility<\/strong> due to the non-wearing tool and sophisticated manufacturing - you benefit from consistent parts while maintaining tolerances over the complete product life cycle<\/li>\n<li><strong>Delivery as strip goods <\/strong> \u2013 you benefit from successive fully automated further post-processing, which will bring you clear advantages in terms of total costs<\/li>\n<li><strong><strong>Cleanliness (free of dust, oil and grease) from the line <\/strong><\/strong>\u2013 you benefit from the elimination of additional cleaning processes, which is reflected in the cost-effective parts price<strong>\u00a0<\/strong><\/li>\n<\/ul>\n<\/div>\n<\/div>\n<\/div>\n                \n                            <\/div>\n          <\/div>\n        <\/div>\n\n        \n      <\/div>\n    \n    \t\t\t\t<\/div>\n\t\t\t\t<\/div>\n\t\t\t\t\t<\/div>\n\t\t<\/div>\n\t\t\t\t\t<\/div>\n\t\t<\/section>\n\t\t\t\t<section class=\"elementor-section elementor-top-section elementor-element elementor-element-1a3a193f elementor-section-full_width elementor-section-height-default elementor-section-height-default\" data-id=\"1a3a193f\" data-element_type=\"section\" data-e-type=\"section\">\n\t\t\t\t\t\t<div class=\"elementor-container elementor-column-gap-no\">\n\t\t\t\t\t<div class=\"elementor-column elementor-col-100 elementor-top-column elementor-element elementor-element-4d526c77\" data-id=\"4d526c77\" data-element_type=\"column\" data-e-type=\"column\">\n\t\t\t<div class=\"elementor-widget-wrap elementor-element-populated\">\n\t\t\t\t\t\t<div class=\"elementor-element elementor-element-fe9238b elementor-widget elementor-widget-standort_gross\" data-id=\"fe9238b\" data-element_type=\"widget\" data-e-type=\"widget\" data-widget_type=\"standort_gross.default\">\n\t\t\t\t<div class=\"elementor-widget-container\">\n\t\t\t\t\t    \n      <div class=\"standort_gross img_rechts\">\n\n        \n        <div class=\"standort_gross-content\">\n          <div class=\"standort_gross-content-inner\">\n            <div class=\"standort_gross-content-padding\">\n\t            \n\t            \n                                <div class=\"elementor-element elementor-widget elementor-widget-heading\" data-element_type=\"widget\" data-widget_type=\"heading.default\">\n                  <div class=\"elementor-widget-container\">\n                    <h2 class=\"elementor-heading-title elementor-size-default\">Applications<\/h2>\n                  <\/div>\n                <\/div>\n                \n                                <div class=\"elementor-element elementor-widget elementor-widget-text-editor\"><ul><li><a href=\"https:\/\/www.micrometal.de\/en\/products\/filters-sieves\/\" target=\"_blank\" rel=\"noopener\">Filter and Sieves<\/a><\/li><li><a href=\"https:\/\/www.micrometal.de\/en\/products\/fuel-cells\/\" target=\"_blank\" rel=\"noopener\">Bipolar fuel cell plates, fuel cells<\/a><\/li><li>Flexures<\/li><li><a href=\"https:\/\/www.micrometal.de\/en\/products\/connectors\/\" target=\"_blank\" rel=\"noopener\">Pins for electronics<\/a><\/li><li><a href=\"https:\/\/www.micrometal.de\/en\/products\/springs\/\" target=\"_blank\" rel=\"noopener\">Springs<\/a><\/li><li>Functional surfaces<\/li><li>Automotive interior: loudspeakers, door sills, etc\u2026<\/li><\/ul><\/div>\n                \n                            <\/div>\n          <\/div>\n        <\/div>\n\n        \n            <div class=\"standort_gross-image mobile_hide\" style=\"background: url(https:\/\/www.micrometal.de\/wp-content\/uploads\/sites\/5\/2020\/09\/Automobile-Einstiegleiste-384-190.jpg);\">\n            \t              \t\t<img decoding=\"async\" alt=\"\" src=\"https:\/\/www.micrometal.de\/wp-content\/uploads\/sites\/5\/2020\/09\/Automobile-Einstiegleiste-384-190.jpg\">\n              \t            <\/div>\n\n        \n      <\/div>\n    \n    \t\t\t\t<\/div>\n\t\t\t\t<\/div>\n\t\t\t\t\t<\/div>\n\t\t<\/div>\n\t\t\t\t\t<\/div>\n\t\t<\/section>\n\t\t\t\t<section class=\"elementor-section elementor-top-section elementor-element elementor-element-ca8b32f elementor-section-full_width elementor-section-height-default elementor-section-height-default\" data-id=\"ca8b32f\" data-element_type=\"section\" data-e-type=\"section\">\n\t\t\t\t\t\t<div class=\"elementor-container elementor-column-gap-no\">\n\t\t\t\t\t<div class=\"elementor-column elementor-col-100 elementor-top-column elementor-element elementor-element-67ef722d\" data-id=\"67ef722d\" data-element_type=\"column\" data-e-type=\"column\">\n\t\t\t<div class=\"elementor-widget-wrap elementor-element-populated\">\n\t\t\t\t\t\t<div class=\"elementor-element elementor-element-23480cb9 elementor-widget elementor-widget-standort_gross\" data-id=\"23480cb9\" data-element_type=\"widget\" data-e-type=\"widget\" data-widget_type=\"standort_gross.default\">\n\t\t\t\t<div class=\"elementor-widget-container\">\n\t\t\t\t\t    \n      <div class=\"standort_gross \">\n\n        \n            <div class=\"standort_gross-image mobile_hide\" style=\"background: url(https:\/\/www.micrometal.de\/wp-content\/uploads\/sites\/5\/2020\/05\/aetzen-qualitaet-scaled.jpg);\">\n            \t              \t\t<img decoding=\"async\" alt=\"\" src=\"https:\/\/www.micrometal.de\/wp-content\/uploads\/sites\/5\/2020\/05\/aetzen-qualitaet-scaled.jpg\">\n              \t            <\/div>\n\n        \n        <div class=\"standort_gross-content\">\n          <div class=\"standort_gross-content-inner\">\n            <div class=\"standort_gross-content-padding\">\n\t            \n\t            \n                                <div class=\"elementor-element elementor-widget elementor-widget-heading\" data-element_type=\"widget\" data-widget_type=\"heading.default\">\n                  <div class=\"elementor-widget-container\">\n                    <h2 class=\"elementor-heading-title elementor-size-default\">Our standards are industry leading<\/h2>\n                  <\/div>\n                <\/div>\n                \n                                <div class=\"elementor-element elementor-widget elementor-widget-text-editor\"><p>Our mission is to reach the highest customer satisfaction through excellent quality. In order to guarantee this to our customers, our processes are constantly monitored and further developed through strict quality controls. We are certified according to <a href=\"https:\/\/www.micrometal.de\/en\/responsibility\/certificates\/\" target=\"_blank\" rel=\"noopener\">IATF 16949,<\/a> ISO 13485, ISO 9001 and ISO 14001. micrometal combines the infrastructural capacity, level of experience, and strategic focus required to surpass the ever more exacting requirements of automotive OEMs<\/p>\n<\/div>\n                \n                            <\/div>\n          <\/div>\n        <\/div>\n\n        \n      <\/div>\n    \n    \t\t\t\t<\/div>\n\t\t\t\t<\/div>\n\t\t\t\t\t<\/div>\n\t\t<\/div>\n\t\t\t\t\t<\/div>\n\t\t<\/section>\n\t\t\t\t<\/div>\n\t\t","protected":false},"excerpt":{"rendered":"<p>Custom solutions The key drivers for automotive OEMs across the globe are to make cleaner and cleaner, and more and more fuel-efficient vehicles. Within this context, the automotive industry faces enormous challenges \u2014 including among other things \u2014 the use of innovative drive concepts; lightweight construction; cost efficiency; and increased functionality. As such, automotive OEMs [&hellip;]<\/p>\n","protected":false},"author":2,"featured_media":0,"parent":6838,"menu_order":1,"comment_status":"closed","ping_status":"closed","template":"","meta":{"footnotes":""},"class_list":["post-6382","page","type-page","status-publish","hentry"],"yoast_head":"<!-- This site is optimized with the Yoast SEO plugin v27.3 - https:\/\/yoast.com\/product\/yoast-seo-wordpress\/ -->\n<title>Metal precision parts for the automotive industry - micrometal<\/title>\n<meta name=\"description\" content=\"Filters and strainers, bipolar fuel cell plates, fuel cells, bends, pins for electronics, springs, functional surfaces, automotive interiors: loudspeaker panelling, door sills and much more\" \/>\n<meta name=\"robots\" content=\"index, follow, max-snippet:-1, max-image-preview:large, max-video-preview:-1\" \/>\n<link rel=\"canonical\" href=\"https:\/\/www.micrometal.de\/en\/sectors\/automotive\/\" \/>\n<meta property=\"og:locale\" content=\"en_US\" \/>\n<meta property=\"og:type\" content=\"article\" \/>\n<meta property=\"og:title\" content=\"Metal precision parts for the automotive industry - micrometal\" \/>\n<meta property=\"og:description\" content=\"Filters and strainers, bipolar fuel cell plates, fuel cells, bends, pins for electronics, springs, functional surfaces, automotive interiors: loudspeaker panelling, door sills and much more\" \/>\n<meta property=\"og:url\" content=\"https:\/\/www.micrometal.de\/en\/sectors\/automotive\/\" \/>\n<meta property=\"og:site_name\" content=\"micrometal\" \/>\n<meta property=\"article:modified_time\" content=\"2024-03-05T10:16:35+00:00\" \/>\n<meta property=\"og:image\" content=\"https:\/\/www.micrometal.de\/wp-content\/uploads\/sites\/5\/2019\/12\/Automotive.jpg\" \/>\n<meta name=\"twitter:card\" content=\"summary_large_image\" \/>\n<meta name=\"twitter:label1\" content=\"Est. reading time\" \/>\n\t<meta name=\"twitter:data1\" content=\"3 minutes\" \/>\n<script type=\"application\/ld+json\" class=\"yoast-schema-graph\">{\"@context\":\"https:\\\/\\\/schema.org\",\"@graph\":[{\"@type\":\"WebPage\",\"@id\":\"https:\\\/\\\/www.micrometal.de\\\/en\\\/sectors\\\/automotive\\\/\",\"url\":\"https:\\\/\\\/www.micrometal.de\\\/en\\\/sectors\\\/automotive\\\/\",\"name\":\"Metal precision parts for the automotive industry - micrometal\",\"isPartOf\":{\"@id\":\"https:\\\/\\\/www.micrometal.de\\\/en\\\/#website\"},\"primaryImageOfPage\":{\"@id\":\"https:\\\/\\\/www.micrometal.de\\\/en\\\/sectors\\\/automotive\\\/#primaryimage\"},\"image\":{\"@id\":\"https:\\\/\\\/www.micrometal.de\\\/en\\\/sectors\\\/automotive\\\/#primaryimage\"},\"thumbnailUrl\":\"https:\\\/\\\/www.micrometal.de\\\/wp-content\\\/uploads\\\/sites\\\/5\\\/2019\\\/12\\\/Automotive.jpg\",\"datePublished\":\"2021-05-04T06:59:59+00:00\",\"dateModified\":\"2024-03-05T10:16:35+00:00\",\"description\":\"Filters and strainers, bipolar fuel cell plates, fuel cells, bends, pins for electronics, springs, functional surfaces, automotive interiors: loudspeaker panelling, door sills and much more\",\"breadcrumb\":{\"@id\":\"https:\\\/\\\/www.micrometal.de\\\/en\\\/sectors\\\/automotive\\\/#breadcrumb\"},\"inLanguage\":\"en-US\",\"potentialAction\":[{\"@type\":\"ReadAction\",\"target\":[\"https:\\\/\\\/www.micrometal.de\\\/en\\\/sectors\\\/automotive\\\/\"]}]},{\"@type\":\"ImageObject\",\"inLanguage\":\"en-US\",\"@id\":\"https:\\\/\\\/www.micrometal.de\\\/en\\\/sectors\\\/automotive\\\/#primaryimage\",\"url\":\"https:\\\/\\\/www.micrometal.de\\\/wp-content\\\/uploads\\\/sites\\\/5\\\/2019\\\/12\\\/Automotive.jpg\",\"contentUrl\":\"https:\\\/\\\/www.micrometal.de\\\/wp-content\\\/uploads\\\/sites\\\/5\\\/2019\\\/12\\\/Automotive.jpg\"},{\"@type\":\"BreadcrumbList\",\"@id\":\"https:\\\/\\\/www.micrometal.de\\\/en\\\/sectors\\\/automotive\\\/#breadcrumb\",\"itemListElement\":[{\"@type\":\"ListItem\",\"position\":1,\"name\":\"Home\",\"item\":\"https:\\\/\\\/www.micrometal.de\\\/en\\\/\"},{\"@type\":\"ListItem\",\"position\":2,\"name\":\"Sectors\",\"item\":\"https:\\\/\\\/www.micrometal.de\\\/en\\\/sectors\\\/\"},{\"@type\":\"ListItem\",\"position\":3,\"name\":\"Automotive\"}]},{\"@type\":\"WebSite\",\"@id\":\"https:\\\/\\\/www.micrometal.de\\\/en\\\/#website\",\"url\":\"https:\\\/\\\/www.micrometal.de\\\/en\\\/\",\"name\":\"micrometal\",\"description\":\"Metall \u00e4tzen in h\u00f6chster Pr\u00e4zision\",\"potentialAction\":[{\"@type\":\"SearchAction\",\"target\":{\"@type\":\"EntryPoint\",\"urlTemplate\":\"https:\\\/\\\/www.micrometal.de\\\/en\\\/?s={search_term_string}\"},\"query-input\":{\"@type\":\"PropertyValueSpecification\",\"valueRequired\":true,\"valueName\":\"search_term_string\"}}],\"inLanguage\":\"en-US\"}]}<\/script>\n<!-- \/ Yoast SEO plugin. -->","yoast_head_json":{"title":"Metal precision parts for the automotive industry - micrometal","description":"Filters and strainers, bipolar fuel cell plates, fuel cells, bends, pins for electronics, springs, functional surfaces, automotive interiors: loudspeaker panelling, door sills and much more","robots":{"index":"index","follow":"follow","max-snippet":"max-snippet:-1","max-image-preview":"max-image-preview:large","max-video-preview":"max-video-preview:-1"},"canonical":"https:\/\/www.micrometal.de\/en\/sectors\/automotive\/","og_locale":"en_US","og_type":"article","og_title":"Metal precision parts for the automotive industry - micrometal","og_description":"Filters and strainers, bipolar fuel cell plates, fuel cells, bends, pins for electronics, springs, functional surfaces, automotive interiors: loudspeaker panelling, door sills and much more","og_url":"https:\/\/www.micrometal.de\/en\/sectors\/automotive\/","og_site_name":"micrometal","article_modified_time":"2024-03-05T10:16:35+00:00","og_image":[{"url":"https:\/\/www.micrometal.de\/wp-content\/uploads\/sites\/5\/2019\/12\/Automotive.jpg","type":"","width":"","height":""}],"twitter_card":"summary_large_image","twitter_misc":{"Est. reading time":"3 minutes"},"schema":{"@context":"https:\/\/schema.org","@graph":[{"@type":"WebPage","@id":"https:\/\/www.micrometal.de\/en\/sectors\/automotive\/","url":"https:\/\/www.micrometal.de\/en\/sectors\/automotive\/","name":"Metal precision parts for the automotive industry - micrometal","isPartOf":{"@id":"https:\/\/www.micrometal.de\/en\/#website"},"primaryImageOfPage":{"@id":"https:\/\/www.micrometal.de\/en\/sectors\/automotive\/#primaryimage"},"image":{"@id":"https:\/\/www.micrometal.de\/en\/sectors\/automotive\/#primaryimage"},"thumbnailUrl":"https:\/\/www.micrometal.de\/wp-content\/uploads\/sites\/5\/2019\/12\/Automotive.jpg","datePublished":"2021-05-04T06:59:59+00:00","dateModified":"2024-03-05T10:16:35+00:00","description":"Filters and strainers, bipolar fuel cell plates, fuel cells, bends, pins for electronics, springs, functional surfaces, automotive interiors: loudspeaker panelling, door sills and much more","breadcrumb":{"@id":"https:\/\/www.micrometal.de\/en\/sectors\/automotive\/#breadcrumb"},"inLanguage":"en-US","potentialAction":[{"@type":"ReadAction","target":["https:\/\/www.micrometal.de\/en\/sectors\/automotive\/"]}]},{"@type":"ImageObject","inLanguage":"en-US","@id":"https:\/\/www.micrometal.de\/en\/sectors\/automotive\/#primaryimage","url":"https:\/\/www.micrometal.de\/wp-content\/uploads\/sites\/5\/2019\/12\/Automotive.jpg","contentUrl":"https:\/\/www.micrometal.de\/wp-content\/uploads\/sites\/5\/2019\/12\/Automotive.jpg"},{"@type":"BreadcrumbList","@id":"https:\/\/www.micrometal.de\/en\/sectors\/automotive\/#breadcrumb","itemListElement":[{"@type":"ListItem","position":1,"name":"Home","item":"https:\/\/www.micrometal.de\/en\/"},{"@type":"ListItem","position":2,"name":"Sectors","item":"https:\/\/www.micrometal.de\/en\/sectors\/"},{"@type":"ListItem","position":3,"name":"Automotive"}]},{"@type":"WebSite","@id":"https:\/\/www.micrometal.de\/en\/#website","url":"https:\/\/www.micrometal.de\/en\/","name":"micrometal","description":"Metall \u00e4tzen in h\u00f6chster Pr\u00e4zision","potentialAction":[{"@type":"SearchAction","target":{"@type":"EntryPoint","urlTemplate":"https:\/\/www.micrometal.de\/en\/?s={search_term_string}"},"query-input":{"@type":"PropertyValueSpecification","valueRequired":true,"valueName":"search_term_string"}}],"inLanguage":"en-US"}]}},"_links":{"self":[{"href":"https:\/\/www.micrometal.de\/en\/wp-json\/wp\/v2\/pages\/6382","targetHints":{"allow":["GET"]}}],"collection":[{"href":"https:\/\/www.micrometal.de\/en\/wp-json\/wp\/v2\/pages"}],"about":[{"href":"https:\/\/www.micrometal.de\/en\/wp-json\/wp\/v2\/types\/page"}],"author":[{"embeddable":true,"href":"https:\/\/www.micrometal.de\/en\/wp-json\/wp\/v2\/users\/2"}],"replies":[{"embeddable":true,"href":"https:\/\/www.micrometal.de\/en\/wp-json\/wp\/v2\/comments?post=6382"}],"version-history":[{"count":49,"href":"https:\/\/www.micrometal.de\/en\/wp-json\/wp\/v2\/pages\/6382\/revisions"}],"predecessor-version":[{"id":23676,"href":"https:\/\/www.micrometal.de\/en\/wp-json\/wp\/v2\/pages\/6382\/revisions\/23676"}],"up":[{"embeddable":true,"href":"https:\/\/www.micrometal.de\/en\/wp-json\/wp\/v2\/pages\/6838"}],"wp:attachment":[{"href":"https:\/\/www.micrometal.de\/en\/wp-json\/wp\/v2\/media?parent=6382"}],"curies":[{"name":"wp","href":"https:\/\/api.w.org\/{rel}","templated":true}]}}