{"id":6442,"date":"2021-05-11T15:22:24","date_gmt":"2021-05-11T13:22:24","guid":{"rendered":"https:\/\/micrometal.wickeder.wickeder.de\/?page_id=6442"},"modified":"2022-02-25T16:14:11","modified_gmt":"2022-02-25T15:14:11","slug":"aerospace","status":"publish","type":"page","link":"https:\/\/www.micrometal.de\/en\/sectors\/aerospace\/","title":{"rendered":"Aerospace"},"content":{"rendered":"\t\t<div data-elementor-type=\"wp-page\" data-elementor-id=\"6442\" class=\"elementor elementor-6442 elementor-6441\" data-elementor-post-type=\"page\">\n\t\t\t\t\t\t<section class=\"elementor-section elementor-top-section elementor-element elementor-element-445a659f elementor-section-full_width elementor-section-height-default elementor-section-height-default\" data-id=\"445a659f\" data-element_type=\"section\" data-e-type=\"section\">\n\t\t\t\t\t\t<div class=\"elementor-container elementor-column-gap-no\">\n\t\t\t\t\t<div class=\"elementor-column elementor-col-100 elementor-top-column elementor-element elementor-element-5c889442\" data-id=\"5c889442\" data-element_type=\"column\" data-e-type=\"column\">\n\t\t\t<div class=\"elementor-widget-wrap elementor-element-populated\">\n\t\t\t\t\t\t<div class=\"elementor-element elementor-element-73518ae8 elementor-widget elementor-widget-standort_gross\" data-id=\"73518ae8\" data-element_type=\"widget\" data-e-type=\"widget\" data-widget_type=\"standort_gross.default\">\n\t\t\t\t<div class=\"elementor-widget-container\">\n\t\t\t\t\t    \n      <div class=\"standort_gross img_rechts\">\n\n        \n        <div class=\"standort_gross-content\">\n          <div class=\"standort_gross-content-inner\">\n            <div class=\"standort_gross-content-padding\">\n\t            \n\t            \n                                <div class=\"elementor-element elementor-widget elementor-widget-heading\" data-element_type=\"widget\" data-widget_type=\"heading.default\">\n                  <div class=\"elementor-widget-container\">\n                    <h2 class=\"elementor-heading-title elementor-size-default\">A timely and cost-effective technology<\/h2>\n                  <\/div>\n                <\/div>\n                \n                                <div class=\"elementor-element elementor-widget elementor-widget-text-editor\"><p>The aerospace sector is an extremely competitive market driven by cost controls and strict time-to-market considerations. Aerospace suppliers must therefore be able to shorten product development times, achieve tight and accurate part and component tolerances, ensure compliance with stringent regulatory requirements, and keep costs under control. The aerospace sector is also demanding ever-smaller parts with improved functionality, as there is a push for lighter but always innovative parts that must also be 100% reliable, as they are often used in safety-critical applications.<\/p>\n<p>Photochemical metalworking is perfectly suited to applications where small, precise, complex, high-functionality parts are required without burrs or stress-related changes. Furthermore, we can machine strong but lightweight metals such as aluminium and titanium, which are often required in the aerospace sector.<\/p>\n<\/div>\n                \n                            <\/div>\n          <\/div>\n        <\/div>\n\n        \n            <div class=\"standort_gross-image mobile_hide\" style=\"background: url(https:\/\/www.micrometal.de\/wp-content\/uploads\/sites\/5\/2021\/07\/functional-surfaces-etching-.jpg);\">\n            \t              \t\t<img decoding=\"async\" alt=\"\" src=\"https:\/\/www.micrometal.de\/wp-content\/uploads\/sites\/5\/2021\/07\/functional-surfaces-etching-.jpg\">\n              \t            <\/div>\n\n        \n      <\/div>\n    \n    \t\t\t\t<\/div>\n\t\t\t\t<\/div>\n\t\t\t\t\t<\/div>\n\t\t<\/div>\n\t\t\t\t\t<\/div>\n\t\t<\/section>\n\t\t\t\t<section class=\"elementor-section elementor-top-section elementor-element elementor-element-636e79f5 elementor-section-full_width elementor-section-height-min-height elementor-section-height-default elementor-section-items-middle\" data-id=\"636e79f5\" data-element_type=\"section\" data-e-type=\"section\">\n\t\t\t\t\t\t<div class=\"elementor-container elementor-column-gap-no\">\n\t\t\t\t\t<div class=\"elementor-column elementor-col-100 elementor-top-column elementor-element elementor-element-fffb472\" data-id=\"fffb472\" data-element_type=\"column\" data-e-type=\"column\">\n\t\t\t<div class=\"elementor-widget-wrap elementor-element-populated\">\n\t\t\t\t\t\t<div class=\"elementor-element elementor-element-60c29558 elementor-widget elementor-widget-standort_gross\" data-id=\"60c29558\" data-element_type=\"widget\" data-e-type=\"widget\" data-widget_type=\"standort_gross.default\">\n\t\t\t\t<div class=\"elementor-widget-container\">\n\t\t\t\t\t    \n      <div class=\"standort_gross \">\n\n        \n            <div class=\"standort_gross-image mobile_hide\" style=\"background: url(https:\/\/www.micrometal.de\/wp-content\/uploads\/sites\/5\/2021\/07\/quality-control.jpg);\">\n            \t              \t\t<img decoding=\"async\" alt=\"\" src=\"https:\/\/www.micrometal.de\/wp-content\/uploads\/sites\/5\/2021\/07\/quality-control.jpg\">\n              \t            <\/div>\n\n        \n        <div class=\"standort_gross-content\">\n          <div class=\"standort_gross-content-inner\">\n            <div class=\"standort_gross-content-padding\">\n\t            \n\t            \n                                <div class=\"elementor-element elementor-widget elementor-widget-heading\" data-element_type=\"widget\" data-widget_type=\"heading.default\">\n                  <div class=\"elementor-widget-container\">\n                    <h2 class=\"elementor-heading-title elementor-size-default\"> Advantages and benefits for Aerospace<\/h2>\n                  <\/div>\n                <\/div>\n                \n                                <div class=\"elementor-element elementor-widget elementor-widget-text-editor\"><ul>\n<li>Machining of metals with high strength-to-weight ratios - you benefit from products that are  functional, safe and robust.<\/li>\n<li>Achieve repeatable ultra-low tolerances - you benefit from accurate parts, from the first part to the millionth, supporting the longevity and quality of your applications.<\/li>\n<li>Quickly manufacturable and cost-effective tools - you benefit from maximum flexibility to adapt to new conditions.<\/li>\n<li>Stress- and burr-free products - fewer post-processing disturbances, which contributes to end-use product integrity and safety.<\/li>\n<li>Machining of the thinnest metals - you benefit from the lightness of parts without sacrificing robustness.<\/li>\n<li>High design freedom - you benefit from realizing geometric complexity.<\/li>\n<\/ul>\n<\/div>\n                \n                            <\/div>\n          <\/div>\n        <\/div>\n\n        \n      <\/div>\n    \n    \t\t\t\t<\/div>\n\t\t\t\t<\/div>\n\t\t\t\t\t<\/div>\n\t\t<\/div>\n\t\t\t\t\t<\/div>\n\t\t<\/section>\n\t\t\t\t<section class=\"elementor-section elementor-top-section elementor-element elementor-element-1a3a193f elementor-section-full_width elementor-section-height-default elementor-section-height-default\" data-id=\"1a3a193f\" data-element_type=\"section\" data-e-type=\"section\">\n\t\t\t\t\t\t<div class=\"elementor-container elementor-column-gap-no\">\n\t\t\t\t\t<div class=\"elementor-column elementor-col-100 elementor-top-column elementor-element elementor-element-4d526c77\" data-id=\"4d526c77\" data-element_type=\"column\" data-e-type=\"column\">\n\t\t\t<div class=\"elementor-widget-wrap elementor-element-populated\">\n\t\t\t\t\t\t<div class=\"elementor-element elementor-element-fe9238b elementor-widget elementor-widget-standort_gross\" data-id=\"fe9238b\" data-element_type=\"widget\" data-e-type=\"widget\" data-widget_type=\"standort_gross.default\">\n\t\t\t\t<div class=\"elementor-widget-container\">\n\t\t\t\t\t    \n      <div class=\"standort_gross img_rechts\">\n\n        \n        <div class=\"standort_gross-content\">\n          <div class=\"standort_gross-content-inner\">\n            <div class=\"standort_gross-content-padding\">\n\t            \n\t            \n                                <div class=\"elementor-element elementor-widget elementor-widget-heading\" data-element_type=\"widget\" data-widget_type=\"heading.default\">\n                  <div class=\"elementor-widget-container\">\n                    <h2 class=\"elementor-heading-title elementor-size-default\">Applications<\/h2>\n                  <\/div>\n                <\/div>\n                \n                                <div class=\"elementor-element elementor-widget elementor-widget-text-editor\"><ul>\n<li>Heat exchangers<\/li>\n<li>Grids<\/li>\n<li>Connectors<\/li>\n<li>Bending elements<\/li>\n<li>Springs<\/li>\n<li>Shielding components<\/li>\n<\/ul>\n<\/div>\n                \n                            <\/div>\n          <\/div>\n        <\/div>\n\n        \n            <div class=\"standort_gross-image mobile_hide\" style=\"background: url(https:\/\/www.micrometal.de\/wp-content\/uploads\/sites\/5\/2021\/07\/HP-Etch-who-are-we.jpg);\">\n            \t              \t\t<img decoding=\"async\" alt=\"\" src=\"https:\/\/www.micrometal.de\/wp-content\/uploads\/sites\/5\/2021\/07\/HP-Etch-who-are-we.jpg\">\n              \t            <\/div>\n\n        \n      <\/div>\n    \n    \t\t\t\t<\/div>\n\t\t\t\t<\/div>\n\t\t\t\t\t<\/div>\n\t\t<\/div>\n\t\t\t\t\t<\/div>\n\t\t<\/section>\n\t\t\t\t<section class=\"elementor-section elementor-top-section elementor-element elementor-element-d1e371b elementor-section-full_width elementor-section-height-min-height elementor-section-height-default elementor-section-items-middle\" data-id=\"d1e371b\" data-element_type=\"section\" data-e-type=\"section\">\n\t\t\t\t\t\t<div class=\"elementor-container elementor-column-gap-no\">\n\t\t\t\t\t<div class=\"elementor-column elementor-col-100 elementor-top-column elementor-element elementor-element-9856673\" data-id=\"9856673\" data-element_type=\"column\" data-e-type=\"column\">\n\t\t\t<div class=\"elementor-widget-wrap elementor-element-populated\">\n\t\t\t\t\t\t<div class=\"elementor-element elementor-element-ac5c2ee elementor-widget elementor-widget-standort_gross\" data-id=\"ac5c2ee\" data-element_type=\"widget\" data-e-type=\"widget\" data-widget_type=\"standort_gross.default\">\n\t\t\t\t<div class=\"elementor-widget-container\">\n\t\t\t\t\t    \n      <div class=\"standort_gross \">\n\n        \n            <div class=\"standort_gross-image mobile_hide\" style=\"background: url(https:\/\/www.micrometal.de\/wp-content\/uploads\/sites\/5\/2020\/02\/Unbenannt.png);\">\n            \t              \t\t<img decoding=\"async\" alt=\"\" src=\"https:\/\/www.micrometal.de\/wp-content\/uploads\/sites\/5\/2020\/02\/Unbenannt.png\">\n              \t            <\/div>\n\n        \n        <div class=\"standort_gross-content\">\n          <div class=\"standort_gross-content-inner\">\n            <div class=\"standort_gross-content-padding\">\n\t            \n\t            \n                                <div class=\"elementor-element elementor-widget elementor-widget-heading\" data-element_type=\"widget\" data-widget_type=\"heading.default\">\n                  <div class=\"elementor-widget-container\">\n                    <h2 class=\"elementor-heading-title elementor-size-default\">Driving low-cost innovation<\/h2>\n                  <\/div>\n                <\/div>\n                \n                                <div class=\"elementor-element elementor-widget elementor-widget-text-editor\"><p>The low-cost and easily and quickly adaptable tooling used in the photo-chemical etching process is key to its ability to drive innovation. The process encourages experimentation and innovation in search of an optimal part, as different designs can be created with little additional cost and no significant impact on lead times. Combined this with the photo-chemical etching process\u2019s ability to produce parts with geometric complexity not possible with alternative traditional metal fabrication processes, and the benefits to the aerospace industry are clear.<\/p>\n<p>&nbsp;<\/p>\n<\/div>\n                \n                            <\/div>\n          <\/div>\n        <\/div>\n\n        \n      <\/div>\n    \n    \t\t\t\t<\/div>\n\t\t\t\t<\/div>\n\t\t\t\t\t<\/div>\n\t\t<\/div>\n\t\t\t\t\t<\/div>\n\t\t<\/section>\n\t\t\t\t<\/div>\n\t\t","protected":false},"excerpt":{"rendered":"<p>A timely and cost-effective technology The aerospace sector is an extremely competitive market driven by cost controls and strict time-to-market considerations. Aerospace suppliers must therefore be able to shorten product development times, achieve tight and accurate part and component tolerances, ensure compliance with stringent regulatory requirements, and keep costs under control. The aerospace sector is [&hellip;]<\/p>\n","protected":false},"author":4,"featured_media":0,"parent":6838,"menu_order":1,"comment_status":"closed","ping_status":"closed","template":"","meta":{"footnotes":""},"class_list":["post-6442","page","type-page","status-publish","hentry"],"yoast_head":"<!-- This site is optimized with the Yoast SEO plugin v27.3 - https:\/\/yoast.com\/product\/yoast-seo-wordpress\/ -->\n<title>Precision metal parts for the aerospace sector - micrometal<\/title>\n<meta name=\"robots\" content=\"index, follow, max-snippet:-1, max-image-preview:large, max-video-preview:-1\" \/>\n<link rel=\"canonical\" href=\"https:\/\/www.micrometal.de\/en\/sectors\/aerospace\/\" \/>\n<meta property=\"og:locale\" content=\"en_US\" \/>\n<meta property=\"og:type\" content=\"article\" \/>\n<meta property=\"og:title\" content=\"Precision metal parts for the aerospace sector - micrometal\" \/>\n<meta property=\"og:description\" content=\"A timely and cost-effective technology The aerospace sector is an extremely competitive market driven by cost controls and strict time-to-market considerations. Aerospace suppliers must therefore be able to shorten product development times, achieve tight and accurate part and component tolerances, ensure compliance with stringent regulatory requirements, and keep costs under control. The aerospace sector is [&hellip;]\" \/>\n<meta property=\"og:url\" content=\"https:\/\/www.micrometal.de\/en\/sectors\/aerospace\/\" \/>\n<meta property=\"og:site_name\" content=\"micrometal\" \/>\n<meta property=\"article:modified_time\" content=\"2022-02-25T15:14:11+00:00\" \/>\n<meta property=\"og:image\" content=\"https:\/\/micrometal.wickeder.wickeder.de\/wp-content\/uploads\/sites\/5\/2021\/07\/functional-surfaces-etching-.jpg\" \/>\n<meta name=\"twitter:card\" content=\"summary_large_image\" \/>\n<meta name=\"twitter:label1\" content=\"Est. reading time\" \/>\n\t<meta name=\"twitter:data1\" content=\"2 minutes\" \/>\n<script type=\"application\/ld+json\" class=\"yoast-schema-graph\">{\"@context\":\"https:\\\/\\\/schema.org\",\"@graph\":[{\"@type\":\"WebPage\",\"@id\":\"https:\\\/\\\/www.micrometal.de\\\/en\\\/sectors\\\/aerospace\\\/\",\"url\":\"https:\\\/\\\/www.micrometal.de\\\/en\\\/sectors\\\/aerospace\\\/\",\"name\":\"Precision metal parts for the aerospace sector - micrometal\",\"isPartOf\":{\"@id\":\"https:\\\/\\\/www.micrometal.de\\\/en\\\/#website\"},\"primaryImageOfPage\":{\"@id\":\"https:\\\/\\\/www.micrometal.de\\\/en\\\/sectors\\\/aerospace\\\/#primaryimage\"},\"image\":{\"@id\":\"https:\\\/\\\/www.micrometal.de\\\/en\\\/sectors\\\/aerospace\\\/#primaryimage\"},\"thumbnailUrl\":\"https:\\\/\\\/micrometal.wickeder.wickeder.de\\\/wp-content\\\/uploads\\\/sites\\\/5\\\/2021\\\/07\\\/functional-surfaces-etching-.jpg\",\"datePublished\":\"2021-05-11T13:22:24+00:00\",\"dateModified\":\"2022-02-25T15:14:11+00:00\",\"breadcrumb\":{\"@id\":\"https:\\\/\\\/www.micrometal.de\\\/en\\\/sectors\\\/aerospace\\\/#breadcrumb\"},\"inLanguage\":\"en-US\",\"potentialAction\":[{\"@type\":\"ReadAction\",\"target\":[\"https:\\\/\\\/www.micrometal.de\\\/en\\\/sectors\\\/aerospace\\\/\"]}]},{\"@type\":\"ImageObject\",\"inLanguage\":\"en-US\",\"@id\":\"https:\\\/\\\/www.micrometal.de\\\/en\\\/sectors\\\/aerospace\\\/#primaryimage\",\"url\":\"https:\\\/\\\/micrometal.wickeder.wickeder.de\\\/wp-content\\\/uploads\\\/sites\\\/5\\\/2021\\\/07\\\/functional-surfaces-etching-.jpg\",\"contentUrl\":\"https:\\\/\\\/micrometal.wickeder.wickeder.de\\\/wp-content\\\/uploads\\\/sites\\\/5\\\/2021\\\/07\\\/functional-surfaces-etching-.jpg\"},{\"@type\":\"BreadcrumbList\",\"@id\":\"https:\\\/\\\/www.micrometal.de\\\/en\\\/sectors\\\/aerospace\\\/#breadcrumb\",\"itemListElement\":[{\"@type\":\"ListItem\",\"position\":1,\"name\":\"Home\",\"item\":\"https:\\\/\\\/www.micrometal.de\\\/en\\\/\"},{\"@type\":\"ListItem\",\"position\":2,\"name\":\"Sectors\",\"item\":\"https:\\\/\\\/www.micrometal.de\\\/en\\\/sectors\\\/\"},{\"@type\":\"ListItem\",\"position\":3,\"name\":\"Aerospace\"}]},{\"@type\":\"WebSite\",\"@id\":\"https:\\\/\\\/www.micrometal.de\\\/en\\\/#website\",\"url\":\"https:\\\/\\\/www.micrometal.de\\\/en\\\/\",\"name\":\"micrometal\",\"description\":\"Metall \u00e4tzen in h\u00f6chster Pr\u00e4zision\",\"potentialAction\":[{\"@type\":\"SearchAction\",\"target\":{\"@type\":\"EntryPoint\",\"urlTemplate\":\"https:\\\/\\\/www.micrometal.de\\\/en\\\/?s={search_term_string}\"},\"query-input\":{\"@type\":\"PropertyValueSpecification\",\"valueRequired\":true,\"valueName\":\"search_term_string\"}}],\"inLanguage\":\"en-US\"}]}<\/script>\n<!-- \/ Yoast SEO plugin. -->","yoast_head_json":{"title":"Precision metal parts for the aerospace sector - micrometal","robots":{"index":"index","follow":"follow","max-snippet":"max-snippet:-1","max-image-preview":"max-image-preview:large","max-video-preview":"max-video-preview:-1"},"canonical":"https:\/\/www.micrometal.de\/en\/sectors\/aerospace\/","og_locale":"en_US","og_type":"article","og_title":"Precision metal parts for the aerospace sector - micrometal","og_description":"A timely and cost-effective technology The aerospace sector is an extremely competitive market driven by cost controls and strict time-to-market considerations. Aerospace suppliers must therefore be able to shorten product development times, achieve tight and accurate part and component tolerances, ensure compliance with stringent regulatory requirements, and keep costs under control. The aerospace sector is [&hellip;]","og_url":"https:\/\/www.micrometal.de\/en\/sectors\/aerospace\/","og_site_name":"micrometal","article_modified_time":"2022-02-25T15:14:11+00:00","og_image":[{"url":"https:\/\/micrometal.wickeder.wickeder.de\/wp-content\/uploads\/sites\/5\/2021\/07\/functional-surfaces-etching-.jpg","type":"","width":"","height":""}],"twitter_card":"summary_large_image","twitter_misc":{"Est. reading time":"2 minutes"},"schema":{"@context":"https:\/\/schema.org","@graph":[{"@type":"WebPage","@id":"https:\/\/www.micrometal.de\/en\/sectors\/aerospace\/","url":"https:\/\/www.micrometal.de\/en\/sectors\/aerospace\/","name":"Precision metal parts for the aerospace sector - micrometal","isPartOf":{"@id":"https:\/\/www.micrometal.de\/en\/#website"},"primaryImageOfPage":{"@id":"https:\/\/www.micrometal.de\/en\/sectors\/aerospace\/#primaryimage"},"image":{"@id":"https:\/\/www.micrometal.de\/en\/sectors\/aerospace\/#primaryimage"},"thumbnailUrl":"https:\/\/micrometal.wickeder.wickeder.de\/wp-content\/uploads\/sites\/5\/2021\/07\/functional-surfaces-etching-.jpg","datePublished":"2021-05-11T13:22:24+00:00","dateModified":"2022-02-25T15:14:11+00:00","breadcrumb":{"@id":"https:\/\/www.micrometal.de\/en\/sectors\/aerospace\/#breadcrumb"},"inLanguage":"en-US","potentialAction":[{"@type":"ReadAction","target":["https:\/\/www.micrometal.de\/en\/sectors\/aerospace\/"]}]},{"@type":"ImageObject","inLanguage":"en-US","@id":"https:\/\/www.micrometal.de\/en\/sectors\/aerospace\/#primaryimage","url":"https:\/\/micrometal.wickeder.wickeder.de\/wp-content\/uploads\/sites\/5\/2021\/07\/functional-surfaces-etching-.jpg","contentUrl":"https:\/\/micrometal.wickeder.wickeder.de\/wp-content\/uploads\/sites\/5\/2021\/07\/functional-surfaces-etching-.jpg"},{"@type":"BreadcrumbList","@id":"https:\/\/www.micrometal.de\/en\/sectors\/aerospace\/#breadcrumb","itemListElement":[{"@type":"ListItem","position":1,"name":"Home","item":"https:\/\/www.micrometal.de\/en\/"},{"@type":"ListItem","position":2,"name":"Sectors","item":"https:\/\/www.micrometal.de\/en\/sectors\/"},{"@type":"ListItem","position":3,"name":"Aerospace"}]},{"@type":"WebSite","@id":"https:\/\/www.micrometal.de\/en\/#website","url":"https:\/\/www.micrometal.de\/en\/","name":"micrometal","description":"Metall \u00e4tzen in h\u00f6chster Pr\u00e4zision","potentialAction":[{"@type":"SearchAction","target":{"@type":"EntryPoint","urlTemplate":"https:\/\/www.micrometal.de\/en\/?s={search_term_string}"},"query-input":{"@type":"PropertyValueSpecification","valueRequired":true,"valueName":"search_term_string"}}],"inLanguage":"en-US"}]}},"_links":{"self":[{"href":"https:\/\/www.micrometal.de\/en\/wp-json\/wp\/v2\/pages\/6442","targetHints":{"allow":["GET"]}}],"collection":[{"href":"https:\/\/www.micrometal.de\/en\/wp-json\/wp\/v2\/pages"}],"about":[{"href":"https:\/\/www.micrometal.de\/en\/wp-json\/wp\/v2\/types\/page"}],"author":[{"embeddable":true,"href":"https:\/\/www.micrometal.de\/en\/wp-json\/wp\/v2\/users\/4"}],"replies":[{"embeddable":true,"href":"https:\/\/www.micrometal.de\/en\/wp-json\/wp\/v2\/comments?post=6442"}],"version-history":[{"count":7,"href":"https:\/\/www.micrometal.de\/en\/wp-json\/wp\/v2\/pages\/6442\/revisions"}],"predecessor-version":[{"id":14202,"href":"https:\/\/www.micrometal.de\/en\/wp-json\/wp\/v2\/pages\/6442\/revisions\/14202"}],"up":[{"embeddable":true,"href":"https:\/\/www.micrometal.de\/en\/wp-json\/wp\/v2\/pages\/6838"}],"wp:attachment":[{"href":"https:\/\/www.micrometal.de\/en\/wp-json\/wp\/v2\/media?parent=6442"}],"curies":[{"name":"wp","href":"https:\/\/api.w.org\/{rel}","templated":true}]}}