{"id":6799,"date":"2021-05-11T09:56:07","date_gmt":"2021-05-11T07:56:07","guid":{"rendered":"https:\/\/micrometal.wickeder.wickeder.de\/electronics\/"},"modified":"2021-11-18T13:32:18","modified_gmt":"2021-11-18T12:32:18","slug":"electronics","status":"publish","type":"page","link":"https:\/\/www.micrometal.de\/en\/sectors\/electronics\/","title":{"rendered":"Electronics"},"content":{"rendered":"\t\t<div data-elementor-type=\"wp-page\" data-elementor-id=\"6799\" class=\"elementor elementor-6799 elementor-1441\" data-elementor-post-type=\"page\">\n\t\t\t\t\t\t<section class=\"elementor-section elementor-top-section elementor-element elementor-element-42931990 elementor-section-full_width elementor-section-height-default elementor-section-height-default\" data-id=\"42931990\" data-element_type=\"section\" data-e-type=\"section\">\n\t\t\t\t\t\t<div class=\"elementor-container elementor-column-gap-no\">\n\t\t\t\t\t<div class=\"elementor-column elementor-col-100 elementor-top-column elementor-element elementor-element-380bd714\" data-id=\"380bd714\" data-element_type=\"column\" data-e-type=\"column\">\n\t\t\t<div class=\"elementor-widget-wrap elementor-element-populated\">\n\t\t\t\t\t\t<div class=\"elementor-element elementor-element-491b13eb elementor-widget elementor-widget-standort_gross\" data-id=\"491b13eb\" data-element_type=\"widget\" data-e-type=\"widget\" data-widget_type=\"standort_gross.default\">\n\t\t\t\t<div class=\"elementor-widget-container\">\n\t\t\t\t\t    \n      <div class=\"standort_gross img_rechts\">\n\n        \n        <div class=\"standort_gross-content\">\n          <div class=\"standort_gross-content-inner\">\n            <div class=\"standort_gross-content-padding\">\n\t            \n\t            \n                                <div class=\"elementor-element elementor-widget elementor-widget-heading\" data-element_type=\"widget\" data-widget_type=\"heading.default\">\n                  <div class=\"elementor-widget-container\">\n                    <h2 class=\"elementor-heading-title elementor-size-default\">Agility and innovation<\/h2>\n                  <\/div>\n                <\/div>\n                \n                                <div class=\"elementor-element elementor-widget elementor-widget-text-editor\"><p>The electronics industry is a rapidly changing and dynamic sector, synonymous with innovation and the demand for very often complex parts and components manufactured to exacting tolerances, quickly and cost effectively. This \u2014 and the fact that there is a push for ever smaller microelectronics \u2014 shows why micrometal's Etching Group's photochemical etching process is a perfect fit.<\/p>\n<p>The photochemical etching process is used to produce geometrically complex, often feature-rich electronic parts and components. However, electronics OEMs not only need to ensure micron-scale tolerances are achieved on such parts, but this accuracy sometimes has to be achieved given the safety-critical nature of many electronics applications.<\/p>\n<\/div>\n                \n                            <\/div>\n          <\/div>\n        <\/div>\n\n        \n            <div class=\"standort_gross-image mobile_hide\" style=\"background: url(https:\/\/www.micrometal.de\/wp-content\/uploads\/sites\/5\/2020\/05\/Micrometal-scaled.jpg);\">\n            \t              \t\t<img decoding=\"async\" alt=\"Photo-chemische \u00c4tztechnik\" src=\"https:\/\/www.micrometal.de\/wp-content\/uploads\/sites\/5\/2020\/05\/Micrometal-scaled.jpg\">\n              \t            <\/div>\n\n        \n      <\/div>\n    \n    \t\t\t\t<\/div>\n\t\t\t\t<\/div>\n\t\t\t\t\t<\/div>\n\t\t<\/div>\n\t\t\t\t\t<\/div>\n\t\t<\/section>\n\t\t\t\t<section class=\"elementor-section elementor-top-section elementor-element elementor-element-62f86266 elementor-section-full_width elementor-section-height-min-height elementor-section-height-default elementor-section-items-middle\" data-id=\"62f86266\" data-element_type=\"section\" data-e-type=\"section\">\n\t\t\t\t\t\t<div class=\"elementor-container elementor-column-gap-no\">\n\t\t\t\t\t<div class=\"elementor-column elementor-col-100 elementor-top-column elementor-element elementor-element-4d926786\" data-id=\"4d926786\" data-element_type=\"column\" data-e-type=\"column\">\n\t\t\t<div class=\"elementor-widget-wrap elementor-element-populated\">\n\t\t\t\t\t\t<div class=\"elementor-element elementor-element-673f6156 elementor-widget elementor-widget-standort_gross\" data-id=\"673f6156\" data-element_type=\"widget\" data-e-type=\"widget\" data-widget_type=\"standort_gross.default\">\n\t\t\t\t<div class=\"elementor-widget-container\">\n\t\t\t\t\t    \n      <div class=\"standort_gross \">\n\n        \n            <div class=\"standort_gross-image mobile_hide\" style=\"background: url(https:\/\/www.micrometal.de\/wp-content\/uploads\/sites\/5\/2020\/09\/copper_etching.jpg);\">\n            \t              \t\t<img decoding=\"async\" alt=\"\" src=\"https:\/\/www.micrometal.de\/wp-content\/uploads\/sites\/5\/2020\/09\/copper_etching.jpg\">\n              \t            <\/div>\n\n        \n        <div class=\"standort_gross-content\">\n          <div class=\"standort_gross-content-inner\">\n            <div class=\"standort_gross-content-padding\">\n\t            \n\t            \n                                <div class=\"elementor-element elementor-widget elementor-widget-heading\" data-element_type=\"widget\" data-widget_type=\"heading.default\">\n                  <div class=\"elementor-widget-container\">\n                    <h2 class=\"elementor-heading-title elementor-size-default\">Advantages and benefits for electronics<\/h2>\n                  <\/div>\n                <\/div>\n                \n                                <div class=\"elementor-element elementor-widget elementor-widget-text-editor\"><ul>\n<li>High design freedom - you benefit from realizing geometric complexity.<\/li>\n<li>Costs do not increase with complexity - you benefit from competitive part prices regardless of their complexity.<\/li>\n<li>Achieve repeatable ultra-low tolerances - you benefit from accurate parts, from the first part to the millionth, supporting the longevity and quality of your applications.<\/li>\n<li>Multiple different parts are possible in each production run - you benefit from a high degree of flexibility even in volume production.<\/li>\n<li>Stress- and burr-free parts - you benefit from lfewer post-processing disturbances, which contributes to end-use product integrity and safety.<\/li>\n<li>Quickly manufacturable and cost-effective tools - you benefit from maximum flexibility to adapt to new conditions.\n<\/li>\n<\/ul>\n<\/div>\n                \n                            <\/div>\n          <\/div>\n        <\/div>\n\n        \n      <\/div>\n    \n    \t\t\t\t<\/div>\n\t\t\t\t<\/div>\n\t\t\t\t\t<\/div>\n\t\t<\/div>\n\t\t\t\t\t<\/div>\n\t\t<\/section>\n\t\t\t\t<section class=\"elementor-section elementor-top-section elementor-element elementor-element-4057af2c elementor-section-full_width elementor-section-height-default elementor-section-height-default\" data-id=\"4057af2c\" data-element_type=\"section\" data-e-type=\"section\">\n\t\t\t\t\t\t<div class=\"elementor-container elementor-column-gap-no\">\n\t\t\t\t\t<div class=\"elementor-column elementor-col-100 elementor-top-column elementor-element elementor-element-1ae0effa\" data-id=\"1ae0effa\" data-element_type=\"column\" data-e-type=\"column\">\n\t\t\t<div class=\"elementor-widget-wrap elementor-element-populated\">\n\t\t\t\t\t\t<div class=\"elementor-element elementor-element-4bb57901 elementor-widget elementor-widget-standort_gross\" data-id=\"4bb57901\" data-element_type=\"widget\" data-e-type=\"widget\" data-widget_type=\"standort_gross.default\">\n\t\t\t\t<div class=\"elementor-widget-container\">\n\t\t\t\t\t    \n      <div class=\"standort_gross img_rechts\">\n\n        \n        <div class=\"standort_gross-content\">\n          <div class=\"standort_gross-content-inner\">\n            <div class=\"standort_gross-content-padding\">\n\t            \n\t            \n                                <div class=\"elementor-element elementor-widget elementor-widget-heading\" data-element_type=\"widget\" data-widget_type=\"heading.default\">\n                  <div class=\"elementor-widget-container\">\n                    <h2 class=\"elementor-heading-title elementor-size-default\">Applications<\/h2>\n                  <\/div>\n                <\/div>\n                \n                                <div class=\"elementor-element elementor-widget elementor-widget-text-editor\"><ul>\n<li>Lead Frames<\/li>\n<li>Sensors<\/li>\n<li>Flat springs \/ bends<\/li>\n<li>Connectors<\/li>\n<li>Semiconductor components<\/li>\n<li>Shields<\/li>\n<li>Seals<\/li>\n<li>Washers<\/li>\n<\/ul>\n<\/div>\n                \n                            <\/div>\n          <\/div>\n        <\/div>\n\n        \n            <div class=\"standort_gross-image mobile_hide\" style=\"background: url(https:\/\/www.micrometal.de\/wp-content\/uploads\/sites\/5\/2021\/07\/Elekrtonik-Anwendungen.jpg);\">\n            \t              \t\t<img decoding=\"async\" alt=\"\" src=\"https:\/\/www.micrometal.de\/wp-content\/uploads\/sites\/5\/2021\/07\/Elekrtonik-Anwendungen.jpg\">\n              \t            <\/div>\n\n        \n      <\/div>\n    \n    \t\t\t\t<\/div>\n\t\t\t\t<\/div>\n\t\t\t\t\t<\/div>\n\t\t<\/div>\n\t\t\t\t\t<\/div>\n\t\t<\/section>\n\t\t\t\t<section class=\"elementor-section elementor-top-section elementor-element elementor-element-7f4bb12 elementor-section-full_width elementor-section-height-default elementor-section-height-default\" data-id=\"7f4bb12\" data-element_type=\"section\" data-e-type=\"section\">\n\t\t\t\t\t\t<div class=\"elementor-container elementor-column-gap-no\">\n\t\t\t\t\t<div class=\"elementor-column elementor-col-100 elementor-top-column elementor-element elementor-element-556c8eb\" data-id=\"556c8eb\" data-element_type=\"column\" data-e-type=\"column\">\n\t\t\t<div class=\"elementor-widget-wrap elementor-element-populated\">\n\t\t\t\t\t\t<div class=\"elementor-element elementor-element-1d11dfd elementor-widget elementor-widget-standort_gross\" data-id=\"1d11dfd\" data-element_type=\"widget\" data-e-type=\"widget\" data-widget_type=\"standort_gross.default\">\n\t\t\t\t<div class=\"elementor-widget-container\">\n\t\t\t\t\t    \n      <div class=\"standort_gross \">\n\n        \n            <div class=\"standort_gross-image mobile_hide\" style=\"background: url(https:\/\/www.micrometal.de\/wp-content\/uploads\/sites\/5\/2021\/04\/filtration_etched-scaled.jpg);\">\n            \t              \t\t<img decoding=\"async\" alt=\"\" src=\"https:\/\/www.micrometal.de\/wp-content\/uploads\/sites\/5\/2021\/04\/filtration_etched-scaled.jpg\">\n              \t            <\/div>\n\n        \n        <div class=\"standort_gross-content\">\n          <div class=\"standort_gross-content-inner\">\n            <div class=\"standort_gross-content-padding\">\n\t            \n\t            \n                                <div class=\"elementor-element elementor-widget elementor-widget-heading\" data-element_type=\"widget\" data-widget_type=\"heading.default\">\n                  <div class=\"elementor-widget-container\">\n                    <h2 class=\"elementor-heading-title elementor-size-default\">Cost-efficient Manufacturing<\/h2>\n                  <\/div>\n                <\/div>\n                \n                                <div class=\"elementor-element elementor-widget elementor-widget-text-editor\"><p>For most electronics OEMs, it's all about producing ever more functionality at ever lower cost in a highly competitive sector. To succeed, increasingly complex and innovative electronic parts and components must be manufactured, and this is where photo-chemical etching comes into its own. The ability to produce complicated metal parts with a technology that does not become more expensive with increased complexity, where the first part is the same as the millionth because there is no tool wear, and which can process a wide variety of metals is the key to success.<\/p>\n<\/div>\n                \n                            <\/div>\n          <\/div>\n        <\/div>\n\n        \n      <\/div>\n    \n    \t\t\t\t<\/div>\n\t\t\t\t<\/div>\n\t\t\t\t\t<\/div>\n\t\t<\/div>\n\t\t\t\t\t<\/div>\n\t\t<\/section>\n\t\t\t\t<\/div>\n\t\t","protected":false},"excerpt":{"rendered":"<p>Agility and innovation The electronics industry is a rapidly changing and dynamic sector, synonymous with innovation and the demand for very often complex parts and components manufactured to exacting tolerances, quickly and cost effectively. This \u2014 and the fact that there is a push for ever smaller microelectronics \u2014 shows why micrometal&#8217;s Etching Group&#8217;s photochemical [&hellip;]<\/p>\n","protected":false},"author":2,"featured_media":0,"parent":6838,"menu_order":0,"comment_status":"closed","ping_status":"closed","template":"","meta":{"footnotes":""},"class_list":["post-6799","page","type-page","status-publish","hentry"],"yoast_head":"<!-- This site is optimized with the Yoast SEO plugin v27.3 - https:\/\/yoast.com\/product\/yoast-seo-wordpress\/ -->\n<title>Precision etched parts for the electronics industry - micrometal<\/title>\n<meta name=\"robots\" content=\"index, follow, max-snippet:-1, max-image-preview:large, max-video-preview:-1\" \/>\n<link rel=\"canonical\" href=\"https:\/\/www.micrometal.de\/en\/sectors\/electronics\/\" \/>\n<meta property=\"og:locale\" content=\"en_US\" \/>\n<meta property=\"og:type\" content=\"article\" \/>\n<meta property=\"og:title\" content=\"Precision etched parts for the electronics industry - micrometal\" \/>\n<meta property=\"og:description\" content=\"Agility and innovation The electronics industry is a rapidly changing and dynamic sector, synonymous with innovation and the demand for very often complex parts and components manufactured to exacting tolerances, quickly and cost effectively. This \u2014 and the fact that there is a push for ever smaller microelectronics \u2014 shows why micrometal&#8217;s Etching Group&#8217;s photochemical [&hellip;]\" \/>\n<meta property=\"og:url\" content=\"https:\/\/www.micrometal.de\/en\/sectors\/electronics\/\" \/>\n<meta property=\"og:site_name\" content=\"micrometal\" \/>\n<meta property=\"article:modified_time\" content=\"2021-11-18T12:32:18+00:00\" \/>\n<meta property=\"og:image\" content=\"https:\/\/micrometal.wickeder.wickeder.de\/wp-content\/uploads\/sites\/5\/2020\/05\/Micrometal-scaled.jpg\" \/>\n<meta name=\"twitter:card\" content=\"summary_large_image\" \/>\n<meta name=\"twitter:label1\" content=\"Est. reading time\" \/>\n\t<meta name=\"twitter:data1\" content=\"2 minutes\" \/>\n<script type=\"application\/ld+json\" class=\"yoast-schema-graph\">{\"@context\":\"https:\\\/\\\/schema.org\",\"@graph\":[{\"@type\":\"WebPage\",\"@id\":\"https:\\\/\\\/www.micrometal.de\\\/en\\\/sectors\\\/electronics\\\/\",\"url\":\"https:\\\/\\\/www.micrometal.de\\\/en\\\/sectors\\\/electronics\\\/\",\"name\":\"Precision etched parts for the electronics industry - micrometal\",\"isPartOf\":{\"@id\":\"https:\\\/\\\/www.micrometal.de\\\/en\\\/#website\"},\"primaryImageOfPage\":{\"@id\":\"https:\\\/\\\/www.micrometal.de\\\/en\\\/sectors\\\/electronics\\\/#primaryimage\"},\"image\":{\"@id\":\"https:\\\/\\\/www.micrometal.de\\\/en\\\/sectors\\\/electronics\\\/#primaryimage\"},\"thumbnailUrl\":\"https:\\\/\\\/micrometal.wickeder.wickeder.de\\\/wp-content\\\/uploads\\\/sites\\\/5\\\/2020\\\/05\\\/Micrometal-scaled.jpg\",\"datePublished\":\"2021-05-11T07:56:07+00:00\",\"dateModified\":\"2021-11-18T12:32:18+00:00\",\"breadcrumb\":{\"@id\":\"https:\\\/\\\/www.micrometal.de\\\/en\\\/sectors\\\/electronics\\\/#breadcrumb\"},\"inLanguage\":\"en-US\",\"potentialAction\":[{\"@type\":\"ReadAction\",\"target\":[\"https:\\\/\\\/www.micrometal.de\\\/en\\\/sectors\\\/electronics\\\/\"]}]},{\"@type\":\"ImageObject\",\"inLanguage\":\"en-US\",\"@id\":\"https:\\\/\\\/www.micrometal.de\\\/en\\\/sectors\\\/electronics\\\/#primaryimage\",\"url\":\"https:\\\/\\\/micrometal.wickeder.wickeder.de\\\/wp-content\\\/uploads\\\/sites\\\/5\\\/2020\\\/05\\\/Micrometal-scaled.jpg\",\"contentUrl\":\"https:\\\/\\\/micrometal.wickeder.wickeder.de\\\/wp-content\\\/uploads\\\/sites\\\/5\\\/2020\\\/05\\\/Micrometal-scaled.jpg\"},{\"@type\":\"BreadcrumbList\",\"@id\":\"https:\\\/\\\/www.micrometal.de\\\/en\\\/sectors\\\/electronics\\\/#breadcrumb\",\"itemListElement\":[{\"@type\":\"ListItem\",\"position\":1,\"name\":\"Home\",\"item\":\"https:\\\/\\\/www.micrometal.de\\\/en\\\/\"},{\"@type\":\"ListItem\",\"position\":2,\"name\":\"Sectors\",\"item\":\"https:\\\/\\\/www.micrometal.de\\\/en\\\/sectors\\\/\"},{\"@type\":\"ListItem\",\"position\":3,\"name\":\"Electronics\"}]},{\"@type\":\"WebSite\",\"@id\":\"https:\\\/\\\/www.micrometal.de\\\/en\\\/#website\",\"url\":\"https:\\\/\\\/www.micrometal.de\\\/en\\\/\",\"name\":\"micrometal\",\"description\":\"Metall \u00e4tzen in h\u00f6chster Pr\u00e4zision\",\"potentialAction\":[{\"@type\":\"SearchAction\",\"target\":{\"@type\":\"EntryPoint\",\"urlTemplate\":\"https:\\\/\\\/www.micrometal.de\\\/en\\\/?s={search_term_string}\"},\"query-input\":{\"@type\":\"PropertyValueSpecification\",\"valueRequired\":true,\"valueName\":\"search_term_string\"}}],\"inLanguage\":\"en-US\"}]}<\/script>\n<!-- \/ Yoast SEO plugin. -->","yoast_head_json":{"title":"Precision etched parts for the electronics industry - micrometal","robots":{"index":"index","follow":"follow","max-snippet":"max-snippet:-1","max-image-preview":"max-image-preview:large","max-video-preview":"max-video-preview:-1"},"canonical":"https:\/\/www.micrometal.de\/en\/sectors\/electronics\/","og_locale":"en_US","og_type":"article","og_title":"Precision etched parts for the electronics industry - micrometal","og_description":"Agility and innovation The electronics industry is a rapidly changing and dynamic sector, synonymous with innovation and the demand for very often complex parts and components manufactured to exacting tolerances, quickly and cost effectively. This \u2014 and the fact that there is a push for ever smaller microelectronics \u2014 shows why micrometal&#8217;s Etching Group&#8217;s photochemical [&hellip;]","og_url":"https:\/\/www.micrometal.de\/en\/sectors\/electronics\/","og_site_name":"micrometal","article_modified_time":"2021-11-18T12:32:18+00:00","og_image":[{"url":"https:\/\/micrometal.wickeder.wickeder.de\/wp-content\/uploads\/sites\/5\/2020\/05\/Micrometal-scaled.jpg","type":"","width":"","height":""}],"twitter_card":"summary_large_image","twitter_misc":{"Est. reading time":"2 minutes"},"schema":{"@context":"https:\/\/schema.org","@graph":[{"@type":"WebPage","@id":"https:\/\/www.micrometal.de\/en\/sectors\/electronics\/","url":"https:\/\/www.micrometal.de\/en\/sectors\/electronics\/","name":"Precision etched parts for the electronics industry - micrometal","isPartOf":{"@id":"https:\/\/www.micrometal.de\/en\/#website"},"primaryImageOfPage":{"@id":"https:\/\/www.micrometal.de\/en\/sectors\/electronics\/#primaryimage"},"image":{"@id":"https:\/\/www.micrometal.de\/en\/sectors\/electronics\/#primaryimage"},"thumbnailUrl":"https:\/\/micrometal.wickeder.wickeder.de\/wp-content\/uploads\/sites\/5\/2020\/05\/Micrometal-scaled.jpg","datePublished":"2021-05-11T07:56:07+00:00","dateModified":"2021-11-18T12:32:18+00:00","breadcrumb":{"@id":"https:\/\/www.micrometal.de\/en\/sectors\/electronics\/#breadcrumb"},"inLanguage":"en-US","potentialAction":[{"@type":"ReadAction","target":["https:\/\/www.micrometal.de\/en\/sectors\/electronics\/"]}]},{"@type":"ImageObject","inLanguage":"en-US","@id":"https:\/\/www.micrometal.de\/en\/sectors\/electronics\/#primaryimage","url":"https:\/\/micrometal.wickeder.wickeder.de\/wp-content\/uploads\/sites\/5\/2020\/05\/Micrometal-scaled.jpg","contentUrl":"https:\/\/micrometal.wickeder.wickeder.de\/wp-content\/uploads\/sites\/5\/2020\/05\/Micrometal-scaled.jpg"},{"@type":"BreadcrumbList","@id":"https:\/\/www.micrometal.de\/en\/sectors\/electronics\/#breadcrumb","itemListElement":[{"@type":"ListItem","position":1,"name":"Home","item":"https:\/\/www.micrometal.de\/en\/"},{"@type":"ListItem","position":2,"name":"Sectors","item":"https:\/\/www.micrometal.de\/en\/sectors\/"},{"@type":"ListItem","position":3,"name":"Electronics"}]},{"@type":"WebSite","@id":"https:\/\/www.micrometal.de\/en\/#website","url":"https:\/\/www.micrometal.de\/en\/","name":"micrometal","description":"Metall \u00e4tzen in h\u00f6chster Pr\u00e4zision","potentialAction":[{"@type":"SearchAction","target":{"@type":"EntryPoint","urlTemplate":"https:\/\/www.micrometal.de\/en\/?s={search_term_string}"},"query-input":{"@type":"PropertyValueSpecification","valueRequired":true,"valueName":"search_term_string"}}],"inLanguage":"en-US"}]}},"_links":{"self":[{"href":"https:\/\/www.micrometal.de\/en\/wp-json\/wp\/v2\/pages\/6799","targetHints":{"allow":["GET"]}}],"collection":[{"href":"https:\/\/www.micrometal.de\/en\/wp-json\/wp\/v2\/pages"}],"about":[{"href":"https:\/\/www.micrometal.de\/en\/wp-json\/wp\/v2\/types\/page"}],"author":[{"embeddable":true,"href":"https:\/\/www.micrometal.de\/en\/wp-json\/wp\/v2\/users\/2"}],"replies":[{"embeddable":true,"href":"https:\/\/www.micrometal.de\/en\/wp-json\/wp\/v2\/comments?post=6799"}],"version-history":[{"count":10,"href":"https:\/\/www.micrometal.de\/en\/wp-json\/wp\/v2\/pages\/6799\/revisions"}],"predecessor-version":[{"id":10948,"href":"https:\/\/www.micrometal.de\/en\/wp-json\/wp\/v2\/pages\/6799\/revisions\/10948"}],"up":[{"embeddable":true,"href":"https:\/\/www.micrometal.de\/en\/wp-json\/wp\/v2\/pages\/6838"}],"wp:attachment":[{"href":"https:\/\/www.micrometal.de\/en\/wp-json\/wp\/v2\/media?parent=6799"}],"curies":[{"name":"wp","href":"https:\/\/api.w.org\/{rel}","templated":true}]}}