{"id":7117,"date":"2021-05-17T13:53:19","date_gmt":"2021-05-17T11:53:19","guid":{"rendered":"https:\/\/micrometal.wickeder.wickeder.de\/leistungsportfolio\/batch-etching-sheet-etching\/"},"modified":"2024-02-06T14:42:49","modified_gmt":"2024-02-06T13:42:49","slug":"batch-etching-sheet-etching","status":"publish","type":"page","link":"https:\/\/www.micrometal.de\/en\/service-portfolio\/batch-etching-sheet-etching\/","title":{"rendered":"Batch etching \/ Sheet etching"},"content":{"rendered":"\t\t<div data-elementor-type=\"wp-page\" data-elementor-id=\"7117\" class=\"elementor elementor-7117 elementor-6648\" data-elementor-post-type=\"page\">\n\t\t\t\t\t\t<section class=\"elementor-section elementor-top-section elementor-element elementor-element-1cf7b4c elementor-section-full_width elementor-section-height-default elementor-section-height-default\" data-id=\"1cf7b4c\" data-element_type=\"section\" data-e-type=\"section\">\n\t\t\t\t\t\t<div class=\"elementor-container elementor-column-gap-no\">\n\t\t\t\t\t<div class=\"elementor-column elementor-col-100 elementor-top-column elementor-element elementor-element-80af694\" data-id=\"80af694\" data-element_type=\"column\" data-e-type=\"column\">\n\t\t\t<div class=\"elementor-widget-wrap elementor-element-populated\">\n\t\t\t\t\t\t<div class=\"elementor-element elementor-element-2813391 elementor-widget elementor-widget-standort_gross\" data-id=\"2813391\" data-element_type=\"widget\" data-e-type=\"widget\" data-widget_type=\"standort_gross.default\">\n\t\t\t\t<div class=\"elementor-widget-container\">\n\t\t\t\t\t    \n      <div class=\"standort_gross \">\n\n        \n            <div class=\"standort_gross-image mobile_hide\" style=\"background: url(https:\/\/www.micrometal.de\/wp-content\/uploads\/sites\/5\/2020\/02\/Sheet_Batch_Aetzen768-252-scaled.jpg);\">\n            \t              \t\t<img decoding=\"async\" alt=\"Sheet \u00c4tzen HP Etch\" src=\"https:\/\/www.micrometal.de\/wp-content\/uploads\/sites\/5\/2020\/02\/Sheet_Batch_Aetzen768-252-scaled.jpg\">\n              \t            <\/div>\n\n        \n        <div class=\"standort_gross-content\">\n          <div class=\"standort_gross-content-inner\">\n            <div class=\"standort_gross-content-padding\">\n\t            \n\t            \n                                <div class=\"elementor-element elementor-widget elementor-widget-heading\" data-element_type=\"widget\" data-widget_type=\"heading.default\">\n                  <div class=\"elementor-widget-container\">\n                    <h2 class=\"elementor-heading-title elementor-size-default\">Fast, flexible, precise<\/h2>\n                  <\/div>\n                <\/div>\n                \n                                <div class=\"elementor-element elementor-widget elementor-widget-text-editor\"><p>For medium production lot sizes and fast, flexible jobs, the batch etch manufacturing technologies from HP Etch and Etchform are used.<\/p><p>These companies can etch special metals and alloys, including <a href=\"https:\/\/www.micrometal.de\/en\/service-portfolio\/materials\/titanium\/\">titanium<\/a>, nitinol,\u00a0molybdenum (Etchform) or <a href=\"https:\/\/www.micrometal.de\/en\/service-portfolio\/materials\/aluminum\/\">aluminum<\/a> (HP Etch).<\/p><\/div>\n                \n                            <\/div>\n          <\/div>\n        <\/div>\n\n        \n      <\/div>\n    \n    \t\t\t\t<\/div>\n\t\t\t\t<\/div>\n\t\t\t\t\t<\/div>\n\t\t<\/div>\n\t\t\t\t\t<\/div>\n\t\t<\/section>\n\t\t\t\t<section class=\"elementor-section elementor-top-section elementor-element elementor-element-6c3945d elementor-section-full_width elementor-section-height-default elementor-section-height-default\" data-id=\"6c3945d\" data-element_type=\"section\" data-e-type=\"section\">\n\t\t\t\t\t\t<div class=\"elementor-container elementor-column-gap-no\">\n\t\t\t\t\t<div class=\"elementor-column elementor-col-100 elementor-top-column elementor-element elementor-element-8bb8a4c\" data-id=\"8bb8a4c\" data-element_type=\"column\" data-e-type=\"column\">\n\t\t\t<div class=\"elementor-widget-wrap elementor-element-populated\">\n\t\t\t\t\t\t<div class=\"elementor-element elementor-element-4f58735 elementor-widget elementor-widget-standort_gross\" data-id=\"4f58735\" data-element_type=\"widget\" data-e-type=\"widget\" id=\"HP Etch\" data-widget_type=\"standort_gross.default\">\n\t\t\t\t<div class=\"elementor-widget-container\">\n\t\t\t\t\t    \n      <div class=\"standort_gross img_rechts\">\n\n        \n        <div class=\"standort_gross-content\">\n          <div class=\"standort_gross-content-inner\">\n            <div class=\"standort_gross-content-padding\">\n\t            \n\t            \n                                <div class=\"elementor-element elementor-widget elementor-widget-heading\" data-element_type=\"widget\" data-widget_type=\"heading.default\">\n                  <div class=\"elementor-widget-container\">\n                    <h2 class=\"elementor-heading-title elementor-size-default\">High-precision etching technology \"made in Sweden\u201d<\/h2>\n                  <\/div>\n                <\/div>\n                \n                                <div class=\"elementor-element elementor-widget elementor-widget-text-editor\"><p><strong>HP Etch<\/strong> batch etching technology is not only fast but also effective and cost-efficient. Tooling costs are very low and designs for photo-chemical etching masks are created digitally within a very short period of time. This allows prototypes, small, and medium quantities to be etched quickly and cost-effectively. Nickel, stainless steel, aluminum, copper, and copper alloys are among the materials processed.<\/p><p>\u203a High precision with tolerances up to +\/- 0.01 mm.<br \/>\u203a Fast, small batches within one week<br \/>\u203a Stainless steels and other steel alloys, iron-nickel alloys, copper alloys, aluminum, etc.<\/p><\/div>\n                \n                            <\/div>\n          <\/div>\n        <\/div>\n\n        \n            <div class=\"standort_gross-image mobile_hide\" style=\"background: url(https:\/\/www.micrometal.de\/wp-content\/uploads\/sites\/5\/2020\/05\/HP-Etch-Aetzteil-768-auf-380-1.jpg);\">\n            \t              \t\t<img decoding=\"async\" alt=\"\" src=\"https:\/\/www.micrometal.de\/wp-content\/uploads\/sites\/5\/2020\/05\/HP-Etch-Aetzteil-768-auf-380-1.jpg\">\n              \t            <\/div>\n\n        \n      <\/div>\n    \n    \t\t\t\t<\/div>\n\t\t\t\t<\/div>\n\t\t\t\t\t<\/div>\n\t\t<\/div>\n\t\t\t\t\t<\/div>\n\t\t<\/section>\n\t\t\t\t<section class=\"elementor-section elementor-top-section elementor-element elementor-element-744c51c elementor-section-full_width elementor-section-height-default elementor-section-height-default\" data-id=\"744c51c\" data-element_type=\"section\" data-e-type=\"section\">\n\t\t\t\t\t\t<div class=\"elementor-container elementor-column-gap-no\">\n\t\t\t\t\t<div class=\"elementor-column elementor-col-100 elementor-top-column elementor-element elementor-element-ad7fdf8\" data-id=\"ad7fdf8\" data-element_type=\"column\" data-e-type=\"column\">\n\t\t\t<div class=\"elementor-widget-wrap elementor-element-populated\">\n\t\t\t\t\t\t<div class=\"elementor-element elementor-element-a3e196f elementor-widget elementor-widget-standort_gross\" data-id=\"a3e196f\" data-element_type=\"widget\" data-e-type=\"widget\" id=\"Etchform\" data-widget_type=\"standort_gross.default\">\n\t\t\t\t<div class=\"elementor-widget-container\">\n\t\t\t\t\t    \n      <div class=\"standort_gross \">\n\n        \n            <div class=\"standort_gross-image mobile_hide\" style=\"background: url(https:\/\/www.micrometal.de\/wp-content\/uploads\/sites\/5\/2021\/12\/etchform_spring-1024-413.jpg);\">\n            \t              \t\t<img decoding=\"async\" alt=\"\" src=\"https:\/\/www.micrometal.de\/wp-content\/uploads\/sites\/5\/2021\/12\/etchform_spring-1024-413.jpg\">\n              \t            <\/div>\n\n        \n        <div class=\"standort_gross-content\">\n          <div class=\"standort_gross-content-inner\">\n            <div class=\"standort_gross-content-padding\">\n\t            \n\t            \n                                <div class=\"elementor-element elementor-widget elementor-widget-heading\" data-element_type=\"widget\" data-widget_type=\"heading.default\">\n                  <div class=\"elementor-widget-container\">\n                    <h2 class=\"elementor-heading-title elementor-size-default\">High-precision etching technology \"made in Holland\u201d<\/h2>\n                  <\/div>\n                <\/div>\n                \n                                <div class=\"elementor-element elementor-widget elementor-widget-text-editor\"><p><strong>Etchform<\/strong> provides complete and customized solutions for thin precision parts in almost all metals, based on etching techniques and electroforming. Among others, metals including copper, brass, phosphor bronze, beryllium copper, many <a href=\"https:\/\/www.micrometal.de\/en\/service-portfolio\/materials\/stainless-steel\/\">stainless steel alloys<\/a>, and also special materials like titanium, nitinol, molybdenum, gold, nickel, and silver can be processed.<\/p><p>Etchform offers a wide range of processes such as electroforming, heat &amp; surface treatment, laser operations, clean room packaging, and chain management and has a strong network of partners meaning that customers can focus on their core expertise.<\/p><p>Production by cutting or etching from metal plates for smaller quantities or for manual processing is also available.<\/p><\/div>\n                \n                            <\/div>\n          <\/div>\n        <\/div>\n\n        \n      <\/div>\n    \n    \t\t\t\t<\/div>\n\t\t\t\t<\/div>\n\t\t\t\t\t<\/div>\n\t\t<\/div>\n\t\t\t\t\t<\/div>\n\t\t<\/section>\n\t\t\t\t<\/div>\n\t\t","protected":false},"excerpt":{"rendered":"<p>Fast, flexible, precise For medium production lot sizes and fast, flexible jobs, the batch etch manufacturing technologies from HP Etch and Etchform are used. These companies can etch special metals and alloys, including titanium, nitinol,\u00a0molybdenum (Etchform) or aluminum (HP Etch). High-precision etching technology &#8220;made in Sweden\u201d HP Etch batch etching technology is not only fast [&hellip;]<\/p>\n","protected":false},"author":4,"featured_media":0,"parent":5698,"menu_order":3,"comment_status":"closed","ping_status":"closed","template":"","meta":{"footnotes":""},"class_list":["post-7117","page","type-page","status-publish","hentry"],"yoast_head":"<!-- This site is optimized with the Yoast SEO plugin v27.5 - https:\/\/yoast.com\/product\/yoast-seo-wordpress\/ -->\n<title>Batch etching \/ Sheet etching - Come to The Etching Group<\/title>\n<meta name=\"robots\" content=\"index, follow, max-snippet:-1, max-image-preview:large, max-video-preview:-1\" \/>\n<link rel=\"canonical\" href=\"https:\/\/www.micrometal.de\/en\/service-portfolio\/batch-etching-sheet-etching\/\" \/>\n<meta property=\"og:locale\" content=\"en_US\" \/>\n<meta property=\"og:type\" content=\"article\" \/>\n<meta property=\"og:title\" content=\"Batch etching \/ Sheet etching - Come to The Etching Group\" \/>\n<meta property=\"og:description\" content=\"Fast, flexible, precise For medium production lot sizes and fast, flexible jobs, the batch etch manufacturing technologies from HP Etch and Etchform are used. These companies can etch special metals and alloys, including titanium, nitinol,\u00a0molybdenum (Etchform) or aluminum (HP Etch). High-precision etching technology &#8220;made in Sweden\u201d HP Etch batch etching technology is not only fast [&hellip;]\" \/>\n<meta property=\"og:url\" content=\"https:\/\/www.micrometal.de\/en\/service-portfolio\/batch-etching-sheet-etching\/\" \/>\n<meta property=\"og:site_name\" content=\"micrometal\" \/>\n<meta property=\"article:modified_time\" content=\"2024-02-06T13:42:49+00:00\" \/>\n<meta property=\"og:image\" content=\"https:\/\/www.micrometal.de\/wp-content\/uploads\/sites\/5\/2020\/02\/Sheet_Batch_Aetzen768-252-scaled.jpg\" \/>\n<meta name=\"twitter:card\" content=\"summary_large_image\" \/>\n<meta name=\"twitter:label1\" content=\"Est. reading time\" \/>\n\t<meta name=\"twitter:data1\" content=\"3 minutes\" \/>\n<script type=\"application\/ld+json\" class=\"yoast-schema-graph\">{\"@context\":\"https:\\\/\\\/schema.org\",\"@graph\":[{\"@type\":\"WebPage\",\"@id\":\"https:\\\/\\\/www.micrometal.de\\\/en\\\/service-portfolio\\\/batch-etching-sheet-etching\\\/\",\"url\":\"https:\\\/\\\/www.micrometal.de\\\/en\\\/service-portfolio\\\/batch-etching-sheet-etching\\\/\",\"name\":\"Batch etching \\\/ Sheet etching - Come to The Etching Group\",\"isPartOf\":{\"@id\":\"https:\\\/\\\/www.micrometal.de\\\/en\\\/#website\"},\"primaryImageOfPage\":{\"@id\":\"https:\\\/\\\/www.micrometal.de\\\/en\\\/service-portfolio\\\/batch-etching-sheet-etching\\\/#primaryimage\"},\"image\":{\"@id\":\"https:\\\/\\\/www.micrometal.de\\\/en\\\/service-portfolio\\\/batch-etching-sheet-etching\\\/#primaryimage\"},\"thumbnailUrl\":\"https:\\\/\\\/www.micrometal.de\\\/wp-content\\\/uploads\\\/sites\\\/5\\\/2020\\\/02\\\/Sheet_Batch_Aetzen768-252-scaled.jpg\",\"datePublished\":\"2021-05-17T11:53:19+00:00\",\"dateModified\":\"2024-02-06T13:42:49+00:00\",\"breadcrumb\":{\"@id\":\"https:\\\/\\\/www.micrometal.de\\\/en\\\/service-portfolio\\\/batch-etching-sheet-etching\\\/#breadcrumb\"},\"inLanguage\":\"en-US\",\"potentialAction\":[{\"@type\":\"ReadAction\",\"target\":[\"https:\\\/\\\/www.micrometal.de\\\/en\\\/service-portfolio\\\/batch-etching-sheet-etching\\\/\"]}]},{\"@type\":\"ImageObject\",\"inLanguage\":\"en-US\",\"@id\":\"https:\\\/\\\/www.micrometal.de\\\/en\\\/service-portfolio\\\/batch-etching-sheet-etching\\\/#primaryimage\",\"url\":\"https:\\\/\\\/www.micrometal.de\\\/wp-content\\\/uploads\\\/sites\\\/5\\\/2020\\\/02\\\/Sheet_Batch_Aetzen768-252-scaled.jpg\",\"contentUrl\":\"https:\\\/\\\/www.micrometal.de\\\/wp-content\\\/uploads\\\/sites\\\/5\\\/2020\\\/02\\\/Sheet_Batch_Aetzen768-252-scaled.jpg\"},{\"@type\":\"BreadcrumbList\",\"@id\":\"https:\\\/\\\/www.micrometal.de\\\/en\\\/service-portfolio\\\/batch-etching-sheet-etching\\\/#breadcrumb\",\"itemListElement\":[{\"@type\":\"ListItem\",\"position\":1,\"name\":\"Home\",\"item\":\"https:\\\/\\\/www.micrometal.de\\\/en\\\/\"},{\"@type\":\"ListItem\",\"position\":2,\"name\":\"Service Portfolio\",\"item\":\"https:\\\/\\\/www.micrometal.de\\\/en\\\/service-portfolio\\\/\"},{\"@type\":\"ListItem\",\"position\":3,\"name\":\"Batch etching \\\/ Sheet etching\"}]},{\"@type\":\"WebSite\",\"@id\":\"https:\\\/\\\/www.micrometal.de\\\/en\\\/#website\",\"url\":\"https:\\\/\\\/www.micrometal.de\\\/en\\\/\",\"name\":\"micrometal\",\"description\":\"Metall \u00e4tzen in h\u00f6chster Pr\u00e4zision\",\"potentialAction\":[{\"@type\":\"SearchAction\",\"target\":{\"@type\":\"EntryPoint\",\"urlTemplate\":\"https:\\\/\\\/www.micrometal.de\\\/en\\\/?s={search_term_string}\"},\"query-input\":{\"@type\":\"PropertyValueSpecification\",\"valueRequired\":true,\"valueName\":\"search_term_string\"}}],\"inLanguage\":\"en-US\"}]}<\/script>\n<!-- \/ Yoast SEO plugin. -->","yoast_head_json":{"title":"Batch etching \/ Sheet etching - Come to The Etching Group","robots":{"index":"index","follow":"follow","max-snippet":"max-snippet:-1","max-image-preview":"max-image-preview:large","max-video-preview":"max-video-preview:-1"},"canonical":"https:\/\/www.micrometal.de\/en\/service-portfolio\/batch-etching-sheet-etching\/","og_locale":"en_US","og_type":"article","og_title":"Batch etching \/ Sheet etching - Come to The Etching Group","og_description":"Fast, flexible, precise For medium production lot sizes and fast, flexible jobs, the batch etch manufacturing technologies from HP Etch and Etchform are used. These companies can etch special metals and alloys, including titanium, nitinol,\u00a0molybdenum (Etchform) or aluminum (HP Etch). High-precision etching technology &#8220;made in Sweden\u201d HP Etch batch etching technology is not only fast [&hellip;]","og_url":"https:\/\/www.micrometal.de\/en\/service-portfolio\/batch-etching-sheet-etching\/","og_site_name":"micrometal","article_modified_time":"2024-02-06T13:42:49+00:00","og_image":[{"url":"https:\/\/www.micrometal.de\/wp-content\/uploads\/sites\/5\/2020\/02\/Sheet_Batch_Aetzen768-252-scaled.jpg","type":"","width":"","height":""}],"twitter_card":"summary_large_image","twitter_misc":{"Est. reading time":"3 minutes"},"schema":{"@context":"https:\/\/schema.org","@graph":[{"@type":"WebPage","@id":"https:\/\/www.micrometal.de\/en\/service-portfolio\/batch-etching-sheet-etching\/","url":"https:\/\/www.micrometal.de\/en\/service-portfolio\/batch-etching-sheet-etching\/","name":"Batch etching \/ Sheet etching - Come to The Etching Group","isPartOf":{"@id":"https:\/\/www.micrometal.de\/en\/#website"},"primaryImageOfPage":{"@id":"https:\/\/www.micrometal.de\/en\/service-portfolio\/batch-etching-sheet-etching\/#primaryimage"},"image":{"@id":"https:\/\/www.micrometal.de\/en\/service-portfolio\/batch-etching-sheet-etching\/#primaryimage"},"thumbnailUrl":"https:\/\/www.micrometal.de\/wp-content\/uploads\/sites\/5\/2020\/02\/Sheet_Batch_Aetzen768-252-scaled.jpg","datePublished":"2021-05-17T11:53:19+00:00","dateModified":"2024-02-06T13:42:49+00:00","breadcrumb":{"@id":"https:\/\/www.micrometal.de\/en\/service-portfolio\/batch-etching-sheet-etching\/#breadcrumb"},"inLanguage":"en-US","potentialAction":[{"@type":"ReadAction","target":["https:\/\/www.micrometal.de\/en\/service-portfolio\/batch-etching-sheet-etching\/"]}]},{"@type":"ImageObject","inLanguage":"en-US","@id":"https:\/\/www.micrometal.de\/en\/service-portfolio\/batch-etching-sheet-etching\/#primaryimage","url":"https:\/\/www.micrometal.de\/wp-content\/uploads\/sites\/5\/2020\/02\/Sheet_Batch_Aetzen768-252-scaled.jpg","contentUrl":"https:\/\/www.micrometal.de\/wp-content\/uploads\/sites\/5\/2020\/02\/Sheet_Batch_Aetzen768-252-scaled.jpg"},{"@type":"BreadcrumbList","@id":"https:\/\/www.micrometal.de\/en\/service-portfolio\/batch-etching-sheet-etching\/#breadcrumb","itemListElement":[{"@type":"ListItem","position":1,"name":"Home","item":"https:\/\/www.micrometal.de\/en\/"},{"@type":"ListItem","position":2,"name":"Service Portfolio","item":"https:\/\/www.micrometal.de\/en\/service-portfolio\/"},{"@type":"ListItem","position":3,"name":"Batch etching \/ Sheet etching"}]},{"@type":"WebSite","@id":"https:\/\/www.micrometal.de\/en\/#website","url":"https:\/\/www.micrometal.de\/en\/","name":"micrometal","description":"Metall \u00e4tzen in h\u00f6chster Pr\u00e4zision","potentialAction":[{"@type":"SearchAction","target":{"@type":"EntryPoint","urlTemplate":"https:\/\/www.micrometal.de\/en\/?s={search_term_string}"},"query-input":{"@type":"PropertyValueSpecification","valueRequired":true,"valueName":"search_term_string"}}],"inLanguage":"en-US"}]}},"_links":{"self":[{"href":"https:\/\/www.micrometal.de\/en\/wp-json\/wp\/v2\/pages\/7117","targetHints":{"allow":["GET"]}}],"collection":[{"href":"https:\/\/www.micrometal.de\/en\/wp-json\/wp\/v2\/pages"}],"about":[{"href":"https:\/\/www.micrometal.de\/en\/wp-json\/wp\/v2\/types\/page"}],"author":[{"embeddable":true,"href":"https:\/\/www.micrometal.de\/en\/wp-json\/wp\/v2\/users\/4"}],"replies":[{"embeddable":true,"href":"https:\/\/www.micrometal.de\/en\/wp-json\/wp\/v2\/comments?post=7117"}],"version-history":[{"count":31,"href":"https:\/\/www.micrometal.de\/en\/wp-json\/wp\/v2\/pages\/7117\/revisions"}],"predecessor-version":[{"id":23206,"href":"https:\/\/www.micrometal.de\/en\/wp-json\/wp\/v2\/pages\/7117\/revisions\/23206"}],"up":[{"embeddable":true,"href":"https:\/\/www.micrometal.de\/en\/wp-json\/wp\/v2\/pages\/5698"}],"wp:attachment":[{"href":"https:\/\/www.micrometal.de\/en\/wp-json\/wp\/v2\/media?parent=7117"}],"curies":[{"name":"wp","href":"https:\/\/api.w.org\/{rel}","templated":true}]}}