{"id":7351,"date":"2021-05-20T10:20:20","date_gmt":"2021-05-20T08:20:20","guid":{"rendered":"https:\/\/micrometal.wickeder.wickeder.de\/3-companies\/etchform\/"},"modified":"2021-10-29T15:37:28","modified_gmt":"2021-10-29T13:37:28","slug":"etchform","status":"publish","type":"page","link":"https:\/\/www.micrometal.de\/en\/etching-group\/etchform\/","title":{"rendered":"Etchform"},"content":{"rendered":"\t\t<div data-elementor-type=\"wp-page\" data-elementor-id=\"7351\" class=\"elementor elementor-7351 elementor-2417\" data-elementor-post-type=\"page\">\n\t\t\t\t\t\t<section class=\"elementor-section elementor-top-section elementor-element elementor-element-11101332 elementor-section-full_width elementor-section-height-default elementor-section-height-default\" data-id=\"11101332\" data-element_type=\"section\" data-e-type=\"section\">\n\t\t\t\t\t\t<div class=\"elementor-container elementor-column-gap-no\">\n\t\t\t\t\t<div class=\"elementor-column elementor-col-100 elementor-top-column elementor-element elementor-element-1f5bc3ce\" data-id=\"1f5bc3ce\" data-element_type=\"column\" data-e-type=\"column\">\n\t\t\t<div class=\"elementor-widget-wrap elementor-element-populated\">\n\t\t\t\t\t\t<div class=\"elementor-element elementor-element-1dd4504f elementor-widget elementor-widget-standort_gross\" data-id=\"1dd4504f\" data-element_type=\"widget\" data-e-type=\"widget\" data-widget_type=\"standort_gross.default\">\n\t\t\t\t<div class=\"elementor-widget-container\">\n\t\t\t\t\t    \n      <div class=\"standort_gross img_rechts\">\n\n        \n        <div class=\"standort_gross-content\">\n          <div class=\"standort_gross-content-inner\">\n            <div class=\"standort_gross-content-padding\">\n\t            \n\t            \n                                <div class=\"elementor-element elementor-widget elementor-widget-heading\" data-element_type=\"widget\" data-widget_type=\"heading.default\">\n                  <div class=\"elementor-widget-container\">\n                    <h2 class=\"elementor-heading-title elementor-size-default\">Precision etching in almost any metal<\/h2>\n                  <\/div>\n                <\/div>\n                \n                                <div class=\"elementor-element elementor-widget elementor-widget-text-editor\"><p>&nbsp;For more than four decades, Etchform has specialized in etching precision parts in almost any metal and alloy, including copper, brass, phosphor bronze, beryllium copper, many stainless steel alloys, and also special materials such as titanium, molybdenum, gold, nickel, and silver.<br \/>\n0.003 mm \u2013 1.5 mm thickness<\/p>\n<p>Applications are mainly for high-tech companies and can be found in high-tech machine construction, digital printing, electronics, optics, energy, medical, aerospace and automotive industries among many others<\/p>\n<\/div>\n                \n                            <\/div>\n          <\/div>\n        <\/div>\n\n        \n            <div class=\"standort_gross-image mobile_hide\" style=\"background: url(https:\/\/www.micrometal.de\/wp-content\/uploads\/sites\/5\/2020\/07\/TiTAN-Implantate-768-252-1-scaled.jpg);\">\n            \t              \t\t<img decoding=\"async\" alt=\"\" src=\"https:\/\/www.micrometal.de\/wp-content\/uploads\/sites\/5\/2020\/07\/TiTAN-Implantate-768-252-1-scaled.jpg\">\n              \t            <\/div>\n\n        \n      <\/div>\n    \n    \t\t\t\t<\/div>\n\t\t\t\t<\/div>\n\t\t\t\t\t<\/div>\n\t\t<\/div>\n\t\t\t\t\t<\/div>\n\t\t<\/section>\n\t\t\t\t<section class=\"elementor-section elementor-top-section elementor-element elementor-element-1d9de1aa elementor-section-full_width elementor-section-height-min-height elementor-section-height-default elementor-section-items-middle\" data-id=\"1d9de1aa\" data-element_type=\"section\" data-e-type=\"section\">\n\t\t\t\t\t\t<div class=\"elementor-container elementor-column-gap-no\">\n\t\t\t\t\t<div class=\"elementor-column elementor-col-100 elementor-top-column elementor-element elementor-element-4616bba4\" data-id=\"4616bba4\" data-element_type=\"column\" data-e-type=\"column\">\n\t\t\t<div class=\"elementor-widget-wrap elementor-element-populated\">\n\t\t\t\t\t\t<div class=\"elementor-element elementor-element-7ea4360 elementor-widget elementor-widget-standort_gross\" data-id=\"7ea4360\" data-element_type=\"widget\" data-e-type=\"widget\" data-widget_type=\"standort_gross.default\">\n\t\t\t\t<div class=\"elementor-widget-container\">\n\t\t\t\t\t    \n      <div class=\"standort_gross \">\n\n        \n            <div class=\"standort_gross-image mobile_hide\" style=\"background: url(https:\/\/www.micrometal.de\/wp-content\/uploads\/sites\/5\/2020\/07\/Etchform_galvanoformung-scaled.jpg);\">\n            \t              \t\t<img decoding=\"async\" alt=\"\" src=\"https:\/\/www.micrometal.de\/wp-content\/uploads\/sites\/5\/2020\/07\/Etchform_galvanoformung-scaled.jpg\">\n              \t            <\/div>\n\n        \n        <div class=\"standort_gross-content\">\n          <div class=\"standort_gross-content-inner\">\n            <div class=\"standort_gross-content-padding\">\n\t            \n\t            \n                                <div class=\"elementor-element elementor-widget elementor-widget-heading\" data-element_type=\"widget\" data-widget_type=\"heading.default\">\n                  <div class=\"elementor-widget-container\">\n                    <h2 class=\"elementor-heading-title elementor-size-default\">Electroforming<\/h2>\n                  <\/div>\n                <\/div>\n                \n                                <div class=\"elementor-element elementor-widget elementor-widget-text-editor\"><p>Etchform also offers precision parts produced by <a href=\"https:\/\/www.micrometal.de\/en\/service-portfolio\/additional-services\/electroforming\/\">electroforming<\/a>. Through the ability to make reliably accurate replicas on a mould surface \u2014 atom by atom \u2014 electroforming has become increasingly important in the production of metal parts on a micro- and nano-scale.<\/p>\n<p>Up to 200 \u00b5m thickness<br \/>\nSoft or hard nickel<\/p>\n<\/div>\n                \n                            <\/div>\n          <\/div>\n        <\/div>\n\n        \n      <\/div>\n    \n    \t\t\t\t<\/div>\n\t\t\t\t<\/div>\n\t\t\t\t\t<\/div>\n\t\t<\/div>\n\t\t\t\t\t<\/div>\n\t\t<\/section>\n\t\t\t\t<section class=\"elementor-section elementor-top-section elementor-element elementor-element-66d7b099 elementor-section-full_width elementor-section-height-default elementor-section-height-default\" data-id=\"66d7b099\" data-element_type=\"section\" data-e-type=\"section\">\n\t\t\t\t\t\t<div class=\"elementor-container elementor-column-gap-no\">\n\t\t\t\t\t<div class=\"elementor-column elementor-col-100 elementor-top-column elementor-element elementor-element-35adefcb\" data-id=\"35adefcb\" data-element_type=\"column\" data-e-type=\"column\">\n\t\t\t<div class=\"elementor-widget-wrap elementor-element-populated\">\n\t\t\t\t\t\t<div class=\"elementor-element elementor-element-c2d49c1 elementor-widget elementor-widget-standort_gross\" data-id=\"c2d49c1\" data-element_type=\"widget\" data-e-type=\"widget\" data-widget_type=\"standort_gross.default\">\n\t\t\t\t<div class=\"elementor-widget-container\">\n\t\t\t\t\t    \n      <div class=\"standort_gross img_rechts\">\n\n        \n        <div class=\"standort_gross-content\">\n          <div class=\"standort_gross-content-inner\">\n            <div class=\"standort_gross-content-padding\">\n\t            \n\t            \n                                <div class=\"elementor-element elementor-widget elementor-widget-heading\" data-element_type=\"widget\" data-widget_type=\"heading.default\">\n                  <div class=\"elementor-widget-container\">\n                    <h2 class=\"elementor-heading-title elementor-size-default\">Complete services<\/h2>\n                  <\/div>\n                <\/div>\n                \n                                <div class=\"elementor-element elementor-widget elementor-widget-text-editor\"><p>Etched and electroformed parts often need one or more additional post-process treatments. These specialist treatments such as forming, fine mechanical\/surface\/heat treatment, laser welding\/cutting, clean room packaging, or assembly are often outsourced, which means additional steps and complications in the supply chain.<br \/>\nWith an established and strong partner network, Etchform can offer you a Full Service option: taking over the complete management of the supply chain and the responsibility to deliver you the final part required.<\/p>\n<\/div>\n                \n                            <\/div>\n          <\/div>\n        <\/div>\n\n        \n            <div class=\"standort_gross-image mobile_hide\" style=\"background: url(https:\/\/www.micrometal.de\/wp-content\/uploads\/sites\/5\/2020\/05\/aetzen-qualitaet-scaled.jpg);\">\n            \t              \t\t<img decoding=\"async\" alt=\"\" src=\"https:\/\/www.micrometal.de\/wp-content\/uploads\/sites\/5\/2020\/05\/aetzen-qualitaet-scaled.jpg\">\n              \t            <\/div>\n\n        \n      <\/div>\n    \n    \t\t\t\t<\/div>\n\t\t\t\t<\/div>\n\t\t\t\t\t<\/div>\n\t\t<\/div>\n\t\t\t\t\t<\/div>\n\t\t<\/section>\n\t\t\t\t<section class=\"elementor-section elementor-top-section elementor-element elementor-element-fa14429 elementor-section-boxed elementor-section-height-default elementor-section-height-default\" data-id=\"fa14429\" data-element_type=\"section\" data-e-type=\"section\">\n\t\t\t\t\t\t<div class=\"elementor-container elementor-column-gap-default\">\n\t\t\t\t\t<div class=\"elementor-column elementor-col-100 elementor-top-column elementor-element elementor-element-bd73ab7\" data-id=\"bd73ab7\" data-element_type=\"column\" data-e-type=\"column\">\n\t\t\t<div class=\"elementor-widget-wrap elementor-element-populated\">\n\t\t\t\t\t\t<div class=\"elementor-element elementor-element-43c84e9 elementor-widget elementor-widget-spacer\" data-id=\"43c84e9\" data-element_type=\"widget\" data-e-type=\"widget\" data-widget_type=\"spacer.default\">\n\t\t\t\t<div class=\"elementor-widget-container\">\n\t\t\t\t\t\t\t<div class=\"elementor-spacer\">\n\t\t\t<div class=\"elementor-spacer-inner\"><\/div>\n\t\t<\/div>\n\t\t\t\t\t\t<\/div>\n\t\t\t\t<\/div>\n\t\t\t\t\t<\/div>\n\t\t<\/div>\n\t\t\t\t\t<\/div>\n\t\t<\/section>\n\t\t\t\t<\/div>\n\t\t","protected":false},"excerpt":{"rendered":"<p>Precision etching in almost any metal For more than four decades, Etchform has specialized in etching precision parts in almost any metal and alloy, including copper, brass, phosphor bronze, beryllium copper, many stainless steel alloys, and also special materials such as titanium, molybdenum, gold, nickel, and silver. 0.003 mm \u2013 1.5 mm thickness Applications are [&hellip;]<\/p>\n","protected":false},"author":4,"featured_media":0,"parent":6111,"menu_order":2,"comment_status":"closed","ping_status":"closed","template":"","meta":{"footnotes":""},"class_list":["post-7351","page","type-page","status-publish","hentry"],"yoast_head":"<!-- This site is optimized with the Yoast SEO plugin v27.3 - https:\/\/yoast.com\/product\/yoast-seo-wordpress\/ -->\n<title>Etchform: Dutch company within the international Etching Group<\/title>\n<meta name=\"robots\" content=\"index, follow, max-snippet:-1, max-image-preview:large, max-video-preview:-1\" \/>\n<link rel=\"canonical\" href=\"https:\/\/www.micrometal.de\/en\/etching-group\/etchform\/\" \/>\n<meta property=\"og:locale\" content=\"en_US\" \/>\n<meta property=\"og:type\" content=\"article\" \/>\n<meta property=\"og:title\" content=\"Etchform: Dutch company within the international Etching Group\" \/>\n<meta property=\"og:description\" content=\"Precision etching in almost any metal For more than four decades, Etchform has specialized in etching precision parts in almost any metal and alloy, including copper, brass, phosphor bronze, beryllium copper, many stainless steel alloys, and also special materials such as titanium, molybdenum, gold, nickel, and silver. 0.003 mm \u2013 1.5 mm thickness Applications are [&hellip;]\" \/>\n<meta property=\"og:url\" content=\"https:\/\/www.micrometal.de\/en\/etching-group\/etchform\/\" \/>\n<meta property=\"og:site_name\" content=\"micrometal\" \/>\n<meta property=\"article:modified_time\" content=\"2021-10-29T13:37:28+00:00\" \/>\n<meta property=\"og:image\" content=\"https:\/\/micrometal.wickeder.wickeder.de\/wp-content\/uploads\/sites\/5\/2020\/07\/TiTAN-Implantate-768-252-1-scaled.jpg\" \/>\n<meta name=\"twitter:card\" content=\"summary_large_image\" \/>\n<meta name=\"twitter:label1\" content=\"Est. reading time\" \/>\n\t<meta name=\"twitter:data1\" content=\"1 minute\" \/>\n<script type=\"application\/ld+json\" class=\"yoast-schema-graph\">{\"@context\":\"https:\\\/\\\/schema.org\",\"@graph\":[{\"@type\":\"WebPage\",\"@id\":\"https:\\\/\\\/www.micrometal.de\\\/en\\\/etching-group\\\/etchform\\\/\",\"url\":\"https:\\\/\\\/www.micrometal.de\\\/en\\\/etching-group\\\/etchform\\\/\",\"name\":\"Etchform: Dutch company within the international Etching Group\",\"isPartOf\":{\"@id\":\"https:\\\/\\\/www.micrometal.de\\\/en\\\/#website\"},\"primaryImageOfPage\":{\"@id\":\"https:\\\/\\\/www.micrometal.de\\\/en\\\/etching-group\\\/etchform\\\/#primaryimage\"},\"image\":{\"@id\":\"https:\\\/\\\/www.micrometal.de\\\/en\\\/etching-group\\\/etchform\\\/#primaryimage\"},\"thumbnailUrl\":\"https:\\\/\\\/micrometal.wickeder.wickeder.de\\\/wp-content\\\/uploads\\\/sites\\\/5\\\/2020\\\/07\\\/TiTAN-Implantate-768-252-1-scaled.jpg\",\"datePublished\":\"2021-05-20T08:20:20+00:00\",\"dateModified\":\"2021-10-29T13:37:28+00:00\",\"breadcrumb\":{\"@id\":\"https:\\\/\\\/www.micrometal.de\\\/en\\\/etching-group\\\/etchform\\\/#breadcrumb\"},\"inLanguage\":\"en-US\",\"potentialAction\":[{\"@type\":\"ReadAction\",\"target\":[\"https:\\\/\\\/www.micrometal.de\\\/en\\\/etching-group\\\/etchform\\\/\"]}]},{\"@type\":\"ImageObject\",\"inLanguage\":\"en-US\",\"@id\":\"https:\\\/\\\/www.micrometal.de\\\/en\\\/etching-group\\\/etchform\\\/#primaryimage\",\"url\":\"https:\\\/\\\/micrometal.wickeder.wickeder.de\\\/wp-content\\\/uploads\\\/sites\\\/5\\\/2020\\\/07\\\/TiTAN-Implantate-768-252-1-scaled.jpg\",\"contentUrl\":\"https:\\\/\\\/micrometal.wickeder.wickeder.de\\\/wp-content\\\/uploads\\\/sites\\\/5\\\/2020\\\/07\\\/TiTAN-Implantate-768-252-1-scaled.jpg\"},{\"@type\":\"BreadcrumbList\",\"@id\":\"https:\\\/\\\/www.micrometal.de\\\/en\\\/etching-group\\\/etchform\\\/#breadcrumb\",\"itemListElement\":[{\"@type\":\"ListItem\",\"position\":1,\"name\":\"Home\",\"item\":\"https:\\\/\\\/www.micrometal.de\\\/en\\\/\"},{\"@type\":\"ListItem\",\"position\":2,\"name\":\"Etching Group\",\"item\":\"https:\\\/\\\/www.micrometal.de\\\/en\\\/etching-group\\\/\"},{\"@type\":\"ListItem\",\"position\":3,\"name\":\"Etchform\"}]},{\"@type\":\"WebSite\",\"@id\":\"https:\\\/\\\/www.micrometal.de\\\/en\\\/#website\",\"url\":\"https:\\\/\\\/www.micrometal.de\\\/en\\\/\",\"name\":\"micrometal\",\"description\":\"Metall \u00e4tzen in h\u00f6chster Pr\u00e4zision\",\"potentialAction\":[{\"@type\":\"SearchAction\",\"target\":{\"@type\":\"EntryPoint\",\"urlTemplate\":\"https:\\\/\\\/www.micrometal.de\\\/en\\\/?s={search_term_string}\"},\"query-input\":{\"@type\":\"PropertyValueSpecification\",\"valueRequired\":true,\"valueName\":\"search_term_string\"}}],\"inLanguage\":\"en-US\"}]}<\/script>\n<!-- \/ Yoast SEO plugin. -->","yoast_head_json":{"title":"Etchform: Dutch company within the international Etching Group","robots":{"index":"index","follow":"follow","max-snippet":"max-snippet:-1","max-image-preview":"max-image-preview:large","max-video-preview":"max-video-preview:-1"},"canonical":"https:\/\/www.micrometal.de\/en\/etching-group\/etchform\/","og_locale":"en_US","og_type":"article","og_title":"Etchform: Dutch company within the international Etching Group","og_description":"Precision etching in almost any metal For more than four decades, Etchform has specialized in etching precision parts in almost any metal and alloy, including copper, brass, phosphor bronze, beryllium copper, many stainless steel alloys, and also special materials such as titanium, molybdenum, gold, nickel, and silver. 0.003 mm \u2013 1.5 mm thickness Applications are [&hellip;]","og_url":"https:\/\/www.micrometal.de\/en\/etching-group\/etchform\/","og_site_name":"micrometal","article_modified_time":"2021-10-29T13:37:28+00:00","og_image":[{"url":"https:\/\/micrometal.wickeder.wickeder.de\/wp-content\/uploads\/sites\/5\/2020\/07\/TiTAN-Implantate-768-252-1-scaled.jpg","type":"","width":"","height":""}],"twitter_card":"summary_large_image","twitter_misc":{"Est. reading time":"1 minute"},"schema":{"@context":"https:\/\/schema.org","@graph":[{"@type":"WebPage","@id":"https:\/\/www.micrometal.de\/en\/etching-group\/etchform\/","url":"https:\/\/www.micrometal.de\/en\/etching-group\/etchform\/","name":"Etchform: Dutch company within the international Etching Group","isPartOf":{"@id":"https:\/\/www.micrometal.de\/en\/#website"},"primaryImageOfPage":{"@id":"https:\/\/www.micrometal.de\/en\/etching-group\/etchform\/#primaryimage"},"image":{"@id":"https:\/\/www.micrometal.de\/en\/etching-group\/etchform\/#primaryimage"},"thumbnailUrl":"https:\/\/micrometal.wickeder.wickeder.de\/wp-content\/uploads\/sites\/5\/2020\/07\/TiTAN-Implantate-768-252-1-scaled.jpg","datePublished":"2021-05-20T08:20:20+00:00","dateModified":"2021-10-29T13:37:28+00:00","breadcrumb":{"@id":"https:\/\/www.micrometal.de\/en\/etching-group\/etchform\/#breadcrumb"},"inLanguage":"en-US","potentialAction":[{"@type":"ReadAction","target":["https:\/\/www.micrometal.de\/en\/etching-group\/etchform\/"]}]},{"@type":"ImageObject","inLanguage":"en-US","@id":"https:\/\/www.micrometal.de\/en\/etching-group\/etchform\/#primaryimage","url":"https:\/\/micrometal.wickeder.wickeder.de\/wp-content\/uploads\/sites\/5\/2020\/07\/TiTAN-Implantate-768-252-1-scaled.jpg","contentUrl":"https:\/\/micrometal.wickeder.wickeder.de\/wp-content\/uploads\/sites\/5\/2020\/07\/TiTAN-Implantate-768-252-1-scaled.jpg"},{"@type":"BreadcrumbList","@id":"https:\/\/www.micrometal.de\/en\/etching-group\/etchform\/#breadcrumb","itemListElement":[{"@type":"ListItem","position":1,"name":"Home","item":"https:\/\/www.micrometal.de\/en\/"},{"@type":"ListItem","position":2,"name":"Etching Group","item":"https:\/\/www.micrometal.de\/en\/etching-group\/"},{"@type":"ListItem","position":3,"name":"Etchform"}]},{"@type":"WebSite","@id":"https:\/\/www.micrometal.de\/en\/#website","url":"https:\/\/www.micrometal.de\/en\/","name":"micrometal","description":"Metall \u00e4tzen in h\u00f6chster Pr\u00e4zision","potentialAction":[{"@type":"SearchAction","target":{"@type":"EntryPoint","urlTemplate":"https:\/\/www.micrometal.de\/en\/?s={search_term_string}"},"query-input":{"@type":"PropertyValueSpecification","valueRequired":true,"valueName":"search_term_string"}}],"inLanguage":"en-US"}]}},"_links":{"self":[{"href":"https:\/\/www.micrometal.de\/en\/wp-json\/wp\/v2\/pages\/7351","targetHints":{"allow":["GET"]}}],"collection":[{"href":"https:\/\/www.micrometal.de\/en\/wp-json\/wp\/v2\/pages"}],"about":[{"href":"https:\/\/www.micrometal.de\/en\/wp-json\/wp\/v2\/types\/page"}],"author":[{"embeddable":true,"href":"https:\/\/www.micrometal.de\/en\/wp-json\/wp\/v2\/users\/4"}],"replies":[{"embeddable":true,"href":"https:\/\/www.micrometal.de\/en\/wp-json\/wp\/v2\/comments?post=7351"}],"version-history":[{"count":26,"href":"https:\/\/www.micrometal.de\/en\/wp-json\/wp\/v2\/pages\/7351\/revisions"}],"predecessor-version":[{"id":11966,"href":"https:\/\/www.micrometal.de\/en\/wp-json\/wp\/v2\/pages\/7351\/revisions\/11966"}],"up":[{"embeddable":true,"href":"https:\/\/www.micrometal.de\/en\/wp-json\/wp\/v2\/pages\/6111"}],"wp:attachment":[{"href":"https:\/\/www.micrometal.de\/en\/wp-json\/wp\/v2\/media?parent=7351"}],"curies":[{"name":"wp","href":"https:\/\/api.w.org\/{rel}","templated":true}]}}