{"id":7468,"date":"2021-06-07T11:16:14","date_gmt":"2021-06-07T09:16:14","guid":{"rendered":"https:\/\/micrometal.wickeder.wickeder.de\/imprint\/"},"modified":"2021-08-30T16:53:07","modified_gmt":"2021-08-30T14:53:07","slug":"imprint","status":"publish","type":"page","link":"https:\/\/www.micrometal.de\/en\/imprint\/","title":{"rendered":"Imprint"},"content":{"rendered":"\t\t<div data-elementor-type=\"wp-page\" data-elementor-id=\"7468\" class=\"elementor elementor-7468 elementor-59\" data-elementor-post-type=\"page\">\n\t\t\t\t\t\t<section class=\"elementor-section elementor-top-section elementor-element elementor-element-c68c633 elementor-section-boxed elementor-section-height-default elementor-section-height-default\" data-id=\"c68c633\" data-element_type=\"section\" data-e-type=\"section\">\n\t\t\t\t\t\t<div class=\"elementor-container elementor-column-gap-default\">\n\t\t\t\t\t<div class=\"elementor-column elementor-col-100 elementor-top-column elementor-element elementor-element-c2d0f1f\" data-id=\"c2d0f1f\" data-element_type=\"column\" data-e-type=\"column\">\n\t\t\t<div class=\"elementor-widget-wrap elementor-element-populated\">\n\t\t\t\t\t\t<div class=\"elementor-element elementor-element-69950b6 elementor-widget elementor-widget-text-editor\" data-id=\"69950b6\" data-element_type=\"widget\" data-e-type=\"widget\" data-widget_type=\"text-editor.default\">\n\t\t\t\t<div class=\"elementor-widget-container\">\n\t\t\t\t\t\t\t\t\t<div>\n<h1>This website is provided by micrometal GmbH.<\/h1>\n<p><b>micrometal GmbH<br \/>\n<\/b>Renkenrunsstra\u00dfe 24<br \/>\n79379 M\u00fcllheim (Baden)<br \/>\nGermany<\/p>\n<p>Telefon: +49 7631 93688-0<br \/>\nTelefax: 7631 93688-109<\/p>\n<p>E-Mail: <a href=\"mailto:info@micrometal.de\">info@micrometal.de<\/a><\/p>\n<\/div>\n<div>\n<h1>Represented by the Managing Director<\/h1>\n<p>Bernd Lehmann<br \/>\nCommercial register Freiburg i. Br. HRB 700224<br \/>\nVAT-ID-No. DE 814582260<br \/>\nCompany Head office: Muellheim (Baden)<\/p>\n<\/div>\n<div>\n<h1>Copyright<\/h1>\n<p>Copyright micrometal GmbH. All rights reserved. All texts, images, graphics, audio, video and animation data as well as their arrangements are subject to copyright and other laws for the protection of intellectual property. They cannot be copied for commercial purposes or be passed on, or altered and used on other websites. Some micrometal internet pages also contain pictures that are subject to the copyrights of those that have made them available<\/p>\n<\/div>\n<div id=\"c404\" class=\"csc-space-before-15\">\n<h1 class=\"layout-2\">Concept and realisation<\/h1>\n<p>micrometal GmbH<\/p>\n<p>If you have any question regarding our company or the content of this website, please contact:<br \/>\nNathalie Rousseau<br \/>\nmicrometal GmbH<br \/>\nTelefon: +49 (0) 7631 \/ 93688-131<\/p>\n<\/div>\n<h1 class=\"csc-space-before-15\">Trademarks<\/h1>\n<p>If not stipulated otherwise, all trademarks named on the Micrometal internet sites are legally protected trademarks from Wickeder Westfalenstahl, including all product names as well as all company logos and emblems.<\/p>\n\t\t\t\t\t\t\t\t<\/div>\n\t\t\t\t<\/div>\n\t\t\t\t\t<\/div>\n\t\t<\/div>\n\t\t\t\t\t<\/div>\n\t\t<\/section>\n\t\t\t\t<\/div>\n\t\t","protected":false},"excerpt":{"rendered":"<p>This website is provided by micrometal GmbH. micrometal GmbH Renkenrunsstra\u00dfe 24 79379 M\u00fcllheim (Baden) Germany Telefon: +49 7631 93688-0 Telefax: 7631 93688-109 E-Mail: info@micrometal.de Represented by the Managing Director Bernd Lehmann Commercial register Freiburg i. Br. HRB 700224 VAT-ID-No. DE 814582260 Company Head office: Muellheim (Baden) Copyright Copyright micrometal GmbH. All rights reserved. All texts, [&hellip;]<\/p>\n","protected":false},"author":1,"featured_media":0,"parent":0,"menu_order":0,"comment_status":"closed","ping_status":"closed","template":"","meta":{"footnotes":""},"class_list":["post-7468","page","type-page","status-publish","hentry"],"yoast_head":"<!-- This site is optimized with the Yoast SEO plugin v27.3 - https:\/\/yoast.com\/product\/yoast-seo-wordpress\/ -->\n<title>Imprint - micrometal<\/title>\n<meta name=\"robots\" content=\"index, follow, max-snippet:-1, max-image-preview:large, max-video-preview:-1\" \/>\n<link rel=\"canonical\" href=\"https:\/\/www.micrometal.de\/en\/imprint\/\" \/>\n<meta property=\"og:locale\" content=\"en_US\" \/>\n<meta property=\"og:type\" content=\"article\" \/>\n<meta property=\"og:title\" content=\"Imprint - micrometal\" \/>\n<meta property=\"og:description\" content=\"This website is provided by micrometal GmbH. micrometal GmbH Renkenrunsstra\u00dfe 24 79379 M\u00fcllheim (Baden) Germany Telefon: +49 7631 93688-0 Telefax: 7631 93688-109 E-Mail: info@micrometal.de Represented by the Managing Director Bernd Lehmann Commercial register Freiburg i. Br. HRB 700224 VAT-ID-No. DE 814582260 Company Head office: Muellheim (Baden) Copyright Copyright micrometal GmbH. All rights reserved. All texts, [&hellip;]\" \/>\n<meta property=\"og:url\" content=\"https:\/\/www.micrometal.de\/en\/imprint\/\" \/>\n<meta property=\"og:site_name\" content=\"micrometal\" \/>\n<meta property=\"article:modified_time\" content=\"2021-08-30T14:53:07+00:00\" \/>\n<meta name=\"twitter:card\" content=\"summary_large_image\" \/>\n<meta name=\"twitter:label1\" content=\"Est. reading time\" \/>\n\t<meta name=\"twitter:data1\" content=\"1 minute\" \/>\n<script type=\"application\/ld+json\" class=\"yoast-schema-graph\">{\"@context\":\"https:\\\/\\\/schema.org\",\"@graph\":[{\"@type\":\"WebPage\",\"@id\":\"https:\\\/\\\/www.micrometal.de\\\/en\\\/imprint\\\/\",\"url\":\"https:\\\/\\\/www.micrometal.de\\\/en\\\/imprint\\\/\",\"name\":\"Imprint - micrometal\",\"isPartOf\":{\"@id\":\"https:\\\/\\\/www.micrometal.de\\\/en\\\/#website\"},\"datePublished\":\"2021-06-07T09:16:14+00:00\",\"dateModified\":\"2021-08-30T14:53:07+00:00\",\"breadcrumb\":{\"@id\":\"https:\\\/\\\/www.micrometal.de\\\/en\\\/imprint\\\/#breadcrumb\"},\"inLanguage\":\"en-US\",\"potentialAction\":[{\"@type\":\"ReadAction\",\"target\":[\"https:\\\/\\\/www.micrometal.de\\\/en\\\/imprint\\\/\"]}]},{\"@type\":\"BreadcrumbList\",\"@id\":\"https:\\\/\\\/www.micrometal.de\\\/en\\\/imprint\\\/#breadcrumb\",\"itemListElement\":[{\"@type\":\"ListItem\",\"position\":1,\"name\":\"Home\",\"item\":\"https:\\\/\\\/www.micrometal.de\\\/en\\\/\"},{\"@type\":\"ListItem\",\"position\":2,\"name\":\"Imprint\"}]},{\"@type\":\"WebSite\",\"@id\":\"https:\\\/\\\/www.micrometal.de\\\/en\\\/#website\",\"url\":\"https:\\\/\\\/www.micrometal.de\\\/en\\\/\",\"name\":\"micrometal\",\"description\":\"Metall \u00e4tzen in h\u00f6chster Pr\u00e4zision\",\"potentialAction\":[{\"@type\":\"SearchAction\",\"target\":{\"@type\":\"EntryPoint\",\"urlTemplate\":\"https:\\\/\\\/www.micrometal.de\\\/en\\\/?s={search_term_string}\"},\"query-input\":{\"@type\":\"PropertyValueSpecification\",\"valueRequired\":true,\"valueName\":\"search_term_string\"}}],\"inLanguage\":\"en-US\"}]}<\/script>\n<!-- \/ Yoast SEO plugin. -->","yoast_head_json":{"title":"Imprint - micrometal","robots":{"index":"index","follow":"follow","max-snippet":"max-snippet:-1","max-image-preview":"max-image-preview:large","max-video-preview":"max-video-preview:-1"},"canonical":"https:\/\/www.micrometal.de\/en\/imprint\/","og_locale":"en_US","og_type":"article","og_title":"Imprint - micrometal","og_description":"This website is provided by micrometal GmbH. micrometal GmbH Renkenrunsstra\u00dfe 24 79379 M\u00fcllheim (Baden) Germany Telefon: +49 7631 93688-0 Telefax: 7631 93688-109 E-Mail: info@micrometal.de Represented by the Managing Director Bernd Lehmann Commercial register Freiburg i. Br. HRB 700224 VAT-ID-No. DE 814582260 Company Head office: Muellheim (Baden) Copyright Copyright micrometal GmbH. All rights reserved. All texts, [&hellip;]","og_url":"https:\/\/www.micrometal.de\/en\/imprint\/","og_site_name":"micrometal","article_modified_time":"2021-08-30T14:53:07+00:00","twitter_card":"summary_large_image","twitter_misc":{"Est. reading time":"1 minute"},"schema":{"@context":"https:\/\/schema.org","@graph":[{"@type":"WebPage","@id":"https:\/\/www.micrometal.de\/en\/imprint\/","url":"https:\/\/www.micrometal.de\/en\/imprint\/","name":"Imprint - micrometal","isPartOf":{"@id":"https:\/\/www.micrometal.de\/en\/#website"},"datePublished":"2021-06-07T09:16:14+00:00","dateModified":"2021-08-30T14:53:07+00:00","breadcrumb":{"@id":"https:\/\/www.micrometal.de\/en\/imprint\/#breadcrumb"},"inLanguage":"en-US","potentialAction":[{"@type":"ReadAction","target":["https:\/\/www.micrometal.de\/en\/imprint\/"]}]},{"@type":"BreadcrumbList","@id":"https:\/\/www.micrometal.de\/en\/imprint\/#breadcrumb","itemListElement":[{"@type":"ListItem","position":1,"name":"Home","item":"https:\/\/www.micrometal.de\/en\/"},{"@type":"ListItem","position":2,"name":"Imprint"}]},{"@type":"WebSite","@id":"https:\/\/www.micrometal.de\/en\/#website","url":"https:\/\/www.micrometal.de\/en\/","name":"micrometal","description":"Metall \u00e4tzen in h\u00f6chster Pr\u00e4zision","potentialAction":[{"@type":"SearchAction","target":{"@type":"EntryPoint","urlTemplate":"https:\/\/www.micrometal.de\/en\/?s={search_term_string}"},"query-input":{"@type":"PropertyValueSpecification","valueRequired":true,"valueName":"search_term_string"}}],"inLanguage":"en-US"}]}},"_links":{"self":[{"href":"https:\/\/www.micrometal.de\/en\/wp-json\/wp\/v2\/pages\/7468","targetHints":{"allow":["GET"]}}],"collection":[{"href":"https:\/\/www.micrometal.de\/en\/wp-json\/wp\/v2\/pages"}],"about":[{"href":"https:\/\/www.micrometal.de\/en\/wp-json\/wp\/v2\/types\/page"}],"author":[{"embeddable":true,"href":"https:\/\/www.micrometal.de\/en\/wp-json\/wp\/v2\/users\/1"}],"replies":[{"embeddable":true,"href":"https:\/\/www.micrometal.de\/en\/wp-json\/wp\/v2\/comments?post=7468"}],"version-history":[{"count":11,"href":"https:\/\/www.micrometal.de\/en\/wp-json\/wp\/v2\/pages\/7468\/revisions"}],"predecessor-version":[{"id":10711,"href":"https:\/\/www.micrometal.de\/en\/wp-json\/wp\/v2\/pages\/7468\/revisions\/10711"}],"wp:attachment":[{"href":"https:\/\/www.micrometal.de\/en\/wp-json\/wp\/v2\/media?parent=7468"}],"curies":[{"name":"wp","href":"https:\/\/api.w.org\/{rel}","templated":true}]}}