{"id":7816,"date":"2021-06-15T15:09:25","date_gmt":"2021-06-15T13:09:25","guid":{"rendered":"https:\/\/micrometal.wickeder.wickeder.de\/?page_id=7816"},"modified":"2024-03-05T14:36:56","modified_gmt":"2024-03-05T13:36:56","slug":"needles","status":"publish","type":"page","link":"https:\/\/www.micrometal.de\/en\/products\/needles\/","title":{"rendered":"Needles"},"content":{"rendered":"\t\t<div data-elementor-type=\"wp-page\" data-elementor-id=\"7816\" class=\"elementor elementor-7816 elementor-7815\" data-elementor-post-type=\"page\">\n\t\t\t\t\t\t<section class=\"elementor-section elementor-top-section elementor-element elementor-element-35d183c elementor-section-full_width elementor-section-height-default elementor-section-height-default\" data-id=\"35d183c\" data-element_type=\"section\" data-e-type=\"section\">\n\t\t\t\t\t\t<div class=\"elementor-container elementor-column-gap-no\">\n\t\t\t\t\t<div class=\"elementor-column elementor-col-100 elementor-top-column elementor-element elementor-element-443fc057\" data-id=\"443fc057\" data-element_type=\"column\" data-e-type=\"column\">\n\t\t\t<div class=\"elementor-widget-wrap elementor-element-populated\">\n\t\t\t\t\t\t<div class=\"elementor-element elementor-element-5604a197 elementor-widget elementor-widget-standort_gross\" data-id=\"5604a197\" data-element_type=\"widget\" data-e-type=\"widget\" data-widget_type=\"standort_gross.default\">\n\t\t\t\t<div class=\"elementor-widget-container\">\n\t\t\t\t\t    \n      <div class=\"standort_gross img_rechts\">\n\n        \n        <div class=\"standort_gross-content\">\n          <div class=\"standort_gross-content-inner\">\n            <div class=\"standort_gross-content-padding\">\n\t            \n\t            \n                                <div class=\"elementor-element elementor-widget elementor-widget-heading\" data-element_type=\"widget\" data-widget_type=\"heading.default\">\n                  <div class=\"elementor-widget-container\">\n                    <h2 class=\"elementor-heading-title elementor-size-default\">Needles<\/h2>\n                  <\/div>\n                <\/div>\n                \n                                <div class=\"elementor-element elementor-widget elementor-widget-text-editor\"><p>Medical devices are being made today requiring greater precision and increased complexity. The photo-chemical etching process is used for the manufacture of a variety of needles for medical applications. The photo tooling used in PCE can be changed cost-effectively, and so engineers have the design freedom to try multiple iterations in order to optimise and innovate ground-breaking geometries. micrometal developed its photo-chemical etching technology to allow for the exact control of the etching process in 3 dimensions. In addition, the fact that the process produces burr- and stress-free parts means that it is ideally suited to the production of micro needles, which can also be manufactured with innovative tip features and excellent tolerance control.<\/p>\n<\/div>\n                \n                            <\/div>\n          <\/div>\n        <\/div>\n\n        \n            <div class=\"standort_gross-image mobile_hide\" style=\"background: url(https:\/\/www.micrometal.de\/wp-content\/uploads\/sites\/5\/2021\/04\/Etching_medical4-scaled.jpg);\">\n            \t              \t\t<img decoding=\"async\" alt=\"\" src=\"https:\/\/www.micrometal.de\/wp-content\/uploads\/sites\/5\/2021\/04\/Etching_medical4-scaled.jpg\">\n              \t            <\/div>\n\n        \n      <\/div>\n    \n    \t\t\t\t<\/div>\n\t\t\t\t<\/div>\n\t\t\t\t\t<\/div>\n\t\t<\/div>\n\t\t\t\t\t<\/div>\n\t\t<\/section>\n\t\t\t\t<section class=\"elementor-section elementor-top-section elementor-element elementor-element-4bc92c7d elementor-section-full_width elementor-section-height-min-height elementor-section-height-default elementor-section-items-middle\" data-id=\"4bc92c7d\" data-element_type=\"section\" data-e-type=\"section\">\n\t\t\t\t\t\t<div class=\"elementor-container elementor-column-gap-no\">\n\t\t\t\t\t<div class=\"elementor-column elementor-col-100 elementor-top-column elementor-element elementor-element-5b777ae7\" data-id=\"5b777ae7\" data-element_type=\"column\" data-e-type=\"column\">\n\t\t\t<div class=\"elementor-widget-wrap elementor-element-populated\">\n\t\t\t\t\t\t<div class=\"elementor-element elementor-element-5bfec332 elementor-widget elementor-widget-standort_gross\" data-id=\"5bfec332\" data-element_type=\"widget\" data-e-type=\"widget\" data-widget_type=\"standort_gross.default\">\n\t\t\t\t<div class=\"elementor-widget-container\">\n\t\t\t\t\t    \n      <div class=\"standort_gross \">\n\n        \n            <div class=\"standort_gross-image mobile_hide\" style=\"background: url(https:\/\/www.micrometal.de\/wp-content\/uploads\/sites\/5\/2020\/05\/micrometal_reeltoteelaetzen.jpg);\">\n            \t              \t\t<img decoding=\"async\" alt=\"\" src=\"https:\/\/www.micrometal.de\/wp-content\/uploads\/sites\/5\/2020\/05\/micrometal_reeltoteelaetzen.jpg\">\n              \t            <\/div>\n\n        \n        <div class=\"standort_gross-content\">\n          <div class=\"standort_gross-content-inner\">\n            <div class=\"standort_gross-content-padding\">\n\t            \n\t            \n                                <div class=\"elementor-element elementor-widget elementor-widget-heading\" data-element_type=\"widget\" data-widget_type=\"heading.default\">\n                  <div class=\"elementor-widget-container\">\n                    <h2 class=\"elementor-heading-title elementor-size-default\">Advantages at a glance<\/h2>\n                  <\/div>\n                <\/div>\n                \n                                <div class=\"elementor-element elementor-widget elementor-widget-text-editor\"><ul>\n<li>Multiple features in one part at no extra cost<\/li>\n<li>Can be applied to titanium<\/li>\n<li>Burr free, stress free, clean and flat parts<\/li>\n<li>Cost-effective tool production\/design iterations<\/li>\n<li>Realization of complex designs (channel structures)<\/li>\n<\/ul>\n<\/div>\n                \n                            <\/div>\n          <\/div>\n        <\/div>\n\n        \n      <\/div>\n    \n    \t\t\t\t<\/div>\n\t\t\t\t<\/div>\n\t\t\t\t\t<\/div>\n\t\t<\/div>\n\t\t\t\t\t<\/div>\n\t\t<\/section>\n\t\t\t\t<section class=\"elementor-section elementor-top-section elementor-element elementor-element-dfe2ef7 elementor-section-full_width elementor-section-height-default elementor-section-height-default\" data-id=\"dfe2ef7\" data-element_type=\"section\" data-e-type=\"section\">\n\t\t\t\t\t\t<div class=\"elementor-container elementor-column-gap-no\">\n\t\t\t\t\t<div class=\"elementor-column elementor-col-100 elementor-top-column elementor-element elementor-element-afa193d\" data-id=\"afa193d\" data-element_type=\"column\" data-e-type=\"column\">\n\t\t\t<div class=\"elementor-widget-wrap elementor-element-populated\">\n\t\t\t\t\t\t<div class=\"elementor-element elementor-element-9bd7e1d elementor-widget elementor-widget-standort_gross\" data-id=\"9bd7e1d\" data-element_type=\"widget\" data-e-type=\"widget\" data-widget_type=\"standort_gross.default\">\n\t\t\t\t<div class=\"elementor-widget-container\">\n\t\t\t\t\t    \n      <div class=\"standort_gross img_rechts\">\n\n        \n        <div class=\"standort_gross-content\">\n          <div class=\"standort_gross-content-inner\">\n            <div class=\"standort_gross-content-padding\">\n\t            \n\t            \n                                <div class=\"elementor-element elementor-widget elementor-widget-heading\" data-element_type=\"widget\" data-widget_type=\"heading.default\">\n                  <div class=\"elementor-widget-container\">\n                    <h2 class=\"elementor-heading-title elementor-size-default\">Standards und Kompetenzen<\/h2>\n                  <\/div>\n                <\/div>\n                \n                                <div class=\"elementor-element elementor-widget elementor-widget-text-editor\"><p>micrometal verf\u00fcgt \u00fcber jahrzehntelange Erfahrungen mit den h\u00f6chsten Standards, die Hersteller von Medizinprodukten fordern. Daher sehen wir uns als ersten Ansprechpartner, wenn es um die Zusammenarbeit mit einem qualifizierten Fertigungsdienstleister geht.<\/p>\n<p>Wir adaptieren st\u00e4ndig den bew\u00e4hrten \u00c4tzprozess auf ein wachsendes Portfolio von medizinischen Metalllegierungen und verf\u00fcgen \u00fcber eine der gr\u00f6\u00dften \u00c4tzproduktionskapazit\u00e4t der Welt. Dar\u00fcber hinaus bietet das Unternehmen weltweiten technischen Support und eine Reihe von erg\u00e4nzenden Technologien an, die sicherstellen, dass die hohen Genauigkeitsanforderungen, die in der Medizintechnik gelten, stets erf\u00fcllt werden.<\/p>\n<p><strong>Wir k\u00f6nnen mit Stolz verk\u00fcnden: micrometal ist seit dem 27.10.2023 nach ISO 13485 zertifiziert .<\/strong><br \/>Die internationale Norm EN ISO 13485 ist der Standard f\u00fcr Qualit\u00e4tsmanagementsysteme im Medizinproduktebereich<br \/>Mit dem Erhalt der ISO-Zertifizierung 13485 f\u00fcr medizinische Produkte garantiert micrometal h\u00f6chste Qualit\u00e4t und Sicherheit bei der Herstellung Ihrer \u00c4tzkomponenten.\u00a0Die Erfahrung von micrometal in der Zusammenarbeit mit Kunden in der Medizintechnik garantiert einen vollst\u00e4ndigen Fokus auf die einzigartigen regulatorischen und Standardisierungsanforderungen der Medizintechnik.<\/p>\n<p>Das Unternehmen ist zudem nach ISO 14001, ISO 9001 und IATF 16949 zertifiziert.<\/p>\n<\/div>\n                \n                            <\/div>\n          <\/div>\n        <\/div>\n\n        \n            <div class=\"standort_gross-image mobile_hide\" style=\"background: url(https:\/\/www.micrometal.de\/wp-content\/uploads\/sites\/5\/2023\/11\/ISO-13485-1.jpg);\">\n            \t              \t\t<img decoding=\"async\" alt=\"\" src=\"https:\/\/www.micrometal.de\/wp-content\/uploads\/sites\/5\/2023\/11\/ISO-13485-1.jpg\">\n              \t            <\/div>\n\n        \n      <\/div>\n    \n    \t\t\t\t<\/div>\n\t\t\t\t<\/div>\n\t\t\t\t\t<\/div>\n\t\t<\/div>\n\t\t\t\t\t<\/div>\n\t\t<\/section>\n\t\t\t\t<\/div>\n\t\t","protected":false},"excerpt":{"rendered":"<p>Needles Medical devices are being made today requiring greater precision and increased complexity. The photo-chemical etching process is used for the manufacture of a variety of needles for medical applications. The photo tooling used in PCE can be changed cost-effectively, and so engineers have the design freedom to try multiple iterations in order to optimise [&hellip;]<\/p>\n","protected":false},"author":4,"featured_media":0,"parent":7111,"menu_order":0,"comment_status":"closed","ping_status":"closed","template":"","meta":{"footnotes":""},"class_list":["post-7816","page","type-page","status-publish","hentry"],"yoast_head":"<!-- This site is optimized with the Yoast SEO plugin v27.3 - https:\/\/yoast.com\/product\/yoast-seo-wordpress\/ -->\n<title>Needles made by photo chemical etching - micrometal<\/title>\n<meta name=\"robots\" content=\"index, follow, max-snippet:-1, max-image-preview:large, max-video-preview:-1\" \/>\n<link rel=\"canonical\" href=\"https:\/\/www.micrometal.de\/en\/products\/needles\/\" \/>\n<meta property=\"og:locale\" content=\"en_US\" \/>\n<meta property=\"og:type\" content=\"article\" \/>\n<meta property=\"og:title\" content=\"Needles made by photo chemical etching - micrometal\" \/>\n<meta property=\"og:description\" content=\"Needles Medical devices are being made today requiring greater precision and increased complexity. The photo-chemical etching process is used for the manufacture of a variety of needles for medical applications. The photo tooling used in PCE can be changed cost-effectively, and so engineers have the design freedom to try multiple iterations in order to optimise [&hellip;]\" \/>\n<meta property=\"og:url\" content=\"https:\/\/www.micrometal.de\/en\/products\/needles\/\" \/>\n<meta property=\"og:site_name\" content=\"micrometal\" \/>\n<meta property=\"article:modified_time\" content=\"2024-03-05T13:36:56+00:00\" \/>\n<meta property=\"og:image\" content=\"https:\/\/www.micrometal.de\/wp-content\/uploads\/sites\/5\/2021\/04\/Etching_medical4-scaled.jpg\" \/>\n<meta name=\"twitter:card\" content=\"summary_large_image\" \/>\n<meta name=\"twitter:label1\" content=\"Est. reading time\" \/>\n\t<meta name=\"twitter:data1\" content=\"3 minutes\" \/>\n<script type=\"application\/ld+json\" class=\"yoast-schema-graph\">{\"@context\":\"https:\\\/\\\/schema.org\",\"@graph\":[{\"@type\":\"WebPage\",\"@id\":\"https:\\\/\\\/www.micrometal.de\\\/en\\\/products\\\/needles\\\/\",\"url\":\"https:\\\/\\\/www.micrometal.de\\\/en\\\/products\\\/needles\\\/\",\"name\":\"Needles made by photo chemical etching - micrometal\",\"isPartOf\":{\"@id\":\"https:\\\/\\\/www.micrometal.de\\\/en\\\/#website\"},\"primaryImageOfPage\":{\"@id\":\"https:\\\/\\\/www.micrometal.de\\\/en\\\/products\\\/needles\\\/#primaryimage\"},\"image\":{\"@id\":\"https:\\\/\\\/www.micrometal.de\\\/en\\\/products\\\/needles\\\/#primaryimage\"},\"thumbnailUrl\":\"https:\\\/\\\/www.micrometal.de\\\/wp-content\\\/uploads\\\/sites\\\/5\\\/2021\\\/04\\\/Etching_medical4-scaled.jpg\",\"datePublished\":\"2021-06-15T13:09:25+00:00\",\"dateModified\":\"2024-03-05T13:36:56+00:00\",\"breadcrumb\":{\"@id\":\"https:\\\/\\\/www.micrometal.de\\\/en\\\/products\\\/needles\\\/#breadcrumb\"},\"inLanguage\":\"en-US\",\"potentialAction\":[{\"@type\":\"ReadAction\",\"target\":[\"https:\\\/\\\/www.micrometal.de\\\/en\\\/products\\\/needles\\\/\"]}]},{\"@type\":\"ImageObject\",\"inLanguage\":\"en-US\",\"@id\":\"https:\\\/\\\/www.micrometal.de\\\/en\\\/products\\\/needles\\\/#primaryimage\",\"url\":\"https:\\\/\\\/www.micrometal.de\\\/wp-content\\\/uploads\\\/sites\\\/5\\\/2021\\\/04\\\/Etching_medical4-scaled.jpg\",\"contentUrl\":\"https:\\\/\\\/www.micrometal.de\\\/wp-content\\\/uploads\\\/sites\\\/5\\\/2021\\\/04\\\/Etching_medical4-scaled.jpg\"},{\"@type\":\"BreadcrumbList\",\"@id\":\"https:\\\/\\\/www.micrometal.de\\\/en\\\/products\\\/needles\\\/#breadcrumb\",\"itemListElement\":[{\"@type\":\"ListItem\",\"position\":1,\"name\":\"Home\",\"item\":\"https:\\\/\\\/www.micrometal.de\\\/en\\\/\"},{\"@type\":\"ListItem\",\"position\":2,\"name\":\"Products\",\"item\":\"https:\\\/\\\/www.micrometal.de\\\/en\\\/products\\\/\"},{\"@type\":\"ListItem\",\"position\":3,\"name\":\"Needles\"}]},{\"@type\":\"WebSite\",\"@id\":\"https:\\\/\\\/www.micrometal.de\\\/en\\\/#website\",\"url\":\"https:\\\/\\\/www.micrometal.de\\\/en\\\/\",\"name\":\"micrometal\",\"description\":\"Metall \u00e4tzen in h\u00f6chster Pr\u00e4zision\",\"potentialAction\":[{\"@type\":\"SearchAction\",\"target\":{\"@type\":\"EntryPoint\",\"urlTemplate\":\"https:\\\/\\\/www.micrometal.de\\\/en\\\/?s={search_term_string}\"},\"query-input\":{\"@type\":\"PropertyValueSpecification\",\"valueRequired\":true,\"valueName\":\"search_term_string\"}}],\"inLanguage\":\"en-US\"}]}<\/script>\n<!-- \/ Yoast SEO plugin. -->","yoast_head_json":{"title":"Needles made by photo chemical etching - micrometal","robots":{"index":"index","follow":"follow","max-snippet":"max-snippet:-1","max-image-preview":"max-image-preview:large","max-video-preview":"max-video-preview:-1"},"canonical":"https:\/\/www.micrometal.de\/en\/products\/needles\/","og_locale":"en_US","og_type":"article","og_title":"Needles made by photo chemical etching - micrometal","og_description":"Needles Medical devices are being made today requiring greater precision and increased complexity. The photo-chemical etching process is used for the manufacture of a variety of needles for medical applications. The photo tooling used in PCE can be changed cost-effectively, and so engineers have the design freedom to try multiple iterations in order to optimise [&hellip;]","og_url":"https:\/\/www.micrometal.de\/en\/products\/needles\/","og_site_name":"micrometal","article_modified_time":"2024-03-05T13:36:56+00:00","og_image":[{"url":"https:\/\/www.micrometal.de\/wp-content\/uploads\/sites\/5\/2021\/04\/Etching_medical4-scaled.jpg","type":"","width":"","height":""}],"twitter_card":"summary_large_image","twitter_misc":{"Est. reading time":"3 minutes"},"schema":{"@context":"https:\/\/schema.org","@graph":[{"@type":"WebPage","@id":"https:\/\/www.micrometal.de\/en\/products\/needles\/","url":"https:\/\/www.micrometal.de\/en\/products\/needles\/","name":"Needles made by photo chemical etching - micrometal","isPartOf":{"@id":"https:\/\/www.micrometal.de\/en\/#website"},"primaryImageOfPage":{"@id":"https:\/\/www.micrometal.de\/en\/products\/needles\/#primaryimage"},"image":{"@id":"https:\/\/www.micrometal.de\/en\/products\/needles\/#primaryimage"},"thumbnailUrl":"https:\/\/www.micrometal.de\/wp-content\/uploads\/sites\/5\/2021\/04\/Etching_medical4-scaled.jpg","datePublished":"2021-06-15T13:09:25+00:00","dateModified":"2024-03-05T13:36:56+00:00","breadcrumb":{"@id":"https:\/\/www.micrometal.de\/en\/products\/needles\/#breadcrumb"},"inLanguage":"en-US","potentialAction":[{"@type":"ReadAction","target":["https:\/\/www.micrometal.de\/en\/products\/needles\/"]}]},{"@type":"ImageObject","inLanguage":"en-US","@id":"https:\/\/www.micrometal.de\/en\/products\/needles\/#primaryimage","url":"https:\/\/www.micrometal.de\/wp-content\/uploads\/sites\/5\/2021\/04\/Etching_medical4-scaled.jpg","contentUrl":"https:\/\/www.micrometal.de\/wp-content\/uploads\/sites\/5\/2021\/04\/Etching_medical4-scaled.jpg"},{"@type":"BreadcrumbList","@id":"https:\/\/www.micrometal.de\/en\/products\/needles\/#breadcrumb","itemListElement":[{"@type":"ListItem","position":1,"name":"Home","item":"https:\/\/www.micrometal.de\/en\/"},{"@type":"ListItem","position":2,"name":"Products","item":"https:\/\/www.micrometal.de\/en\/products\/"},{"@type":"ListItem","position":3,"name":"Needles"}]},{"@type":"WebSite","@id":"https:\/\/www.micrometal.de\/en\/#website","url":"https:\/\/www.micrometal.de\/en\/","name":"micrometal","description":"Metall \u00e4tzen in h\u00f6chster Pr\u00e4zision","potentialAction":[{"@type":"SearchAction","target":{"@type":"EntryPoint","urlTemplate":"https:\/\/www.micrometal.de\/en\/?s={search_term_string}"},"query-input":{"@type":"PropertyValueSpecification","valueRequired":true,"valueName":"search_term_string"}}],"inLanguage":"en-US"}]}},"_links":{"self":[{"href":"https:\/\/www.micrometal.de\/en\/wp-json\/wp\/v2\/pages\/7816","targetHints":{"allow":["GET"]}}],"collection":[{"href":"https:\/\/www.micrometal.de\/en\/wp-json\/wp\/v2\/pages"}],"about":[{"href":"https:\/\/www.micrometal.de\/en\/wp-json\/wp\/v2\/types\/page"}],"author":[{"embeddable":true,"href":"https:\/\/www.micrometal.de\/en\/wp-json\/wp\/v2\/users\/4"}],"replies":[{"embeddable":true,"href":"https:\/\/www.micrometal.de\/en\/wp-json\/wp\/v2\/comments?post=7816"}],"version-history":[{"count":22,"href":"https:\/\/www.micrometal.de\/en\/wp-json\/wp\/v2\/pages\/7816\/revisions"}],"predecessor-version":[{"id":23713,"href":"https:\/\/www.micrometal.de\/en\/wp-json\/wp\/v2\/pages\/7816\/revisions\/23713"}],"up":[{"embeddable":true,"href":"https:\/\/www.micrometal.de\/en\/wp-json\/wp\/v2\/pages\/7111"}],"wp:attachment":[{"href":"https:\/\/www.micrometal.de\/en\/wp-json\/wp\/v2\/media?parent=7816"}],"curies":[{"name":"wp","href":"https:\/\/api.w.org\/{rel}","templated":true}]}}