{"id":8173,"date":"2021-06-23T14:54:04","date_gmt":"2021-06-23T12:54:04","guid":{"rendered":"https:\/\/micrometal.wickeder.wickeder.de\/etching-group\/references-testimonials\/"},"modified":"2021-08-31T09:22:08","modified_gmt":"2021-08-31T07:22:08","slug":"references-testimonials","status":"publish","type":"page","link":"https:\/\/www.micrometal.de\/en\/etching-group\/references-testimonials\/","title":{"rendered":"References\/ Testimonials"},"content":{"rendered":"\t\t<div data-elementor-type=\"wp-page\" data-elementor-id=\"8173\" class=\"elementor elementor-8173 elementor-7843\" data-elementor-post-type=\"page\">\n\t\t\t\t\t\t<section class=\"elementor-section elementor-top-section elementor-element elementor-element-2df4b76b elementor-section-full_width elementor-section-height-min-height elementor-section-height-default elementor-section-items-middle\" data-id=\"2df4b76b\" data-element_type=\"section\" data-e-type=\"section\">\n\t\t\t\t\t\t<div class=\"elementor-container elementor-column-gap-no\">\n\t\t\t\t\t<div class=\"elementor-column elementor-col-100 elementor-top-column elementor-element elementor-element-63417356\" data-id=\"63417356\" data-element_type=\"column\" data-e-type=\"column\">\n\t\t\t<div class=\"elementor-widget-wrap elementor-element-populated\">\n\t\t\t\t\t\t<div class=\"elementor-element elementor-element-34fb2f elementor-widget elementor-widget-standort_gross\" data-id=\"34fb2f\" data-element_type=\"widget\" data-e-type=\"widget\" data-widget_type=\"standort_gross.default\">\n\t\t\t\t<div class=\"elementor-widget-container\">\n\t\t\t\t\t    \n      <div class=\"standort_gross \">\n\n        \n            <div class=\"standort_gross-image mobile_hide\" style=\"background: url(https:\/\/www.micrometal.de\/wp-content\/uploads\/sites\/5\/2020\/05\/aetzen-qualitaet-scaled.jpg);\">\n            \t              \t\t<img decoding=\"async\" alt=\"\" src=\"https:\/\/www.micrometal.de\/wp-content\/uploads\/sites\/5\/2020\/05\/aetzen-qualitaet-scaled.jpg\">\n              \t            <\/div>\n\n        \n        <div class=\"standort_gross-content\">\n          <div class=\"standort_gross-content-inner\">\n            <div class=\"standort_gross-content-padding\">\n\t            \n\t            \n                                <div class=\"elementor-element elementor-widget elementor-widget-heading\" data-element_type=\"widget\" data-widget_type=\"heading.default\">\n                  <div class=\"elementor-widget-container\">\n                    <h2 class=\"elementor-heading-title elementor-size-default\">What our customers say about us <\/h2>\n                  <\/div>\n                <\/div>\n                \n                                <div class=\"elementor-element elementor-widget elementor-widget-text-editor\"><p>\u201cMetronom Health is a start-up medical device company developing a completely unique technology in the minimally invasive, body wearable, bio-sensor market. We have enjoyed a long and successful relationship with micrometal, and they have been incredibly supportive as we transition from pure technology development and R&amp;D, to the commercialization of our product. micrometal's ability to satisfy our precise part configuration requirements utilizing their highly scalable and automated manufacturing process has been a game changer for Metronom. In my experience, the technical expertise that exists in micrometal\u2019s German factory and their US-based technical support staff is unmatched in the world\u201d. I highly recommend micrometal as a supply chain partner \u2026.. on a 1 to 10 scale, they are clearly a 10 in my book.\u201d\n<\/p>\n<p>[Mel Waite<br \/>Vice President of Operations<br \/>Metronom Health Inc<br \/>Laguna Hills, Calif. ]<\/p>\n<\/div>\n                \n                            <\/div>\n          <\/div>\n        <\/div>\n\n        \n      <\/div>\n    \n    \t\t\t\t<\/div>\n\t\t\t\t<\/div>\n\t\t\t\t\t<\/div>\n\t\t<\/div>\n\t\t\t\t\t<\/div>\n\t\t<\/section>\n\t\t\t\t<section class=\"elementor-section elementor-top-section elementor-element elementor-element-73dba068 elementor-section-full_width elementor-section-height-default elementor-section-height-default\" data-id=\"73dba068\" data-element_type=\"section\" data-e-type=\"section\">\n\t\t\t\t\t\t<div class=\"elementor-container elementor-column-gap-no\">\n\t\t\t\t\t<div class=\"elementor-column elementor-col-100 elementor-top-column elementor-element elementor-element-d1f57cd\" data-id=\"d1f57cd\" data-element_type=\"column\" data-e-type=\"column\">\n\t\t\t<div class=\"elementor-widget-wrap elementor-element-populated\">\n\t\t\t\t\t\t<div class=\"elementor-element elementor-element-300f3aaf elementor-widget elementor-widget-standort_gross\" data-id=\"300f3aaf\" data-element_type=\"widget\" data-e-type=\"widget\" data-widget_type=\"standort_gross.default\">\n\t\t\t\t<div class=\"elementor-widget-container\">\n\t\t\t\t\t    \n      <div class=\"standort_gross img_rechts\">\n\n        \n        <div class=\"standort_gross-content\">\n          <div class=\"standort_gross-content-inner\">\n            <div class=\"standort_gross-content-padding\">\n\t            \n\t            \n                                <div class=\"elementor-element elementor-widget elementor-widget-heading\" data-element_type=\"widget\" data-widget_type=\"heading.default\">\n                  <div class=\"elementor-widget-container\">\n                    <h2 class=\"elementor-heading-title elementor-size-default\">What our suppliers say about us <\/h2>\n                  <\/div>\n                <\/div>\n                \n                                <div class=\"elementor-element elementor-widget elementor-widget-text-editor\"><p>The cooperation between Zapp Precision Metals and micrometal GmbH has existed for more than 20 years.<\/p>\n<p>For micrometal, it is indispensable to have a reliable supplier of steel precision strips which can be seen as a partner as well as a solution provider. We do not buy finished products from a catalogue, but develop new solutions with Zapp GmbH, which in turn must meet the requirements of our customers.<\/p>\n<p>This path is not simple, and requires willingness and technical know-how to be able to and to want to tackle new obstacles. This pragmatism and the desire to solve challenges characterizes both companies, as does the production of continually optimized stress-free photo-chemically processed materials. For micrometal\u2019s customers, this means that finished products achieve absolute flatness and straightness, especially advantageous for any necessary post-processing.<\/p>\n<p>\"We really appreciate the fact that the experts at micrometal think and act in the customer's best interests throughout the entire value chain. Often, a technically superior and more cost-effective result can be achieved if product properties are developed before photochemical processing; for example a defined surface roughness can be achieved during cold rolling,\" says Dr. Paul Campbell, Head of Sales at Zapp Precision Metals GmbH.<\/p>\n<p><a href=\"https:\/\/www.micrometal.de\/en\/etching-group\/references-testimonials\/zapp\/\">More<\/a> about Zapp Precision Metals and micrometal<\/p>\n<\/div>\n                \n                            <\/div>\n          <\/div>\n        <\/div>\n\n        \n            <div class=\"standort_gross-image mobile_hide\" style=\"background: url(https:\/\/www.micrometal.de\/wp-content\/uploads\/sites\/5\/2021\/06\/Testimonial-Zapp-Micrometal.jpg);\">\n            \t              \t\t<img decoding=\"async\" alt=\"\" src=\"https:\/\/www.micrometal.de\/wp-content\/uploads\/sites\/5\/2021\/06\/Testimonial-Zapp-Micrometal.jpg\">\n              \t            <\/div>\n\n        \n      <\/div>\n    \n    \t\t\t\t<\/div>\n\t\t\t\t<\/div>\n\t\t\t\t\t<\/div>\n\t\t<\/div>\n\t\t\t\t\t<\/div>\n\t\t<\/section>\n\t\t\t\t<section class=\"elementor-section elementor-top-section elementor-element elementor-element-a19d5b0 elementor-section-full_width elementor-section-height-default elementor-section-height-default\" data-id=\"a19d5b0\" data-element_type=\"section\" data-e-type=\"section\">\n\t\t\t\t\t\t<div class=\"elementor-container elementor-column-gap-no\">\n\t\t\t\t\t<div class=\"elementor-column elementor-col-100 elementor-top-column elementor-element elementor-element-f37775a\" data-id=\"f37775a\" data-element_type=\"column\" data-e-type=\"column\">\n\t\t\t<div class=\"elementor-widget-wrap elementor-element-populated\">\n\t\t\t\t\t\t<div class=\"elementor-element elementor-element-db48c75 elementor-widget elementor-widget-standort_gross\" data-id=\"db48c75\" data-element_type=\"widget\" data-e-type=\"widget\" data-widget_type=\"standort_gross.default\">\n\t\t\t\t<div class=\"elementor-widget-container\">\n\t\t\t\t\t    \n      <div class=\"standort_gross \">\n\n        \n            <div class=\"standort_gross-image mobile_hide\" style=\"background: url(https:\/\/www.micrometal.de\/wp-content\/uploads\/sites\/5\/2021\/04\/Diffusionsschweissen-Bauteil-nahaufnahme.jpg);\">\n            \t              \t\t<img decoding=\"async\" alt=\"\" src=\"https:\/\/www.micrometal.de\/wp-content\/uploads\/sites\/5\/2021\/04\/Diffusionsschweissen-Bauteil-nahaufnahme.jpg\">\n              \t            <\/div>\n\n        \n        <div class=\"standort_gross-content\">\n          <div class=\"standort_gross-content-inner\">\n            <div class=\"standort_gross-content-padding\">\n\t            \n\t            \n                                <div class=\"elementor-element elementor-widget elementor-widget-heading\" data-element_type=\"widget\" data-widget_type=\"heading.default\">\n                  <div class=\"elementor-widget-container\">\n                    <h2 class=\"elementor-heading-title elementor-size-default\">What our partners say about us<\/h2>\n                  <\/div>\n                <\/div>\n                \n                                <div class=\"elementor-element elementor-widget elementor-widget-text-editor\"><p>The extensive know-how in the production of the thinnest metal foils  makes micrometal a valuable partner for us. The precisely etched foils enable us to conduct research in the field of <a href=\"https:\/\/www.micrometal.de\/en\/service-portfolio\/additional-services\/diffusion-welding\/\">diffusion bonding<\/a>, that would otherwise not be possible. Thus, through our cooperation with micrometal, we can open up completely new industrial fields of application for this method of additive manufacturing.<br \/>[Felix Gemse, F&amp;E at ifw Jena]<\/p>\n<\/div>\n                \n                            <\/div>\n          <\/div>\n        <\/div>\n\n        \n      <\/div>\n    \n    \t\t\t\t<\/div>\n\t\t\t\t<\/div>\n\t\t\t\t\t<\/div>\n\t\t<\/div>\n\t\t\t\t\t<\/div>\n\t\t<\/section>\n\t\t\t\t<\/div>\n\t\t","protected":false},"excerpt":{"rendered":"<p>What our customers say about us \u201cMetronom Health is a start-up medical device company developing a completely unique technology in the minimally invasive, body wearable, bio-sensor market. We have enjoyed a long and successful relationship with micrometal, and they have been incredibly supportive as we transition from pure technology development and R&amp;D, to the commercialization [&hellip;]<\/p>\n","protected":false},"author":4,"featured_media":0,"parent":6111,"menu_order":0,"comment_status":"closed","ping_status":"closed","template":"","meta":{"footnotes":""},"class_list":["post-8173","page","type-page","status-publish","hentry"],"yoast_head":"<!-- This site is optimized with the Yoast SEO plugin v27.3 - https:\/\/yoast.com\/product\/yoast-seo-wordpress\/ -->\n<title>References\/ Testimonials - micrometal<\/title>\n<meta name=\"robots\" content=\"noindex, follow\" \/>\n<meta property=\"og:locale\" content=\"en_US\" \/>\n<meta property=\"og:type\" content=\"article\" \/>\n<meta property=\"og:title\" content=\"References\/ Testimonials - micrometal\" \/>\n<meta property=\"og:description\" content=\"What our customers say about us \u201cMetronom Health is a start-up medical device company developing a completely unique technology in the minimally invasive, body wearable, bio-sensor market. We have enjoyed a long and successful relationship with micrometal, and they have been incredibly supportive as we transition from pure technology development and R&amp;D, to the commercialization [&hellip;]\" \/>\n<meta property=\"og:url\" content=\"https:\/\/www.micrometal.de\/en\/etching-group\/references-testimonials\/\" \/>\n<meta property=\"og:site_name\" content=\"micrometal\" \/>\n<meta property=\"article:modified_time\" content=\"2021-08-31T07:22:08+00:00\" \/>\n<meta property=\"og:image\" content=\"https:\/\/micrometal.wickeder.wickeder.de\/wp-content\/uploads\/sites\/5\/2020\/05\/aetzen-qualitaet-scaled.jpg\" \/>\n<meta name=\"twitter:card\" content=\"summary_large_image\" \/>\n<meta name=\"twitter:label1\" content=\"Est. reading time\" \/>\n\t<meta name=\"twitter:data1\" content=\"2 minutes\" \/>\n<script type=\"application\/ld+json\" class=\"yoast-schema-graph\">{\"@context\":\"https:\\\/\\\/schema.org\",\"@graph\":[{\"@type\":\"WebPage\",\"@id\":\"https:\\\/\\\/www.micrometal.de\\\/en\\\/etching-group\\\/references-testimonials\\\/\",\"url\":\"https:\\\/\\\/www.micrometal.de\\\/en\\\/etching-group\\\/references-testimonials\\\/\",\"name\":\"References\\\/ Testimonials - micrometal\",\"isPartOf\":{\"@id\":\"https:\\\/\\\/www.micrometal.de\\\/en\\\/#website\"},\"primaryImageOfPage\":{\"@id\":\"https:\\\/\\\/www.micrometal.de\\\/en\\\/etching-group\\\/references-testimonials\\\/#primaryimage\"},\"image\":{\"@id\":\"https:\\\/\\\/www.micrometal.de\\\/en\\\/etching-group\\\/references-testimonials\\\/#primaryimage\"},\"thumbnailUrl\":\"https:\\\/\\\/micrometal.wickeder.wickeder.de\\\/wp-content\\\/uploads\\\/sites\\\/5\\\/2020\\\/05\\\/aetzen-qualitaet-scaled.jpg\",\"datePublished\":\"2021-06-23T12:54:04+00:00\",\"dateModified\":\"2021-08-31T07:22:08+00:00\",\"breadcrumb\":{\"@id\":\"https:\\\/\\\/www.micrometal.de\\\/en\\\/etching-group\\\/references-testimonials\\\/#breadcrumb\"},\"inLanguage\":\"en-US\",\"potentialAction\":[{\"@type\":\"ReadAction\",\"target\":[\"https:\\\/\\\/www.micrometal.de\\\/en\\\/etching-group\\\/references-testimonials\\\/\"]}]},{\"@type\":\"ImageObject\",\"inLanguage\":\"en-US\",\"@id\":\"https:\\\/\\\/www.micrometal.de\\\/en\\\/etching-group\\\/references-testimonials\\\/#primaryimage\",\"url\":\"https:\\\/\\\/micrometal.wickeder.wickeder.de\\\/wp-content\\\/uploads\\\/sites\\\/5\\\/2020\\\/05\\\/aetzen-qualitaet-scaled.jpg\",\"contentUrl\":\"https:\\\/\\\/micrometal.wickeder.wickeder.de\\\/wp-content\\\/uploads\\\/sites\\\/5\\\/2020\\\/05\\\/aetzen-qualitaet-scaled.jpg\"},{\"@type\":\"BreadcrumbList\",\"@id\":\"https:\\\/\\\/www.micrometal.de\\\/en\\\/etching-group\\\/references-testimonials\\\/#breadcrumb\",\"itemListElement\":[{\"@type\":\"ListItem\",\"position\":1,\"name\":\"Home\",\"item\":\"https:\\\/\\\/www.micrometal.de\\\/en\\\/\"},{\"@type\":\"ListItem\",\"position\":2,\"name\":\"Etching Group\",\"item\":\"https:\\\/\\\/www.micrometal.de\\\/en\\\/etching-group\\\/\"},{\"@type\":\"ListItem\",\"position\":3,\"name\":\"References\\\/ Testimonials\"}]},{\"@type\":\"WebSite\",\"@id\":\"https:\\\/\\\/www.micrometal.de\\\/en\\\/#website\",\"url\":\"https:\\\/\\\/www.micrometal.de\\\/en\\\/\",\"name\":\"micrometal\",\"description\":\"Metall \u00e4tzen in h\u00f6chster Pr\u00e4zision\",\"potentialAction\":[{\"@type\":\"SearchAction\",\"target\":{\"@type\":\"EntryPoint\",\"urlTemplate\":\"https:\\\/\\\/www.micrometal.de\\\/en\\\/?s={search_term_string}\"},\"query-input\":{\"@type\":\"PropertyValueSpecification\",\"valueRequired\":true,\"valueName\":\"search_term_string\"}}],\"inLanguage\":\"en-US\"}]}<\/script>\n<!-- \/ Yoast SEO plugin. -->","yoast_head_json":{"title":"References\/ Testimonials - micrometal","robots":{"index":"noindex","follow":"follow"},"og_locale":"en_US","og_type":"article","og_title":"References\/ Testimonials - micrometal","og_description":"What our customers say about us \u201cMetronom Health is a start-up medical device company developing a completely unique technology in the minimally invasive, body wearable, bio-sensor market. We have enjoyed a long and successful relationship with micrometal, and they have been incredibly supportive as we transition from pure technology development and R&amp;D, to the commercialization [&hellip;]","og_url":"https:\/\/www.micrometal.de\/en\/etching-group\/references-testimonials\/","og_site_name":"micrometal","article_modified_time":"2021-08-31T07:22:08+00:00","og_image":[{"url":"https:\/\/micrometal.wickeder.wickeder.de\/wp-content\/uploads\/sites\/5\/2020\/05\/aetzen-qualitaet-scaled.jpg","type":"","width":"","height":""}],"twitter_card":"summary_large_image","twitter_misc":{"Est. reading time":"2 minutes"},"schema":{"@context":"https:\/\/schema.org","@graph":[{"@type":"WebPage","@id":"https:\/\/www.micrometal.de\/en\/etching-group\/references-testimonials\/","url":"https:\/\/www.micrometal.de\/en\/etching-group\/references-testimonials\/","name":"References\/ Testimonials - micrometal","isPartOf":{"@id":"https:\/\/www.micrometal.de\/en\/#website"},"primaryImageOfPage":{"@id":"https:\/\/www.micrometal.de\/en\/etching-group\/references-testimonials\/#primaryimage"},"image":{"@id":"https:\/\/www.micrometal.de\/en\/etching-group\/references-testimonials\/#primaryimage"},"thumbnailUrl":"https:\/\/micrometal.wickeder.wickeder.de\/wp-content\/uploads\/sites\/5\/2020\/05\/aetzen-qualitaet-scaled.jpg","datePublished":"2021-06-23T12:54:04+00:00","dateModified":"2021-08-31T07:22:08+00:00","breadcrumb":{"@id":"https:\/\/www.micrometal.de\/en\/etching-group\/references-testimonials\/#breadcrumb"},"inLanguage":"en-US","potentialAction":[{"@type":"ReadAction","target":["https:\/\/www.micrometal.de\/en\/etching-group\/references-testimonials\/"]}]},{"@type":"ImageObject","inLanguage":"en-US","@id":"https:\/\/www.micrometal.de\/en\/etching-group\/references-testimonials\/#primaryimage","url":"https:\/\/micrometal.wickeder.wickeder.de\/wp-content\/uploads\/sites\/5\/2020\/05\/aetzen-qualitaet-scaled.jpg","contentUrl":"https:\/\/micrometal.wickeder.wickeder.de\/wp-content\/uploads\/sites\/5\/2020\/05\/aetzen-qualitaet-scaled.jpg"},{"@type":"BreadcrumbList","@id":"https:\/\/www.micrometal.de\/en\/etching-group\/references-testimonials\/#breadcrumb","itemListElement":[{"@type":"ListItem","position":1,"name":"Home","item":"https:\/\/www.micrometal.de\/en\/"},{"@type":"ListItem","position":2,"name":"Etching Group","item":"https:\/\/www.micrometal.de\/en\/etching-group\/"},{"@type":"ListItem","position":3,"name":"References\/ Testimonials"}]},{"@type":"WebSite","@id":"https:\/\/www.micrometal.de\/en\/#website","url":"https:\/\/www.micrometal.de\/en\/","name":"micrometal","description":"Metall \u00e4tzen in h\u00f6chster Pr\u00e4zision","potentialAction":[{"@type":"SearchAction","target":{"@type":"EntryPoint","urlTemplate":"https:\/\/www.micrometal.de\/en\/?s={search_term_string}"},"query-input":{"@type":"PropertyValueSpecification","valueRequired":true,"valueName":"search_term_string"}}],"inLanguage":"en-US"}]}},"_links":{"self":[{"href":"https:\/\/www.micrometal.de\/en\/wp-json\/wp\/v2\/pages\/8173","targetHints":{"allow":["GET"]}}],"collection":[{"href":"https:\/\/www.micrometal.de\/en\/wp-json\/wp\/v2\/pages"}],"about":[{"href":"https:\/\/www.micrometal.de\/en\/wp-json\/wp\/v2\/types\/page"}],"author":[{"embeddable":true,"href":"https:\/\/www.micrometal.de\/en\/wp-json\/wp\/v2\/users\/4"}],"replies":[{"embeddable":true,"href":"https:\/\/www.micrometal.de\/en\/wp-json\/wp\/v2\/comments?post=8173"}],"version-history":[{"count":29,"href":"https:\/\/www.micrometal.de\/en\/wp-json\/wp\/v2\/pages\/8173\/revisions"}],"predecessor-version":[{"id":10727,"href":"https:\/\/www.micrometal.de\/en\/wp-json\/wp\/v2\/pages\/8173\/revisions\/10727"}],"up":[{"embeddable":true,"href":"https:\/\/www.micrometal.de\/en\/wp-json\/wp\/v2\/pages\/6111"}],"wp:attachment":[{"href":"https:\/\/www.micrometal.de\/en\/wp-json\/wp\/v2\/media?parent=8173"}],"curies":[{"name":"wp","href":"https:\/\/api.w.org\/{rel}","templated":true}]}}