{"id":8221,"date":"2021-07-01T15:21:58","date_gmt":"2021-07-01T13:21:58","guid":{"rendered":"https:\/\/micrometal.wickeder.wickeder.de\/?page_id=8221"},"modified":"2024-03-05T14:42:33","modified_gmt":"2024-03-05T13:42:33","slug":"connectors","status":"publish","type":"page","link":"https:\/\/www.micrometal.de\/en\/products\/connectors\/","title":{"rendered":"Connectors"},"content":{"rendered":"\t\t<div data-elementor-type=\"wp-page\" data-elementor-id=\"8221\" class=\"elementor elementor-8221 elementor-8220\" data-elementor-post-type=\"page\">\n\t\t\t\t\t\t<section class=\"elementor-section elementor-top-section elementor-element elementor-element-35d183c elementor-section-full_width elementor-section-height-default elementor-section-height-default\" data-id=\"35d183c\" data-element_type=\"section\" data-e-type=\"section\">\n\t\t\t\t\t\t<div class=\"elementor-container elementor-column-gap-no\">\n\t\t\t\t\t<div class=\"elementor-column elementor-col-100 elementor-top-column elementor-element elementor-element-443fc057\" data-id=\"443fc057\" data-element_type=\"column\" data-e-type=\"column\">\n\t\t\t<div class=\"elementor-widget-wrap elementor-element-populated\">\n\t\t\t\t\t\t<div class=\"elementor-element elementor-element-5604a197 elementor-widget elementor-widget-standort_gross\" data-id=\"5604a197\" data-element_type=\"widget\" data-e-type=\"widget\" data-widget_type=\"standort_gross.default\">\n\t\t\t\t<div class=\"elementor-widget-container\">\n\t\t\t\t\t    \n      <div class=\"standort_gross img_rechts\">\n\n        \n        <div class=\"standort_gross-content\">\n          <div class=\"standort_gross-content-inner\">\n            <div class=\"standort_gross-content-padding\">\n\t            \n\t            \n                                <div class=\"elementor-element elementor-widget elementor-widget-heading\" data-element_type=\"widget\" data-widget_type=\"heading.default\">\n                  <div class=\"elementor-widget-container\">\n                    <h2 class=\"elementor-heading-title elementor-size-default\">Wet etched precision connectors<\/h2>\n                  <\/div>\n                <\/div>\n                \n                                <div class=\"elementor-element elementor-widget elementor-widget-text-editor\"><p>Due to electrification in numerous different applications, the demands on plug connections are becoming ever higher. In addition, the demands on the pins are increasing due to the ever smaller size of all electronic components. With our specially developed wet photoresist, we achieve the highest precision while maintaining the tightest tolerances.<\/p><p>The material properties are not affected by the etching process, as there are no thermal or mechanical influences. This helps you and us to etch optimal pins for your SMD components. Further process steps, such as coating to increase conductivity, can be carried out by our reliable suppliers.<\/p><p>Thanks to our cost-effective tool production and our engineering team, we can implement the changes in the rapidly changing electronics industry in the shortest possible time and with the highest efficiency. Through our years of experience and know-how, we produce and develop the pins for your application with you.<\/p><\/div>\n                \n                            <\/div>\n          <\/div>\n        <\/div>\n\n        \n            <div class=\"standort_gross-image mobile_hide\" style=\"background: url(https:\/\/www.micrometal.de\/wp-content\/uploads\/sites\/5\/2021\/12\/Elekrtonik-Anwendungen.jpg);\">\n            \t              \t\t<img decoding=\"async\" alt=\"\" src=\"https:\/\/www.micrometal.de\/wp-content\/uploads\/sites\/5\/2021\/12\/Elekrtonik-Anwendungen.jpg\">\n              \t            <\/div>\n\n        \n      <\/div>\n    \n    \t\t\t\t<\/div>\n\t\t\t\t<\/div>\n\t\t\t\t\t<\/div>\n\t\t<\/div>\n\t\t\t\t\t<\/div>\n\t\t<\/section>\n\t\t\t\t<section class=\"elementor-section elementor-top-section elementor-element elementor-element-4bc92c7d elementor-section-full_width elementor-section-height-min-height elementor-section-height-default elementor-section-items-middle\" data-id=\"4bc92c7d\" data-element_type=\"section\" data-e-type=\"section\">\n\t\t\t\t\t\t<div class=\"elementor-container elementor-column-gap-no\">\n\t\t\t\t\t<div class=\"elementor-column elementor-col-100 elementor-top-column elementor-element elementor-element-5b777ae7\" data-id=\"5b777ae7\" data-element_type=\"column\" data-e-type=\"column\">\n\t\t\t<div class=\"elementor-widget-wrap elementor-element-populated\">\n\t\t\t\t\t\t<div class=\"elementor-element elementor-element-5bfec332 elementor-widget elementor-widget-standort_gross\" data-id=\"5bfec332\" data-element_type=\"widget\" data-e-type=\"widget\" data-widget_type=\"standort_gross.default\">\n\t\t\t\t<div class=\"elementor-widget-container\">\n\t\t\t\t\t    \n      <div class=\"standort_gross \">\n\n        \n            <div class=\"standort_gross-image mobile_hide\" style=\"background: url(https:\/\/www.micrometal.de\/wp-content\/uploads\/sites\/5\/2021\/07\/geaetzte-pins.jpg);\">\n            \t              \t\t<img decoding=\"async\" alt=\"\" src=\"https:\/\/www.micrometal.de\/wp-content\/uploads\/sites\/5\/2021\/07\/geaetzte-pins.jpg\">\n              \t            <\/div>\n\n        \n        <div class=\"standort_gross-content\">\n          <div class=\"standort_gross-content-inner\">\n            <div class=\"standort_gross-content-padding\">\n\t            \n\t            \n                                <div class=\"elementor-element elementor-widget elementor-widget-heading\" data-element_type=\"widget\" data-widget_type=\"heading.default\">\n                  <div class=\"elementor-widget-container\">\n                    <h2 class=\"elementor-heading-title elementor-size-default\">Advantages at a glance<\/h2>\n                  <\/div>\n                <\/div>\n                \n                                <div class=\"elementor-element elementor-widget elementor-widget-text-editor\"><ul><li>Smallest geometries can be created<\/li><li>Simplified further processing through etching, predetermined breaking points, 3D geometries, <a href=\"https:\/\/www.micrometal.de\/en\/service-portfolio\/reel-to-reel\/\" target=\"_blank\" rel=\"noopener\">Reel-to-Reel capability<\/a><\/li><li>No change in material properties<\/li><li>Large variety of materials available<\/li><li>Design Freedom<\/li><li>Cost-effective design changes due to low-cost tools<\/li><li>Economical mass production<\/li><\/ul><\/div>\n                \n                            <\/div>\n          <\/div>\n        <\/div>\n\n        \n      <\/div>\n    \n    \t\t\t\t<\/div>\n\t\t\t\t<\/div>\n\t\t\t\t\t<\/div>\n\t\t<\/div>\n\t\t\t\t\t<\/div>\n\t\t<\/section>\n\t\t\t\t<section class=\"elementor-section elementor-top-section elementor-element elementor-element-5db5b38 elementor-section-full_width elementor-section-height-default elementor-section-height-default\" data-id=\"5db5b38\" data-element_type=\"section\" data-e-type=\"section\">\n\t\t\t\t\t\t<div class=\"elementor-container elementor-column-gap-no\">\n\t\t\t\t\t<div class=\"elementor-column elementor-col-100 elementor-top-column elementor-element elementor-element-b2baa4d\" data-id=\"b2baa4d\" data-element_type=\"column\" data-e-type=\"column\">\n\t\t\t<div class=\"elementor-widget-wrap elementor-element-populated\">\n\t\t\t\t\t\t<div class=\"elementor-element elementor-element-12aaf82 elementor-widget elementor-widget-standort_gross\" data-id=\"12aaf82\" data-element_type=\"widget\" data-e-type=\"widget\" data-widget_type=\"standort_gross.default\">\n\t\t\t\t<div class=\"elementor-widget-container\">\n\t\t\t\t\t    \n      <div class=\"standort_gross img_rechts\">\n\n        \n        <div class=\"standort_gross-content\">\n          <div class=\"standort_gross-content-inner\">\n            <div class=\"standort_gross-content-padding\">\n\t            \n\t            \n                                <div class=\"elementor-element elementor-widget elementor-widget-heading\" data-element_type=\"widget\" data-widget_type=\"heading.default\">\n                  <div class=\"elementor-widget-container\">\n                    <h2 class=\"elementor-heading-title elementor-size-default\">Our standards are industry leading<\/h2>\n                  <\/div>\n                <\/div>\n                \n                                <div class=\"elementor-element elementor-widget elementor-widget-text-editor\"><p>We operate in a world characterized by the tightest tolerances (hundredths of a millimeter), the finest structures, the thinnest metals, and the most complex geometries. We etch customized metal components to the tightest tolerances in large-scale industrial production volumes.<\/p>\n<p>Our mission is to reach the highest customer satisfaction through excellent quality. In order to guarantee this to our customers, our processes are constantly monitored and further developed through strict quality controls. We are certified according to ISO 9001, IATF 16949, and ISO 14001.<\/p>\n<\/div>\n                \n                            <\/div>\n          <\/div>\n        <\/div>\n\n        \n            <div class=\"standort_gross-image mobile_hide\" style=\"background: url(https:\/\/www.micrometal.de\/wp-content\/uploads\/sites\/5\/2021\/07\/quality-control.jpg);\">\n            \t              \t\t<img decoding=\"async\" alt=\"\" src=\"https:\/\/www.micrometal.de\/wp-content\/uploads\/sites\/5\/2021\/07\/quality-control.jpg\">\n              \t            <\/div>\n\n        \n      <\/div>\n    \n    \t\t\t\t<\/div>\n\t\t\t\t<\/div>\n\t\t\t\t\t<\/div>\n\t\t<\/div>\n\t\t\t\t\t<\/div>\n\t\t<\/section>\n\t\t\t\t<\/div>\n\t\t","protected":false},"excerpt":{"rendered":"<p>Wet etched precision connectors Due to electrification in numerous different applications, the demands on plug connections are becoming ever higher. In addition, the demands on the pins are increasing due to the ever smaller size of all electronic components. With our specially developed wet photoresist, we achieve the highest precision while maintaining the tightest tolerances. [&hellip;]<\/p>\n","protected":false},"author":4,"featured_media":0,"parent":7111,"menu_order":0,"comment_status":"closed","ping_status":"closed","template":"","meta":{"footnotes":""},"class_list":["post-8221","page","type-page","status-publish","hentry"],"yoast_head":"<!-- This site is optimized with the Yoast SEO plugin v27.3 - https:\/\/yoast.com\/product\/yoast-seo-wordpress\/ -->\n<title>Wet etched metal connectors - micrometal<\/title>\n<meta name=\"robots\" content=\"index, follow, max-snippet:-1, max-image-preview:large, max-video-preview:-1\" \/>\n<link rel=\"canonical\" href=\"https:\/\/www.micrometal.de\/en\/products\/connectors\/\" \/>\n<meta property=\"og:locale\" content=\"en_US\" \/>\n<meta property=\"og:type\" content=\"article\" \/>\n<meta property=\"og:title\" content=\"Wet etched metal connectors - micrometal\" \/>\n<meta property=\"og:description\" content=\"Wet etched precision connectors Due to electrification in numerous different applications, the demands on plug connections are becoming ever higher. In addition, the demands on the pins are increasing due to the ever smaller size of all electronic components. With our specially developed wet photoresist, we achieve the highest precision while maintaining the tightest tolerances. [&hellip;]\" \/>\n<meta property=\"og:url\" content=\"https:\/\/www.micrometal.de\/en\/products\/connectors\/\" \/>\n<meta property=\"og:site_name\" content=\"micrometal\" \/>\n<meta property=\"article:modified_time\" content=\"2024-03-05T13:42:33+00:00\" \/>\n<meta property=\"og:image\" content=\"https:\/\/www.micrometal.de\/wp-content\/uploads\/sites\/5\/2021\/12\/Elekrtonik-Anwendungen.jpg\" \/>\n<meta name=\"twitter:card\" content=\"summary_large_image\" \/>\n<meta name=\"twitter:label1\" content=\"Est. reading time\" \/>\n\t<meta name=\"twitter:data1\" content=\"3 minutes\" \/>\n<script type=\"application\/ld+json\" class=\"yoast-schema-graph\">{\"@context\":\"https:\\\/\\\/schema.org\",\"@graph\":[{\"@type\":\"WebPage\",\"@id\":\"https:\\\/\\\/www.micrometal.de\\\/en\\\/products\\\/connectors\\\/\",\"url\":\"https:\\\/\\\/www.micrometal.de\\\/en\\\/products\\\/connectors\\\/\",\"name\":\"Wet etched metal connectors - micrometal\",\"isPartOf\":{\"@id\":\"https:\\\/\\\/www.micrometal.de\\\/en\\\/#website\"},\"primaryImageOfPage\":{\"@id\":\"https:\\\/\\\/www.micrometal.de\\\/en\\\/products\\\/connectors\\\/#primaryimage\"},\"image\":{\"@id\":\"https:\\\/\\\/www.micrometal.de\\\/en\\\/products\\\/connectors\\\/#primaryimage\"},\"thumbnailUrl\":\"https:\\\/\\\/www.micrometal.de\\\/wp-content\\\/uploads\\\/sites\\\/5\\\/2021\\\/12\\\/Elekrtonik-Anwendungen.jpg\",\"datePublished\":\"2021-07-01T13:21:58+00:00\",\"dateModified\":\"2024-03-05T13:42:33+00:00\",\"breadcrumb\":{\"@id\":\"https:\\\/\\\/www.micrometal.de\\\/en\\\/products\\\/connectors\\\/#breadcrumb\"},\"inLanguage\":\"en-US\",\"potentialAction\":[{\"@type\":\"ReadAction\",\"target\":[\"https:\\\/\\\/www.micrometal.de\\\/en\\\/products\\\/connectors\\\/\"]}]},{\"@type\":\"ImageObject\",\"inLanguage\":\"en-US\",\"@id\":\"https:\\\/\\\/www.micrometal.de\\\/en\\\/products\\\/connectors\\\/#primaryimage\",\"url\":\"https:\\\/\\\/www.micrometal.de\\\/wp-content\\\/uploads\\\/sites\\\/5\\\/2021\\\/12\\\/Elekrtonik-Anwendungen.jpg\",\"contentUrl\":\"https:\\\/\\\/www.micrometal.de\\\/wp-content\\\/uploads\\\/sites\\\/5\\\/2021\\\/12\\\/Elekrtonik-Anwendungen.jpg\"},{\"@type\":\"BreadcrumbList\",\"@id\":\"https:\\\/\\\/www.micrometal.de\\\/en\\\/products\\\/connectors\\\/#breadcrumb\",\"itemListElement\":[{\"@type\":\"ListItem\",\"position\":1,\"name\":\"Home\",\"item\":\"https:\\\/\\\/www.micrometal.de\\\/en\\\/\"},{\"@type\":\"ListItem\",\"position\":2,\"name\":\"Products\",\"item\":\"https:\\\/\\\/www.micrometal.de\\\/en\\\/products\\\/\"},{\"@type\":\"ListItem\",\"position\":3,\"name\":\"Connectors\"}]},{\"@type\":\"WebSite\",\"@id\":\"https:\\\/\\\/www.micrometal.de\\\/en\\\/#website\",\"url\":\"https:\\\/\\\/www.micrometal.de\\\/en\\\/\",\"name\":\"micrometal\",\"description\":\"Metall \u00e4tzen in h\u00f6chster Pr\u00e4zision\",\"potentialAction\":[{\"@type\":\"SearchAction\",\"target\":{\"@type\":\"EntryPoint\",\"urlTemplate\":\"https:\\\/\\\/www.micrometal.de\\\/en\\\/?s={search_term_string}\"},\"query-input\":{\"@type\":\"PropertyValueSpecification\",\"valueRequired\":true,\"valueName\":\"search_term_string\"}}],\"inLanguage\":\"en-US\"}]}<\/script>\n<!-- \/ Yoast SEO plugin. -->","yoast_head_json":{"title":"Wet etched metal connectors - micrometal","robots":{"index":"index","follow":"follow","max-snippet":"max-snippet:-1","max-image-preview":"max-image-preview:large","max-video-preview":"max-video-preview:-1"},"canonical":"https:\/\/www.micrometal.de\/en\/products\/connectors\/","og_locale":"en_US","og_type":"article","og_title":"Wet etched metal connectors - micrometal","og_description":"Wet etched precision connectors Due to electrification in numerous different applications, the demands on plug connections are becoming ever higher. In addition, the demands on the pins are increasing due to the ever smaller size of all electronic components. With our specially developed wet photoresist, we achieve the highest precision while maintaining the tightest tolerances. [&hellip;]","og_url":"https:\/\/www.micrometal.de\/en\/products\/connectors\/","og_site_name":"micrometal","article_modified_time":"2024-03-05T13:42:33+00:00","og_image":[{"url":"https:\/\/www.micrometal.de\/wp-content\/uploads\/sites\/5\/2021\/12\/Elekrtonik-Anwendungen.jpg","type":"","width":"","height":""}],"twitter_card":"summary_large_image","twitter_misc":{"Est. reading time":"3 minutes"},"schema":{"@context":"https:\/\/schema.org","@graph":[{"@type":"WebPage","@id":"https:\/\/www.micrometal.de\/en\/products\/connectors\/","url":"https:\/\/www.micrometal.de\/en\/products\/connectors\/","name":"Wet etched metal connectors - micrometal","isPartOf":{"@id":"https:\/\/www.micrometal.de\/en\/#website"},"primaryImageOfPage":{"@id":"https:\/\/www.micrometal.de\/en\/products\/connectors\/#primaryimage"},"image":{"@id":"https:\/\/www.micrometal.de\/en\/products\/connectors\/#primaryimage"},"thumbnailUrl":"https:\/\/www.micrometal.de\/wp-content\/uploads\/sites\/5\/2021\/12\/Elekrtonik-Anwendungen.jpg","datePublished":"2021-07-01T13:21:58+00:00","dateModified":"2024-03-05T13:42:33+00:00","breadcrumb":{"@id":"https:\/\/www.micrometal.de\/en\/products\/connectors\/#breadcrumb"},"inLanguage":"en-US","potentialAction":[{"@type":"ReadAction","target":["https:\/\/www.micrometal.de\/en\/products\/connectors\/"]}]},{"@type":"ImageObject","inLanguage":"en-US","@id":"https:\/\/www.micrometal.de\/en\/products\/connectors\/#primaryimage","url":"https:\/\/www.micrometal.de\/wp-content\/uploads\/sites\/5\/2021\/12\/Elekrtonik-Anwendungen.jpg","contentUrl":"https:\/\/www.micrometal.de\/wp-content\/uploads\/sites\/5\/2021\/12\/Elekrtonik-Anwendungen.jpg"},{"@type":"BreadcrumbList","@id":"https:\/\/www.micrometal.de\/en\/products\/connectors\/#breadcrumb","itemListElement":[{"@type":"ListItem","position":1,"name":"Home","item":"https:\/\/www.micrometal.de\/en\/"},{"@type":"ListItem","position":2,"name":"Products","item":"https:\/\/www.micrometal.de\/en\/products\/"},{"@type":"ListItem","position":3,"name":"Connectors"}]},{"@type":"WebSite","@id":"https:\/\/www.micrometal.de\/en\/#website","url":"https:\/\/www.micrometal.de\/en\/","name":"micrometal","description":"Metall \u00e4tzen in h\u00f6chster Pr\u00e4zision","potentialAction":[{"@type":"SearchAction","target":{"@type":"EntryPoint","urlTemplate":"https:\/\/www.micrometal.de\/en\/?s={search_term_string}"},"query-input":{"@type":"PropertyValueSpecification","valueRequired":true,"valueName":"search_term_string"}}],"inLanguage":"en-US"}]}},"_links":{"self":[{"href":"https:\/\/www.micrometal.de\/en\/wp-json\/wp\/v2\/pages\/8221","targetHints":{"allow":["GET"]}}],"collection":[{"href":"https:\/\/www.micrometal.de\/en\/wp-json\/wp\/v2\/pages"}],"about":[{"href":"https:\/\/www.micrometal.de\/en\/wp-json\/wp\/v2\/types\/page"}],"author":[{"embeddable":true,"href":"https:\/\/www.micrometal.de\/en\/wp-json\/wp\/v2\/users\/4"}],"replies":[{"embeddable":true,"href":"https:\/\/www.micrometal.de\/en\/wp-json\/wp\/v2\/comments?post=8221"}],"version-history":[{"count":23,"href":"https:\/\/www.micrometal.de\/en\/wp-json\/wp\/v2\/pages\/8221\/revisions"}],"predecessor-version":[{"id":23716,"href":"https:\/\/www.micrometal.de\/en\/wp-json\/wp\/v2\/pages\/8221\/revisions\/23716"}],"up":[{"embeddable":true,"href":"https:\/\/www.micrometal.de\/en\/wp-json\/wp\/v2\/pages\/7111"}],"wp:attachment":[{"href":"https:\/\/www.micrometal.de\/en\/wp-json\/wp\/v2\/media?parent=8221"}],"curies":[{"name":"wp","href":"https:\/\/api.w.org\/{rel}","templated":true}]}}